{"id":101,"date":"2019-07-18T09:17:45","date_gmt":"2019-07-18T09:17:45","guid":{"rendered":"https:\/\/demo.cmssuperheroes.com\/themeforest\/industic\/?page_id=101"},"modified":"2019-07-18T09:17:45","modified_gmt":"2019-07-18T09:17:45","slug":"blog-grid-2-columns-left-sidebar","status":"publish","type":"page","link":"https:\/\/www.huggenberger.com\/de\/blog-grid-2-columns-left-sidebar\/","title":{"rendered":"Blog Grid 2 Columns + Left Sidebar"},"content":{"rendered":"<div class=\"vc_row wpb_row vc_row-fluid bg-image-ps-inherit\"><div class=\"wpb_column vc_column_container vc_col-sm-12\"><div class=\"vc_column-inner vc_custom_1564024850378\"><div class=\"wpb_wrapper\">\r\n<div id=\"cms_grid_blog\" class=\"cms-grid cms-grid-blog-layout1 single-hentry\">\r\n\r\n    \r\n    <div class=\"cms-grid-inner cms-grid-masonry row animation-time\" data-gutter=\"15\">\r\n                    <div class=\"grid-sizer col-xl-6 col-lg-6 col-md-6 col-sm-6 col-12\"><\/div>\r\n                                    <div class=\"grid-item col-xl-6 col-lg-6 col-md-6 col-sm-6 col-12\">\r\n                        <div class=\"grid-item-inner\">\r\n                                                            <div class=\"entry-featured\">\r\n                                    <div class=\"post-image\">\r\n                                        <a href=\"https:\/\/www.huggenberger.com\/de\/huggenberger-team-kick-off-meeting\/\"><img loading=\"lazy\" decoding=\"async\" class=\"\" src=\"https:\/\/www.huggenberger.com\/wp-content\/uploads\/2025\/07\/Huggenberger-kick-off-meeting-news-little.jpg\" width=\"600\" height=\"300\" alt=\"Huggenberger-kick-off-meeting-news-little\" title=\"Huggenberger-kick-off-meeting-news-little\" \/><\/a>\r\n                                    <\/div>\r\n                                <\/div>\r\n                                                        <div class=\"entry-body\">\r\n                                <div class=\"item-category\"><a href=\"https:\/\/www.huggenberger.com\/de\/category\/corporate-news\/\" rel=\"tag\">Corporate news<\/a><\/div>\r\n                                <h3 class=\"entry-title\"><a href=\"https:\/\/www.huggenberger.com\/de\/huggenberger-team-kick-off-meeting\/\">Huggenberger Team kick-off meeting<\/a><\/h3>\r\n                                <div class=\"item-date\">Juli 8, 2025<\/div>\r\n                                <div class=\"entry-content\">\r\n                                    We are pleased to inform you that we will be fully operational from our new premises in Dongio.                                <\/div>\r\n                                <div class=\"entry-readmore\">\r\n                                    <a class=\"btn-text\" href=\"https:\/\/www.huggenberger.com\/de\/huggenberger-team-kick-off-meeting\/\">Read More<\/a>\r\n                                <\/div>\r\n                            <\/div>\r\n                        <\/div>\r\n                    <\/div>\r\n                                    <div class=\"grid-item col-xl-6 col-lg-6 col-md-6 col-sm-6 col-12\">\r\n                        <div class=\"grid-item-inner\">\r\n                                                            <div class=\"entry-featured\">\r\n                                    <div class=\"post-image\">\r\n                                        <a href=\"https:\/\/www.huggenberger.com\/de\/eddyfi-technologies-acquires-sisgeo-2\/\"><img loading=\"lazy\" decoding=\"async\" class=\"\" src=\"https:\/\/www.huggenberger.com\/wp-content\/uploads\/2025\/06\/acquisizione-Previan-1.jpg\" width=\"601\" height=\"300\" alt=\"acquisizione Previan\" title=\"acquisizione Previan\" \/><\/a>\r\n                                    <\/div>\r\n                                <\/div>\r\n                                                        <div class=\"entry-body\">\r\n                                <div class=\"item-category\"><a href=\"https:\/\/www.huggenberger.com\/de\/category\/corporate-news\/\" rel=\"tag\">Corporate news<\/a><\/div>\r\n                                <h3 class=\"entry-title\"><a href=\"https:\/\/www.huggenberger.com\/de\/eddyfi-technologies-acquires-sisgeo-2\/\">Eddyfi Technologies \u00fcbernimmt Sisgeo<\/a><\/h3>\r\n                                <div class=\"item-date\">Juni 10, 2025<\/div>\r\n                                <div class=\"entry-content\">\r\n                                    Die strategische \u00dcbernahme st\u00e4rkt die F\u00fchrungsposition des Unternehmens im Bereich geotechnische und strukturelle \u00dcberwachung auf den wichtigsten globalen Infrastrukturm\u00e4rkten.                                <\/div>\r\n                                <div class=\"entry-readmore\">\r\n                                    <a class=\"btn-text\" href=\"https:\/\/www.huggenberger.com\/de\/eddyfi-technologies-acquires-sisgeo-2\/\">Read More<\/a>\r\n                                <\/div>\r\n                            <\/div>\r\n                        <\/div>\r\n                    <\/div>\r\n                                    <div class=\"grid-item col-xl-6 col-lg-6 col-md-6 col-sm-6 col-12\">\r\n                        <div class=\"grid-item-inner\">\r\n                                                            <div class=\"entry-featured\">\r\n                                    <div class=\"post-image\">\r\n                                        <a href=\"https:\/\/www.huggenberger.com\/de\/mr-gianluca-vigna-has-been-appointed-as-the-new-director-of-huggenberger-ag\/\"><img loading=\"lazy\" decoding=\"async\" class=\"\" src=\"https:\/\/www.huggenberger.com\/wp-content\/uploads\/2025\/04\/Tavola-disegno-1-copia-100-1.jpg\" width=\"601\" height=\"300\" alt=\"Tavola disegno 1 copia-100\" title=\"Tavola disegno 1 copia-100\" \/><\/a>\r\n                                    <\/div>\r\n                                <\/div>\r\n                                                        <div class=\"entry-body\">\r\n                                <div class=\"item-category\"><a href=\"https:\/\/www.huggenberger.com\/de\/category\/corporate-news\/\" rel=\"tag\">Corporate news<\/a><\/div>\r\n                                <h3 class=\"entry-title\"><a href=\"https:\/\/www.huggenberger.com\/de\/mr-gianluca-vigna-has-been-appointed-as-the-new-director-of-huggenberger-ag\/\">Mr. Gianluca Vigna has been appointed as the new Director of Huggenberger AG<\/a><\/h3>\r\n                                <div class=\"item-date\">April 10, 2025<\/div>\r\n                                <div class=\"entry-content\">\r\n                                    Huggenberger AG participated as an exhibitor to the 12th ICOLD European Club Symposium 2023, at the Interlaken Congress Center.                                <\/div>\r\n                                <div class=\"entry-readmore\">\r\n                                    <a class=\"btn-text\" href=\"https:\/\/www.huggenberger.com\/de\/mr-gianluca-vigna-has-been-appointed-as-the-new-director-of-huggenberger-ag\/\">Read More<\/a>\r\n                                <\/div>\r\n                            <\/div>\r\n                        <\/div>\r\n                    <\/div>\r\n                                    <div class=\"grid-item col-xl-6 col-lg-6 col-md-6 col-sm-6 col-12\">\r\n                        <div class=\"grid-item-inner\">\r\n                                                            <div class=\"entry-featured\">\r\n                                    <div class=\"post-image\">\r\n                                        <a href=\"https:\/\/www.huggenberger.com\/de\/sisgeo-group-solutions-for-the-rehabilitation-of-dams\/\"><img loading=\"lazy\" decoding=\"async\" class=\"\" src=\"https:\/\/www.huggenberger.com\/wp-content\/uploads\/2024\/06\/Rehabilitation-and-modernization-of-monitoring-systems-in-dams-p.jpg\" width=\"600\" height=\"300\" alt=\"Rehabilitation and modernization of monitoring systems in dams-p\" title=\"Rehabilitation and modernization of monitoring systems in dams-p\" \/><\/a>\r\n                                    <\/div>\r\n                                <\/div>\r\n                                                        <div class=\"entry-body\">\r\n                                <div class=\"item-category\"><a href=\"https:\/\/www.huggenberger.com\/de\/category\/application\/\" rel=\"tag\">Anwendung<\/a>, <a href=\"https:\/\/www.huggenberger.com\/de\/category\/projects\/\" rel=\"tag\">Projects<\/a><\/div>\r\n                                <h3 class=\"entry-title\"><a href=\"https:\/\/www.huggenberger.com\/de\/sisgeo-group-solutions-for-the-rehabilitation-of-dams\/\">Discover Sisgeo Group solution for the rehabilitation and modernization of monitoring systems in dams<\/a><\/h3>\r\n                                <div class=\"item-date\">Juni 4, 2024<\/div>\r\n                                <div class=\"entry-content\">\r\n                                    Sisgeo Group offers full spectrum of specialized instrumentation solutions worldwide                                <\/div>\r\n                                <div class=\"entry-readmore\">\r\n                                    <a class=\"btn-text\" href=\"https:\/\/www.huggenberger.com\/de\/sisgeo-group-solutions-for-the-rehabilitation-of-dams\/\">Read More<\/a>\r\n                                <\/div>\r\n                            <\/div>\r\n                        <\/div>\r\n                    <\/div>\r\n                                    <div class=\"grid-item col-xl-6 col-lg-6 col-md-6 col-sm-6 col-12\">\r\n                        <div class=\"grid-item-inner\">\r\n                                                            <div class=\"entry-featured\">\r\n                                    <div class=\"post-image\">\r\n                                        <a href=\"https:\/\/www.huggenberger.com\/de\/new-headquarters-in-dongio-blenio-valley\/\"><img loading=\"lazy\" decoding=\"async\" class=\"\" src=\"https:\/\/www.huggenberger.com\/wp-content\/uploads\/2024\/01\/new-headquarters-preview.jpg\" width=\"600\" height=\"300\" alt=\"new-headquarters-preview\" title=\"new-headquarters-preview\" \/><\/a>\r\n                                    <\/div>\r\n                                <\/div>\r\n                                                        <div class=\"entry-body\">\r\n                                <div class=\"item-category\"><a href=\"https:\/\/www.huggenberger.com\/de\/category\/corporate-news\/\" rel=\"tag\">Corporate news<\/a><\/div>\r\n                                <h3 class=\"entry-title\"><a href=\"https:\/\/www.huggenberger.com\/de\/new-headquarters-in-dongio-blenio-valley\/\">New Headquarters in Dongio \u2013 Blenio Valley<\/a><\/h3>\r\n                                <div class=\"item-date\">Januar 23, 2024<\/div>\r\n                                <div class=\"entry-content\">\r\n                                    We are pleased to inform you that we will be fully operational from our new premises in Dongio.                                <\/div>\r\n                                <div class=\"entry-readmore\">\r\n                                    <a class=\"btn-text\" href=\"https:\/\/www.huggenberger.com\/de\/new-headquarters-in-dongio-blenio-valley\/\">Read More<\/a>\r\n                                <\/div>\r\n                            <\/div>\r\n                        <\/div>\r\n                    <\/div>\r\n                                    <div class=\"grid-item col-xl-6 col-lg-6 col-md-6 col-sm-6 col-12\">\r\n                        <div class=\"grid-item-inner\">\r\n                                                            <div class=\"entry-featured\">\r\n                                    <div class=\"post-image\">\r\n                                        <a href=\"https:\/\/www.huggenberger.com\/de\/12th-icold-european-club-symposium\/\"><img loading=\"lazy\" decoding=\"async\" class=\"\" src=\"https:\/\/www.huggenberger.com\/wp-content\/uploads\/2023\/09\/European-Club-Symposium-web.png\" width=\"600\" height=\"300\" alt=\"European Club Symposium web\" title=\"European Club Symposium web\" \/><\/a>\r\n                                    <\/div>\r\n                                <\/div>\r\n                                                        <div class=\"entry-body\">\r\n                                <div class=\"item-category\"><a href=\"https:\/\/www.huggenberger.com\/de\/category\/corporate-news\/\" rel=\"tag\">Corporate news<\/a>, <a href=\"https:\/\/www.huggenberger.com\/de\/category\/events-and-trainings\/\" rel=\"tag\">Events and trainings<\/a><\/div>\r\n                                <h3 class=\"entry-title\"><a href=\"https:\/\/www.huggenberger.com\/de\/12th-icold-european-club-symposium\/\">12th ICOLD European Club Symposium<\/a><\/h3>\r\n                                <div class=\"item-date\">September 15, 2023<\/div>\r\n                                <div class=\"entry-content\">\r\n                                    Huggenberger AG participated as an exhibitor to the 12th ICOLD European Club Symposium 2023, at the Interlaken Congress Center.                                <\/div>\r\n                                <div class=\"entry-readmore\">\r\n                                    <a class=\"btn-text\" href=\"https:\/\/www.huggenberger.com\/de\/12th-icold-european-club-symposium\/\">Read More<\/a>\r\n                                <\/div>\r\n                            <\/div>\r\n                        <\/div>\r\n                    <\/div>\r\n                    <\/div>\r\n            <div class=\"cms-grid-pagination\">\r\n            \r\n    <nav class=\"navigation posts-pagination\">\r\n        <div class=\"posts-page-links\"><span aria-current=\"page\" class=\"page-numbers current\">1<\/span>\n<a class=\"page-numbers\" href=\"https:\/\/www.huggenberger.com\/wp-json\/wp\/v2\/pages\/101\/page\/2\/\">2<\/a>\n<span class=\"page-numbers dots\">&hellip;<\/span>\n<a class=\"page-numbers\" href=\"https:\/\/www.huggenberger.com\/wp-json\/wp\/v2\/pages\/101\/page\/4\/\">4<\/a>\n<a class=\"next page-numbers\" href=\"https:\/\/www.huggenberger.com\/wp-json\/wp\/v2\/pages\/101\/page\/2\/\"><i class=\"fa fa-angle-right\"><\/i><\/a><\/div>\r\n    <\/nav>        <\/div>\r\n        <\/div><\/div><\/div><\/div><\/div>","protected":false},"excerpt":{"rendered":"On July 3rd, 2025, the entire team of Huggenberger AG, along with Sisgeo's General Manager, Vincenzo Caci, gathered in Dongio, Canton Ticino (Switzerland), to mark the beginning of the new shared journey within the Eddyfi group. It was a perfect occasion to meet, build teamwork, and reignite our motivation to continuously improve for the future [...]","protected":false},"author":3,"featured_media":0,"parent":0,"menu_order":0,"comment_status":"closed","ping_status":"closed","template":"","meta":{"footnotes":""},"class_list":["post-101","page","type-page","status-publish","hentry"],"yoast_head":"<!-- This site is optimized with the Yoast SEO plugin v27.4 - https:\/\/yoast.com\/product\/yoast-seo-wordpress\/ -->\n<title>Blog Grid 2 Columns + Left Sidebar - Huggenberger<\/title>\n<meta name=\"robots\" content=\"index, follow, max-snippet:-1, max-image-preview:large, max-video-preview:-1\" \/>\n<link rel=\"canonical\" href=\"https:\/\/www.huggenberger.com\/de\/blog-grid-2-columns-left-sidebar\/\" \/>\n<meta property=\"og:locale\" content=\"de_DE\" \/>\n<meta property=\"og:type\" content=\"article\" \/>\n<meta property=\"og:title\" content=\"Blog Grid 2 Columns + Left Sidebar - Huggenberger\" \/>\n<meta property=\"og:url\" content=\"https:\/\/www.huggenberger.com\/de\/blog-grid-2-columns-left-sidebar\/\" \/>\n<meta property=\"og:site_name\" content=\"Huggenberger\" \/>\n<meta name=\"twitter:card\" content=\"summary_large_image\" \/>\n<script type=\"application\/ld+json\" class=\"yoast-schema-graph\">{\"@context\":\"https:\\\/\\\/schema.org\",\"@graph\":[{\"@type\":\"WebPage\",\"@id\":\"https:\\\/\\\/www.huggenberger.com\\\/blog-grid-2-columns-left-sidebar\\\/\",\"url\":\"https:\\\/\\\/www.huggenberger.com\\\/blog-grid-2-columns-left-sidebar\\\/\",\"name\":\"Blog Grid 2 Columns + Left Sidebar - Huggenberger\",\"isPartOf\":{\"@id\":\"https:\\\/\\\/www.huggenberger.com\\\/#website\"},\"datePublished\":\"2019-07-18T09:17:45+00:00\",\"breadcrumb\":{\"@id\":\"https:\\\/\\\/www.huggenberger.com\\\/blog-grid-2-columns-left-sidebar\\\/#breadcrumb\"},\"inLanguage\":\"de\",\"potentialAction\":[{\"@type\":\"ReadAction\",\"target\":[\"https:\\\/\\\/www.huggenberger.com\\\/blog-grid-2-columns-left-sidebar\\\/\"]}]},{\"@type\":\"BreadcrumbList\",\"@id\":\"https:\\\/\\\/www.huggenberger.com\\\/blog-grid-2-columns-left-sidebar\\\/#breadcrumb\",\"itemListElement\":[{\"@type\":\"ListItem\",\"position\":1,\"name\":\"Home\",\"item\":\"https:\\\/\\\/www.huggenberger.com\\\/\"},{\"@type\":\"ListItem\",\"position\":2,\"name\":\"Blog Grid 2 Columns + Left Sidebar\"}]},{\"@type\":\"WebSite\",\"@id\":\"https:\\\/\\\/www.huggenberger.com\\\/#website\",\"url\":\"https:\\\/\\\/www.huggenberger.com\\\/\",\"name\":\"Huggenberger\",\"description\":\"Physical security monitoring of engineering structures\",\"publisher\":{\"@id\":\"https:\\\/\\\/www.huggenberger.com\\\/#organization\"},\"potentialAction\":[{\"@type\":\"SearchAction\",\"target\":{\"@type\":\"EntryPoint\",\"urlTemplate\":\"https:\\\/\\\/www.huggenberger.com\\\/?s={search_term_string}\"},\"query-input\":{\"@type\":\"PropertyValueSpecification\",\"valueRequired\":true,\"valueName\":\"search_term_string\"}}],\"inLanguage\":\"de\"},{\"@type\":\"Organization\",\"@id\":\"https:\\\/\\\/www.huggenberger.com\\\/#organization\",\"name\":\"HUGGENBERGER AG\",\"url\":\"https:\\\/\\\/www.huggenberger.com\\\/\",\"logo\":{\"@type\":\"ImageObject\",\"inLanguage\":\"de\",\"@id\":\"https:\\\/\\\/www.huggenberger.com\\\/#\\\/schema\\\/logo\\\/image\\\/\",\"url\":\"https:\\\/\\\/www.huggenberger.com\\\/wp-content\\\/uploads\\\/2022\\\/06\\\/Huggenberger-Logo_Claim-E.webp\",\"contentUrl\":\"https:\\\/\\\/www.huggenberger.com\\\/wp-content\\\/uploads\\\/2022\\\/06\\\/Huggenberger-Logo_Claim-E.webp\",\"width\":407,\"height\":63,\"caption\":\"HUGGENBERGER AG\"},\"image\":{\"@id\":\"https:\\\/\\\/www.huggenberger.com\\\/#\\\/schema\\\/logo\\\/image\\\/\"},\"sameAs\":[\"https:\\\/\\\/www.linkedin.com\\\/company\\\/huggenberger-ag\\\/\"]}]}<\/script>\n<!-- \/ Yoast SEO plugin. -->","yoast_head_json":{"title":"Blog Grid 2 Columns + Left Sidebar - Huggenberger","robots":{"index":"index","follow":"follow","max-snippet":"max-snippet:-1","max-image-preview":"max-image-preview:large","max-video-preview":"max-video-preview:-1"},"canonical":"https:\/\/www.huggenberger.com\/de\/blog-grid-2-columns-left-sidebar\/","og_locale":"de_DE","og_type":"article","og_title":"Blog Grid 2 Columns + Left Sidebar - Huggenberger","og_url":"https:\/\/www.huggenberger.com\/de\/blog-grid-2-columns-left-sidebar\/","og_site_name":"Huggenberger","twitter_card":"summary_large_image","schema":{"@context":"https:\/\/schema.org","@graph":[{"@type":"WebPage","@id":"https:\/\/www.huggenberger.com\/blog-grid-2-columns-left-sidebar\/","url":"https:\/\/www.huggenberger.com\/blog-grid-2-columns-left-sidebar\/","name":"Blog Grid 2 Columns + Left Sidebar - Huggenberger","isPartOf":{"@id":"https:\/\/www.huggenberger.com\/#website"},"datePublished":"2019-07-18T09:17:45+00:00","breadcrumb":{"@id":"https:\/\/www.huggenberger.com\/blog-grid-2-columns-left-sidebar\/#breadcrumb"},"inLanguage":"de","potentialAction":[{"@type":"ReadAction","target":["https:\/\/www.huggenberger.com\/blog-grid-2-columns-left-sidebar\/"]}]},{"@type":"BreadcrumbList","@id":"https:\/\/www.huggenberger.com\/blog-grid-2-columns-left-sidebar\/#breadcrumb","itemListElement":[{"@type":"ListItem","position":1,"name":"Home","item":"https:\/\/www.huggenberger.com\/"},{"@type":"ListItem","position":2,"name":"Blog Grid 2 Columns + Left Sidebar"}]},{"@type":"WebSite","@id":"https:\/\/www.huggenberger.com\/#website","url":"https:\/\/www.huggenberger.com\/","name":"Huggenberger","description":"Physical security monitoring of engineering structures","publisher":{"@id":"https:\/\/www.huggenberger.com\/#organization"},"potentialAction":[{"@type":"SearchAction","target":{"@type":"EntryPoint","urlTemplate":"https:\/\/www.huggenberger.com\/?s={search_term_string}"},"query-input":{"@type":"PropertyValueSpecification","valueRequired":true,"valueName":"search_term_string"}}],"inLanguage":"de"},{"@type":"Organization","@id":"https:\/\/www.huggenberger.com\/#organization","name":"Die HUGGENBERGER AG","url":"https:\/\/www.huggenberger.com\/","logo":{"@type":"ImageObject","inLanguage":"de","@id":"https:\/\/www.huggenberger.com\/#\/schema\/logo\/image\/","url":"https:\/\/www.huggenberger.com\/wp-content\/uploads\/2022\/06\/Huggenberger-Logo_Claim-E.webp","contentUrl":"https:\/\/www.huggenberger.com\/wp-content\/uploads\/2022\/06\/Huggenberger-Logo_Claim-E.webp","width":407,"height":63,"caption":"HUGGENBERGER AG"},"image":{"@id":"https:\/\/www.huggenberger.com\/#\/schema\/logo\/image\/"},"sameAs":["https:\/\/www.linkedin.com\/company\/huggenberger-ag\/"]}]}},"_links":{"self":[{"href":"https:\/\/www.huggenberger.com\/de\/wp-json\/wp\/v2\/pages\/101","targetHints":{"allow":["GET"]}}],"collection":[{"href":"https:\/\/www.huggenberger.com\/de\/wp-json\/wp\/v2\/pages"}],"about":[{"href":"https:\/\/www.huggenberger.com\/de\/wp-json\/wp\/v2\/types\/page"}],"author":[{"embeddable":true,"href":"https:\/\/www.huggenberger.com\/de\/wp-json\/wp\/v2\/users\/3"}],"replies":[{"embeddable":true,"href":"https:\/\/www.huggenberger.com\/de\/wp-json\/wp\/v2\/comments?post=101"}],"version-history":[{"count":0,"href":"https:\/\/www.huggenberger.com\/de\/wp-json\/wp\/v2\/pages\/101\/revisions"}],"wp:attachment":[{"href":"https:\/\/www.huggenberger.com\/de\/wp-json\/wp\/v2\/media?parent=101"}],"curies":[{"name":"wp","href":"https:\/\/api.w.org\/{rel}","templated":true}]}}