{"id":2070,"date":"2022-04-06T08:44:02","date_gmt":"2022-04-06T08:44:02","guid":{"rendered":"https:\/\/www.huggenberger.com\/?page_id=2070"},"modified":"2023-02-14T10:06:43","modified_gmt":"2023-02-14T10:06:43","slug":"coordiscope-kk84","status":"publish","type":"page","link":"https:\/\/www.huggenberger.com\/de\/products\/pendulum-measuring-system\/coordiscope-kk84\/","title":{"rendered":"Koordiskop KK84"},"content":{"rendered":"<div class=\"vc_row wpb_row vc_row-fluid bg-image-ps-inherit\"><div class=\"wpb_column vc_column_container vc_col-sm-12 vc_col-lg-4 vc_col-md-4 rm-padding-lg\"><div class=\"vc_column-inner vc_custom_1565687724699\"><div class=\"wpb_wrapper\"><div class=\"cms-download-layout1\">\r\n            <h3 class=\"el-title\">Download<\/h3>\r\n                <div class=\"cms-download-item\">\r\n            <a href=\"https:\/\/www.huggenberger.com\/wp-content\/uploads\/2022\/04\/Huggenberger_KK84_en_01.pdf\" target=\"_blank\">\r\n                <cite>EN - Coordiscope KK84<\/cite>\r\n                <span>PDF<\/span>\r\n            <\/a>\r\n        <\/div>\r\n            <div class=\"cms-download-item\">\r\n            <a href=\"https:\/\/www.huggenberger.com\/wp-content\/uploads\/2022\/04\/Huggenberger_KK84_de_01.pdf\" target=\"_blank\">\r\n                <cite>DE - Koordiskop KK84<\/cite>\r\n                <span>PDF<\/span>\r\n            <\/a>\r\n        <\/div>\r\n    <\/div><div class=\"vc_empty_space\"   style=\"height: 40px\"><span class=\"vc_empty_space_inner\"><\/span><\/div><div class=\"vc_separator wpb_content_element vc_separator_align_center vc_sep_width_100 vc_sep_pos_align_center vc_separator_no_text vc_sep_color_grey\" ><span class=\"vc_sep_holder vc_sep_holder_l\"><span  class=\"vc_sep_line\"><\/span><\/span><span class=\"vc_sep_holder vc_sep_holder_r\"><span  class=\"vc_sep_line\"><\/span><\/span>\r\n<\/div><div id=\"cms-heading\" class=\"cms-heading align-left align-left-md align-left-sm align-left-xs\">\r\n    \r\n    <div class=\"cms-inline-css\"  data-css=\"                    @media (min-width: 991px) and (max-width: 1199px) {                #cms-heading .cms-heading-tag {                                            font-size: 20px !important;                                                        }            }                            @media (min-width: 768px) and (max-width: 991px) {                #cms-heading .cms-heading-tag {                                            font-size: 20px !important;                                                        }            }                            @media screen and (max-width: 767px) {                #cms-heading .cms-heading-tag {                                            font-size: 20px !important;                                                        }            }                \">\r\n    <\/div>\r\n    \r\n        <h5 class=\"cms-heading-tag\" style=\"margin-top:0px;margin-bottom:20px;margin-left:0px;font-size:20px; \">\r\n                                    Related Case Studies                        <\/h5>\r\n            <\/div><div class=\"vc_btn3-container vc_btn3-inline vc_custom_1676368798205\" ><a class=\"vc_general vc_btn3 vc_btn3-size-sm vc_btn3-shape-square vc_btn3-style-flat vc_btn3-color-primary\" href=\"https:\/\/www.huggenberger.com\/de\/case-study\/lesotho\/\" title=\"Lesotho, Katse Dam\" target=\"_blank\">Lesotho, Katse Dam<\/a><\/div><div class=\"vc_empty_space\"   style=\"height: 6px\"><span class=\"vc_empty_space_inner\"><\/span><\/div><div class=\"vc_btn3-container vc_btn3-inline vc_custom_1676368834532\" ><a class=\"vc_general vc_btn3 vc_btn3-size-sm vc_btn3-shape-square vc_btn3-style-flat vc_btn3-color-primary\" href=\"https:\/\/www.huggenberger.com\/de\/case-study\/sardar-sarovar-dam-rehabilitation-project\/\" title=\"Sardar Sarovar Dam\" target=\"_blank\">Sardar Sarovar Dam<\/a><\/div><\/div><\/div><\/div><div class=\"wpb_column vc_column_container vc_col-sm-12 vc_col-lg-8 vc_col-md-8 rm-padding-lg\"><div class=\"vc_column-inner vc_custom_1565687737685\"><div class=\"wpb_wrapper\"><div id=\"cms-heading-2\" class=\"cms-heading align-left align-left-md align-left-sm align-left-xs\">\r\n    \r\n    <div class=\"cms-inline-css\"  data-css=\"                    @media (min-width: 991px) and (max-width: 1199px) {                #cms-heading-2 .cms-heading-tag {                                            font-size: 24px !important;                                                        }            }                            @media (min-width: 768px) and (max-width: 991px) {                #cms-heading-2 .cms-heading-tag {                                            font-size: 24px !important;                                                        }            }                            @media screen and (max-width: 767px) {                #cms-heading-2 .cms-heading-tag {                                            font-size: 24px !important;                                                        }            }                \">\r\n    <\/div>\r\n    \r\n        <h3 class=\"cms-heading-tag\" style=\"margin-bottom:17px;font-size:24px; \">\r\n                                    Anwendung                        <\/h3>\r\n            <\/div><div class=\"vc_empty_space\"   style=\"height: 21px\"><span class=\"vc_empty_space_inner\"><\/span><\/div><div class=\"cms-text-block1 text-left  fw-400\" style=\"font-size:16px;line-height:26px;\">\r\n    <p>Portables optisches Pra\u0308zisionsinstrument zur Messung der horizontalen Bewegung eines Lotdrahtes<\/p>\n<p>Mit dem Koordiskop werden die Bewegungen des Lotdrahtes je nach Ausrichtung der Setzplatte entweder im Koordinatensystem oder im Radial-\/Tangentialsystem direkt erfasst.<\/p>\n<p>Die Gr\u00f6sse der Lotdrahtbewegung entspricht dabei der Differenz zwischen einer Null-Messung und einer Folgemessung.<\/p>\n<\/div><div class=\"vc_empty_space\"   style=\"height: 60px\"><span class=\"vc_empty_space_inner\"><\/span><\/div><div id=\"cms-heading-3\" class=\"cms-heading align-left align-left-md align-left-sm align-left-xs\">\r\n    \r\n    <div class=\"cms-inline-css\"  data-css=\"                    @media (min-width: 991px) and (max-width: 1199px) {                #cms-heading-3 .cms-heading-tag {                                            font-size: 24px !important;                                                        }            }                            @media (min-width: 768px) and (max-width: 991px) {                #cms-heading-3 .cms-heading-tag {                                            font-size: 24px !important;                                                        }            }                            @media screen and (max-width: 767px) {                #cms-heading-3 .cms-heading-tag {                                            font-size: 24px !important;                                                        }            }                \">\r\n    <\/div>\r\n    \r\n        <h3 class=\"cms-heading-tag\" style=\"margin-bottom:17px;font-size:24px; \">\r\n                                    Beschreibung                        <\/h3>\r\n            <\/div><div class=\"cms-text-block1 text-left  fw-400\" style=\"font-size:16px;line-height:26px;\">\r\n    <p>Das Koordiskop KK84N ist ein mechanisches Ger\u00e4t, bei welchem die Ablesung \u00fcber Massstab und Nonius erfolgt.<\/p>\n<p>Das Koordiskop KK84D ist genau gleich aufgebaut, mit Ausnahme des elektronisch kapazitiven Messsystems, woraus eine Digitalanzeige generiert wird.<\/p>\n<p>Die Such-Optiken sind standardm\u00e4ssig so konzipiert, dass beide Messrichtungen von vorne anvisiert werden k\u00f6nnen, wodurch eventuelle Ausbrucharbeiten in der Messnische entfallen. Das Ger\u00e4t kann optional mit demontierbarer Drahtbeleuchtung f\u00fcr beide Achsen sowie mit Zielkerzen f\u00fcr die geod\u00e4tische Anbindung des Lotdrahtes ausger\u00fcstet werden.<\/p>\n<\/div><div class=\"vc_empty_space\"   style=\"height: 60px\"><span class=\"vc_empty_space_inner\"><\/span><\/div><div class=\"vc_separator wpb_content_element vc_separator_align_center vc_sep_width_100 vc_sep_pos_align_center vc_separator_no_text vc_sep_color_grey\" ><span class=\"vc_sep_holder vc_sep_holder_l\"><span  class=\"vc_sep_line\"><\/span><\/span><span class=\"vc_sep_holder vc_sep_holder_r\"><span  class=\"vc_sep_line\"><\/span><\/span>\r\n<\/div>\r\n<div class=\"vc_grid-container-wrapper vc_clearfix\">\r\n\t<div class=\"vc_grid-container vc_clearfix wpb_content_element vc_masonry_media_grid\" data-initial-loading-animation=\"zoomIn\" data-vc-grid-settings=\"{&quot;page_id&quot;:2070,&quot;style&quot;:&quot;all-masonry&quot;,&quot;action&quot;:&quot;vc_get_vc_grid_data&quot;,&quot;shortcode_id&quot;:&quot;1676369189898-bdfa75a643189756d1a803f491b9579e-8&quot;,&quot;tag&quot;:&quot;vc_masonry_media_grid&quot;}\" data-vc-request=\"https:\/\/www.huggenberger.com\/wp-admin\/admin-ajax.php\" data-vc-post-id=\"2070\" data-vc-public-nonce=\"2994814b2a\">\r\n\t\t\r\n\t<\/div>\r\n<\/div><\/div><\/div><\/div><\/div>","protected":false},"excerpt":{"rendered":"Download EN - Coordiscope KK84 PDF DE - Koordiskop KK84 PDF Related Case Studies Lesotho, Katse DamSardar Sarovar Dam Application Portable optical precision instrument to measure the horizontal movement of a pendulum wire in relation to the set plate in 2 axes, compatible with HUGGENBERGER systems since 1966. With the coordiscope the movements of the [...]","protected":false},"author":3,"featured_media":1723,"parent":1700,"menu_order":0,"comment_status":"closed","ping_status":"closed","template":"","meta":{"footnotes":""},"class_list":["post-2070","page","type-page","status-publish","has-post-thumbnail","hentry"],"yoast_head":"<!-- This site is optimized with the Yoast SEO plugin v27.3 - https:\/\/yoast.com\/product\/yoast-seo-wordpress\/ -->\n<title>Coordiscope KK84 - Huggenberger<\/title>\n<meta name=\"description\" content=\"The Coordiscope KK84N is a pure mechanical instrument. Reading is effected via scale and nonius.\" \/>\n<meta name=\"robots\" content=\"index, follow, max-snippet:-1, max-image-preview:large, max-video-preview:-1\" \/>\n<link rel=\"canonical\" href=\"https:\/\/www.huggenberger.com\/de\/products\/pendulum-measuring-system\/coordiscope-kk84\/\" \/>\n<meta property=\"og:locale\" content=\"de_DE\" \/>\n<meta property=\"og:type\" content=\"article\" \/>\n<meta property=\"og:title\" content=\"Coordiscope KK84 - Huggenberger\" \/>\n<meta property=\"og:description\" content=\"The Coordiscope KK84N is a pure mechanical instrument. Reading is effected via scale and nonius.\" \/>\n<meta property=\"og:url\" content=\"https:\/\/www.huggenberger.com\/de\/products\/pendulum-measuring-system\/coordiscope-kk84\/\" \/>\n<meta property=\"og:site_name\" content=\"Huggenberger\" \/>\n<meta property=\"article:modified_time\" content=\"2023-02-14T10:06:43+00:00\" \/>\n<meta property=\"og:image\" content=\"https:\/\/www.huggenberger.com\/wp-content\/uploads\/2022\/04\/KK84-1-1.jpg\" \/>\n\t<meta property=\"og:image:width\" content=\"1000\" \/>\n\t<meta property=\"og:image:height\" content=\"750\" \/>\n\t<meta property=\"og:image:type\" content=\"image\/jpeg\" \/>\n<meta name=\"twitter:card\" content=\"summary_large_image\" \/>\n<meta name=\"twitter:label1\" content=\"Gesch\u00e4tzte Lesezeit\" \/>\n\t<meta name=\"twitter:data1\" content=\"3\u00a0Minuten\" \/>\n<script type=\"application\/ld+json\" class=\"yoast-schema-graph\">{\"@context\":\"https:\\\/\\\/schema.org\",\"@graph\":[{\"@type\":\"WebPage\",\"@id\":\"https:\\\/\\\/www.huggenberger.com\\\/products\\\/pendulum-measuring-system\\\/coordiscope-kk84\\\/\",\"url\":\"https:\\\/\\\/www.huggenberger.com\\\/products\\\/pendulum-measuring-system\\\/coordiscope-kk84\\\/\",\"name\":\"Coordiscope KK84 - Huggenberger\",\"isPartOf\":{\"@id\":\"https:\\\/\\\/www.huggenberger.com\\\/#website\"},\"primaryImageOfPage\":{\"@id\":\"https:\\\/\\\/www.huggenberger.com\\\/products\\\/pendulum-measuring-system\\\/coordiscope-kk84\\\/#primaryimage\"},\"image\":{\"@id\":\"https:\\\/\\\/www.huggenberger.com\\\/products\\\/pendulum-measuring-system\\\/coordiscope-kk84\\\/#primaryimage\"},\"thumbnailUrl\":\"https:\\\/\\\/www.huggenberger.com\\\/wp-content\\\/uploads\\\/2022\\\/04\\\/KK84-1-1.jpg\",\"datePublished\":\"2022-04-06T08:44:02+00:00\",\"dateModified\":\"2023-02-14T10:06:43+00:00\",\"description\":\"The Coordiscope KK84N is a pure mechanical instrument. Reading is effected via scale and nonius.\",\"breadcrumb\":{\"@id\":\"https:\\\/\\\/www.huggenberger.com\\\/products\\\/pendulum-measuring-system\\\/coordiscope-kk84\\\/#breadcrumb\"},\"inLanguage\":\"de\",\"potentialAction\":[{\"@type\":\"ReadAction\",\"target\":[\"https:\\\/\\\/www.huggenberger.com\\\/products\\\/pendulum-measuring-system\\\/coordiscope-kk84\\\/\"]}]},{\"@type\":\"ImageObject\",\"inLanguage\":\"de\",\"@id\":\"https:\\\/\\\/www.huggenberger.com\\\/products\\\/pendulum-measuring-system\\\/coordiscope-kk84\\\/#primaryimage\",\"url\":\"https:\\\/\\\/www.huggenberger.com\\\/wp-content\\\/uploads\\\/2022\\\/04\\\/KK84-1-1.jpg\",\"contentUrl\":\"https:\\\/\\\/www.huggenberger.com\\\/wp-content\\\/uploads\\\/2022\\\/04\\\/KK84-1-1.jpg\",\"width\":1000,\"height\":750},{\"@type\":\"BreadcrumbList\",\"@id\":\"https:\\\/\\\/www.huggenberger.com\\\/products\\\/pendulum-measuring-system\\\/coordiscope-kk84\\\/#breadcrumb\",\"itemListElement\":[{\"@type\":\"ListItem\",\"position\":1,\"name\":\"Home\",\"item\":\"https:\\\/\\\/www.huggenberger.com\\\/\"},{\"@type\":\"ListItem\",\"position\":2,\"name\":\"Products\",\"item\":\"https:\\\/\\\/www.huggenberger.com\\\/products\\\/\"},{\"@type\":\"ListItem\",\"position\":3,\"name\":\"Pendulum Measuring System\",\"item\":\"https:\\\/\\\/www.huggenberger.com\\\/products\\\/pendulum-measuring-system\\\/\"},{\"@type\":\"ListItem\",\"position\":4,\"name\":\"Coordiscope KK84\"}]},{\"@type\":\"WebSite\",\"@id\":\"https:\\\/\\\/www.huggenberger.com\\\/#website\",\"url\":\"https:\\\/\\\/www.huggenberger.com\\\/\",\"name\":\"Huggenberger\",\"description\":\"Physical security monitoring of engineering structures\",\"publisher\":{\"@id\":\"https:\\\/\\\/www.huggenberger.com\\\/#organization\"},\"potentialAction\":[{\"@type\":\"SearchAction\",\"target\":{\"@type\":\"EntryPoint\",\"urlTemplate\":\"https:\\\/\\\/www.huggenberger.com\\\/?s={search_term_string}\"},\"query-input\":{\"@type\":\"PropertyValueSpecification\",\"valueRequired\":true,\"valueName\":\"search_term_string\"}}],\"inLanguage\":\"de\"},{\"@type\":\"Organization\",\"@id\":\"https:\\\/\\\/www.huggenberger.com\\\/#organization\",\"name\":\"HUGGENBERGER AG\",\"url\":\"https:\\\/\\\/www.huggenberger.com\\\/\",\"logo\":{\"@type\":\"ImageObject\",\"inLanguage\":\"de\",\"@id\":\"https:\\\/\\\/www.huggenberger.com\\\/#\\\/schema\\\/logo\\\/image\\\/\",\"url\":\"https:\\\/\\\/www.huggenberger.com\\\/wp-content\\\/uploads\\\/2022\\\/06\\\/Huggenberger-Logo_Claim-E.webp\",\"contentUrl\":\"https:\\\/\\\/www.huggenberger.com\\\/wp-content\\\/uploads\\\/2022\\\/06\\\/Huggenberger-Logo_Claim-E.webp\",\"width\":407,\"height\":63,\"caption\":\"HUGGENBERGER AG\"},\"image\":{\"@id\":\"https:\\\/\\\/www.huggenberger.com\\\/#\\\/schema\\\/logo\\\/image\\\/\"},\"sameAs\":[\"https:\\\/\\\/www.linkedin.com\\\/company\\\/huggenberger-ag\\\/\"]}]}<\/script>\n<!-- \/ Yoast SEO plugin. -->","yoast_head_json":{"title":"Coordiscope KK84 - Huggenberger","description":"Das Koordiskop KK84N ist ein mechanisches Ger\u00e4t, bei welchem die Ablesung \u00fcber Massstab und Nonius erfolgt.","robots":{"index":"index","follow":"follow","max-snippet":"max-snippet:-1","max-image-preview":"max-image-preview:large","max-video-preview":"max-video-preview:-1"},"canonical":"https:\/\/www.huggenberger.com\/de\/products\/pendulum-measuring-system\/coordiscope-kk84\/","og_locale":"de_DE","og_type":"article","og_title":"Coordiscope KK84 - Huggenberger","og_description":"The Coordiscope KK84N is a pure mechanical instrument. Reading is effected via scale and nonius.","og_url":"https:\/\/www.huggenberger.com\/de\/products\/pendulum-measuring-system\/coordiscope-kk84\/","og_site_name":"Huggenberger","article_modified_time":"2023-02-14T10:06:43+00:00","og_image":[{"width":1000,"height":750,"url":"https:\/\/www.huggenberger.com\/wp-content\/uploads\/2022\/04\/KK84-1-1.jpg","type":"image\/jpeg"}],"twitter_card":"summary_large_image","twitter_misc":{"Gesch\u00e4tzte Lesezeit":"3\u00a0Minuten"},"schema":{"@context":"https:\/\/schema.org","@graph":[{"@type":"WebPage","@id":"https:\/\/www.huggenberger.com\/products\/pendulum-measuring-system\/coordiscope-kk84\/","url":"https:\/\/www.huggenberger.com\/products\/pendulum-measuring-system\/coordiscope-kk84\/","name":"Coordiscope KK84 - Huggenberger","isPartOf":{"@id":"https:\/\/www.huggenberger.com\/#website"},"primaryImageOfPage":{"@id":"https:\/\/www.huggenberger.com\/products\/pendulum-measuring-system\/coordiscope-kk84\/#primaryimage"},"image":{"@id":"https:\/\/www.huggenberger.com\/products\/pendulum-measuring-system\/coordiscope-kk84\/#primaryimage"},"thumbnailUrl":"https:\/\/www.huggenberger.com\/wp-content\/uploads\/2022\/04\/KK84-1-1.jpg","datePublished":"2022-04-06T08:44:02+00:00","dateModified":"2023-02-14T10:06:43+00:00","description":"Das Koordiskop KK84N ist ein mechanisches Ger\u00e4t, bei welchem die Ablesung \u00fcber Massstab und Nonius erfolgt.","breadcrumb":{"@id":"https:\/\/www.huggenberger.com\/products\/pendulum-measuring-system\/coordiscope-kk84\/#breadcrumb"},"inLanguage":"de","potentialAction":[{"@type":"ReadAction","target":["https:\/\/www.huggenberger.com\/products\/pendulum-measuring-system\/coordiscope-kk84\/"]}]},{"@type":"ImageObject","inLanguage":"de","@id":"https:\/\/www.huggenberger.com\/products\/pendulum-measuring-system\/coordiscope-kk84\/#primaryimage","url":"https:\/\/www.huggenberger.com\/wp-content\/uploads\/2022\/04\/KK84-1-1.jpg","contentUrl":"https:\/\/www.huggenberger.com\/wp-content\/uploads\/2022\/04\/KK84-1-1.jpg","width":1000,"height":750},{"@type":"BreadcrumbList","@id":"https:\/\/www.huggenberger.com\/products\/pendulum-measuring-system\/coordiscope-kk84\/#breadcrumb","itemListElement":[{"@type":"ListItem","position":1,"name":"Home","item":"https:\/\/www.huggenberger.com\/"},{"@type":"ListItem","position":2,"name":"Products","item":"https:\/\/www.huggenberger.com\/products\/"},{"@type":"ListItem","position":3,"name":"Pendulum Measuring System","item":"https:\/\/www.huggenberger.com\/products\/pendulum-measuring-system\/"},{"@type":"ListItem","position":4,"name":"Coordiscope KK84"}]},{"@type":"WebSite","@id":"https:\/\/www.huggenberger.com\/#website","url":"https:\/\/www.huggenberger.com\/","name":"Huggenberger","description":"Physical security monitoring of engineering structures","publisher":{"@id":"https:\/\/www.huggenberger.com\/#organization"},"potentialAction":[{"@type":"SearchAction","target":{"@type":"EntryPoint","urlTemplate":"https:\/\/www.huggenberger.com\/?s={search_term_string}"},"query-input":{"@type":"PropertyValueSpecification","valueRequired":true,"valueName":"search_term_string"}}],"inLanguage":"de"},{"@type":"Organization","@id":"https:\/\/www.huggenberger.com\/#organization","name":"Die HUGGENBERGER AG","url":"https:\/\/www.huggenberger.com\/","logo":{"@type":"ImageObject","inLanguage":"de","@id":"https:\/\/www.huggenberger.com\/#\/schema\/logo\/image\/","url":"https:\/\/www.huggenberger.com\/wp-content\/uploads\/2022\/06\/Huggenberger-Logo_Claim-E.webp","contentUrl":"https:\/\/www.huggenberger.com\/wp-content\/uploads\/2022\/06\/Huggenberger-Logo_Claim-E.webp","width":407,"height":63,"caption":"HUGGENBERGER AG"},"image":{"@id":"https:\/\/www.huggenberger.com\/#\/schema\/logo\/image\/"},"sameAs":["https:\/\/www.linkedin.com\/company\/huggenberger-ag\/"]}]}},"_links":{"self":[{"href":"https:\/\/www.huggenberger.com\/de\/wp-json\/wp\/v2\/pages\/2070","targetHints":{"allow":["GET"]}}],"collection":[{"href":"https:\/\/www.huggenberger.com\/de\/wp-json\/wp\/v2\/pages"}],"about":[{"href":"https:\/\/www.huggenberger.com\/de\/wp-json\/wp\/v2\/types\/page"}],"author":[{"embeddable":true,"href":"https:\/\/www.huggenberger.com\/de\/wp-json\/wp\/v2\/users\/3"}],"replies":[{"embeddable":true,"href":"https:\/\/www.huggenberger.com\/de\/wp-json\/wp\/v2\/comments?post=2070"}],"version-history":[{"count":10,"href":"https:\/\/www.huggenberger.com\/de\/wp-json\/wp\/v2\/pages\/2070\/revisions"}],"predecessor-version":[{"id":3495,"href":"https:\/\/www.huggenberger.com\/de\/wp-json\/wp\/v2\/pages\/2070\/revisions\/3495"}],"up":[{"embeddable":true,"href":"https:\/\/www.huggenberger.com\/de\/wp-json\/wp\/v2\/pages\/1700"}],"wp:featuredmedia":[{"embeddable":true,"href":"https:\/\/www.huggenberger.com\/de\/wp-json\/wp\/v2\/media\/1723"}],"wp:attachment":[{"href":"https:\/\/www.huggenberger.com\/de\/wp-json\/wp\/v2\/media?parent=2070"}],"curies":[{"name":"wp","href":"https:\/\/api.w.org\/{rel}","templated":true}]}}