{"id":2088,"date":"2022-04-06T08:55:20","date_gmt":"2022-04-06T08:55:20","guid":{"rendered":"https:\/\/www.huggenberger.com\/?page_id=2088"},"modified":"2023-02-14T10:09:15","modified_gmt":"2023-02-14T10:09:15","slug":"clinometer-ecs1000hbl","status":"publish","type":"page","link":"https:\/\/www.huggenberger.com\/de\/products\/inclination-and-displacement\/clinometer-ecs1000hbl\/","title":{"rendered":"Klinometer ECS1000HBL"},"content":{"rendered":"<div class=\"vc_row wpb_row vc_row-fluid bg-image-ps-inherit\"><div class=\"wpb_column vc_column_container vc_col-sm-12 vc_col-lg-4 vc_col-md-4 rm-padding-lg\"><div class=\"vc_column-inner vc_custom_1565687724699\"><div class=\"wpb_wrapper\"><div class=\"cms-download-layout1\">\r\n            <h3 class=\"el-title\">Download<\/h3>\r\n                <div class=\"cms-download-item\">\r\n            <a href=\"https:\/\/www.huggenberger.com\/wp-content\/uploads\/2022\/04\/Huggenberger_ECS1000HBL_en.pdf\" target=\"_blank\">\r\n                <cite>EN - Clinometer ECS1000HBL<\/cite>\r\n                <span>PDF<\/span>\r\n            <\/a>\r\n        <\/div>\r\n            <div class=\"cms-download-item\">\r\n            <a href=\"https:\/\/www.huggenberger.com\/wp-content\/uploads\/2022\/04\/Huggenberger_ECS1000HBL_de.pdf\" target=\"_blank\">\r\n                <cite>DE - Klinometer ECS1000HBL<\/cite>\r\n                <span>PDF<\/span>\r\n            <\/a>\r\n        <\/div>\r\n    <\/div><div class=\"vc_empty_space\"   style=\"height: 40px\"><span class=\"vc_empty_space_inner\"><\/span><\/div><div class=\"vc_separator wpb_content_element vc_separator_align_center vc_sep_width_100 vc_sep_pos_align_center vc_separator_no_text vc_sep_color_grey\" ><span class=\"vc_sep_holder vc_sep_holder_l\"><span  class=\"vc_sep_line\"><\/span><\/span><span class=\"vc_sep_holder vc_sep_holder_r\"><span  class=\"vc_sep_line\"><\/span><\/span>\r\n<\/div><\/div><\/div><\/div><div class=\"wpb_column vc_column_container vc_col-sm-12 vc_col-lg-8 vc_col-md-8 rm-padding-lg\"><div class=\"vc_column-inner vc_custom_1565687737685\"><div class=\"wpb_wrapper\"><div id=\"cms-heading\" class=\"cms-heading align-left align-left-md align-left-sm align-left-xs\">\r\n    \r\n    <div class=\"cms-inline-css\"  data-css=\"                    @media (min-width: 991px) and (max-width: 1199px) {                #cms-heading .cms-heading-tag {                                            font-size: 24px !important;                                                        }            }                            @media (min-width: 768px) and (max-width: 991px) {                #cms-heading .cms-heading-tag {                                            font-size: 24px !important;                                                        }            }                            @media screen and (max-width: 767px) {                #cms-heading .cms-heading-tag {                                            font-size: 24px !important;                                                        }            }                \">\r\n    <\/div>\r\n    \r\n        <h3 class=\"cms-heading-tag\" style=\"margin-bottom:17px;font-size:24px; \">\r\n                                    Anwendung                        <\/h3>\r\n            <\/div><div class=\"cms-text-block1 text-left  fw-400\" style=\"font-size:16px;line-height:26px;\">\r\n    <p>Portables elektronisches Instrument von h\u00f6chster Genauigkeit zum Messen von Neigungen und Neigungs\u00e4nderungen an Bauwerken. Die Anordnung der Messstellen ist horizontal. F\u00fcr jede Messrichtung wird ein Paar Setzbolzen ben\u00f6tigt.<\/p>\n<\/div><div class=\"vc_empty_space\"   style=\"height: 20px\"><span class=\"vc_empty_space_inner\"><\/span><\/div><div class=\"vc_empty_space\"   style=\"height: 20px\"><span class=\"vc_empty_space_inner\"><\/span><\/div><div id=\"cms-heading-2\" class=\"cms-heading align-left align-left-md align-left-sm align-left-xs\">\r\n    \r\n    <div class=\"cms-inline-css\"  data-css=\"                    @media (min-width: 991px) and (max-width: 1199px) {                #cms-heading-2 .cms-heading-tag {                                            font-size: 24px !important;                                                        }            }                            @media (min-width: 768px) and (max-width: 991px) {                #cms-heading-2 .cms-heading-tag {                                            font-size: 24px !important;                                                        }            }                            @media screen and (max-width: 767px) {                #cms-heading-2 .cms-heading-tag {                                            font-size: 24px !important;                                                        }            }                \">\r\n    <\/div>\r\n    \r\n        <h3 class=\"cms-heading-tag\" style=\"margin-bottom:17px;font-size:24px; \">\r\n                                    Beschreibung                        <\/h3>\r\n            <\/div><div class=\"cms-text-block1 text-left  fw-400\" style=\"font-size:16px;line-height:26px;\">\r\n    <p>Der Neigungssensor basiert auf den Pendeleigenschaften einer Massescheibe, von welcher die Bewegung kapazitiv gemessen wird. Dieser Sensor ist fest auf einem Temperatur unempfindlichen CFK-Rohr von 1000 mm L\u00e4nge montiert. Als Messpunkte werden Kugelsetzbolzen eingem\u00f6rtelt. Diese Setzeinrichtung garantiert eine zuverl\u00e4ssige Reproduzierbarkeit.<\/p>\n<\/div><div class=\"vc_empty_space\"   style=\"height: 20px\"><span class=\"vc_empty_space_inner\"><\/span><\/div><div class=\"vc_empty_space\"   style=\"height: 20px\"><span class=\"vc_empty_space_inner\"><\/span><\/div><div id=\"cms-heading-3\" class=\"cms-heading align-left align-left-md align-left-sm align-left-xs\">\r\n    \r\n    <div class=\"cms-inline-css\"  data-css=\"                    @media (min-width: 991px) and (max-width: 1199px) {                #cms-heading-3 .cms-heading-tag {                                            font-size: 24px !important;                                                        }            }                            @media (min-width: 768px) and (max-width: 991px) {                #cms-heading-3 .cms-heading-tag {                                            font-size: 24px !important;                                                        }            }                            @media screen and (max-width: 767px) {                #cms-heading-3 .cms-heading-tag {                                            font-size: 24px !important;                                                        }            }                \">\r\n    <\/div>\r\n    \r\n        <h3 class=\"cms-heading-tag\" style=\"margin-bottom:17px;font-size:24px; \">\r\n                                    Zubeh\u00f6r                        <\/h3>\r\n            <\/div><div class=\"cms-text-block1 text-left  fw-400\" style=\"font-size:16px;line-height:26px;\">\r\n    <p>Die Messstellen k\u00f6nnen mit zwei verschiedenen Typen von Setzbolzen-Paaren ausger\u00fcstet werden:<\/p>\n<ul>\n<li>Bodenmessstelle<\/li>\n<li>Setzbolzen GAVOR, mit Gewinde<\/li>\n<li>Setzbolzen SEHOR, ohne Gewinde<\/li>\n<li>Abst\u00fctzvorrichtung CLISO<\/li>\n<li>Wandmessstelle<\/li>\n<li>Setzbolzen GEWIN, mit Gewinde<\/li>\n<li>Setzbolzen SEVER, ohne Gewinde<\/li>\n<\/ul>\n<p>Optional sind zu allen Setzbolzen rostfreie Schutzkappen erh\u00e4ltlich.<br \/>\nF\u00fcr den fachgerechten Einbau der Setzbolzen wird die Verwendung der Setzlehre TEBOL empfohlen.<\/p>\n<\/div><div class=\"vc_empty_space\"   style=\"height: 40px\"><span class=\"vc_empty_space_inner\"><\/span><\/div><div class=\"vc_separator wpb_content_element vc_separator_align_center vc_sep_width_100 vc_sep_pos_align_center vc_separator_no_text vc_sep_color_grey\" ><span class=\"vc_sep_holder vc_sep_holder_l\"><span  class=\"vc_sep_line\"><\/span><\/span><span class=\"vc_sep_holder vc_sep_holder_r\"><span  class=\"vc_sep_line\"><\/span><\/span>\r\n<\/div>\r\n<div class=\"vc_grid-container-wrapper vc_clearfix\">\r\n\t<div class=\"vc_grid-container vc_clearfix wpb_content_element vc_masonry_media_grid\" data-initial-loading-animation=\"zoomIn\" data-vc-grid-settings=\"{&quot;page_id&quot;:2088,&quot;style&quot;:&quot;all-masonry&quot;,&quot;action&quot;:&quot;vc_get_vc_grid_data&quot;,&quot;shortcode_id&quot;:&quot;1676369357945-153c8971900af76d29f0300b0381b0d3-1&quot;,&quot;tag&quot;:&quot;vc_masonry_media_grid&quot;}\" data-vc-request=\"https:\/\/www.huggenberger.com\/wp-admin\/admin-ajax.php\" data-vc-post-id=\"2088\" data-vc-public-nonce=\"ea0da11cc2\">\r\n\t\t\r\n\t<\/div>\r\n<\/div><\/div><\/div><\/div><div class=\"wpb_column vc_column_container vc_col-sm-12\"><div class=\"vc_column-inner\"><div class=\"wpb_wrapper\"><\/div><\/div><\/div><div class=\"wpb_column vc_column_container vc_col-sm-12\"><div class=\"vc_column-inner\"><div class=\"wpb_wrapper\"><\/div><\/div><\/div><\/div>","protected":false},"excerpt":{"rendered":"Download EN - Clinometer ECS1000HBL PDF DE - Klinometer ECS1000HBL PDF Application Portable electronic instrument of high precision for measuring of inclination and changing in inclination of structures. The placing of the measuring bolts is horizontal. For each measuring direction one pair of set bolts is needed. Description The sensor is based on the pendulum [...]","protected":false},"author":3,"featured_media":2390,"parent":2329,"menu_order":0,"comment_status":"closed","ping_status":"closed","template":"","meta":{"footnotes":""},"class_list":["post-2088","page","type-page","status-publish","has-post-thumbnail","hentry"],"yoast_head":"<!-- This site is optimized with the Yoast SEO plugin v27.6 - https:\/\/yoast.com\/product\/yoast-seo-wordpress\/ -->\n<title>Clinometer ECS1000HBL - Huggenberger<\/title>\n<meta name=\"description\" content=\"Portable electronic instrument of high precision or measuring of inclination and changing in inclination of structures.\" \/>\n<meta name=\"robots\" content=\"index, follow, max-snippet:-1, max-image-preview:large, max-video-preview:-1\" \/>\n<link rel=\"canonical\" href=\"https:\/\/www.huggenberger.com\/de\/products\/inclination-and-displacement\/clinometer-ecs1000hbl\/\" \/>\n<meta property=\"og:locale\" content=\"de_DE\" \/>\n<meta property=\"og:type\" content=\"article\" \/>\n<meta property=\"og:title\" content=\"Clinometer ECS1000HBL - Huggenberger\" \/>\n<meta property=\"og:description\" content=\"Portable electronic instrument of high precision or measuring of inclination and changing in inclination of structures.\" \/>\n<meta property=\"og:url\" content=\"https:\/\/www.huggenberger.com\/de\/products\/inclination-and-displacement\/clinometer-ecs1000hbl\/\" \/>\n<meta property=\"og:site_name\" content=\"Huggenberger\" \/>\n<meta property=\"article:modified_time\" content=\"2023-02-14T10:09:15+00:00\" \/>\n<meta property=\"og:image\" content=\"https:\/\/www.huggenberger.com\/wp-content\/uploads\/2022\/04\/1.1Clinometer-ECS1000HBL.jpg\" \/>\n\t<meta property=\"og:image:width\" content=\"600\" \/>\n\t<meta property=\"og:image:height\" content=\"600\" \/>\n\t<meta property=\"og:image:type\" content=\"image\/jpeg\" \/>\n<meta name=\"twitter:card\" content=\"summary_large_image\" \/>\n<meta name=\"twitter:label1\" content=\"Gesch\u00e4tzte Lesezeit\" \/>\n\t<meta name=\"twitter:data1\" content=\"2\u00a0Minuten\" \/>\n<script type=\"application\/ld+json\" class=\"yoast-schema-graph\">{\"@context\":\"https:\\\/\\\/schema.org\",\"@graph\":[{\"@type\":\"WebPage\",\"@id\":\"https:\\\/\\\/www.huggenberger.com\\\/products\\\/inclination-and-displacement\\\/clinometer-ecs1000hbl\\\/\",\"url\":\"https:\\\/\\\/www.huggenberger.com\\\/products\\\/inclination-and-displacement\\\/clinometer-ecs1000hbl\\\/\",\"name\":\"Clinometer ECS1000HBL - Huggenberger\",\"isPartOf\":{\"@id\":\"https:\\\/\\\/www.huggenberger.com\\\/#website\"},\"primaryImageOfPage\":{\"@id\":\"https:\\\/\\\/www.huggenberger.com\\\/products\\\/inclination-and-displacement\\\/clinometer-ecs1000hbl\\\/#primaryimage\"},\"image\":{\"@id\":\"https:\\\/\\\/www.huggenberger.com\\\/products\\\/inclination-and-displacement\\\/clinometer-ecs1000hbl\\\/#primaryimage\"},\"thumbnailUrl\":\"https:\\\/\\\/www.huggenberger.com\\\/wp-content\\\/uploads\\\/2022\\\/04\\\/1.1Clinometer-ECS1000HBL.jpg\",\"datePublished\":\"2022-04-06T08:55:20+00:00\",\"dateModified\":\"2023-02-14T10:09:15+00:00\",\"description\":\"Portable electronic instrument of high precision or measuring of inclination and changing in inclination of structures.\",\"breadcrumb\":{\"@id\":\"https:\\\/\\\/www.huggenberger.com\\\/products\\\/inclination-and-displacement\\\/clinometer-ecs1000hbl\\\/#breadcrumb\"},\"inLanguage\":\"de\",\"potentialAction\":[{\"@type\":\"ReadAction\",\"target\":[\"https:\\\/\\\/www.huggenberger.com\\\/products\\\/inclination-and-displacement\\\/clinometer-ecs1000hbl\\\/\"]}]},{\"@type\":\"ImageObject\",\"inLanguage\":\"de\",\"@id\":\"https:\\\/\\\/www.huggenberger.com\\\/products\\\/inclination-and-displacement\\\/clinometer-ecs1000hbl\\\/#primaryimage\",\"url\":\"https:\\\/\\\/www.huggenberger.com\\\/wp-content\\\/uploads\\\/2022\\\/04\\\/1.1Clinometer-ECS1000HBL.jpg\",\"contentUrl\":\"https:\\\/\\\/www.huggenberger.com\\\/wp-content\\\/uploads\\\/2022\\\/04\\\/1.1Clinometer-ECS1000HBL.jpg\",\"width\":600,\"height\":600},{\"@type\":\"BreadcrumbList\",\"@id\":\"https:\\\/\\\/www.huggenberger.com\\\/products\\\/inclination-and-displacement\\\/clinometer-ecs1000hbl\\\/#breadcrumb\",\"itemListElement\":[{\"@type\":\"ListItem\",\"position\":1,\"name\":\"Home\",\"item\":\"https:\\\/\\\/www.huggenberger.com\\\/\"},{\"@type\":\"ListItem\",\"position\":2,\"name\":\"Products\",\"item\":\"https:\\\/\\\/www.huggenberger.com\\\/products\\\/\"},{\"@type\":\"ListItem\",\"position\":3,\"name\":\"Inclination and displacement\",\"item\":\"https:\\\/\\\/www.huggenberger.com\\\/products\\\/inclination-and-displacement\\\/\"},{\"@type\":\"ListItem\",\"position\":4,\"name\":\"Clinometer ECS1000HBL\"}]},{\"@type\":\"WebSite\",\"@id\":\"https:\\\/\\\/www.huggenberger.com\\\/#website\",\"url\":\"https:\\\/\\\/www.huggenberger.com\\\/\",\"name\":\"Huggenberger\",\"description\":\"Physical security monitoring of engineering structures\",\"publisher\":{\"@id\":\"https:\\\/\\\/www.huggenberger.com\\\/#organization\"},\"potentialAction\":[{\"@type\":\"SearchAction\",\"target\":{\"@type\":\"EntryPoint\",\"urlTemplate\":\"https:\\\/\\\/www.huggenberger.com\\\/?s={search_term_string}\"},\"query-input\":{\"@type\":\"PropertyValueSpecification\",\"valueRequired\":true,\"valueName\":\"search_term_string\"}}],\"inLanguage\":\"de\"},{\"@type\":\"Organization\",\"@id\":\"https:\\\/\\\/www.huggenberger.com\\\/#organization\",\"name\":\"HUGGENBERGER AG\",\"url\":\"https:\\\/\\\/www.huggenberger.com\\\/\",\"logo\":{\"@type\":\"ImageObject\",\"inLanguage\":\"de\",\"@id\":\"https:\\\/\\\/www.huggenberger.com\\\/#\\\/schema\\\/logo\\\/image\\\/\",\"url\":\"https:\\\/\\\/www.huggenberger.com\\\/wp-content\\\/uploads\\\/2022\\\/06\\\/Huggenberger-Logo_Claim-E.webp\",\"contentUrl\":\"https:\\\/\\\/www.huggenberger.com\\\/wp-content\\\/uploads\\\/2022\\\/06\\\/Huggenberger-Logo_Claim-E.webp\",\"width\":407,\"height\":63,\"caption\":\"HUGGENBERGER AG\"},\"image\":{\"@id\":\"https:\\\/\\\/www.huggenberger.com\\\/#\\\/schema\\\/logo\\\/image\\\/\"},\"sameAs\":[\"https:\\\/\\\/www.linkedin.com\\\/company\\\/huggenberger-ag\\\/\"]}]}<\/script>\n<!-- \/ Yoast SEO plugin. -->","yoast_head_json":{"title":"Clinometer ECS1000HBL - Huggenberger","description":"Portable electronic instrument of high precision or measuring of inclination and changing in inclination of structures.","robots":{"index":"index","follow":"follow","max-snippet":"max-snippet:-1","max-image-preview":"max-image-preview:large","max-video-preview":"max-video-preview:-1"},"canonical":"https:\/\/www.huggenberger.com\/de\/products\/inclination-and-displacement\/clinometer-ecs1000hbl\/","og_locale":"de_DE","og_type":"article","og_title":"Clinometer ECS1000HBL - Huggenberger","og_description":"Portable electronic instrument of high precision or measuring of inclination and changing in inclination of structures.","og_url":"https:\/\/www.huggenberger.com\/de\/products\/inclination-and-displacement\/clinometer-ecs1000hbl\/","og_site_name":"Huggenberger","article_modified_time":"2023-02-14T10:09:15+00:00","og_image":[{"width":600,"height":600,"url":"https:\/\/www.huggenberger.com\/wp-content\/uploads\/2022\/04\/1.1Clinometer-ECS1000HBL.jpg","type":"image\/jpeg"}],"twitter_card":"summary_large_image","twitter_misc":{"Gesch\u00e4tzte Lesezeit":"2\u00a0Minuten"},"schema":{"@context":"https:\/\/schema.org","@graph":[{"@type":"WebPage","@id":"https:\/\/www.huggenberger.com\/products\/inclination-and-displacement\/clinometer-ecs1000hbl\/","url":"https:\/\/www.huggenberger.com\/products\/inclination-and-displacement\/clinometer-ecs1000hbl\/","name":"Clinometer ECS1000HBL - Huggenberger","isPartOf":{"@id":"https:\/\/www.huggenberger.com\/#website"},"primaryImageOfPage":{"@id":"https:\/\/www.huggenberger.com\/products\/inclination-and-displacement\/clinometer-ecs1000hbl\/#primaryimage"},"image":{"@id":"https:\/\/www.huggenberger.com\/products\/inclination-and-displacement\/clinometer-ecs1000hbl\/#primaryimage"},"thumbnailUrl":"https:\/\/www.huggenberger.com\/wp-content\/uploads\/2022\/04\/1.1Clinometer-ECS1000HBL.jpg","datePublished":"2022-04-06T08:55:20+00:00","dateModified":"2023-02-14T10:09:15+00:00","description":"Portable electronic instrument of high precision or measuring of inclination and changing in inclination of structures.","breadcrumb":{"@id":"https:\/\/www.huggenberger.com\/products\/inclination-and-displacement\/clinometer-ecs1000hbl\/#breadcrumb"},"inLanguage":"de","potentialAction":[{"@type":"ReadAction","target":["https:\/\/www.huggenberger.com\/products\/inclination-and-displacement\/clinometer-ecs1000hbl\/"]}]},{"@type":"ImageObject","inLanguage":"de","@id":"https:\/\/www.huggenberger.com\/products\/inclination-and-displacement\/clinometer-ecs1000hbl\/#primaryimage","url":"https:\/\/www.huggenberger.com\/wp-content\/uploads\/2022\/04\/1.1Clinometer-ECS1000HBL.jpg","contentUrl":"https:\/\/www.huggenberger.com\/wp-content\/uploads\/2022\/04\/1.1Clinometer-ECS1000HBL.jpg","width":600,"height":600},{"@type":"BreadcrumbList","@id":"https:\/\/www.huggenberger.com\/products\/inclination-and-displacement\/clinometer-ecs1000hbl\/#breadcrumb","itemListElement":[{"@type":"ListItem","position":1,"name":"Home","item":"https:\/\/www.huggenberger.com\/"},{"@type":"ListItem","position":2,"name":"Products","item":"https:\/\/www.huggenberger.com\/products\/"},{"@type":"ListItem","position":3,"name":"Inclination and displacement","item":"https:\/\/www.huggenberger.com\/products\/inclination-and-displacement\/"},{"@type":"ListItem","position":4,"name":"Clinometer ECS1000HBL"}]},{"@type":"WebSite","@id":"https:\/\/www.huggenberger.com\/#website","url":"https:\/\/www.huggenberger.com\/","name":"Huggenberger","description":"Physical security monitoring of engineering structures","publisher":{"@id":"https:\/\/www.huggenberger.com\/#organization"},"potentialAction":[{"@type":"SearchAction","target":{"@type":"EntryPoint","urlTemplate":"https:\/\/www.huggenberger.com\/?s={search_term_string}"},"query-input":{"@type":"PropertyValueSpecification","valueRequired":true,"valueName":"search_term_string"}}],"inLanguage":"de"},{"@type":"Organization","@id":"https:\/\/www.huggenberger.com\/#organization","name":"Die HUGGENBERGER AG","url":"https:\/\/www.huggenberger.com\/","logo":{"@type":"ImageObject","inLanguage":"de","@id":"https:\/\/www.huggenberger.com\/#\/schema\/logo\/image\/","url":"https:\/\/www.huggenberger.com\/wp-content\/uploads\/2022\/06\/Huggenberger-Logo_Claim-E.webp","contentUrl":"https:\/\/www.huggenberger.com\/wp-content\/uploads\/2022\/06\/Huggenberger-Logo_Claim-E.webp","width":407,"height":63,"caption":"HUGGENBERGER AG"},"image":{"@id":"https:\/\/www.huggenberger.com\/#\/schema\/logo\/image\/"},"sameAs":["https:\/\/www.linkedin.com\/company\/huggenberger-ag\/"]}]}},"_links":{"self":[{"href":"https:\/\/www.huggenberger.com\/de\/wp-json\/wp\/v2\/pages\/2088","targetHints":{"allow":["GET"]}}],"collection":[{"href":"https:\/\/www.huggenberger.com\/de\/wp-json\/wp\/v2\/pages"}],"about":[{"href":"https:\/\/www.huggenberger.com\/de\/wp-json\/wp\/v2\/types\/page"}],"author":[{"embeddable":true,"href":"https:\/\/www.huggenberger.com\/de\/wp-json\/wp\/v2\/users\/3"}],"replies":[{"embeddable":true,"href":"https:\/\/www.huggenberger.com\/de\/wp-json\/wp\/v2\/comments?post=2088"}],"version-history":[{"count":11,"href":"https:\/\/www.huggenberger.com\/de\/wp-json\/wp\/v2\/pages\/2088\/revisions"}],"predecessor-version":[{"id":3497,"href":"https:\/\/www.huggenberger.com\/de\/wp-json\/wp\/v2\/pages\/2088\/revisions\/3497"}],"up":[{"embeddable":true,"href":"https:\/\/www.huggenberger.com\/de\/wp-json\/wp\/v2\/pages\/2329"}],"wp:featuredmedia":[{"embeddable":true,"href":"https:\/\/www.huggenberger.com\/de\/wp-json\/wp\/v2\/media\/2390"}],"wp:attachment":[{"href":"https:\/\/www.huggenberger.com\/de\/wp-json\/wp\/v2\/media?parent=2088"}],"curies":[{"name":"wp","href":"https:\/\/api.w.org\/{rel}","templated":true}]}}