{"id":2223,"date":"2022-04-06T12:02:04","date_gmt":"2022-04-06T12:02:04","guid":{"rendered":"https:\/\/www.huggenberger.com\/?page_id=2223"},"modified":"2023-02-14T10:24:01","modified_gmt":"2023-02-14T10:24:01","slug":"telepressmeter-pwvw","status":"publish","type":"page","link":"https:\/\/www.huggenberger.com\/de\/products\/pressure-and-temperature\/telepressmeter-pwvw\/","title":{"rendered":"Telepressmeter PWVW"},"content":{"rendered":"<div class=\"vc_row wpb_row vc_row-fluid bg-image-ps-inherit\"><div class=\"wpb_column vc_column_container vc_col-sm-12 vc_col-lg-4 vc_col-md-4 rm-padding-lg\"><div class=\"vc_column-inner vc_custom_1565687724699\"><div class=\"wpb_wrapper\"><div class=\"cms-download-layout1\">\r\n            <h3 class=\"el-title\">Download<\/h3>\r\n                <div class=\"cms-download-item\">\r\n            <a href=\"https:\/\/www.huggenberger.com\/wp-content\/uploads\/2022\/04\/Huggenberger_PWVW_en.pdf\" target=\"_blank\">\r\n                <cite>EN - Telepressmeter PWVW<\/cite>\r\n                <span>PDF<\/span>\r\n            <\/a>\r\n        <\/div>\r\n            <div class=\"cms-download-item\">\r\n            <a href=\"https:\/\/www.huggenberger.com\/wp-content\/uploads\/2022\/04\/Huggenberger_PWVW_de.pdf\" target=\"_blank\">\r\n                <cite>DE - Telepressmeter PWVW<\/cite>\r\n                <span>PDF<\/span>\r\n            <\/a>\r\n        <\/div>\r\n    <\/div><div class=\"vc_empty_space\"   style=\"height: 40px\"><span class=\"vc_empty_space_inner\"><\/span><\/div><div class=\"vc_separator wpb_content_element vc_separator_align_center vc_sep_width_100 vc_sep_pos_align_center vc_separator_no_text vc_sep_color_grey\" ><span class=\"vc_sep_holder vc_sep_holder_l\"><span  class=\"vc_sep_line\"><\/span><\/span><span class=\"vc_sep_holder vc_sep_holder_r\"><span  class=\"vc_sep_line\"><\/span><\/span>\r\n<\/div><\/div><\/div><\/div><div class=\"wpb_column vc_column_container vc_col-sm-12 vc_col-lg-8 vc_col-md-8 rm-padding-lg\"><div class=\"vc_column-inner vc_custom_1565687737685\"><div class=\"wpb_wrapper\"><div id=\"cms-heading\" class=\"cms-heading align-left align-left-md align-left-sm align-left-xs\">\r\n    \r\n    <div class=\"cms-inline-css\"  data-css=\"                    @media (min-width: 991px) and (max-width: 1199px) {                #cms-heading .cms-heading-tag {                                            font-size: 24px !important;                                                        }            }                            @media (min-width: 768px) and (max-width: 991px) {                #cms-heading .cms-heading-tag {                                            font-size: 24px !important;                                                        }            }                            @media screen and (max-width: 767px) {                #cms-heading .cms-heading-tag {                                            font-size: 24px !important;                                                        }            }                \">\r\n    <\/div>\r\n    \r\n        <h3 class=\"cms-heading-tag\" style=\"margin-bottom:17px;font-size:24px; \">\r\n                                    Anwendung                        <\/h3>\r\n            <\/div><div class=\"vc_empty_space\"   style=\"height: 21px\"><span class=\"vc_empty_space_inner\"><\/span><\/div><div class=\"cms-text-block1 text-left  fw-400\" style=\"font-size:16px;line-height:26px;\">\r\n    <p>Das Telepressmeter PWVW ist ein Absolutdruckaufnehmer zur Erfassung positiver und negativer statischer und dynamischer Fl\u00fcssigkeitsdr\u00fccke aller Art, zum Beispiel Porenwasserdr\u00fccke in Erdd\u00e4mmen, Auftriebsmessungen in Talsperren, Unterdrucksmessungen bei Hochwasserentlastungsanlagen und Grundwasserstandsmessungen.<\/p>\n<\/div><div class=\"vc_empty_space\"   style=\"height: 21px\"><span class=\"vc_empty_space_inner\"><\/span><\/div><div id=\"cms-heading-2\" class=\"cms-heading align-left align-left-md align-left-sm align-left-xs\">\r\n    \r\n    <div class=\"cms-inline-css\"  data-css=\"                    @media (min-width: 991px) and (max-width: 1199px) {                #cms-heading-2 .cms-heading-tag {                                            font-size: 24px !important;                                                        }            }                            @media (min-width: 768px) and (max-width: 991px) {                #cms-heading-2 .cms-heading-tag {                                            font-size: 24px !important;                                                        }            }                            @media screen and (max-width: 767px) {                #cms-heading-2 .cms-heading-tag {                                            font-size: 24px !important;                                                        }            }                \">\r\n    <\/div>\r\n    \r\n        <h3 class=\"cms-heading-tag\" style=\"margin-bottom:17px;font-size:24px; \">\r\n                                    Beschreibung                        <\/h3>\r\n            <\/div><div class=\"cms-text-block1 text-left  fw-400\" style=\"font-size:16px;line-height:26px;\">\r\n    <p>Das Messsystem des Telepressmeters PWVW basiert auf dem Schwingsaitenprinzip. Durch Druck\u00e4nderung an der Membrane ist die Saite mehr oder weniger gespannt. Mit dem Messger\u00e4t wird die Saite elektrisch angeregt, und die entsprechende Schwingung (Frequenz) wird gemessen.<\/p>\n<\/div><div class=\"vc_empty_space\"   style=\"height: 60px\"><span class=\"vc_empty_space_inner\"><\/span><\/div><div class=\"vc_separator wpb_content_element vc_separator_align_center vc_sep_width_100 vc_sep_pos_align_center vc_separator_no_text vc_sep_color_grey\" ><span class=\"vc_sep_holder vc_sep_holder_l\"><span  class=\"vc_sep_line\"><\/span><\/span><span class=\"vc_sep_holder vc_sep_holder_r\"><span  class=\"vc_sep_line\"><\/span><\/span>\r\n<\/div>\r\n<div class=\"vc_grid-container-wrapper vc_clearfix\">\r\n\t<div class=\"vc_grid-container vc_clearfix wpb_content_element vc_masonry_media_grid\" data-initial-loading-animation=\"zoomIn\" data-vc-grid-settings=\"{&quot;page_id&quot;:2223,&quot;style&quot;:&quot;all-masonry&quot;,&quot;action&quot;:&quot;vc_get_vc_grid_data&quot;,&quot;shortcode_id&quot;:&quot;1676370248545-01f0aab71c19c4e4651a4b4d1f01f1cb-7&quot;,&quot;tag&quot;:&quot;vc_masonry_media_grid&quot;}\" data-vc-request=\"https:\/\/www.huggenberger.com\/wp-admin\/admin-ajax.php\" data-vc-post-id=\"2223\" data-vc-public-nonce=\"87d1c99954\">\r\n\t\t\r\n\t<\/div>\r\n<\/div><\/div><\/div><\/div><\/div>","protected":false},"excerpt":{"rendered":"Download EN - Telepressmeter PWVW PDF DE - Telepressmeter PWVW PDF Application The Telepressmeter PWVW is an absolute pressure sensor to measure positive and negative static and dynamic pressures of all kind of liquids, for example pore pressure in earth dams, uplift measurements in dams, negative pressure in spillways and measurements for ground water levels. [...]","protected":false},"author":3,"featured_media":2425,"parent":2338,"menu_order":0,"comment_status":"closed","ping_status":"closed","template":"","meta":{"footnotes":""},"class_list":["post-2223","page","type-page","status-publish","has-post-thumbnail","hentry"],"yoast_head":"<!-- This site is optimized with the Yoast SEO plugin v27.6 - https:\/\/yoast.com\/product\/yoast-seo-wordpress\/ -->\n<title>Telepressmeter PWVW - Huggenberger<\/title>\n<meta name=\"robots\" content=\"index, follow, max-snippet:-1, max-image-preview:large, max-video-preview:-1\" \/>\n<link rel=\"canonical\" href=\"https:\/\/www.huggenberger.com\/de\/products\/pressure-and-temperature\/telepressmeter-pwvw\/\" \/>\n<meta property=\"og:locale\" content=\"de_DE\" \/>\n<meta property=\"og:type\" content=\"article\" \/>\n<meta property=\"og:title\" content=\"Telepressmeter PWVW - Huggenberger\" \/>\n<meta property=\"og:url\" content=\"https:\/\/www.huggenberger.com\/de\/products\/pressure-and-temperature\/telepressmeter-pwvw\/\" \/>\n<meta property=\"og:site_name\" content=\"Huggenberger\" \/>\n<meta property=\"article:modified_time\" content=\"2023-02-14T10:24:01+00:00\" \/>\n<meta property=\"og:image\" content=\"https:\/\/www.huggenberger.com\/wp-content\/uploads\/2022\/04\/3.2-Telepressmeter-PWVW-2.jpg\" \/>\n\t<meta property=\"og:image:width\" content=\"600\" \/>\n\t<meta property=\"og:image:height\" content=\"600\" \/>\n\t<meta property=\"og:image:type\" content=\"image\/jpeg\" \/>\n<meta name=\"twitter:card\" content=\"summary_large_image\" \/>\n<meta name=\"twitter:label1\" content=\"Gesch\u00e4tzte Lesezeit\" \/>\n\t<meta name=\"twitter:data1\" content=\"2\u00a0Minuten\" \/>\n<script type=\"application\/ld+json\" class=\"yoast-schema-graph\">{\"@context\":\"https:\\\/\\\/schema.org\",\"@graph\":[{\"@type\":\"WebPage\",\"@id\":\"https:\\\/\\\/www.huggenberger.com\\\/products\\\/pressure-and-temperature\\\/telepressmeter-pwvw\\\/\",\"url\":\"https:\\\/\\\/www.huggenberger.com\\\/products\\\/pressure-and-temperature\\\/telepressmeter-pwvw\\\/\",\"name\":\"Telepressmeter PWVW - Huggenberger\",\"isPartOf\":{\"@id\":\"https:\\\/\\\/www.huggenberger.com\\\/#website\"},\"primaryImageOfPage\":{\"@id\":\"https:\\\/\\\/www.huggenberger.com\\\/products\\\/pressure-and-temperature\\\/telepressmeter-pwvw\\\/#primaryimage\"},\"image\":{\"@id\":\"https:\\\/\\\/www.huggenberger.com\\\/products\\\/pressure-and-temperature\\\/telepressmeter-pwvw\\\/#primaryimage\"},\"thumbnailUrl\":\"https:\\\/\\\/www.huggenberger.com\\\/wp-content\\\/uploads\\\/2022\\\/04\\\/3.2-Telepressmeter-PWVW-2.jpg\",\"datePublished\":\"2022-04-06T12:02:04+00:00\",\"dateModified\":\"2023-02-14T10:24:01+00:00\",\"breadcrumb\":{\"@id\":\"https:\\\/\\\/www.huggenberger.com\\\/products\\\/pressure-and-temperature\\\/telepressmeter-pwvw\\\/#breadcrumb\"},\"inLanguage\":\"de\",\"potentialAction\":[{\"@type\":\"ReadAction\",\"target\":[\"https:\\\/\\\/www.huggenberger.com\\\/products\\\/pressure-and-temperature\\\/telepressmeter-pwvw\\\/\"]}]},{\"@type\":\"ImageObject\",\"inLanguage\":\"de\",\"@id\":\"https:\\\/\\\/www.huggenberger.com\\\/products\\\/pressure-and-temperature\\\/telepressmeter-pwvw\\\/#primaryimage\",\"url\":\"https:\\\/\\\/www.huggenberger.com\\\/wp-content\\\/uploads\\\/2022\\\/04\\\/3.2-Telepressmeter-PWVW-2.jpg\",\"contentUrl\":\"https:\\\/\\\/www.huggenberger.com\\\/wp-content\\\/uploads\\\/2022\\\/04\\\/3.2-Telepressmeter-PWVW-2.jpg\",\"width\":600,\"height\":600},{\"@type\":\"BreadcrumbList\",\"@id\":\"https:\\\/\\\/www.huggenberger.com\\\/products\\\/pressure-and-temperature\\\/telepressmeter-pwvw\\\/#breadcrumb\",\"itemListElement\":[{\"@type\":\"ListItem\",\"position\":1,\"name\":\"Home\",\"item\":\"https:\\\/\\\/www.huggenberger.com\\\/\"},{\"@type\":\"ListItem\",\"position\":2,\"name\":\"Products\",\"item\":\"https:\\\/\\\/www.huggenberger.com\\\/products\\\/\"},{\"@type\":\"ListItem\",\"position\":3,\"name\":\"Pressure and Temperature\",\"item\":\"https:\\\/\\\/www.huggenberger.com\\\/products\\\/pressure-and-temperature\\\/\"},{\"@type\":\"ListItem\",\"position\":4,\"name\":\"Telepressmeter PWVW\"}]},{\"@type\":\"WebSite\",\"@id\":\"https:\\\/\\\/www.huggenberger.com\\\/#website\",\"url\":\"https:\\\/\\\/www.huggenberger.com\\\/\",\"name\":\"Huggenberger\",\"description\":\"Physical security monitoring of engineering structures\",\"publisher\":{\"@id\":\"https:\\\/\\\/www.huggenberger.com\\\/#organization\"},\"potentialAction\":[{\"@type\":\"SearchAction\",\"target\":{\"@type\":\"EntryPoint\",\"urlTemplate\":\"https:\\\/\\\/www.huggenberger.com\\\/?s={search_term_string}\"},\"query-input\":{\"@type\":\"PropertyValueSpecification\",\"valueRequired\":true,\"valueName\":\"search_term_string\"}}],\"inLanguage\":\"de\"},{\"@type\":\"Organization\",\"@id\":\"https:\\\/\\\/www.huggenberger.com\\\/#organization\",\"name\":\"HUGGENBERGER AG\",\"url\":\"https:\\\/\\\/www.huggenberger.com\\\/\",\"logo\":{\"@type\":\"ImageObject\",\"inLanguage\":\"de\",\"@id\":\"https:\\\/\\\/www.huggenberger.com\\\/#\\\/schema\\\/logo\\\/image\\\/\",\"url\":\"https:\\\/\\\/www.huggenberger.com\\\/wp-content\\\/uploads\\\/2022\\\/06\\\/Huggenberger-Logo_Claim-E.webp\",\"contentUrl\":\"https:\\\/\\\/www.huggenberger.com\\\/wp-content\\\/uploads\\\/2022\\\/06\\\/Huggenberger-Logo_Claim-E.webp\",\"width\":407,\"height\":63,\"caption\":\"HUGGENBERGER AG\"},\"image\":{\"@id\":\"https:\\\/\\\/www.huggenberger.com\\\/#\\\/schema\\\/logo\\\/image\\\/\"},\"sameAs\":[\"https:\\\/\\\/www.linkedin.com\\\/company\\\/huggenberger-ag\\\/\"]}]}<\/script>\n<!-- \/ Yoast SEO plugin. -->","yoast_head_json":{"title":"Telepressmeter PWVW - Huggenberger","robots":{"index":"index","follow":"follow","max-snippet":"max-snippet:-1","max-image-preview":"max-image-preview:large","max-video-preview":"max-video-preview:-1"},"canonical":"https:\/\/www.huggenberger.com\/de\/products\/pressure-and-temperature\/telepressmeter-pwvw\/","og_locale":"de_DE","og_type":"article","og_title":"Telepressmeter PWVW - Huggenberger","og_url":"https:\/\/www.huggenberger.com\/de\/products\/pressure-and-temperature\/telepressmeter-pwvw\/","og_site_name":"Huggenberger","article_modified_time":"2023-02-14T10:24:01+00:00","og_image":[{"width":600,"height":600,"url":"https:\/\/www.huggenberger.com\/wp-content\/uploads\/2022\/04\/3.2-Telepressmeter-PWVW-2.jpg","type":"image\/jpeg"}],"twitter_card":"summary_large_image","twitter_misc":{"Gesch\u00e4tzte Lesezeit":"2\u00a0Minuten"},"schema":{"@context":"https:\/\/schema.org","@graph":[{"@type":"WebPage","@id":"https:\/\/www.huggenberger.com\/products\/pressure-and-temperature\/telepressmeter-pwvw\/","url":"https:\/\/www.huggenberger.com\/products\/pressure-and-temperature\/telepressmeter-pwvw\/","name":"Telepressmeter PWVW - Huggenberger","isPartOf":{"@id":"https:\/\/www.huggenberger.com\/#website"},"primaryImageOfPage":{"@id":"https:\/\/www.huggenberger.com\/products\/pressure-and-temperature\/telepressmeter-pwvw\/#primaryimage"},"image":{"@id":"https:\/\/www.huggenberger.com\/products\/pressure-and-temperature\/telepressmeter-pwvw\/#primaryimage"},"thumbnailUrl":"https:\/\/www.huggenberger.com\/wp-content\/uploads\/2022\/04\/3.2-Telepressmeter-PWVW-2.jpg","datePublished":"2022-04-06T12:02:04+00:00","dateModified":"2023-02-14T10:24:01+00:00","breadcrumb":{"@id":"https:\/\/www.huggenberger.com\/products\/pressure-and-temperature\/telepressmeter-pwvw\/#breadcrumb"},"inLanguage":"de","potentialAction":[{"@type":"ReadAction","target":["https:\/\/www.huggenberger.com\/products\/pressure-and-temperature\/telepressmeter-pwvw\/"]}]},{"@type":"ImageObject","inLanguage":"de","@id":"https:\/\/www.huggenberger.com\/products\/pressure-and-temperature\/telepressmeter-pwvw\/#primaryimage","url":"https:\/\/www.huggenberger.com\/wp-content\/uploads\/2022\/04\/3.2-Telepressmeter-PWVW-2.jpg","contentUrl":"https:\/\/www.huggenberger.com\/wp-content\/uploads\/2022\/04\/3.2-Telepressmeter-PWVW-2.jpg","width":600,"height":600},{"@type":"BreadcrumbList","@id":"https:\/\/www.huggenberger.com\/products\/pressure-and-temperature\/telepressmeter-pwvw\/#breadcrumb","itemListElement":[{"@type":"ListItem","position":1,"name":"Home","item":"https:\/\/www.huggenberger.com\/"},{"@type":"ListItem","position":2,"name":"Products","item":"https:\/\/www.huggenberger.com\/products\/"},{"@type":"ListItem","position":3,"name":"Pressure and Temperature","item":"https:\/\/www.huggenberger.com\/products\/pressure-and-temperature\/"},{"@type":"ListItem","position":4,"name":"Telepressmeter PWVW"}]},{"@type":"WebSite","@id":"https:\/\/www.huggenberger.com\/#website","url":"https:\/\/www.huggenberger.com\/","name":"Huggenberger","description":"Physical security monitoring of engineering structures","publisher":{"@id":"https:\/\/www.huggenberger.com\/#organization"},"potentialAction":[{"@type":"SearchAction","target":{"@type":"EntryPoint","urlTemplate":"https:\/\/www.huggenberger.com\/?s={search_term_string}"},"query-input":{"@type":"PropertyValueSpecification","valueRequired":true,"valueName":"search_term_string"}}],"inLanguage":"de"},{"@type":"Organization","@id":"https:\/\/www.huggenberger.com\/#organization","name":"Die HUGGENBERGER AG","url":"https:\/\/www.huggenberger.com\/","logo":{"@type":"ImageObject","inLanguage":"de","@id":"https:\/\/www.huggenberger.com\/#\/schema\/logo\/image\/","url":"https:\/\/www.huggenberger.com\/wp-content\/uploads\/2022\/06\/Huggenberger-Logo_Claim-E.webp","contentUrl":"https:\/\/www.huggenberger.com\/wp-content\/uploads\/2022\/06\/Huggenberger-Logo_Claim-E.webp","width":407,"height":63,"caption":"HUGGENBERGER AG"},"image":{"@id":"https:\/\/www.huggenberger.com\/#\/schema\/logo\/image\/"},"sameAs":["https:\/\/www.linkedin.com\/company\/huggenberger-ag\/"]}]}},"_links":{"self":[{"href":"https:\/\/www.huggenberger.com\/de\/wp-json\/wp\/v2\/pages\/2223","targetHints":{"allow":["GET"]}}],"collection":[{"href":"https:\/\/www.huggenberger.com\/de\/wp-json\/wp\/v2\/pages"}],"about":[{"href":"https:\/\/www.huggenberger.com\/de\/wp-json\/wp\/v2\/types\/page"}],"author":[{"embeddable":true,"href":"https:\/\/www.huggenberger.com\/de\/wp-json\/wp\/v2\/users\/3"}],"replies":[{"embeddable":true,"href":"https:\/\/www.huggenberger.com\/de\/wp-json\/wp\/v2\/comments?post=2223"}],"version-history":[{"count":13,"href":"https:\/\/www.huggenberger.com\/de\/wp-json\/wp\/v2\/pages\/2223\/revisions"}],"predecessor-version":[{"id":3515,"href":"https:\/\/www.huggenberger.com\/de\/wp-json\/wp\/v2\/pages\/2223\/revisions\/3515"}],"up":[{"embeddable":true,"href":"https:\/\/www.huggenberger.com\/de\/wp-json\/wp\/v2\/pages\/2338"}],"wp:featuredmedia":[{"embeddable":true,"href":"https:\/\/www.huggenberger.com\/de\/wp-json\/wp\/v2\/media\/2425"}],"wp:attachment":[{"href":"https:\/\/www.huggenberger.com\/de\/wp-json\/wp\/v2\/media?parent=2223"}],"curies":[{"name":"wp","href":"https:\/\/api.w.org\/{rel}","templated":true}]}}