{"id":2821,"date":"2022-05-03T09:07:34","date_gmt":"2022-05-03T09:07:34","guid":{"rendered":"https:\/\/www.huggenberger.com\/?page_id=2821"},"modified":"2022-05-03T13:39:26","modified_gmt":"2022-05-03T13:39:26","slug":"geotechnical-instrumentation-monitoring","status":"publish","type":"page","link":"https:\/\/www.huggenberger.com\/de\/case-studies\/geotechnical-instrumentation-monitoring\/","title":{"rendered":"Messger\u00e4te f\u00fcr geotechnik"},"content":{"rendered":"<div class=\"vc_row wpb_row vc_row-fluid vc_custom_1649020919723 bg-image-ps-inherit\"><div class=\"wpb_column vc_column_container vc_col-sm-3\"><div class=\"vc_column-inner\"><div class=\"wpb_wrapper\"><\/div><\/div><\/div><div class=\"wpb_column vc_column_container vc_col-sm-6\"><div class=\"vc_column-inner\"><div class=\"wpb_wrapper\"><div id=\"cms-heading\" class=\"cms-heading align-left align-left-md align-left-sm align-left-xs\">\r\n    \r\n    <div class=\"cms-inline-css\"  data-css=\"                                \">\r\n    <\/div>\r\n    \r\n        <h5 class=\"cms-heading-tag\" style=\"font-weight:400; \">\r\n                                    Aufgrund der zunehmenden Verdichtung der st\u00e4dtischen Gebiete,<br \/>\nwerden immer mehr Geb\u00e4ude in schwierigen Bodenverh\u00e4ltnissen und an exponierten Standorten errichtet.<\/p>\n<p>Die Raumknappheit f\u00fchrt zu immer gr\u00f6\u00dferen Bauvolumina im Untergrund und damit zu komplexeren Anforderungen im Grundbau.                        <\/h5>\r\n            <\/div><div id=\"cms-heading-2\" class=\"cms-heading align-left align-left-md align-left-sm align-left-xs\">\r\n    \r\n    <div class=\"cms-inline-css\"  data-css=\"                                \">\r\n    <\/div>\r\n    \r\n        <h5 class=\"cms-heading-tag\" style=\"font-weight:400; \">\r\n                                    Als Spezialist f\u00fcr geotechnische \u00dcberwachungsinstrumente,<br \/>\nbieten wir Ihnen f\u00fcr jedes Instrumentierungsprojekt die richtige und ma\u00dfgeschneiderte L\u00f6sung,<br \/>\nin den Bereichen Geotechnik, Geologie und Spezialtiefbau.                        <\/h5>\r\n            <\/div><div class=\"vc_empty_space\"   style=\"height: 32px\"><span class=\"vc_empty_space_inner\"><\/span><\/div><\/div><\/div><\/div><div class=\"wpb_column vc_column_container vc_col-sm-3\"><div class=\"vc_column-inner\"><div class=\"wpb_wrapper\"><\/div><\/div><\/div><\/div><div class=\"vc_row wpb_row vc_row-fluid bg-image-ps-inherit\"><div class=\"wpb_column vc_column_container vc_col-sm-12\"><div class=\"vc_column-inner\"><div class=\"wpb_wrapper\"><div class=\"vc_separator wpb_content_element vc_separator_align_center vc_sep_width_100 vc_sep_pos_align_center vc_sep_color_grey vc_separator-has-text\" ><span class=\"vc_sep_holder vc_sep_holder_l\"><span  class=\"vc_sep_line\"><\/span><\/span><h4>Geotechnical Instrumentation Monitoring \u2013 Case Studies<\/h4><span class=\"vc_sep_holder vc_sep_holder_r\"><span  class=\"vc_sep_line\"><\/span><\/span>\r\n<\/div><\/div><\/div><\/div><\/div><div class=\"vc_row wpb_row vc_row-fluid bg-image-ps-inherit\"><div class=\"wpb_column vc_column_container vc_col-sm-12\"><div class=\"vc_column-inner vc_custom_1649020581572\"><div class=\"wpb_wrapper\">\r\n<div id=\"cms-grid-case-study\" class=\"cms-grid cms-case-study-grid1\">\r\n\r\n    \r\n    <div class=\"cms-grid-inner row animation-time\" data-gutter=\"15\">\r\n                                    <div class=\"grid-item col-xl-3 col-lg-4 col-md-6 col-sm-6 col-12\">\r\n                        <div class=\"grid-item-inner\">\r\n                                                            <div class=\"item-featured\">\r\n                                    <div class=\"post-image\">\r\n                                        <a href=\"https:\/\/www.huggenberger.com\/de\/case-study\/rock-cliff-monitoring-dornisporn-switzerland\/\"><img loading=\"lazy\" decoding=\"async\" class=\"\" src=\"https:\/\/www.huggenberger.com\/wp-content\/uploads\/2024\/11\/1_Rock-cliff-monitoring-Dornisporn-Switzerland_huggenberger-400x400.jpg\" width=\"400\" height=\"400\" alt=\"Rock cliff monitoring Dornisporn, Switzerland\" title=\"\" \/><\/a>\r\n                                    <\/div>\r\n                                <\/div>\r\n                                                        <div class=\"item-body\">\r\n                                <h3 class=\"item-title\"><a href=\"https:\/\/www.huggenberger.com\/de\/case-study\/rock-cliff-monitoring-dornisporn-switzerland\/\">Rock cliff monitoring Dornisporn, Switzerland<\/a><\/h3>\r\n                                <div class=\"item-category\"><a href=\"https:\/\/www.huggenberger.com\/de\/case-study-category\/geotechnical-instrumentation-monitoring\/\" rel=\"tag\">Messger\u00e4te f\u00fcr geotechnik<\/a> <a href=\"https:\/\/www.huggenberger.com\/de\/case-study-category\/real-time-and-wireless-monitoring-solution\/\" rel=\"tag\">Real Time and Wireless monitoring Solution<\/a> <a href=\"https:\/\/www.huggenberger.com\/de\/case-study-category\/structural-health-monitoring-shm\/\" rel=\"tag\">Struktur\u00fcberwachung (SHM)<\/a><\/div>\r\n                                                                    <div class=\"item-content\">\r\n                                        Rock cliff monitoring Dornisporn, Switzerland                                    <\/div>\r\n                                                                <div class=\"item-readmore\">\r\n                                    <a class=\"btn-text\" href=\"https:\/\/www.huggenberger.com\/de\/case-study\/rock-cliff-monitoring-dornisporn-switzerland\/\">Explore Case Study<\/a>\r\n                                <\/div>\r\n                            <\/div>\r\n                        <\/div>\r\n                    <\/div>\r\n                                    <div class=\"grid-item col-xl-3 col-lg-4 col-md-6 col-sm-6 col-12\">\r\n                        <div class=\"grid-item-inner\">\r\n                                                            <div class=\"item-featured\">\r\n                                    <div class=\"post-image\">\r\n                                        <a href=\"https:\/\/www.huggenberger.com\/de\/case-study\/gottard-road-tunnel-2nd-tube\/\"><img loading=\"lazy\" decoding=\"async\" class=\"\" src=\"https:\/\/www.huggenberger.com\/wp-content\/uploads\/2024\/11\/0-Gottard-road-tunnel-2nd-tube-sisgeo-hggenberger-400x400.jpg\" width=\"400\" height=\"400\" alt=\"0-Gottard-road-tunnel,-2nd-tube-sisgeo-hggenberger\" title=\"0-Gottard-road-tunnel,-2nd-tube-sisgeo-hggenberger\" \/><\/a>\r\n                                    <\/div>\r\n                                <\/div>\r\n                                                        <div class=\"item-body\">\r\n                                <h3 class=\"item-title\"><a href=\"https:\/\/www.huggenberger.com\/de\/case-study\/gottard-road-tunnel-2nd-tube\/\">Gotthard Road tunnel &#8211; 2nd tube<\/a><\/h3>\r\n                                <div class=\"item-category\"><a href=\"https:\/\/www.huggenberger.com\/de\/case-study-category\/case-studies\/\" rel=\"tag\">Fallstudien<\/a> <a href=\"https:\/\/www.huggenberger.com\/de\/case-study-category\/geotechnical-instrumentation-monitoring\/\" rel=\"tag\">Messger\u00e4te f\u00fcr geotechnik<\/a> <a href=\"https:\/\/www.huggenberger.com\/de\/case-study-category\/structural-health-monitoring-shm\/\" rel=\"tag\">Struktur\u00fcberwachung (SHM)<\/a><\/div>\r\n                                                                    <div class=\"item-content\">\r\n                                        Installation of a measuring system to monitor the excavation pit at the start of the tunnel Gottardo tunnel                                    <\/div>\r\n                                                                <div class=\"item-readmore\">\r\n                                    <a class=\"btn-text\" href=\"https:\/\/www.huggenberger.com\/de\/case-study\/gottard-road-tunnel-2nd-tube\/\">Explore Case Study<\/a>\r\n                                <\/div>\r\n                            <\/div>\r\n                        <\/div>\r\n                    <\/div>\r\n                                    <div class=\"grid-item col-xl-3 col-lg-4 col-md-6 col-sm-6 col-12\">\r\n                        <div class=\"grid-item-inner\">\r\n                                                            <div class=\"item-featured\">\r\n                                    <div class=\"post-image\">\r\n                                        <a href=\"https:\/\/www.huggenberger.com\/de\/case-study\/waste-water-treatment-plant-zimmerberg\/\"><img loading=\"lazy\" decoding=\"async\" class=\"\" src=\"https:\/\/www.huggenberger.com\/wp-content\/uploads\/2024\/02\/2-Waste-water-treatment-plant-Zimmerberg-and-monitoring-of-retaining-wall-400x400.jpg\" width=\"400\" height=\"400\" alt=\"Waste-water-treatment-plant Zimmerberg\" title=\"Construction starts of the retaining wall for the new WWTP Zimmerberg\" \/><\/a>\r\n                                    <\/div>\r\n                                <\/div>\r\n                                                        <div class=\"item-body\">\r\n                                <h3 class=\"item-title\"><a href=\"https:\/\/www.huggenberger.com\/de\/case-study\/waste-water-treatment-plant-zimmerberg\/\">Waste water treatment plant Zimmerberg and monitoring of retaining wall<\/a><\/h3>\r\n                                <div class=\"item-category\"><a href=\"https:\/\/www.huggenberger.com\/de\/case-study-category\/geotechnical-instrumentation-monitoring\/\" rel=\"tag\">Messger\u00e4te f\u00fcr geotechnik<\/a><\/div>\r\n                                                                    <div class=\"item-content\">\r\n                                        Installation of a measuring system to monitor the WWTP in Zimmerberg and monitoring of retaining wall                                    <\/div>\r\n                                                                <div class=\"item-readmore\">\r\n                                    <a class=\"btn-text\" href=\"https:\/\/www.huggenberger.com\/de\/case-study\/waste-water-treatment-plant-zimmerberg\/\">Explore Case Study<\/a>\r\n                                <\/div>\r\n                            <\/div>\r\n                        <\/div>\r\n                    <\/div>\r\n                                    <div class=\"grid-item col-xl-3 col-lg-4 col-md-6 col-sm-6 col-12\">\r\n                        <div class=\"grid-item-inner\">\r\n                                                            <div class=\"item-featured\">\r\n                                    <div class=\"post-image\">\r\n                                        <a href=\"https:\/\/www.huggenberger.com\/de\/case-study\/kleinmatterhorns-zermatt-rock-cliff\/\"><img loading=\"lazy\" decoding=\"async\" class=\"\" src=\"https:\/\/www.huggenberger.com\/wp-content\/uploads\/2023\/10\/Kleinmatternhorns_0-400x400.jpg\" width=\"400\" height=\"400\" alt=\"Kleinmatternhorns_0\" title=\"Kleinmatternhorns_0\" \/><\/a>\r\n                                    <\/div>\r\n                                <\/div>\r\n                                                        <div class=\"item-body\">\r\n                                <h3 class=\"item-title\"><a href=\"https:\/\/www.huggenberger.com\/de\/case-study\/kleinmatterhorns-zermatt-rock-cliff\/\">Kleinmatterhorns, Zermatt &#8211; Rock cliff monitoring<\/a><\/h3>\r\n                                <div class=\"item-category\"><a href=\"https:\/\/www.huggenberger.com\/de\/case-study-category\/case-studies\/\" rel=\"tag\">Fallstudien<\/a> <a href=\"https:\/\/www.huggenberger.com\/de\/case-study-category\/geotechnical-instrumentation-monitoring\/\" rel=\"tag\">Messger\u00e4te f\u00fcr geotechnik<\/a><\/div>\r\n                                                                    <div class=\"item-content\">\r\n                                        Installation of a measuring system to monitor the Kleinmatterhorns Rock cliff                                    <\/div>\r\n                                                                <div class=\"item-readmore\">\r\n                                    <a class=\"btn-text\" href=\"https:\/\/www.huggenberger.com\/de\/case-study\/kleinmatterhorns-zermatt-rock-cliff\/\">Explore Case Study<\/a>\r\n                                <\/div>\r\n                            <\/div>\r\n                        <\/div>\r\n                    <\/div>\r\n                                    <div class=\"grid-item col-xl-3 col-lg-4 col-md-6 col-sm-6 col-12\">\r\n                        <div class=\"grid-item-inner\">\r\n                                                            <div class=\"item-featured\">\r\n                                    <div class=\"post-image\">\r\n                                        <a href=\"https:\/\/www.huggenberger.com\/de\/case-study\/piz-nair-monitoring-the-stability-of-the-rock-mass\/\"><img loading=\"lazy\" decoding=\"async\" class=\"\" src=\"https:\/\/www.huggenberger.com\/wp-content\/uploads\/2023\/02\/Piz_nair_Huggenberger_Sisgeo_0-400x400.jpg\" width=\"400\" height=\"400\" alt=\"Piz_nair_Huggenberger_Sisgeo_0\" title=\"Piz_nair_Huggenberger_Sisgeo_0\" \/><\/a>\r\n                                    <\/div>\r\n                                <\/div>\r\n                                                        <div class=\"item-body\">\r\n                                <h3 class=\"item-title\"><a href=\"https:\/\/www.huggenberger.com\/de\/case-study\/piz-nair-monitoring-the-stability-of-the-rock-mass\/\">Piz Nair St. Moritz &#8211; Foundation summit station<\/a><\/h3>\r\n                                <div class=\"item-category\"><a href=\"https:\/\/www.huggenberger.com\/de\/case-study-category\/geotechnical-instrumentation-monitoring\/\" rel=\"tag\">Messger\u00e4te f\u00fcr geotechnik<\/a><\/div>\r\n                                                                    <div class=\"item-content\">\r\n                                        Installation of a measuring system to monitor the foundation of the the Piz Nair cableway mountain station.                                    <\/div>\r\n                                                                <div class=\"item-readmore\">\r\n                                    <a class=\"btn-text\" href=\"https:\/\/www.huggenberger.com\/de\/case-study\/piz-nair-monitoring-the-stability-of-the-rock-mass\/\">Explore Case Study<\/a>\r\n                                <\/div>\r\n                            <\/div>\r\n                        <\/div>\r\n                    <\/div>\r\n                                    <div class=\"grid-item col-xl-3 col-lg-4 col-md-6 col-sm-6 col-12\">\r\n                        <div class=\"grid-item-inner\">\r\n                                                            <div class=\"item-featured\">\r\n                                    <div class=\"post-image\">\r\n                                        <a href=\"https:\/\/www.huggenberger.com\/de\/case-study\/weggis-spare-rock-wall\/\"><img loading=\"lazy\" decoding=\"async\" class=\"\" src=\"https:\/\/www.huggenberger.com\/wp-content\/uploads\/2022\/05\/foto-giusta-2-400x400.jpg\" width=\"400\" height=\"400\" alt=\"WEGGIS, Felswand Spare\" title=\"WEGGIS, Felswand Spare\" \/><\/a>\r\n                                    <\/div>\r\n                                <\/div>\r\n                                                        <div class=\"item-body\">\r\n                                <h3 class=\"item-title\"><a href=\"https:\/\/www.huggenberger.com\/de\/case-study\/weggis-spare-rock-wall\/\">Weggis, Spare Nagelfluh rock wall<\/a><\/h3>\r\n                                <div class=\"item-category\"><a href=\"https:\/\/www.huggenberger.com\/de\/case-study-category\/geotechnical-instrumentation-monitoring\/\" rel=\"tag\">Messger\u00e4te f\u00fcr geotechnik<\/a><\/div>\r\n                                                                    <div class=\"item-content\">\r\n                                        In front of the wall stand individual large blocks monitored by Huggenberger measurement                                    <\/div>\r\n                                                                <div class=\"item-readmore\">\r\n                                    <a class=\"btn-text\" href=\"https:\/\/www.huggenberger.com\/de\/case-study\/weggis-spare-rock-wall\/\">Explore Case Study<\/a>\r\n                                <\/div>\r\n                            <\/div>\r\n                        <\/div>\r\n                    <\/div>\r\n                    <\/div>\r\n        <\/div><\/div><\/div><\/div><\/div>","protected":false},"excerpt":{"rendered":"Country:\u00a0Switzerland Location: Sisikon, Zurich Switzerland Customer: ASTRA, Swiss Federal Roads Office Start: 2021 End: On going Monitoring the stability of a rock cliff on a Swiss road and rail route The Challenge The Swiss trans-alpine Gotthard railway is a key part of the rail network linking north and south Europe. Carrying passengers through the Gotthard [...]","protected":false},"author":3,"featured_media":1789,"parent":1623,"menu_order":0,"comment_status":"closed","ping_status":"closed","template":"","meta":{"footnotes":""},"class_list":["post-2821","page","type-page","status-publish","has-post-thumbnail","hentry"],"yoast_head":"<!-- This site is optimized with the Yoast SEO plugin v27.3 - https:\/\/yoast.com\/product\/yoast-seo-wordpress\/ -->\n<title>Geotechnical Instrumentation Monitoring - Huggenberger<\/title>\n<meta name=\"robots\" content=\"index, follow, max-snippet:-1, max-image-preview:large, max-video-preview:-1\" \/>\n<link rel=\"canonical\" href=\"https:\/\/www.huggenberger.com\/de\/case-studies\/geotechnical-instrumentation-monitoring\/\" \/>\n<meta property=\"og:locale\" content=\"de_DE\" \/>\n<meta property=\"og:type\" content=\"article\" \/>\n<meta property=\"og:title\" content=\"Geotechnical Instrumentation Monitoring - Huggenberger\" \/>\n<meta property=\"og:url\" content=\"https:\/\/www.huggenberger.com\/de\/case-studies\/geotechnical-instrumentation-monitoring\/\" \/>\n<meta property=\"og:site_name\" content=\"Huggenberger\" \/>\n<meta property=\"article:modified_time\" content=\"2022-05-03T13:39:26+00:00\" \/>\n<meta property=\"og:image\" content=\"https:\/\/www.huggenberger.com\/wp-content\/uploads\/2022\/04\/cs_02.jpg\" \/>\n\t<meta property=\"og:image:width\" content=\"1000\" \/>\n\t<meta property=\"og:image:height\" content=\"513\" \/>\n\t<meta property=\"og:image:type\" content=\"image\/jpeg\" \/>\n<meta name=\"twitter:card\" content=\"summary_large_image\" \/>\n<meta name=\"twitter:label1\" content=\"Gesch\u00e4tzte Lesezeit\" \/>\n\t<meta name=\"twitter:data1\" content=\"1\u00a0Minute\" \/>\n<script type=\"application\/ld+json\" class=\"yoast-schema-graph\">{\"@context\":\"https:\\\/\\\/schema.org\",\"@graph\":[{\"@type\":\"WebPage\",\"@id\":\"https:\\\/\\\/www.huggenberger.com\\\/case-studies\\\/geotechnical-instrumentation-monitoring\\\/\",\"url\":\"https:\\\/\\\/www.huggenberger.com\\\/case-studies\\\/geotechnical-instrumentation-monitoring\\\/\",\"name\":\"Geotechnical Instrumentation Monitoring - Huggenberger\",\"isPartOf\":{\"@id\":\"https:\\\/\\\/www.huggenberger.com\\\/#website\"},\"primaryImageOfPage\":{\"@id\":\"https:\\\/\\\/www.huggenberger.com\\\/case-studies\\\/geotechnical-instrumentation-monitoring\\\/#primaryimage\"},\"image\":{\"@id\":\"https:\\\/\\\/www.huggenberger.com\\\/case-studies\\\/geotechnical-instrumentation-monitoring\\\/#primaryimage\"},\"thumbnailUrl\":\"https:\\\/\\\/www.huggenberger.com\\\/wp-content\\\/uploads\\\/2022\\\/04\\\/cs_02.jpg\",\"datePublished\":\"2022-05-03T09:07:34+00:00\",\"dateModified\":\"2022-05-03T13:39:26+00:00\",\"breadcrumb\":{\"@id\":\"https:\\\/\\\/www.huggenberger.com\\\/case-studies\\\/geotechnical-instrumentation-monitoring\\\/#breadcrumb\"},\"inLanguage\":\"de\",\"potentialAction\":[{\"@type\":\"ReadAction\",\"target\":[\"https:\\\/\\\/www.huggenberger.com\\\/case-studies\\\/geotechnical-instrumentation-monitoring\\\/\"]}]},{\"@type\":\"ImageObject\",\"inLanguage\":\"de\",\"@id\":\"https:\\\/\\\/www.huggenberger.com\\\/case-studies\\\/geotechnical-instrumentation-monitoring\\\/#primaryimage\",\"url\":\"https:\\\/\\\/www.huggenberger.com\\\/wp-content\\\/uploads\\\/2022\\\/04\\\/cs_02.jpg\",\"contentUrl\":\"https:\\\/\\\/www.huggenberger.com\\\/wp-content\\\/uploads\\\/2022\\\/04\\\/cs_02.jpg\",\"width\":1000,\"height\":513},{\"@type\":\"BreadcrumbList\",\"@id\":\"https:\\\/\\\/www.huggenberger.com\\\/case-studies\\\/geotechnical-instrumentation-monitoring\\\/#breadcrumb\",\"itemListElement\":[{\"@type\":\"ListItem\",\"position\":1,\"name\":\"Home\",\"item\":\"https:\\\/\\\/www.huggenberger.com\\\/\"},{\"@type\":\"ListItem\",\"position\":2,\"name\":\"Case Studies\",\"item\":\"https:\\\/\\\/www.huggenberger.com\\\/case-studies\\\/\"},{\"@type\":\"ListItem\",\"position\":3,\"name\":\"Geotechnical Instrumentation Monitoring\"}]},{\"@type\":\"WebSite\",\"@id\":\"https:\\\/\\\/www.huggenberger.com\\\/#website\",\"url\":\"https:\\\/\\\/www.huggenberger.com\\\/\",\"name\":\"Huggenberger\",\"description\":\"Physical security monitoring of engineering structures\",\"publisher\":{\"@id\":\"https:\\\/\\\/www.huggenberger.com\\\/#organization\"},\"potentialAction\":[{\"@type\":\"SearchAction\",\"target\":{\"@type\":\"EntryPoint\",\"urlTemplate\":\"https:\\\/\\\/www.huggenberger.com\\\/?s={search_term_string}\"},\"query-input\":{\"@type\":\"PropertyValueSpecification\",\"valueRequired\":true,\"valueName\":\"search_term_string\"}}],\"inLanguage\":\"de\"},{\"@type\":\"Organization\",\"@id\":\"https:\\\/\\\/www.huggenberger.com\\\/#organization\",\"name\":\"HUGGENBERGER AG\",\"url\":\"https:\\\/\\\/www.huggenberger.com\\\/\",\"logo\":{\"@type\":\"ImageObject\",\"inLanguage\":\"de\",\"@id\":\"https:\\\/\\\/www.huggenberger.com\\\/#\\\/schema\\\/logo\\\/image\\\/\",\"url\":\"https:\\\/\\\/www.huggenberger.com\\\/wp-content\\\/uploads\\\/2022\\\/06\\\/Huggenberger-Logo_Claim-E.webp\",\"contentUrl\":\"https:\\\/\\\/www.huggenberger.com\\\/wp-content\\\/uploads\\\/2022\\\/06\\\/Huggenberger-Logo_Claim-E.webp\",\"width\":407,\"height\":63,\"caption\":\"HUGGENBERGER AG\"},\"image\":{\"@id\":\"https:\\\/\\\/www.huggenberger.com\\\/#\\\/schema\\\/logo\\\/image\\\/\"},\"sameAs\":[\"https:\\\/\\\/www.linkedin.com\\\/company\\\/huggenberger-ag\\\/\"]}]}<\/script>\n<!-- \/ Yoast SEO plugin. -->","yoast_head_json":{"title":"Geotechnical Instrumentation Monitoring - Huggenberger","robots":{"index":"index","follow":"follow","max-snippet":"max-snippet:-1","max-image-preview":"max-image-preview:large","max-video-preview":"max-video-preview:-1"},"canonical":"https:\/\/www.huggenberger.com\/de\/case-studies\/geotechnical-instrumentation-monitoring\/","og_locale":"de_DE","og_type":"article","og_title":"Geotechnical Instrumentation Monitoring - Huggenberger","og_url":"https:\/\/www.huggenberger.com\/de\/case-studies\/geotechnical-instrumentation-monitoring\/","og_site_name":"Huggenberger","article_modified_time":"2022-05-03T13:39:26+00:00","og_image":[{"width":1000,"height":513,"url":"https:\/\/www.huggenberger.com\/wp-content\/uploads\/2022\/04\/cs_02.jpg","type":"image\/jpeg"}],"twitter_card":"summary_large_image","twitter_misc":{"Gesch\u00e4tzte Lesezeit":"1\u00a0Minute"},"schema":{"@context":"https:\/\/schema.org","@graph":[{"@type":"WebPage","@id":"https:\/\/www.huggenberger.com\/case-studies\/geotechnical-instrumentation-monitoring\/","url":"https:\/\/www.huggenberger.com\/case-studies\/geotechnical-instrumentation-monitoring\/","name":"Geotechnical Instrumentation Monitoring - Huggenberger","isPartOf":{"@id":"https:\/\/www.huggenberger.com\/#website"},"primaryImageOfPage":{"@id":"https:\/\/www.huggenberger.com\/case-studies\/geotechnical-instrumentation-monitoring\/#primaryimage"},"image":{"@id":"https:\/\/www.huggenberger.com\/case-studies\/geotechnical-instrumentation-monitoring\/#primaryimage"},"thumbnailUrl":"https:\/\/www.huggenberger.com\/wp-content\/uploads\/2022\/04\/cs_02.jpg","datePublished":"2022-05-03T09:07:34+00:00","dateModified":"2022-05-03T13:39:26+00:00","breadcrumb":{"@id":"https:\/\/www.huggenberger.com\/case-studies\/geotechnical-instrumentation-monitoring\/#breadcrumb"},"inLanguage":"de","potentialAction":[{"@type":"ReadAction","target":["https:\/\/www.huggenberger.com\/case-studies\/geotechnical-instrumentation-monitoring\/"]}]},{"@type":"ImageObject","inLanguage":"de","@id":"https:\/\/www.huggenberger.com\/case-studies\/geotechnical-instrumentation-monitoring\/#primaryimage","url":"https:\/\/www.huggenberger.com\/wp-content\/uploads\/2022\/04\/cs_02.jpg","contentUrl":"https:\/\/www.huggenberger.com\/wp-content\/uploads\/2022\/04\/cs_02.jpg","width":1000,"height":513},{"@type":"BreadcrumbList","@id":"https:\/\/www.huggenberger.com\/case-studies\/geotechnical-instrumentation-monitoring\/#breadcrumb","itemListElement":[{"@type":"ListItem","position":1,"name":"Home","item":"https:\/\/www.huggenberger.com\/"},{"@type":"ListItem","position":2,"name":"Case Studies","item":"https:\/\/www.huggenberger.com\/case-studies\/"},{"@type":"ListItem","position":3,"name":"Geotechnical Instrumentation Monitoring"}]},{"@type":"WebSite","@id":"https:\/\/www.huggenberger.com\/#website","url":"https:\/\/www.huggenberger.com\/","name":"Huggenberger","description":"Physical security monitoring of engineering structures","publisher":{"@id":"https:\/\/www.huggenberger.com\/#organization"},"potentialAction":[{"@type":"SearchAction","target":{"@type":"EntryPoint","urlTemplate":"https:\/\/www.huggenberger.com\/?s={search_term_string}"},"query-input":{"@type":"PropertyValueSpecification","valueRequired":true,"valueName":"search_term_string"}}],"inLanguage":"de"},{"@type":"Organization","@id":"https:\/\/www.huggenberger.com\/#organization","name":"Die HUGGENBERGER AG","url":"https:\/\/www.huggenberger.com\/","logo":{"@type":"ImageObject","inLanguage":"de","@id":"https:\/\/www.huggenberger.com\/#\/schema\/logo\/image\/","url":"https:\/\/www.huggenberger.com\/wp-content\/uploads\/2022\/06\/Huggenberger-Logo_Claim-E.webp","contentUrl":"https:\/\/www.huggenberger.com\/wp-content\/uploads\/2022\/06\/Huggenberger-Logo_Claim-E.webp","width":407,"height":63,"caption":"HUGGENBERGER AG"},"image":{"@id":"https:\/\/www.huggenberger.com\/#\/schema\/logo\/image\/"},"sameAs":["https:\/\/www.linkedin.com\/company\/huggenberger-ag\/"]}]}},"_links":{"self":[{"href":"https:\/\/www.huggenberger.com\/de\/wp-json\/wp\/v2\/pages\/2821","targetHints":{"allow":["GET"]}}],"collection":[{"href":"https:\/\/www.huggenberger.com\/de\/wp-json\/wp\/v2\/pages"}],"about":[{"href":"https:\/\/www.huggenberger.com\/de\/wp-json\/wp\/v2\/types\/page"}],"author":[{"embeddable":true,"href":"https:\/\/www.huggenberger.com\/de\/wp-json\/wp\/v2\/users\/3"}],"replies":[{"embeddable":true,"href":"https:\/\/www.huggenberger.com\/de\/wp-json\/wp\/v2\/comments?post=2821"}],"version-history":[{"count":12,"href":"https:\/\/www.huggenberger.com\/de\/wp-json\/wp\/v2\/pages\/2821\/revisions"}],"predecessor-version":[{"id":2891,"href":"https:\/\/www.huggenberger.com\/de\/wp-json\/wp\/v2\/pages\/2821\/revisions\/2891"}],"up":[{"embeddable":true,"href":"https:\/\/www.huggenberger.com\/de\/wp-json\/wp\/v2\/pages\/1623"}],"wp:featuredmedia":[{"embeddable":true,"href":"https:\/\/www.huggenberger.com\/de\/wp-json\/wp\/v2\/media\/1789"}],"wp:attachment":[{"href":"https:\/\/www.huggenberger.com\/de\/wp-json\/wp\/v2\/media?parent=2821"}],"curies":[{"name":"wp","href":"https:\/\/api.w.org\/{rel}","templated":true}]}}