{"id":3,"date":"2021-06-15T14:35:17","date_gmt":"2021-06-15T14:35:17","guid":{"rendered":"https:\/\/demo.tcoders.com\/?page_id=3"},"modified":"2025-12-17T19:04:23","modified_gmt":"2025-12-17T19:04:23","slug":"privacy-policy","status":"publish","type":"page","link":"https:\/\/www.huggenberger.com\/de\/privacy-policy\/","title":{"rendered":"Privacy Policy"},"content":{"rendered":"<div class=\"vc_row wpb_row vc_row-fluid bg-image-ps-inherit\"><div class=\"wpb_column vc_column_container vc_col-sm-12\"><div class=\"vc_column-inner\"><div class=\"wpb_wrapper\">\r\n\t<div class=\"wpb_text_column wpb_content_element\" >\r\n\t\t<div class=\"wpb_wrapper\">\r\n\t\t\t<p><strong>DATENSCHUTZHINWEIS<\/strong><\/p>\n<p>Sie besuchen derzeit die Website von Huggenberger AG, einem Unternehmen der Eddyfi Technologies-Gruppe.<\/p>\n<p>Huggenberger legt gro\u00dfen Wert auf Ihre personenbezogenen Daten und Ihre Privatsph\u00e4re. Diese Datenschutzerkl\u00e4rung informiert Sie dar\u00fcber, welche personenbezogenen Daten wir erheben und wie wir damit umgehen. Huggenberger verarbeitet Ihre personenbezogenen Daten, um Ihnen eine personalisierte Website zur Verf\u00fcgung zu stellen, die Ihnen hilft, Huggenberger kennenzulernen.<\/p>\n<p>Unser Unternehmen ist im Besitz Ihrer Daten, die w\u00e4hrend der Navigation auf dieser Website oder auch direkt und \u00fcber Dritte erfasst, \u00fcbermittelt oder anderweitig gesammelt wurden und gem\u00e4\u00df der Europ\u00e4ischen Verordnung 2016\/679 als personenbezogene Daten gelten.<\/p>\n<p><strong>WAS SIND PERSONENBEZOGENE DATEN?<\/strong><\/p>\n<p>Personenbezogene Daten sind alle Informationen \u00fcber eine identifizierte oder identifizierbare nat\u00fcrliche Person. Als identifizierbar wird eine nat\u00fcrliche Person angesehen, die direkt oder indirekt, insbesondere mittels Zuordnung zu einer Kennung wie einem Namen, zu einer Kennnummer, zu Standortdaten, zu einer Online-Kennung oder zu einem oder mehreren besonderen Merkmalen identifiziert werden kann.<\/p>\n<p><strong>DATENERHEBUNG<\/strong><\/p>\n<p>Huggenberger kann als Datenverantwortlicher personenbezogene Daten \u00fcber Sie erheben, wenn:<\/p>\n<ul>\n<li>Sie den Huggenberger -Newsletter freiwillig abonnieren;<\/li>\n<li>Sie sich f\u00fcr Dienste von Huggenberger anmelden;<\/li>\n<li>Sie das Kundenportal von Huggenberger abonnieren oder darauf zugreifen;<\/li>\n<li>Sie das Kontaktformular ausf\u00fcllen;<\/li>\n<li>Sie an Veranstaltungen teilgenommen haben, bei denen Huggenberger vertreten war; oder<\/li>\n<li>Sie interagieren mit den Vertriebsteams von Huggenberger .<\/li>\n<\/ul>\n<p>Wenn Sie auf diese Seiten zugreifen, erhalten Sie Informationen \u00fcber die Erfassung Ihrer personenbezogenen Daten und k\u00f6nnen Ihre Zustimmung erteilen oder verweigern.<\/p>\n<p>Um diese Informationen bereitzustellen, erfassen wir m\u00f6glicherweise Ihren Namen, Ihre Telefonnummer, Ihre E-Mail-Adresse, Ihre Berufsbezeichnung, Ihr Unternehmen, Ihr Land und alle anderen Daten, die Sie in Ihrer Nachricht angeben.<\/p>\n<p>Ihre personenbezogenen Daten k\u00f6nnen indirekt durch die Verwendung von Cookies und anderen Technologien erfasst werden. Huggenberger erfasst Informationen wie die Anzahl der Besucher sowie das Datum des letzten Besuchs des Benutzers und die aufgerufenen Seiten. Weitere Informationen hierzu finden Sie im Abschnitt \u201eCookies\u201c weiter unten.<\/p>\n<p><strong>ZWECK DER VERARBEITUNG<\/strong><\/p>\n<p>Wir verwenden Ihre Identifikationsdaten, um Ihnen Folgendes zu erm\u00f6glichen:<\/p>\n<ul>\n<li>\u00fcber unsere Website mit uns in Kontakt zu treten;\u00a0<\/li>\n<li>auf unser Kundenportal zuzugreifen und es zu nutzen; und<\/li>\n<li>kommerzielle E-Mails auf der Grundlage der von Ihnen auf unserer Website angeforderten Informationen zu erhalten.<\/li>\n<\/ul>\n<p>Diese Daten werden verwendet, um Ihnen die angeforderten Dienstleistungen zur Verf\u00fcgung zu stellen, und k\u00f6nnen mit Ihrer ausdr\u00fccklichen Zustimmung f\u00fcr weitere Verarbeitungszwecke zu Marketingzwecken verwendet werden.<\/p>\n<p>Auf diese Weise k\u00f6nnen Sie:<\/p>\n<ul>\n<li>auf personalisierte und genaue Informationen zugreifen, wenn Sie diese anfordern;<\/li>\n<li>auf unser Kundenportal zugreifen;<\/li>\n<li>Receive our newsletters, white papers or other materials when you explicitly consent;<\/li>\n<li>Receive requested products and\/or services; and<\/li>\n<li>Pr\u00e4sentationen neuer Produkte und\/oder Dienstleistungen von Huggenberger erhalten, wenn Sie dem Erhalt solcher Informationen ausdr\u00fccklich zugestimmt haben.<\/li>\n<\/ul>\n<p>Der Zweck von Cookies wird im Abschnitt \u201eCookies\u201d weiter unten erl\u00e4utert.<\/p>\n<p><strong>AUFBEWAHRUNGSFRIST<\/strong><\/p>\n<p>Die Dauer der Verarbeitung Ihrer personenbezogenen Daten ist nachstehend angegeben:<\/p>\n<ul>\n<li>Identifizierungsdaten: 2 Jahre.<\/li>\n<li>Anonyme Navigationsdaten: 2 Jahre.<\/li>\n<\/ul>\n<p><strong>HUGGENBERGER UND IHRE PERSONENBEZOGENEN DATEN<\/strong><\/p>\n<p>F\u00fcr die Verarbeitung der Daten dieser Website ist Huggenberger der Datenverantwortliche, der \u00fcber die Zwecke und Mittel der Verarbeitung entscheidet.<\/p>\n<p>Da Datenschutz und Sicherheit wichtig sind, hat Huggenberger eine Datenschutzrichtlinie und eine Richtlinie zur Informationssicherheit verabschiedet.<\/p>\n<p>Diese Richtlinien spiegeln das Engagement von Huggenberger wider, nicht nur seine eigenen personenbezogenen Daten, sondern auch die seiner Kunden, Partner oder Kontakte zu sch\u00fctzen. Huggenberger verpflichtet sich, personenbezogene Daten in \u00dcbereinstimmung mit einem hohen Schutzniveau f\u00fcr die personenbezogenen Daten zu behandeln, die es f\u00fcr seine eigenen Zwecke, aber auch f\u00fcr die Zwecke seiner Kunden verarbeitet, und erm\u00f6glicht den freien Fluss personenbezogener Daten zwischen Huggenberger und juristischen Personen, die Huggenberger direkt oder indirekt kontrollieren, von Huggenberger kontrolliert werden oder unter gemeinsamer Kontrolle mit Huggenberger stehen. Die Website von Huggenberger wird im Italien gehostet. Alle \u00dcbertragungen, die sich aus einer Anwendungsunterst\u00fctzung au\u00dferhalb de Italien ergeben, unterliegen der Datenschutzrichtlinie.<\/p>\n<p><strong>RICHTIGKEIT, RELEVANZ UND SICHERHEIT IHRER PERSONENBEZOGENEN DATEN<\/strong><\/p>\n<p>Alle von Huggenberger verarbeiteten personenbezogenen Daten werden auf sicheren Servern gespeichert. Huggenberger ergreift geeignete vertragliche, technische und organisatorische Ma\u00dfnahmen, um die von ihm verarbeiteten personenbezogenen Daten vor Verlust, unbefugtem Zugriff, Verwendung, Offenlegung oder \u00c4nderung zu sch\u00fctzen und die Integrit\u00e4t der personenbezogenen Daten zu gew\u00e4hrleisten. Dar\u00fcber hinaus verarbeitet Huggenberger Ihre personenbezogenen Daten nur f\u00fcr die in dieser Datenschutzerkl\u00e4rung genannten Zwecke und speichert die Daten nicht l\u00e4nger als erforderlich.<\/p>\n<p><strong>WER KANN AUF IHRE DATEN ZUGREIFEN?<\/strong><\/p>\n<p>Ihre personenbezogenen Daten k\u00f6nnen an folgende Personen weitergegeben werden:<\/p>\n<ul>\n<li>Intern an Mitarbeiter und Vertreter von Huggenberger , die individuell streng autorisiert wurden, darauf zuzugreifen;<\/li>\n<li>An externe Dienstleister wie Cloud-Dienste und Kundenbeziehungsmanagement-L\u00f6sungen, die speziell zur Verarbeitung personenbezogener Daten autorisiert wurden; und<\/li>\n<li>An unsere Partner, wenn wir unser Angebot mit Dritten zusammenstellen.<\/li>\n<\/ul>\n<p><strong>IHRE RECHTE<\/strong><\/p>\n<p>Sie haben:<\/p>\n<ul>\n<li>Das Recht, \u00fcber die Verarbeitung Ihrer personenbezogenen Daten informiert zu werden;<\/li>\n<li>das Recht auf Zugang zu Ihren von Huggenberger verarbeiteten personenbezogenen Daten;<\/li>\n<li>das Recht auf Vergessenwerden, das Ihnen erlaubt, die L\u00f6schung Ihrer personenbezogenen Daten durch Huggenberger zu verlangen;<\/li>\n<li>das Recht auf Berichtigung, das Ihnen erm\u00f6glicht, die von Huggenberger \u00fcber Sie verarbeiteten personenbezogenen Daten zu \u00e4ndern und zu berichtigen;<\/li>\n<li>das Recht auf L\u00f6schung, das Ihnen erm\u00f6glicht, zu verlangen, dass Ihre personenbezogenen Daten nicht mehr von Huggenberger verarbeitet und gel\u00f6scht werden;<\/li>\n<li>Das Recht auf Einschr\u00e4nkung der Verarbeitung, das Ihnen erm\u00f6glicht, die Verarbeitung Ihrer Daten zu kontrollieren oder zu verlangen, dass Ihre personenbezogenen Daten nicht mehr verarbeitet, sondern nur noch von Huggenberger gespeichert werden; und<\/li>\n<li>Das Recht auf Widerspruch gegen die Verarbeitung Ihrer personenbezogenen Daten, d. h. Sie k\u00f6nnen von Huggenberger verlangen, die Verarbeitung Ihrer personenbezogenen Daten einzustellen.<\/li>\n<\/ul>\n<p>Um diese Rechte auszu\u00fcben, wenden Sie sich bitte an unseren Datenschutzbeauftragten unter dpo@eddyfi.com.<\/p>\n<p>Sie haben auch das Recht, eine Beschwerde oder einen Anspruch bei einer zust\u00e4ndigen Datenschutzbeh\u00f6rde einzureichen.<\/p>\n<p>F\u00fcr alle anderen Anfragen kontaktieren Sie uns bitte.<\/p>\n<p><strong>\u00c4NDERUNG<\/strong><\/p>\n<p>Diese Erkl\u00e4rung wurde am 8. Dezember 2025 ge\u00e4ndert und wird regelm\u00e4\u00dfig aktualisiert. Wir empfehlen Ihnen, diese Seite regelm\u00e4\u00dfig zu besuchen.<\/p>\n<p>&nbsp;<\/p>\n\r\n\t\t<\/div>\r\n\t<\/div>\r\n<\/div><\/div><\/div><\/div>","protected":false},"excerpt":{"rendered":"PRIVACY NOTICE You are currently visiting the website of Huggenberger AG, a division of the Eddyfi Technologies group. Huggenberger values your personal information and privacy. This privacy notice informs you about the personal information we collect and how we handle it. Huggenberger processes your personal information in order to provide you with a customized website [...]","protected":false},"author":3,"featured_media":0,"parent":0,"menu_order":0,"comment_status":"closed","ping_status":"closed","template":"","meta":{"footnotes":""},"class_list":["post-3","page","type-page","status-publish","hentry"],"yoast_head":"<!-- This site is optimized with the Yoast SEO plugin v27.5 - https:\/\/yoast.com\/product\/yoast-seo-wordpress\/ -->\n<title>Privacy Policy - Huggenberger<\/title>\n<meta name=\"robots\" content=\"index, follow, max-snippet:-1, max-image-preview:large, max-video-preview:-1\" \/>\n<link rel=\"canonical\" href=\"https:\/\/www.huggenberger.com\/de\/privacy-policy\/\" \/>\n<meta property=\"og:locale\" content=\"de_DE\" \/>\n<meta property=\"og:type\" content=\"article\" \/>\n<meta property=\"og:title\" content=\"Privacy Policy - Huggenberger\" \/>\n<meta property=\"og:url\" content=\"https:\/\/www.huggenberger.com\/de\/privacy-policy\/\" \/>\n<meta property=\"og:site_name\" content=\"Huggenberger\" \/>\n<meta property=\"article:modified_time\" content=\"2025-12-17T19:04:23+00:00\" \/>\n<meta name=\"twitter:card\" content=\"summary_large_image\" \/>\n<meta name=\"twitter:label1\" content=\"Gesch\u00e4tzte Lesezeit\" \/>\n\t<meta name=\"twitter:data1\" content=\"5\u00a0Minuten\" \/>\n<script type=\"application\/ld+json\" class=\"yoast-schema-graph\">{\"@context\":\"https:\\\/\\\/schema.org\",\"@graph\":[{\"@type\":\"WebPage\",\"@id\":\"https:\\\/\\\/www.huggenberger.com\\\/privacy-policy\\\/\",\"url\":\"https:\\\/\\\/www.huggenberger.com\\\/privacy-policy\\\/\",\"name\":\"Privacy Policy - Huggenberger\",\"isPartOf\":{\"@id\":\"https:\\\/\\\/www.huggenberger.com\\\/#website\"},\"datePublished\":\"2021-06-15T14:35:17+00:00\",\"dateModified\":\"2025-12-17T19:04:23+00:00\",\"breadcrumb\":{\"@id\":\"https:\\\/\\\/www.huggenberger.com\\\/privacy-policy\\\/#breadcrumb\"},\"inLanguage\":\"de\",\"potentialAction\":[{\"@type\":\"ReadAction\",\"target\":[\"https:\\\/\\\/www.huggenberger.com\\\/privacy-policy\\\/\"]}]},{\"@type\":\"BreadcrumbList\",\"@id\":\"https:\\\/\\\/www.huggenberger.com\\\/privacy-policy\\\/#breadcrumb\",\"itemListElement\":[{\"@type\":\"ListItem\",\"position\":1,\"name\":\"Home\",\"item\":\"https:\\\/\\\/www.huggenberger.com\\\/\"},{\"@type\":\"ListItem\",\"position\":2,\"name\":\"Privacy Policy\"}]},{\"@type\":\"WebSite\",\"@id\":\"https:\\\/\\\/www.huggenberger.com\\\/#website\",\"url\":\"https:\\\/\\\/www.huggenberger.com\\\/\",\"name\":\"Huggenberger\",\"description\":\"Physical security monitoring of engineering structures\",\"publisher\":{\"@id\":\"https:\\\/\\\/www.huggenberger.com\\\/#organization\"},\"potentialAction\":[{\"@type\":\"SearchAction\",\"target\":{\"@type\":\"EntryPoint\",\"urlTemplate\":\"https:\\\/\\\/www.huggenberger.com\\\/?s={search_term_string}\"},\"query-input\":{\"@type\":\"PropertyValueSpecification\",\"valueRequired\":true,\"valueName\":\"search_term_string\"}}],\"inLanguage\":\"de\"},{\"@type\":\"Organization\",\"@id\":\"https:\\\/\\\/www.huggenberger.com\\\/#organization\",\"name\":\"HUGGENBERGER AG\",\"url\":\"https:\\\/\\\/www.huggenberger.com\\\/\",\"logo\":{\"@type\":\"ImageObject\",\"inLanguage\":\"de\",\"@id\":\"https:\\\/\\\/www.huggenberger.com\\\/#\\\/schema\\\/logo\\\/image\\\/\",\"url\":\"https:\\\/\\\/www.huggenberger.com\\\/wp-content\\\/uploads\\\/2022\\\/06\\\/Huggenberger-Logo_Claim-E.webp\",\"contentUrl\":\"https:\\\/\\\/www.huggenberger.com\\\/wp-content\\\/uploads\\\/2022\\\/06\\\/Huggenberger-Logo_Claim-E.webp\",\"width\":407,\"height\":63,\"caption\":\"HUGGENBERGER AG\"},\"image\":{\"@id\":\"https:\\\/\\\/www.huggenberger.com\\\/#\\\/schema\\\/logo\\\/image\\\/\"},\"sameAs\":[\"https:\\\/\\\/www.linkedin.com\\\/company\\\/huggenberger-ag\\\/\"]}]}<\/script>\n<!-- \/ Yoast SEO plugin. -->","yoast_head_json":{"title":"Privacy Policy - Huggenberger","robots":{"index":"index","follow":"follow","max-snippet":"max-snippet:-1","max-image-preview":"max-image-preview:large","max-video-preview":"max-video-preview:-1"},"canonical":"https:\/\/www.huggenberger.com\/de\/privacy-policy\/","og_locale":"de_DE","og_type":"article","og_title":"Privacy Policy - Huggenberger","og_url":"https:\/\/www.huggenberger.com\/de\/privacy-policy\/","og_site_name":"Huggenberger","article_modified_time":"2025-12-17T19:04:23+00:00","twitter_card":"summary_large_image","twitter_misc":{"Gesch\u00e4tzte Lesezeit":"5\u00a0Minuten"},"schema":{"@context":"https:\/\/schema.org","@graph":[{"@type":"WebPage","@id":"https:\/\/www.huggenberger.com\/privacy-policy\/","url":"https:\/\/www.huggenberger.com\/privacy-policy\/","name":"Privacy Policy - Huggenberger","isPartOf":{"@id":"https:\/\/www.huggenberger.com\/#website"},"datePublished":"2021-06-15T14:35:17+00:00","dateModified":"2025-12-17T19:04:23+00:00","breadcrumb":{"@id":"https:\/\/www.huggenberger.com\/privacy-policy\/#breadcrumb"},"inLanguage":"de","potentialAction":[{"@type":"ReadAction","target":["https:\/\/www.huggenberger.com\/privacy-policy\/"]}]},{"@type":"BreadcrumbList","@id":"https:\/\/www.huggenberger.com\/privacy-policy\/#breadcrumb","itemListElement":[{"@type":"ListItem","position":1,"name":"Home","item":"https:\/\/www.huggenberger.com\/"},{"@type":"ListItem","position":2,"name":"Privacy Policy"}]},{"@type":"WebSite","@id":"https:\/\/www.huggenberger.com\/#website","url":"https:\/\/www.huggenberger.com\/","name":"Huggenberger","description":"Physical security monitoring of engineering structures","publisher":{"@id":"https:\/\/www.huggenberger.com\/#organization"},"potentialAction":[{"@type":"SearchAction","target":{"@type":"EntryPoint","urlTemplate":"https:\/\/www.huggenberger.com\/?s={search_term_string}"},"query-input":{"@type":"PropertyValueSpecification","valueRequired":true,"valueName":"search_term_string"}}],"inLanguage":"de"},{"@type":"Organization","@id":"https:\/\/www.huggenberger.com\/#organization","name":"Die HUGGENBERGER AG","url":"https:\/\/www.huggenberger.com\/","logo":{"@type":"ImageObject","inLanguage":"de","@id":"https:\/\/www.huggenberger.com\/#\/schema\/logo\/image\/","url":"https:\/\/www.huggenberger.com\/wp-content\/uploads\/2022\/06\/Huggenberger-Logo_Claim-E.webp","contentUrl":"https:\/\/www.huggenberger.com\/wp-content\/uploads\/2022\/06\/Huggenberger-Logo_Claim-E.webp","width":407,"height":63,"caption":"HUGGENBERGER AG"},"image":{"@id":"https:\/\/www.huggenberger.com\/#\/schema\/logo\/image\/"},"sameAs":["https:\/\/www.linkedin.com\/company\/huggenberger-ag\/"]}]}},"_links":{"self":[{"href":"https:\/\/www.huggenberger.com\/de\/wp-json\/wp\/v2\/pages\/3","targetHints":{"allow":["GET"]}}],"collection":[{"href":"https:\/\/www.huggenberger.com\/de\/wp-json\/wp\/v2\/pages"}],"about":[{"href":"https:\/\/www.huggenberger.com\/de\/wp-json\/wp\/v2\/types\/page"}],"author":[{"embeddable":true,"href":"https:\/\/www.huggenberger.com\/de\/wp-json\/wp\/v2\/users\/3"}],"replies":[{"embeddable":true,"href":"https:\/\/www.huggenberger.com\/de\/wp-json\/wp\/v2\/comments?post=3"}],"version-history":[{"count":3,"href":"https:\/\/www.huggenberger.com\/de\/wp-json\/wp\/v2\/pages\/3\/revisions"}],"predecessor-version":[{"id":6552,"href":"https:\/\/www.huggenberger.com\/de\/wp-json\/wp\/v2\/pages\/3\/revisions\/6552"}],"wp:attachment":[{"href":"https:\/\/www.huggenberger.com\/de\/wp-json\/wp\/v2\/media?parent=3"}],"curies":[{"name":"wp","href":"https:\/\/api.w.org\/{rel}","templated":true}]}}