{"id":1215,"date":"2022-01-13T08:32:06","date_gmt":"2022-01-13T08:32:06","guid":{"rendered":"https:\/\/demo.tcoders.com\/?page_id=1215"},"modified":"2022-01-13T08:32:08","modified_gmt":"2022-01-13T08:32:08","slug":"telethermeter-tc-ta-tw","status":"publish","type":"page","link":"https:\/\/www.huggenberger.com\/fr\/telethermeter-tc-ta-tw\/","title":{"rendered":"Telethermeter TC\/TA\/TW"},"content":{"rendered":"<div class=\"wp-block-columns is-layout-flex wp-container-core-columns-is-layout-9d6595d7 wp-block-columns-is-layout-flex\">\n<div class=\"wp-block-column is-layout-flow wp-block-column-is-layout-flow\" style=\"flex-basis:66.66%\">\n<h3 class=\"wp-block-heading\">Application<\/h3>\n\n\n\n<p>Le t\u00e9l\u00e9thermom\u00e8tre est utilis\u00e9 pour la mesure \u00e0 long terme de la temp\u00e9rature dans le b\u00e9ton, l'eau, la roche, le sol des b\u00e2timents et l'air.<\/p>\n\n\n\n<div style=\"height:10px\" aria-hidden=\"true\" class=\"wp-block-spacer\"><\/div>\n\n\n\n<h3 class=\"wp-block-heading\">Description<\/h3>\n\n\n\n<p>Le t\u00e9l\u00e9thermom\u00e8tre est un thermom\u00e8tre \u00e0 r\u00e9sistance \u00e9lectrique. La lecture s'effectue \u00e0 l'aide de l'unit\u00e9 de lecture portable Indipoc \u00b5P20. Le t\u00e9l\u00e9thermom\u00e8tre se connecte facilement \u00e0 tout syst\u00e8me d'acquisition de donn\u00e9es, comme par exemple les syst\u00e8mes tensometer Huggenberger.<\/p>\n\n\n\n<div style=\"height:10px\" aria-hidden=\"true\" class=\"wp-block-spacer\"><\/div>\n\n\n\n<h3 class=\"wp-block-heading\">Remarque<\/h3>\n\n\n\n<p>Toute la collection Telethermeter est \u00e9galement disponible en version \u00e9conomique bas\u00e9e sur des \u00e9l\u00e9ments PT100.<\/p>\n\n\n\n<div style=\"height:60px\" aria-hidden=\"true\" class=\"wp-block-spacer\"><\/div>\n\n\n\n<div class=\"wp-block-buttons is-layout-flex wp-block-buttons-is-layout-flex\">\n<div class=\"wp-block-button\"><a class=\"wp-block-button__link\" href=\"https:\/\/fc3d5248-710c-4ff5-a1a2-4d53a4db2986.filesusr.com\/ugd\/30603f_73be42bbbdf3497590b0f04e213b4a72.pdf\">Download Datasheet<\/a><\/div>\n<\/div>\n<\/div>\n\n\n\n<div class=\"wp-block-column is-layout-flow wp-block-column-is-layout-flow\" style=\"flex-basis:33.33%\">\n<div class=\"wp-block-image\"><figure class=\"aligncenter size-full\"><img loading=\"lazy\" decoding=\"async\" width=\"200\" height=\"150\" src=\"https:\/\/www.huggenberger.com\/wp-content\/uploads\/2021\/08\/TelethermeterTC.jpg\" alt=\"\" class=\"wp-image-922\"\/><figcaption>T\u00e9l\u00e9thermom\u00e8tre TC pour installation directe dans le b\u00e9ton<br><\/figcaption><\/figure><\/div>\n\n\n\n<div class=\"wp-block-image\"><figure class=\"aligncenter size-full\"><img loading=\"lazy\" decoding=\"async\" width=\"200\" height=\"150\" src=\"https:\/\/www.huggenberger.com\/wp-content\/uploads\/2021\/08\/TelethermeterTA.jpg\" alt=\"\" class=\"wp-image-889\"\/><figcaption>Telethermeter TA with Shelter (weather and radiation protection)<br><\/figcaption><\/figure><\/div>\n\n\n\n<div class=\"wp-block-image\"><figure class=\"aligncenter size-full\"><img loading=\"lazy\" decoding=\"async\" width=\"200\" height=\"150\" src=\"https:\/\/www.huggenberger.com\/wp-content\/uploads\/2021\/08\/TelethermeterTW.jpg\" alt=\"\" class=\"wp-image-863\"\/><figcaption>Telethermeter TW with protective housing for underwater installation<br><\/figcaption><\/figure><\/div>\n<\/div>\n<\/div>","protected":false},"excerpt":{"rendered":"<p>Application The Telethermeter is used for longterm measuring of temperature in concrete, water, rock, building ground and air. Description The Telethermeter is an electrical resistance thermometer. For reading the Telethermeter the portable readout unit Indipoc \u00b5P20 is used. The Telethermeter can easily be connected to any data acquisition systems as for example the Huggenberger Tensologger [&hellip;]<\/p>\n","protected":false},"author":3,"featured_media":0,"parent":0,"menu_order":0,"comment_status":"closed","ping_status":"closed","template":"","meta":{"footnotes":""},"class_list":["post-1215","page","type-page","status-publish","hentry"],"yoast_head":"<!-- This site is optimized with the Yoast SEO plugin v27.3 - https:\/\/yoast.com\/product\/yoast-seo-wordpress\/ -->\n<title>Telethermeter TC\/TA\/TW - Huggenberger<\/title>\n<meta name=\"robots\" content=\"index, follow, max-snippet:-1, max-image-preview:large, max-video-preview:-1\" \/>\n<link rel=\"canonical\" href=\"https:\/\/www.huggenberger.com\/fr\/telethermeter-tc-ta-tw\/\" \/>\n<meta property=\"og:locale\" content=\"fr_FR\" \/>\n<meta property=\"og:type\" content=\"article\" \/>\n<meta property=\"og:title\" content=\"Telethermeter TC\/TA\/TW - Huggenberger\" \/>\n<meta property=\"og:description\" content=\"Application The Telethermeter is used for longterm measuring of temperature in concrete, water, rock, building ground and air. Description The Telethermeter is an electrical resistance thermometer. For reading the Telethermeter the portable readout unit Indipoc \u00b5P20 is used. The Telethermeter can easily be connected to any data acquisition systems as for example the Huggenberger Tensologger [&hellip;]\" \/>\n<meta property=\"og:url\" content=\"https:\/\/www.huggenberger.com\/fr\/telethermeter-tc-ta-tw\/\" \/>\n<meta property=\"og:site_name\" content=\"Huggenberger\" \/>\n<meta property=\"article:modified_time\" content=\"2022-01-13T08:32:08+00:00\" \/>\n<meta property=\"og:image\" content=\"https:\/\/www.huggenberger.com\/wp-content\/uploads\/2021\/08\/TelethermeterTC.jpg\" \/>\n<meta name=\"twitter:card\" content=\"summary_large_image\" \/>\n<script type=\"application\/ld+json\" class=\"yoast-schema-graph\">{\"@context\":\"https:\\\/\\\/schema.org\",\"@graph\":[{\"@type\":\"WebPage\",\"@id\":\"https:\\\/\\\/www.huggenberger.com\\\/telethermeter-tc-ta-tw\\\/\",\"url\":\"https:\\\/\\\/www.huggenberger.com\\\/telethermeter-tc-ta-tw\\\/\",\"name\":\"Telethermeter TC\\\/TA\\\/TW - Huggenberger\",\"isPartOf\":{\"@id\":\"https:\\\/\\\/www.huggenberger.com\\\/#website\"},\"primaryImageOfPage\":{\"@id\":\"https:\\\/\\\/www.huggenberger.com\\\/telethermeter-tc-ta-tw\\\/#primaryimage\"},\"image\":{\"@id\":\"https:\\\/\\\/www.huggenberger.com\\\/telethermeter-tc-ta-tw\\\/#primaryimage\"},\"thumbnailUrl\":\"https:\\\/\\\/www.huggenberger.com\\\/wp-content\\\/uploads\\\/2021\\\/08\\\/TelethermeterTC.jpg\",\"datePublished\":\"2022-01-13T08:32:06+00:00\",\"dateModified\":\"2022-01-13T08:32:08+00:00\",\"breadcrumb\":{\"@id\":\"https:\\\/\\\/www.huggenberger.com\\\/telethermeter-tc-ta-tw\\\/#breadcrumb\"},\"inLanguage\":\"fr-FR\",\"potentialAction\":[{\"@type\":\"ReadAction\",\"target\":[\"https:\\\/\\\/www.huggenberger.com\\\/telethermeter-tc-ta-tw\\\/\"]}]},{\"@type\":\"ImageObject\",\"inLanguage\":\"fr-FR\",\"@id\":\"https:\\\/\\\/www.huggenberger.com\\\/telethermeter-tc-ta-tw\\\/#primaryimage\",\"url\":\"https:\\\/\\\/www.huggenberger.com\\\/wp-content\\\/uploads\\\/2021\\\/08\\\/TelethermeterTC.jpg\",\"contentUrl\":\"https:\\\/\\\/www.huggenberger.com\\\/wp-content\\\/uploads\\\/2021\\\/08\\\/TelethermeterTC.jpg\"},{\"@type\":\"BreadcrumbList\",\"@id\":\"https:\\\/\\\/www.huggenberger.com\\\/telethermeter-tc-ta-tw\\\/#breadcrumb\",\"itemListElement\":[{\"@type\":\"ListItem\",\"position\":1,\"name\":\"Home\",\"item\":\"https:\\\/\\\/www.huggenberger.com\\\/\"},{\"@type\":\"ListItem\",\"position\":2,\"name\":\"Telethermeter TC\\\/TA\\\/TW\"}]},{\"@type\":\"WebSite\",\"@id\":\"https:\\\/\\\/www.huggenberger.com\\\/#website\",\"url\":\"https:\\\/\\\/www.huggenberger.com\\\/\",\"name\":\"Huggenberger\",\"description\":\"Physical security monitoring of engineering structures\",\"publisher\":{\"@id\":\"https:\\\/\\\/www.huggenberger.com\\\/#organization\"},\"potentialAction\":[{\"@type\":\"SearchAction\",\"target\":{\"@type\":\"EntryPoint\",\"urlTemplate\":\"https:\\\/\\\/www.huggenberger.com\\\/?s={search_term_string}\"},\"query-input\":{\"@type\":\"PropertyValueSpecification\",\"valueRequired\":true,\"valueName\":\"search_term_string\"}}],\"inLanguage\":\"fr-FR\"},{\"@type\":\"Organization\",\"@id\":\"https:\\\/\\\/www.huggenberger.com\\\/#organization\",\"name\":\"HUGGENBERGER AG\",\"url\":\"https:\\\/\\\/www.huggenberger.com\\\/\",\"logo\":{\"@type\":\"ImageObject\",\"inLanguage\":\"fr-FR\",\"@id\":\"https:\\\/\\\/www.huggenberger.com\\\/#\\\/schema\\\/logo\\\/image\\\/\",\"url\":\"https:\\\/\\\/www.huggenberger.com\\\/wp-content\\\/uploads\\\/2022\\\/06\\\/Huggenberger-Logo_Claim-E.webp\",\"contentUrl\":\"https:\\\/\\\/www.huggenberger.com\\\/wp-content\\\/uploads\\\/2022\\\/06\\\/Huggenberger-Logo_Claim-E.webp\",\"width\":407,\"height\":63,\"caption\":\"HUGGENBERGER AG\"},\"image\":{\"@id\":\"https:\\\/\\\/www.huggenberger.com\\\/#\\\/schema\\\/logo\\\/image\\\/\"},\"sameAs\":[\"https:\\\/\\\/www.linkedin.com\\\/company\\\/huggenberger-ag\\\/\"]}]}<\/script>\n<!-- \/ Yoast SEO plugin. -->","yoast_head_json":{"title":"Telethermeter TC\/TA\/TW - Huggenberger","robots":{"index":"index","follow":"follow","max-snippet":"max-snippet:-1","max-image-preview":"max-image-preview:large","max-video-preview":"max-video-preview:-1"},"canonical":"https:\/\/www.huggenberger.com\/fr\/telethermeter-tc-ta-tw\/","og_locale":"fr_FR","og_type":"article","og_title":"Telethermeter TC\/TA\/TW - Huggenberger","og_description":"Application The Telethermeter is used for longterm measuring of temperature in concrete, water, rock, building ground and air. Description The Telethermeter is an electrical resistance thermometer. For reading the Telethermeter the portable readout unit Indipoc \u00b5P20 is used. The Telethermeter can easily be connected to any data acquisition systems as for example the Huggenberger Tensologger [&hellip;]","og_url":"https:\/\/www.huggenberger.com\/fr\/telethermeter-tc-ta-tw\/","og_site_name":"Huggenberger","article_modified_time":"2022-01-13T08:32:08+00:00","og_image":[{"url":"https:\/\/www.huggenberger.com\/wp-content\/uploads\/2021\/08\/TelethermeterTC.jpg","type":"","width":"","height":""}],"twitter_card":"summary_large_image","schema":{"@context":"https:\/\/schema.org","@graph":[{"@type":"WebPage","@id":"https:\/\/www.huggenberger.com\/telethermeter-tc-ta-tw\/","url":"https:\/\/www.huggenberger.com\/telethermeter-tc-ta-tw\/","name":"Telethermeter TC\/TA\/TW - Huggenberger","isPartOf":{"@id":"https:\/\/www.huggenberger.com\/#website"},"primaryImageOfPage":{"@id":"https:\/\/www.huggenberger.com\/telethermeter-tc-ta-tw\/#primaryimage"},"image":{"@id":"https:\/\/www.huggenberger.com\/telethermeter-tc-ta-tw\/#primaryimage"},"thumbnailUrl":"https:\/\/www.huggenberger.com\/wp-content\/uploads\/2021\/08\/TelethermeterTC.jpg","datePublished":"2022-01-13T08:32:06+00:00","dateModified":"2022-01-13T08:32:08+00:00","breadcrumb":{"@id":"https:\/\/www.huggenberger.com\/telethermeter-tc-ta-tw\/#breadcrumb"},"inLanguage":"fr-FR","potentialAction":[{"@type":"ReadAction","target":["https:\/\/www.huggenberger.com\/telethermeter-tc-ta-tw\/"]}]},{"@type":"ImageObject","inLanguage":"fr-FR","@id":"https:\/\/www.huggenberger.com\/telethermeter-tc-ta-tw\/#primaryimage","url":"https:\/\/www.huggenberger.com\/wp-content\/uploads\/2021\/08\/TelethermeterTC.jpg","contentUrl":"https:\/\/www.huggenberger.com\/wp-content\/uploads\/2021\/08\/TelethermeterTC.jpg"},{"@type":"BreadcrumbList","@id":"https:\/\/www.huggenberger.com\/telethermeter-tc-ta-tw\/#breadcrumb","itemListElement":[{"@type":"ListItem","position":1,"name":"Home","item":"https:\/\/www.huggenberger.com\/"},{"@type":"ListItem","position":2,"name":"Telethermeter TC\/TA\/TW"}]},{"@type":"WebSite","@id":"https:\/\/www.huggenberger.com\/#website","url":"https:\/\/www.huggenberger.com\/","name":"Huggenberger","description":"Physical security monitoring of engineering structures","publisher":{"@id":"https:\/\/www.huggenberger.com\/#organization"},"potentialAction":[{"@type":"SearchAction","target":{"@type":"EntryPoint","urlTemplate":"https:\/\/www.huggenberger.com\/?s={search_term_string}"},"query-input":{"@type":"PropertyValueSpecification","valueRequired":true,"valueName":"search_term_string"}}],"inLanguage":"fr-FR"},{"@type":"Organization","@id":"https:\/\/www.huggenberger.com\/#organization","name":"HUGGENBERGER AG","url":"https:\/\/www.huggenberger.com\/","logo":{"@type":"ImageObject","inLanguage":"fr-FR","@id":"https:\/\/www.huggenberger.com\/#\/schema\/logo\/image\/","url":"https:\/\/www.huggenberger.com\/wp-content\/uploads\/2022\/06\/Huggenberger-Logo_Claim-E.webp","contentUrl":"https:\/\/www.huggenberger.com\/wp-content\/uploads\/2022\/06\/Huggenberger-Logo_Claim-E.webp","width":407,"height":63,"caption":"HUGGENBERGER AG"},"image":{"@id":"https:\/\/www.huggenberger.com\/#\/schema\/logo\/image\/"},"sameAs":["https:\/\/www.linkedin.com\/company\/huggenberger-ag\/"]}]}},"_links":{"self":[{"href":"https:\/\/www.huggenberger.com\/fr\/wp-json\/wp\/v2\/pages\/1215","targetHints":{"allow":["GET"]}}],"collection":[{"href":"https:\/\/www.huggenberger.com\/fr\/wp-json\/wp\/v2\/pages"}],"about":[{"href":"https:\/\/www.huggenberger.com\/fr\/wp-json\/wp\/v2\/types\/page"}],"author":[{"embeddable":true,"href":"https:\/\/www.huggenberger.com\/fr\/wp-json\/wp\/v2\/users\/3"}],"replies":[{"embeddable":true,"href":"https:\/\/www.huggenberger.com\/fr\/wp-json\/wp\/v2\/comments?post=1215"}],"version-history":[{"count":1,"href":"https:\/\/www.huggenberger.com\/fr\/wp-json\/wp\/v2\/pages\/1215\/revisions"}],"predecessor-version":[{"id":1216,"href":"https:\/\/www.huggenberger.com\/fr\/wp-json\/wp\/v2\/pages\/1215\/revisions\/1216"}],"wp:attachment":[{"href":"https:\/\/www.huggenberger.com\/fr\/wp-json\/wp\/v2\/media?parent=1215"}],"curies":[{"name":"wp","href":"https:\/\/api.w.org\/{rel}","templated":true}]}}