{"id":1623,"date":"2022-04-03T11:12:09","date_gmt":"2022-04-03T11:12:09","guid":{"rendered":"https:\/\/www.huggenberger.com\/?page_id=1623"},"modified":"2022-08-04T15:21:27","modified_gmt":"2022-08-04T15:21:27","slug":"case-studies","status":"publish","type":"page","link":"https:\/\/www.huggenberger.com\/fr\/case-studies\/","title":{"rendered":"\u00c9tudes de cas"},"content":{"rendered":"<div class=\"vc_row wpb_row vc_row-fluid vc_custom_1565317567748 bg-image-ps-inherit\"><div class=\"wpb_column vc_column_container vc_col-sm-6 vc_col-lg-3 vc_col-md-3\"><div class=\"vc_column-inner vc_custom_1565316867515\"><div class=\"wpb_wrapper\">\r\n\t<div  class=\"wpb_single_image wpb_content_element vc_align_left  inherit\">\r\n\t\t\r\n\t\t<figure class=\"wpb_wrapper vc_figure\">\r\n\t\t\t<a href=\"https:\/\/www.huggenberger.com\/fr\/case-studies\/instrumentation-dam-monitoring\/\" target=\"_self\" class=\"vc_single_image-wrapper image-radius-shadow  vc_box_border_grey\"><img loading=\"lazy\" decoding=\"async\" width=\"1000\" height=\"513\" src=\"https:\/\/www.huggenberger.com\/wp-content\/uploads\/2022\/04\/cs_01.jpg\" class=\"vc_single_image-img attachment-full\" alt=\"\" srcset=\"https:\/\/www.huggenberger.com\/wp-content\/uploads\/2022\/04\/cs_01.jpg 1000w, https:\/\/www.huggenberger.com\/wp-content\/uploads\/2022\/04\/cs_01-300x154.jpg 300w, https:\/\/www.huggenberger.com\/wp-content\/uploads\/2022\/04\/cs_01-768x394.jpg 768w, https:\/\/www.huggenberger.com\/wp-content\/uploads\/2022\/04\/cs_01-18x9.jpg 18w\" sizes=\"auto, (max-width: 1000px) 100vw, 1000px\" \/><\/a>\r\n\t\t<\/figure>\r\n\t<\/div>\r\n\r\n    <div  class=\"features-layout2\">\r\n        <div class=\"features-item\">\r\n            <h3 class=\"features-title\">Instrumentation des BARRAGES<\/h3>\r\n            <div class=\"features-content\">\r\n                Fourniture, installation et mise en service d'instruments g\u00e9otechniques dans les barrages neufs et anciens, y compris la remise en \u00e9tat de l'ancienne instrumentation.            <\/div>\r\n            <div class=\"features-link\">\r\n                <a href=\"\/fr\/case-studies\/instrumentation-dam-monitoring\/\" target=\"_self\"><i class=\"far fac-arrow-right\"><\/i><\/a>\r\n            <\/div>\r\n        <\/div>\r\n    <\/div>\r\n\r\n\r\n<\/div><\/div><\/div><div class=\"wpb_column vc_column_container vc_col-sm-6 vc_col-lg-3 vc_col-md-3\"><div class=\"vc_column-inner vc_custom_1565316873294\"><div class=\"wpb_wrapper\">\r\n\t<div  class=\"wpb_single_image wpb_content_element vc_align_left  inherit\">\r\n\t\t\r\n\t\t<figure class=\"wpb_wrapper vc_figure\">\r\n\t\t\t<a href=\"https:\/\/www.huggenberger.com\/fr\/case-studies\/geotechnical-instrumentation-monitoring\/\" target=\"_self\" class=\"vc_single_image-wrapper image-radius-shadow  vc_box_border_grey\"><img loading=\"lazy\" decoding=\"async\" width=\"1000\" height=\"513\" src=\"https:\/\/www.huggenberger.com\/wp-content\/uploads\/2022\/04\/cs_02.jpg\" class=\"vc_single_image-img attachment-full\" alt=\"\" srcset=\"https:\/\/www.huggenberger.com\/wp-content\/uploads\/2022\/04\/cs_02.jpg 1000w, https:\/\/www.huggenberger.com\/wp-content\/uploads\/2022\/04\/cs_02-300x154.jpg 300w, https:\/\/www.huggenberger.com\/wp-content\/uploads\/2022\/04\/cs_02-768x394.jpg 768w, https:\/\/www.huggenberger.com\/wp-content\/uploads\/2022\/04\/cs_02-18x9.jpg 18w\" sizes=\"auto, (max-width: 1000px) 100vw, 1000px\" \/><\/a>\r\n\t\t<\/figure>\r\n\t<\/div>\r\n\r\n    <div  class=\"features-layout2\">\r\n        <div class=\"features-item\">\r\n            <h3 class=\"features-title\">Instrumentation g\u00e9otechnique<\/h3>\r\n            <div class=\"features-content\">\r\n                Les donn\u00e9es prennent tout leur sens si elles sont surveill\u00e9es au fil du temps avec les instruments appropri\u00e9s. Nous proposons des solutions compl\u00e8tes pour notre secteur. En tant que membre du groupe Sisgeo, nous proposons une gamme compl\u00e8te d'instruments g\u00e9otechniques.            <\/div>\r\n            <div class=\"features-link\">\r\n                <a href=\"\/fr\/geotechnical-instrumentation-monitoring\/\" target=\"_self\"><i class=\"far fac-arrow-right\"><\/i><\/a>\r\n            <\/div>\r\n        <\/div>\r\n    <\/div>\r\n\r\n\r\n<\/div><\/div><\/div><div class=\"wpb_column vc_column_container vc_col-sm-6 vc_col-lg-3 vc_col-md-3\"><div class=\"vc_column-inner vc_custom_1565056863907\"><div class=\"wpb_wrapper\">\r\n\t<div  class=\"wpb_single_image wpb_content_element vc_align_left  inherit\">\r\n\t\t\r\n\t\t<figure class=\"wpb_wrapper vc_figure\">\r\n\t\t\t<a href=\"https:\/\/www.huggenberger.com\/fr\/case-studies\/structural-health-monitoring-shm\/\" target=\"_self\" class=\"vc_single_image-wrapper image-radius-shadow  vc_box_border_grey\"><img loading=\"lazy\" decoding=\"async\" width=\"1000\" height=\"513\" src=\"https:\/\/www.huggenberger.com\/wp-content\/uploads\/2022\/04\/cs_03.jpg\" class=\"vc_single_image-img attachment-full\" alt=\"\" srcset=\"https:\/\/www.huggenberger.com\/wp-content\/uploads\/2022\/04\/cs_03.jpg 1000w, https:\/\/www.huggenberger.com\/wp-content\/uploads\/2022\/04\/cs_03-300x154.jpg 300w, https:\/\/www.huggenberger.com\/wp-content\/uploads\/2022\/04\/cs_03-768x394.jpg 768w, https:\/\/www.huggenberger.com\/wp-content\/uploads\/2022\/04\/cs_03-18x9.jpg 18w\" sizes=\"auto, (max-width: 1000px) 100vw, 1000px\" \/><\/a>\r\n\t\t<\/figure>\r\n\t<\/div>\r\n\r\n    <div  class=\"features-layout2\">\r\n        <div class=\"features-item\">\r\n            <h3 class=\"features-title\">Surveillance de la sant\u00e9 structurelle (SHM)<\/h3>\r\n            <div class=\"features-content\">\r\n                La sant\u00e9 des structures est importante pour la s\u00e9curit\u00e9 ainsi que pour la maintenance pr\u00e9dictive, c'est pourquoi une structure instrument\u00e9e donnerait plus d'informations \u00e0 toutes les parties prenantes concern\u00e9es.            <\/div>\r\n            <div class=\"features-link\">\r\n                <a href=\"\/fr\/case-studies\/structural-health-monitoring-shm\/\" target=\"_blank\"><i class=\"far fac-arrow-right\"><\/i><\/a>\r\n            <\/div>\r\n        <\/div>\r\n    <\/div>\r\n\r\n\r\n<\/div><\/div><\/div><div class=\"wpb_column vc_column_container vc_col-sm-6 vc_col-lg-3 vc_col-md-3\"><div class=\"vc_column-inner vc_custom_1565056877158\"><div class=\"wpb_wrapper\">\r\n\t<div  class=\"wpb_single_image wpb_content_element vc_align_left  inherit\">\r\n\t\t\r\n\t\t<figure class=\"wpb_wrapper vc_figure\">\r\n\t\t\t<a href=\"https:\/\/www.huggenberger.com\/fr\/case-studies\/real-time-and-wireless-monitoring-solution\/\" target=\"_self\" class=\"vc_single_image-wrapper image-radius-shadow  vc_box_border_grey\"><img loading=\"lazy\" decoding=\"async\" width=\"1000\" height=\"513\" src=\"https:\/\/www.huggenberger.com\/wp-content\/uploads\/2022\/04\/cs_04.jpg\" class=\"vc_single_image-img attachment-full\" alt=\"\" srcset=\"https:\/\/www.huggenberger.com\/wp-content\/uploads\/2022\/04\/cs_04.jpg 1000w, https:\/\/www.huggenberger.com\/wp-content\/uploads\/2022\/04\/cs_04-300x154.jpg 300w, https:\/\/www.huggenberger.com\/wp-content\/uploads\/2022\/04\/cs_04-768x394.jpg 768w, https:\/\/www.huggenberger.com\/wp-content\/uploads\/2022\/04\/cs_04-18x9.jpg 18w\" sizes=\"auto, (max-width: 1000px) 100vw, 1000px\" \/><\/a>\r\n\t\t<\/figure>\r\n\t<\/div>\r\n\r\n    <div  class=\"features-layout2\">\r\n        <div class=\"features-item\">\r\n            <h3 class=\"features-title\">Solution de surveillance en temps r\u00e9el et sans fil<\/h3>\r\n            <div class=\"features-content\">\r\n                Les donn\u00e9es sont d'une importance capitale. Gr\u00e2ce \u00e0 notre solution sans fil, nos clients peuvent transmettre les donn\u00e9es sans fil depuis leur site et obtenir les informations en temps quasi r\u00e9el. Les utilisateurs distants autoris\u00e9s peuvent ensuite proc\u00e9der \u00e0 des analyses plus approfondies.            <\/div>\r\n            <div class=\"features-link\">\r\n                <a href=\"\/fr\/case-studies\/real-time-and-wireless-monitoring-solution\/\" target=\"_blank\"><i class=\"far fac-arrow-right\"><\/i><\/a>\r\n            <\/div>\r\n        <\/div>\r\n    <\/div>\r\n\r\n\r\n<\/div><\/div><\/div><\/div>","protected":false},"excerpt":{"rendered":"Instrumentation of DAMs Supply, installation &amp; commissioning of instruments geotechnical in new and old DAMs including revival of old instrumentation. Geotechnical Instrumentation Monitoring Data makes meaning if monitored with right instrument over time and we provide end- to-end solutions for our industry. As part of Sisgeo Group we bring the entire range of instrument in [...]","protected":false},"author":3,"featured_media":3075,"parent":0,"menu_order":0,"comment_status":"closed","ping_status":"closed","template":"","meta":{"footnotes":""},"class_list":["post-1623","page","type-page","status-publish","has-post-thumbnail","hentry"],"yoast_head":"<!-- This site is optimized with the Yoast SEO plugin v27.4 - https:\/\/yoast.com\/product\/yoast-seo-wordpress\/ -->\n<title>Discover our Case Studies - HUGGENBERGER AG<\/title>\n<meta name=\"description\" content=\"Take a look at our case studies. These are some of the results we&#039;ve achieved in more than 120 years of experience.\" \/>\n<meta name=\"robots\" content=\"index, follow, max-snippet:-1, max-image-preview:large, max-video-preview:-1\" \/>\n<link rel=\"canonical\" href=\"https:\/\/www.huggenberger.com\/fr\/case-studies\/\" \/>\n<meta property=\"og:locale\" content=\"fr_FR\" \/>\n<meta property=\"og:type\" content=\"article\" \/>\n<meta property=\"og:title\" content=\"Discover our Case Studies - HUGGENBERGER AG\" \/>\n<meta property=\"og:description\" content=\"Take a look at our case studies. These are some of the results we&#039;ve achieved in more than 120 years of experience.\" \/>\n<meta property=\"og:url\" content=\"https:\/\/www.huggenberger.com\/fr\/case-studies\/\" \/>\n<meta property=\"og:site_name\" content=\"Huggenberger\" \/>\n<meta property=\"article:modified_time\" content=\"2022-08-04T15:21:27+00:00\" \/>\n<meta property=\"og:image\" content=\"https:\/\/www.huggenberger.com\/wp-content\/uploads\/2022\/05\/foto-3-1.jpg\" \/>\n\t<meta property=\"og:image:width\" content=\"466\" \/>\n\t<meta property=\"og:image:height\" content=\"318\" \/>\n\t<meta property=\"og:image:type\" content=\"image\/jpeg\" \/>\n<meta name=\"twitter:card\" content=\"summary_large_image\" \/>\n<meta name=\"twitter:label1\" content=\"Dur\u00e9e de lecture estim\u00e9e\" \/>\n\t<meta name=\"twitter:data1\" content=\"2 minutes\" \/>\n<script type=\"application\/ld+json\" class=\"yoast-schema-graph\">{\"@context\":\"https:\\\/\\\/schema.org\",\"@graph\":[{\"@type\":\"WebPage\",\"@id\":\"https:\\\/\\\/www.huggenberger.com\\\/case-studies\\\/\",\"url\":\"https:\\\/\\\/www.huggenberger.com\\\/case-studies\\\/\",\"name\":\"Discover our Case Studies - HUGGENBERGER AG\",\"isPartOf\":{\"@id\":\"https:\\\/\\\/www.huggenberger.com\\\/#website\"},\"primaryImageOfPage\":{\"@id\":\"https:\\\/\\\/www.huggenberger.com\\\/case-studies\\\/#primaryimage\"},\"image\":{\"@id\":\"https:\\\/\\\/www.huggenberger.com\\\/case-studies\\\/#primaryimage\"},\"thumbnailUrl\":\"https:\\\/\\\/www.huggenberger.com\\\/wp-content\\\/uploads\\\/2022\\\/05\\\/foto-3-1.jpg\",\"datePublished\":\"2022-04-03T11:12:09+00:00\",\"dateModified\":\"2022-08-04T15:21:27+00:00\",\"description\":\"Take a look at our case studies. These are some of the results we've achieved in more than 120 years of experience.\",\"breadcrumb\":{\"@id\":\"https:\\\/\\\/www.huggenberger.com\\\/case-studies\\\/#breadcrumb\"},\"inLanguage\":\"fr-FR\",\"potentialAction\":[{\"@type\":\"ReadAction\",\"target\":[\"https:\\\/\\\/www.huggenberger.com\\\/case-studies\\\/\"]}]},{\"@type\":\"ImageObject\",\"inLanguage\":\"fr-FR\",\"@id\":\"https:\\\/\\\/www.huggenberger.com\\\/case-studies\\\/#primaryimage\",\"url\":\"https:\\\/\\\/www.huggenberger.com\\\/wp-content\\\/uploads\\\/2022\\\/05\\\/foto-3-1.jpg\",\"contentUrl\":\"https:\\\/\\\/www.huggenberger.com\\\/wp-content\\\/uploads\\\/2022\\\/05\\\/foto-3-1.jpg\",\"width\":466,\"height\":318},{\"@type\":\"BreadcrumbList\",\"@id\":\"https:\\\/\\\/www.huggenberger.com\\\/case-studies\\\/#breadcrumb\",\"itemListElement\":[{\"@type\":\"ListItem\",\"position\":1,\"name\":\"Home\",\"item\":\"https:\\\/\\\/www.huggenberger.com\\\/\"},{\"@type\":\"ListItem\",\"position\":2,\"name\":\"Case Studies\"}]},{\"@type\":\"WebSite\",\"@id\":\"https:\\\/\\\/www.huggenberger.com\\\/#website\",\"url\":\"https:\\\/\\\/www.huggenberger.com\\\/\",\"name\":\"Huggenberger\",\"description\":\"Physical security monitoring of engineering structures\",\"publisher\":{\"@id\":\"https:\\\/\\\/www.huggenberger.com\\\/#organization\"},\"potentialAction\":[{\"@type\":\"SearchAction\",\"target\":{\"@type\":\"EntryPoint\",\"urlTemplate\":\"https:\\\/\\\/www.huggenberger.com\\\/?s={search_term_string}\"},\"query-input\":{\"@type\":\"PropertyValueSpecification\",\"valueRequired\":true,\"valueName\":\"search_term_string\"}}],\"inLanguage\":\"fr-FR\"},{\"@type\":\"Organization\",\"@id\":\"https:\\\/\\\/www.huggenberger.com\\\/#organization\",\"name\":\"HUGGENBERGER AG\",\"url\":\"https:\\\/\\\/www.huggenberger.com\\\/\",\"logo\":{\"@type\":\"ImageObject\",\"inLanguage\":\"fr-FR\",\"@id\":\"https:\\\/\\\/www.huggenberger.com\\\/#\\\/schema\\\/logo\\\/image\\\/\",\"url\":\"https:\\\/\\\/www.huggenberger.com\\\/wp-content\\\/uploads\\\/2022\\\/06\\\/Huggenberger-Logo_Claim-E.webp\",\"contentUrl\":\"https:\\\/\\\/www.huggenberger.com\\\/wp-content\\\/uploads\\\/2022\\\/06\\\/Huggenberger-Logo_Claim-E.webp\",\"width\":407,\"height\":63,\"caption\":\"HUGGENBERGER AG\"},\"image\":{\"@id\":\"https:\\\/\\\/www.huggenberger.com\\\/#\\\/schema\\\/logo\\\/image\\\/\"},\"sameAs\":[\"https:\\\/\\\/www.linkedin.com\\\/company\\\/huggenberger-ag\\\/\"]}]}<\/script>\n<!-- \/ Yoast SEO plugin. -->","yoast_head_json":{"title":"Discover our Case Studies - HUGGENBERGER AG","description":"Take a look at our case studies. These are some of the results we've achieved in more than 120 years of experience.","robots":{"index":"index","follow":"follow","max-snippet":"max-snippet:-1","max-image-preview":"max-image-preview:large","max-video-preview":"max-video-preview:-1"},"canonical":"https:\/\/www.huggenberger.com\/fr\/case-studies\/","og_locale":"fr_FR","og_type":"article","og_title":"Discover our Case Studies - HUGGENBERGER AG","og_description":"Take a look at our case studies. These are some of the results we've achieved in more than 120 years of experience.","og_url":"https:\/\/www.huggenberger.com\/fr\/case-studies\/","og_site_name":"Huggenberger","article_modified_time":"2022-08-04T15:21:27+00:00","og_image":[{"width":466,"height":318,"url":"https:\/\/www.huggenberger.com\/wp-content\/uploads\/2022\/05\/foto-3-1.jpg","type":"image\/jpeg"}],"twitter_card":"summary_large_image","twitter_misc":{"Dur\u00e9e de lecture estim\u00e9e":"2 minutes"},"schema":{"@context":"https:\/\/schema.org","@graph":[{"@type":"WebPage","@id":"https:\/\/www.huggenberger.com\/case-studies\/","url":"https:\/\/www.huggenberger.com\/case-studies\/","name":"Discover our Case Studies - HUGGENBERGER AG","isPartOf":{"@id":"https:\/\/www.huggenberger.com\/#website"},"primaryImageOfPage":{"@id":"https:\/\/www.huggenberger.com\/case-studies\/#primaryimage"},"image":{"@id":"https:\/\/www.huggenberger.com\/case-studies\/#primaryimage"},"thumbnailUrl":"https:\/\/www.huggenberger.com\/wp-content\/uploads\/2022\/05\/foto-3-1.jpg","datePublished":"2022-04-03T11:12:09+00:00","dateModified":"2022-08-04T15:21:27+00:00","description":"Take a look at our case studies. These are some of the results we've achieved in more than 120 years of experience.","breadcrumb":{"@id":"https:\/\/www.huggenberger.com\/case-studies\/#breadcrumb"},"inLanguage":"fr-FR","potentialAction":[{"@type":"ReadAction","target":["https:\/\/www.huggenberger.com\/case-studies\/"]}]},{"@type":"ImageObject","inLanguage":"fr-FR","@id":"https:\/\/www.huggenberger.com\/case-studies\/#primaryimage","url":"https:\/\/www.huggenberger.com\/wp-content\/uploads\/2022\/05\/foto-3-1.jpg","contentUrl":"https:\/\/www.huggenberger.com\/wp-content\/uploads\/2022\/05\/foto-3-1.jpg","width":466,"height":318},{"@type":"BreadcrumbList","@id":"https:\/\/www.huggenberger.com\/case-studies\/#breadcrumb","itemListElement":[{"@type":"ListItem","position":1,"name":"Home","item":"https:\/\/www.huggenberger.com\/"},{"@type":"ListItem","position":2,"name":"Case Studies"}]},{"@type":"WebSite","@id":"https:\/\/www.huggenberger.com\/#website","url":"https:\/\/www.huggenberger.com\/","name":"Huggenberger","description":"Physical security monitoring of engineering structures","publisher":{"@id":"https:\/\/www.huggenberger.com\/#organization"},"potentialAction":[{"@type":"SearchAction","target":{"@type":"EntryPoint","urlTemplate":"https:\/\/www.huggenberger.com\/?s={search_term_string}"},"query-input":{"@type":"PropertyValueSpecification","valueRequired":true,"valueName":"search_term_string"}}],"inLanguage":"fr-FR"},{"@type":"Organization","@id":"https:\/\/www.huggenberger.com\/#organization","name":"HUGGENBERGER AG","url":"https:\/\/www.huggenberger.com\/","logo":{"@type":"ImageObject","inLanguage":"fr-FR","@id":"https:\/\/www.huggenberger.com\/#\/schema\/logo\/image\/","url":"https:\/\/www.huggenberger.com\/wp-content\/uploads\/2022\/06\/Huggenberger-Logo_Claim-E.webp","contentUrl":"https:\/\/www.huggenberger.com\/wp-content\/uploads\/2022\/06\/Huggenberger-Logo_Claim-E.webp","width":407,"height":63,"caption":"HUGGENBERGER AG"},"image":{"@id":"https:\/\/www.huggenberger.com\/#\/schema\/logo\/image\/"},"sameAs":["https:\/\/www.linkedin.com\/company\/huggenberger-ag\/"]}]}},"_links":{"self":[{"href":"https:\/\/www.huggenberger.com\/fr\/wp-json\/wp\/v2\/pages\/1623","targetHints":{"allow":["GET"]}}],"collection":[{"href":"https:\/\/www.huggenberger.com\/fr\/wp-json\/wp\/v2\/pages"}],"about":[{"href":"https:\/\/www.huggenberger.com\/fr\/wp-json\/wp\/v2\/types\/page"}],"author":[{"embeddable":true,"href":"https:\/\/www.huggenberger.com\/fr\/wp-json\/wp\/v2\/users\/3"}],"replies":[{"embeddable":true,"href":"https:\/\/www.huggenberger.com\/fr\/wp-json\/wp\/v2\/comments?post=1623"}],"version-history":[{"count":24,"href":"https:\/\/www.huggenberger.com\/fr\/wp-json\/wp\/v2\/pages\/1623\/revisions"}],"predecessor-version":[{"id":3278,"href":"https:\/\/www.huggenberger.com\/fr\/wp-json\/wp\/v2\/pages\/1623\/revisions\/3278"}],"wp:featuredmedia":[{"embeddable":true,"href":"https:\/\/www.huggenberger.com\/fr\/wp-json\/wp\/v2\/media\/3075"}],"wp:attachment":[{"href":"https:\/\/www.huggenberger.com\/fr\/wp-json\/wp\/v2\/media?parent=1623"}],"curies":[{"name":"wp","href":"https:\/\/api.w.org\/{rel}","templated":true}]}}