{"id":1747,"date":"2022-04-03T19:57:42","date_gmt":"2022-04-03T19:57:42","guid":{"rendered":"https:\/\/www.huggenberger.com\/?page_id=1747"},"modified":"2022-07-11T14:18:47","modified_gmt":"2022-07-11T14:18:47","slug":"instrumentation-dam-monitoring","status":"publish","type":"page","link":"https:\/\/www.huggenberger.com\/fr\/case-studies\/instrumentation-dam-monitoring\/","title":{"rendered":"Instrumentation de surveillance du barrage"},"content":{"rendered":"<div class=\"vc_row wpb_row vc_row-fluid vc_custom_1649020919723 bg-image-ps-inherit\"><div class=\"wpb_column vc_column_container vc_col-sm-3\"><div class=\"vc_column-inner\"><div class=\"wpb_wrapper\"><\/div><\/div><\/div><div class=\"wpb_column vc_column_container vc_col-sm-6\"><div class=\"vc_column-inner\"><div class=\"wpb_wrapper\"><div id=\"cms-heading\" class=\"cms-heading align-left align-left-md align-left-sm align-left-xs\">\r\n    \r\n    <div class=\"cms-inline-css\"  data-css=\"                                \">\r\n    <\/div>\r\n    \r\n        <h5 class=\"cms-heading-tag\" style=\"font-weight:400; \">\r\n                                    La surveillance des barrages est recommand\u00e9e pour assurer la s\u00e9curit\u00e9 d\u2019un barrage et prolonger sa dur\u00e9e de vie.<\/p>\n<p>Les instruments structurels et g\u00e9otechniques sont utilis\u00e9s pour d\u00e9finir non seulement les conditions initiales sur le site du barrage, mais \u00e9galement les param\u00e8tres d\u00fbment mesur\u00e9s pendant toute la dur\u00e9e de vie du barrage.                         <\/h5>\r\n            <\/div><div class=\"vc_empty_space\"   style=\"height: 32px\"><span class=\"vc_empty_space_inner\"><\/span><\/div><\/div><\/div><\/div><div class=\"wpb_column vc_column_container vc_col-sm-3\"><div class=\"vc_column-inner\"><div class=\"wpb_wrapper\"><\/div><\/div><\/div><\/div><div class=\"vc_row wpb_row vc_row-fluid bg-image-ps-inherit\"><div class=\"wpb_column vc_column_container vc_col-sm-12\"><div class=\"vc_column-inner\"><div class=\"wpb_wrapper\"><div class=\"vc_separator wpb_content_element vc_separator_align_center vc_sep_width_100 vc_sep_pos_align_center vc_sep_color_grey vc_separator-has-text\" ><span class=\"vc_sep_holder vc_sep_holder_l\"><span  class=\"vc_sep_line\"><\/span><\/span><h4>Instrumentation DAM monitoring \u2013 Case Studies<\/h4><span class=\"vc_sep_holder vc_sep_holder_r\"><span  class=\"vc_sep_line\"><\/span><\/span>\r\n<\/div><\/div><\/div><\/div><\/div><div class=\"vc_row wpb_row vc_row-fluid vc_row-o-content-middle vc_row-flex bg-image-ps-inherit\"><div class=\"wpb_column vc_column_container vc_col-sm-12\"><div class=\"vc_column-inner vc_custom_1653641323846\"><div class=\"wpb_wrapper\">\r\n<div id=\"cms-grid-case-study\" class=\"cms-grid cms-case-study-grid1\">\r\n\r\n    \r\n    <div class=\"cms-grid-inner row animation-time\" data-gutter=\"15\">\r\n                                    <div class=\"grid-item col-xl-3 col-lg-4 col-md-6 col-sm-6 col-12\">\r\n                        <div class=\"grid-item-inner\">\r\n                                                            <div class=\"item-featured\">\r\n                                    <div class=\"post-image\">\r\n                                        <a href=\"https:\/\/www.huggenberger.com\/fr\/case-study\/sardar-sarovar-dam-rehabilitation-project\/\"><img loading=\"lazy\" decoding=\"async\" class=\"\" src=\"https:\/\/www.huggenberger.com\/wp-content\/uploads\/2023\/02\/aaaaaaaaaaaaaaaaaa-400x384.png\" width=\"400\" height=\"384\" alt=\"Sardar Sarovar Dam Rehabilitation Project\" title=\"Sardar Sarovar Dam Rehabilitation Project\" \/><\/a>\r\n                                    <\/div>\r\n                                <\/div>\r\n                                                        <div class=\"item-body\">\r\n                                <h3 class=\"item-title\"><a href=\"https:\/\/www.huggenberger.com\/fr\/case-study\/sardar-sarovar-dam-rehabilitation-project\/\">Sardar Sarovar Dam Rehabilitation Project<\/a><\/h3>\r\n                                <div class=\"item-category\"><a href=\"https:\/\/www.huggenberger.com\/fr\/case-study-category\/instrumentation-dam-monitoring\/\" rel=\"tag\">Instrumentation de surveillance du barrage<\/a><\/div>\r\n                                                                    <div class=\"item-content\">\r\n                                        Rehabilitation of the dam and transition from manual to automatic monitoring.                                    <\/div>\r\n                                                                <div class=\"item-readmore\">\r\n                                    <a class=\"btn-text\" href=\"https:\/\/www.huggenberger.com\/fr\/case-study\/sardar-sarovar-dam-rehabilitation-project\/\">Explore Case Study<\/a>\r\n                                <\/div>\r\n                            <\/div>\r\n                        <\/div>\r\n                    <\/div>\r\n                                    <div class=\"grid-item col-xl-3 col-lg-4 col-md-6 col-sm-6 col-12\">\r\n                        <div class=\"grid-item-inner\">\r\n                                                            <div class=\"item-featured\">\r\n                                    <div class=\"post-image\">\r\n                                        <a href=\"https:\/\/www.huggenberger.com\/fr\/case-study\/kariba-dam-rehabilitation-project\/\"><img loading=\"lazy\" decoding=\"async\" class=\"\" src=\"https:\/\/www.huggenberger.com\/wp-content\/uploads\/2023\/02\/Senza-titolo-1-1-400x384.png\" width=\"400\" height=\"384\" alt=\"Kariba Dam Rehabilitation Project\" title=\"Kariba Dam Rehabilitation Project\" \/><\/a>\r\n                                    <\/div>\r\n                                <\/div>\r\n                                                        <div class=\"item-body\">\r\n                                <h3 class=\"item-title\"><a href=\"https:\/\/www.huggenberger.com\/fr\/case-study\/kariba-dam-rehabilitation-project\/\">Kariba Dam Rehabilitation Project<\/a><\/h3>\r\n                                <div class=\"item-category\"><a href=\"https:\/\/www.huggenberger.com\/fr\/case-study-category\/instrumentation-dam-monitoring\/\" rel=\"tag\">Instrumentation de surveillance du barrage<\/a><\/div>\r\n                                                                    <div class=\"item-content\">\r\n                                        Additional monitoring instruments at Kariba Dam rehabilitation project                                    <\/div>\r\n                                                                <div class=\"item-readmore\">\r\n                                    <a class=\"btn-text\" href=\"https:\/\/www.huggenberger.com\/fr\/case-study\/kariba-dam-rehabilitation-project\/\">Explore Case Study<\/a>\r\n                                <\/div>\r\n                            <\/div>\r\n                        <\/div>\r\n                    <\/div>\r\n                                    <div class=\"grid-item col-xl-3 col-lg-4 col-md-6 col-sm-6 col-12\">\r\n                        <div class=\"grid-item-inner\">\r\n                                                            <div class=\"item-featured\">\r\n                                    <div class=\"post-image\">\r\n                                        <a href=\"https:\/\/www.huggenberger.com\/fr\/case-study\/lesotho\/\"><img loading=\"lazy\" decoding=\"async\" class=\"\" src=\"https:\/\/www.huggenberger.com\/wp-content\/uploads\/2022\/04\/foto-2-400x384.jpg\" width=\"400\" height=\"384\" alt=\"Lesotho, Katse Dam - The System\" title=\"Lesotho, Katse Dam - The System\" \/><\/a>\r\n                                    <\/div>\r\n                                <\/div>\r\n                                                        <div class=\"item-body\">\r\n                                <h3 class=\"item-title\"><a href=\"https:\/\/www.huggenberger.com\/fr\/case-study\/lesotho\/\">Lesotho, Katse Dam<\/a><\/h3>\r\n                                <div class=\"item-category\"><a href=\"https:\/\/www.huggenberger.com\/fr\/case-study-category\/instrumentation-dam-monitoring\/\" rel=\"tag\">Instrumentation de surveillance du barrage<\/a><\/div>\r\n                                                                    <div class=\"item-content\">\r\n                                        R\u00e9novation de syst\u00e8mes de mesure \u00e0 fil \u00e0 plomb et \u00e0 pendule.                                    <\/div>\r\n                                                                <div class=\"item-readmore\">\r\n                                    <a class=\"btn-text\" href=\"https:\/\/www.huggenberger.com\/fr\/case-study\/lesotho\/\">Explore Case Study<\/a>\r\n                                <\/div>\r\n                            <\/div>\r\n                        <\/div>\r\n                    <\/div>\r\n                    <\/div>\r\n        <\/div><\/div><\/div><\/div><\/div>","protected":false},"excerpt":{"rendered":"Applied Instruments TELELOT VDD2V4 Coordiscope KK84 Direct Pendulum GL Indipoc-Mc7 HEK MUX SetPlate Sardar Sarovar Dam Rehabilitation Project \ud83d\udccc Kevadia, Gujarat, India, Start: February 2021 The Project The Sardar Sarovar Dam is a concrete gravity dam built on the Narmada River in Navagam, near the town of Kevadiya, Gujarat, India.The dam was built in order [...]","protected":false},"author":3,"featured_media":1788,"parent":1623,"menu_order":0,"comment_status":"closed","ping_status":"closed","template":"","meta":{"footnotes":""},"class_list":["post-1747","page","type-page","status-publish","has-post-thumbnail","hentry"],"yoast_head":"<!-- This site is optimized with the Yoast SEO plugin v27.4 - https:\/\/yoast.com\/product\/yoast-seo-wordpress\/ -->\n<title>Instrumentation DAM monitoring - Huggenberger<\/title>\n<meta name=\"robots\" content=\"index, follow, max-snippet:-1, max-image-preview:large, max-video-preview:-1\" \/>\n<link rel=\"canonical\" href=\"https:\/\/www.huggenberger.com\/fr\/case-studies\/instrumentation-dam-monitoring\/\" \/>\n<meta property=\"og:locale\" content=\"fr_FR\" \/>\n<meta property=\"og:type\" content=\"article\" \/>\n<meta property=\"og:title\" content=\"Instrumentation DAM monitoring - Huggenberger\" \/>\n<meta property=\"og:url\" content=\"https:\/\/www.huggenberger.com\/fr\/case-studies\/instrumentation-dam-monitoring\/\" \/>\n<meta property=\"og:site_name\" content=\"Huggenberger\" \/>\n<meta property=\"article:modified_time\" content=\"2022-07-11T14:18:47+00:00\" \/>\n<meta property=\"og:image\" content=\"https:\/\/www.huggenberger.com\/wp-content\/uploads\/2022\/04\/cs_01.jpg\" \/>\n\t<meta property=\"og:image:width\" content=\"1000\" \/>\n\t<meta property=\"og:image:height\" content=\"513\" \/>\n\t<meta property=\"og:image:type\" content=\"image\/jpeg\" \/>\n<meta name=\"twitter:card\" content=\"summary_large_image\" \/>\n<meta name=\"twitter:label1\" content=\"Dur\u00e9e de lecture estim\u00e9e\" \/>\n\t<meta name=\"twitter:data1\" content=\"1 minute\" \/>\n<script type=\"application\/ld+json\" class=\"yoast-schema-graph\">{\"@context\":\"https:\\\/\\\/schema.org\",\"@graph\":[{\"@type\":\"WebPage\",\"@id\":\"https:\\\/\\\/www.huggenberger.com\\\/case-studies\\\/instrumentation-dam-monitoring\\\/\",\"url\":\"https:\\\/\\\/www.huggenberger.com\\\/case-studies\\\/instrumentation-dam-monitoring\\\/\",\"name\":\"Instrumentation DAM monitoring - Huggenberger\",\"isPartOf\":{\"@id\":\"https:\\\/\\\/www.huggenberger.com\\\/#website\"},\"primaryImageOfPage\":{\"@id\":\"https:\\\/\\\/www.huggenberger.com\\\/case-studies\\\/instrumentation-dam-monitoring\\\/#primaryimage\"},\"image\":{\"@id\":\"https:\\\/\\\/www.huggenberger.com\\\/case-studies\\\/instrumentation-dam-monitoring\\\/#primaryimage\"},\"thumbnailUrl\":\"https:\\\/\\\/www.huggenberger.com\\\/wp-content\\\/uploads\\\/2022\\\/04\\\/cs_01.jpg\",\"datePublished\":\"2022-04-03T19:57:42+00:00\",\"dateModified\":\"2022-07-11T14:18:47+00:00\",\"breadcrumb\":{\"@id\":\"https:\\\/\\\/www.huggenberger.com\\\/case-studies\\\/instrumentation-dam-monitoring\\\/#breadcrumb\"},\"inLanguage\":\"fr-FR\",\"potentialAction\":[{\"@type\":\"ReadAction\",\"target\":[\"https:\\\/\\\/www.huggenberger.com\\\/case-studies\\\/instrumentation-dam-monitoring\\\/\"]}]},{\"@type\":\"ImageObject\",\"inLanguage\":\"fr-FR\",\"@id\":\"https:\\\/\\\/www.huggenberger.com\\\/case-studies\\\/instrumentation-dam-monitoring\\\/#primaryimage\",\"url\":\"https:\\\/\\\/www.huggenberger.com\\\/wp-content\\\/uploads\\\/2022\\\/04\\\/cs_01.jpg\",\"contentUrl\":\"https:\\\/\\\/www.huggenberger.com\\\/wp-content\\\/uploads\\\/2022\\\/04\\\/cs_01.jpg\",\"width\":1000,\"height\":513},{\"@type\":\"BreadcrumbList\",\"@id\":\"https:\\\/\\\/www.huggenberger.com\\\/case-studies\\\/instrumentation-dam-monitoring\\\/#breadcrumb\",\"itemListElement\":[{\"@type\":\"ListItem\",\"position\":1,\"name\":\"Home\",\"item\":\"https:\\\/\\\/www.huggenberger.com\\\/\"},{\"@type\":\"ListItem\",\"position\":2,\"name\":\"Case Studies\",\"item\":\"https:\\\/\\\/www.huggenberger.com\\\/case-studies\\\/\"},{\"@type\":\"ListItem\",\"position\":3,\"name\":\"Instrumentation DAM monitoring\"}]},{\"@type\":\"WebSite\",\"@id\":\"https:\\\/\\\/www.huggenberger.com\\\/#website\",\"url\":\"https:\\\/\\\/www.huggenberger.com\\\/\",\"name\":\"Huggenberger\",\"description\":\"Physical security monitoring of engineering structures\",\"publisher\":{\"@id\":\"https:\\\/\\\/www.huggenberger.com\\\/#organization\"},\"potentialAction\":[{\"@type\":\"SearchAction\",\"target\":{\"@type\":\"EntryPoint\",\"urlTemplate\":\"https:\\\/\\\/www.huggenberger.com\\\/?s={search_term_string}\"},\"query-input\":{\"@type\":\"PropertyValueSpecification\",\"valueRequired\":true,\"valueName\":\"search_term_string\"}}],\"inLanguage\":\"fr-FR\"},{\"@type\":\"Organization\",\"@id\":\"https:\\\/\\\/www.huggenberger.com\\\/#organization\",\"name\":\"HUGGENBERGER AG\",\"url\":\"https:\\\/\\\/www.huggenberger.com\\\/\",\"logo\":{\"@type\":\"ImageObject\",\"inLanguage\":\"fr-FR\",\"@id\":\"https:\\\/\\\/www.huggenberger.com\\\/#\\\/schema\\\/logo\\\/image\\\/\",\"url\":\"https:\\\/\\\/www.huggenberger.com\\\/wp-content\\\/uploads\\\/2022\\\/06\\\/Huggenberger-Logo_Claim-E.webp\",\"contentUrl\":\"https:\\\/\\\/www.huggenberger.com\\\/wp-content\\\/uploads\\\/2022\\\/06\\\/Huggenberger-Logo_Claim-E.webp\",\"width\":407,\"height\":63,\"caption\":\"HUGGENBERGER AG\"},\"image\":{\"@id\":\"https:\\\/\\\/www.huggenberger.com\\\/#\\\/schema\\\/logo\\\/image\\\/\"},\"sameAs\":[\"https:\\\/\\\/www.linkedin.com\\\/company\\\/huggenberger-ag\\\/\"]}]}<\/script>\n<!-- \/ Yoast SEO plugin. -->","yoast_head_json":{"title":"Instrumentation DAM monitoring - Huggenberger","robots":{"index":"index","follow":"follow","max-snippet":"max-snippet:-1","max-image-preview":"max-image-preview:large","max-video-preview":"max-video-preview:-1"},"canonical":"https:\/\/www.huggenberger.com\/fr\/case-studies\/instrumentation-dam-monitoring\/","og_locale":"fr_FR","og_type":"article","og_title":"Instrumentation DAM monitoring - Huggenberger","og_url":"https:\/\/www.huggenberger.com\/fr\/case-studies\/instrumentation-dam-monitoring\/","og_site_name":"Huggenberger","article_modified_time":"2022-07-11T14:18:47+00:00","og_image":[{"width":1000,"height":513,"url":"https:\/\/www.huggenberger.com\/wp-content\/uploads\/2022\/04\/cs_01.jpg","type":"image\/jpeg"}],"twitter_card":"summary_large_image","twitter_misc":{"Dur\u00e9e de lecture estim\u00e9e":"1 minute"},"schema":{"@context":"https:\/\/schema.org","@graph":[{"@type":"WebPage","@id":"https:\/\/www.huggenberger.com\/case-studies\/instrumentation-dam-monitoring\/","url":"https:\/\/www.huggenberger.com\/case-studies\/instrumentation-dam-monitoring\/","name":"Instrumentation DAM monitoring - Huggenberger","isPartOf":{"@id":"https:\/\/www.huggenberger.com\/#website"},"primaryImageOfPage":{"@id":"https:\/\/www.huggenberger.com\/case-studies\/instrumentation-dam-monitoring\/#primaryimage"},"image":{"@id":"https:\/\/www.huggenberger.com\/case-studies\/instrumentation-dam-monitoring\/#primaryimage"},"thumbnailUrl":"https:\/\/www.huggenberger.com\/wp-content\/uploads\/2022\/04\/cs_01.jpg","datePublished":"2022-04-03T19:57:42+00:00","dateModified":"2022-07-11T14:18:47+00:00","breadcrumb":{"@id":"https:\/\/www.huggenberger.com\/case-studies\/instrumentation-dam-monitoring\/#breadcrumb"},"inLanguage":"fr-FR","potentialAction":[{"@type":"ReadAction","target":["https:\/\/www.huggenberger.com\/case-studies\/instrumentation-dam-monitoring\/"]}]},{"@type":"ImageObject","inLanguage":"fr-FR","@id":"https:\/\/www.huggenberger.com\/case-studies\/instrumentation-dam-monitoring\/#primaryimage","url":"https:\/\/www.huggenberger.com\/wp-content\/uploads\/2022\/04\/cs_01.jpg","contentUrl":"https:\/\/www.huggenberger.com\/wp-content\/uploads\/2022\/04\/cs_01.jpg","width":1000,"height":513},{"@type":"BreadcrumbList","@id":"https:\/\/www.huggenberger.com\/case-studies\/instrumentation-dam-monitoring\/#breadcrumb","itemListElement":[{"@type":"ListItem","position":1,"name":"Home","item":"https:\/\/www.huggenberger.com\/"},{"@type":"ListItem","position":2,"name":"Case Studies","item":"https:\/\/www.huggenberger.com\/case-studies\/"},{"@type":"ListItem","position":3,"name":"Instrumentation DAM monitoring"}]},{"@type":"WebSite","@id":"https:\/\/www.huggenberger.com\/#website","url":"https:\/\/www.huggenberger.com\/","name":"Huggenberger","description":"Physical security monitoring of engineering structures","publisher":{"@id":"https:\/\/www.huggenberger.com\/#organization"},"potentialAction":[{"@type":"SearchAction","target":{"@type":"EntryPoint","urlTemplate":"https:\/\/www.huggenberger.com\/?s={search_term_string}"},"query-input":{"@type":"PropertyValueSpecification","valueRequired":true,"valueName":"search_term_string"}}],"inLanguage":"fr-FR"},{"@type":"Organization","@id":"https:\/\/www.huggenberger.com\/#organization","name":"HUGGENBERGER AG","url":"https:\/\/www.huggenberger.com\/","logo":{"@type":"ImageObject","inLanguage":"fr-FR","@id":"https:\/\/www.huggenberger.com\/#\/schema\/logo\/image\/","url":"https:\/\/www.huggenberger.com\/wp-content\/uploads\/2022\/06\/Huggenberger-Logo_Claim-E.webp","contentUrl":"https:\/\/www.huggenberger.com\/wp-content\/uploads\/2022\/06\/Huggenberger-Logo_Claim-E.webp","width":407,"height":63,"caption":"HUGGENBERGER AG"},"image":{"@id":"https:\/\/www.huggenberger.com\/#\/schema\/logo\/image\/"},"sameAs":["https:\/\/www.linkedin.com\/company\/huggenberger-ag\/"]}]}},"_links":{"self":[{"href":"https:\/\/www.huggenberger.com\/fr\/wp-json\/wp\/v2\/pages\/1747","targetHints":{"allow":["GET"]}}],"collection":[{"href":"https:\/\/www.huggenberger.com\/fr\/wp-json\/wp\/v2\/pages"}],"about":[{"href":"https:\/\/www.huggenberger.com\/fr\/wp-json\/wp\/v2\/types\/page"}],"author":[{"embeddable":true,"href":"https:\/\/www.huggenberger.com\/fr\/wp-json\/wp\/v2\/users\/3"}],"replies":[{"embeddable":true,"href":"https:\/\/www.huggenberger.com\/fr\/wp-json\/wp\/v2\/comments?post=1747"}],"version-history":[{"count":39,"href":"https:\/\/www.huggenberger.com\/fr\/wp-json\/wp\/v2\/pages\/1747\/revisions"}],"predecessor-version":[{"id":3266,"href":"https:\/\/www.huggenberger.com\/fr\/wp-json\/wp\/v2\/pages\/1747\/revisions\/3266"}],"up":[{"embeddable":true,"href":"https:\/\/www.huggenberger.com\/fr\/wp-json\/wp\/v2\/pages\/1623"}],"wp:featuredmedia":[{"embeddable":true,"href":"https:\/\/www.huggenberger.com\/fr\/wp-json\/wp\/v2\/media\/1788"}],"wp:attachment":[{"href":"https:\/\/www.huggenberger.com\/fr\/wp-json\/wp\/v2\/media?parent=1747"}],"curies":[{"name":"wp","href":"https:\/\/api.w.org\/{rel}","templated":true}]}}