{"id":2081,"date":"2022-04-06T08:49:53","date_gmt":"2022-04-06T08:49:53","guid":{"rendered":"https:\/\/www.huggenberger.com\/?page_id=2081"},"modified":"2023-02-14T10:07:35","modified_gmt":"2023-02-14T10:07:35","slug":"telelot-vdd2-3-v4","status":"publish","type":"page","link":"https:\/\/www.huggenberger.com\/fr\/products\/pendulum-measuring-system\/telelot-vdd2-3-v4\/","title":{"rendered":"Telelot VDD2-3 V4"},"content":{"rendered":"<div class=\"vc_row wpb_row vc_row-fluid bg-image-ps-inherit\"><div class=\"wpb_column vc_column_container vc_col-sm-12 vc_col-lg-4 vc_col-md-4 rm-padding-lg\"><div class=\"vc_column-inner vc_custom_1565687724699\"><div class=\"wpb_wrapper\"><div class=\"cms-download-layout1\">\r\n            <h3 class=\"el-title\">Download<\/h3>\r\n                <div class=\"cms-download-item\">\r\n            <a href=\"https:\/\/www.huggenberger.com\/wp-content\/uploads\/2022\/04\/Huggenberger_VDD_en.pdf\" target=\"_blank\">\r\n                <cite>EN - Telelot VDD2-3 V4<\/cite>\r\n                <span>PDF<\/span>\r\n            <\/a>\r\n        <\/div>\r\n            <div class=\"cms-download-item\">\r\n            <a href=\"https:\/\/www.huggenberger.com\/wp-content\/uploads\/2022\/04\/Huggenberger_VDD_de.pdf\" target=\"_blank\">\r\n                <cite>DE - Telelot VDD2-3 V4<\/cite>\r\n                <span>PDF<\/span>\r\n            <\/a>\r\n        <\/div>\r\n    <\/div><div class=\"vc_empty_space\"   style=\"height: 40px\"><span class=\"vc_empty_space_inner\"><\/span><\/div><div class=\"vc_separator wpb_content_element vc_separator_align_center vc_sep_width_100 vc_sep_pos_align_center vc_separator_no_text vc_sep_color_grey\" ><span class=\"vc_sep_holder vc_sep_holder_l\"><span  class=\"vc_sep_line\"><\/span><\/span><span class=\"vc_sep_holder vc_sep_holder_r\"><span  class=\"vc_sep_line\"><\/span><\/span>\r\n<\/div><div id=\"cms-heading\" class=\"cms-heading align-left align-left-md align-left-sm align-left-xs\">\r\n    \r\n    <div class=\"cms-inline-css\"  data-css=\"                    @media (min-width: 991px) and (max-width: 1199px) {                #cms-heading .cms-heading-tag {                                            font-size: 20px !important;                                                        }            }                            @media (min-width: 768px) and (max-width: 991px) {                #cms-heading .cms-heading-tag {                                            font-size: 20px !important;                                                        }            }                            @media screen and (max-width: 767px) {                #cms-heading .cms-heading-tag {                                            font-size: 20px !important;                                                        }            }                \">\r\n    <\/div>\r\n    \r\n        <h5 class=\"cms-heading-tag\" style=\"margin-top:0px;margin-bottom:20px;margin-left:0px;font-size:20px; \">\r\n                                    Related Case Studies                        <\/h5>\r\n            <\/div><div class=\"vc_btn3-container vc_btn3-inline vc_custom_1676368896508\" ><a class=\"vc_general vc_btn3 vc_btn3-size-sm vc_btn3-shape-square vc_btn3-style-flat vc_btn3-color-primary\" href=\"https:\/\/www.huggenberger.com\/fr\/case-study\/lesotho\/\" title=\"Lesotho, Katse Dam\" target=\"_blank\">Lesotho, Katse Dam<\/a><\/div><div class=\"vc_empty_space\"   style=\"height: 6px\"><span class=\"vc_empty_space_inner\"><\/span><\/div><div class=\"vc_btn3-container vc_btn3-inline vc_custom_1676368932440\" ><a class=\"vc_general vc_btn3 vc_btn3-size-sm vc_btn3-shape-square vc_btn3-style-flat vc_btn3-color-primary\" href=\"https:\/\/www.huggenberger.com\/fr\/case-study\/kariba-dam-rehabilitation-project\/\" title=\"Kariba Dam\" target=\"_blank\">Kariba Dam<\/a><\/div><div class=\"vc_empty_space\"   style=\"height: 6px\"><span class=\"vc_empty_space_inner\"><\/span><\/div><div class=\"vc_btn3-container vc_btn3-inline vc_custom_1676368950009\" ><a class=\"vc_general vc_btn3 vc_btn3-size-sm vc_btn3-shape-square vc_btn3-style-flat vc_btn3-color-primary\" href=\"https:\/\/www.huggenberger.com\/fr\/case-study\/sardar-sarovar-dam-rehabilitation-project\/\" title=\"Sardar Sarovar Dam\" target=\"_blank\">Sardar Sarovar Dam<\/a><\/div><\/div><\/div><\/div><div class=\"wpb_column vc_column_container vc_col-sm-12 vc_col-lg-8 vc_col-md-8 rm-padding-lg\"><div class=\"vc_column-inner vc_custom_1565687737685\"><div class=\"wpb_wrapper\"><div id=\"cms-heading-2\" class=\"cms-heading align-left align-left-md align-left-sm align-left-xs\">\r\n    \r\n    <div class=\"cms-inline-css\"  data-css=\"                    @media (min-width: 991px) and (max-width: 1199px) {                #cms-heading-2 .cms-heading-tag {                                            font-size: 24px !important;                                                        }            }                            @media (min-width: 768px) and (max-width: 991px) {                #cms-heading-2 .cms-heading-tag {                                            font-size: 24px !important;                                                        }            }                            @media screen and (max-width: 767px) {                #cms-heading-2 .cms-heading-tag {                                            font-size: 24px !important;                                                        }            }                \">\r\n    <\/div>\r\n    \r\n        <h3 class=\"cms-heading-tag\" style=\"margin-bottom:17px;font-size:24px; \">\r\n                                    Application                        <\/h3>\r\n            <\/div><div class=\"vc_empty_space\"   style=\"height: 10px\"><span class=\"vc_empty_space_inner\"><\/span><\/div><div class=\"cms-text-block1 text-left  fw-400\" style=\"font-size:16px;line-height:26px;\">\r\n    <p>Le Telelot VDDxx mesure automatiquement, sans contact et en continu les coordonn\u00e9es du fil de pendule dans une plage de 150 x 60 mm.<\/p>\n<\/div><div class=\"vc_empty_space\"   style=\"height: 40px\"><span class=\"vc_empty_space_inner\"><\/span><\/div><div id=\"cms-heading-3\" class=\"cms-heading align-left align-left-md align-left-sm align-left-xs\">\r\n    \r\n    <div class=\"cms-inline-css\"  data-css=\"                    @media (min-width: 991px) and (max-width: 1199px) {                #cms-heading-3 .cms-heading-tag {                                            font-size: 24px !important;                                                        }            }                            @media (min-width: 768px) and (max-width: 991px) {                #cms-heading-3 .cms-heading-tag {                                            font-size: 24px !important;                                                        }            }                            @media screen and (max-width: 767px) {                #cms-heading-3 .cms-heading-tag {                                            font-size: 24px !important;                                                        }            }                \">\r\n    <\/div>\r\n    \r\n        <h3 class=\"cms-heading-tag\" style=\"margin-bottom:17px;font-size:24px; \">\r\n                                    Description                        <\/h3>\r\n            <\/div><div class=\"cms-text-block1 text-left  fw-400\" style=\"font-size:16px;line-height:26px;\">\r\n    <p>Le Telelot est install\u00e9 dans un bo\u00eetier \u00e9tanche aux projections d'eau et r\u00e9sistant \u00e0 la corrosion. Les diodes et les capteurs d'ombre sont prot\u00e9g\u00e9s des influences ext\u00e9rieures, sans lentilles optiques. Un syst\u00e8me de chauffage interne emp\u00eache la condensation \u00e0 l'int\u00e9rieur de l'instrument.<\/p>\n<p>Les sources lumineuses cr\u00e9ent une ombre sur le fil du pendule, d\u00e9tect\u00e9e par des capteurs de luminosit\u00e9. La position exacte du fil du pendule est d\u00e9termin\u00e9e \u00e0 partir de la position des sources lumineuses et des points focaux de l'ombre.<\/p>\n<p>L'instrument s'installe sans d\u00e9monter aucune pi\u00e8ce du syst\u00e8me de pendule. L'installation et l'alignement sont faciles gr\u00e2ce au syst\u00e8me de support universel.<\/p>\n<p>L'instrument est livr\u00e9 avec des sorties num\u00e9riques et analogiques. La configuration s'effectue depuis un PC via l'interface RS232. Tous les c\u00e2bles de connexion sont branch\u00e9s sur des connecteurs sp\u00e9ciaux situ\u00e9s sur la face inf\u00e9rieure de l'instrument.<\/p>\n<\/div><div class=\"vc_empty_space\"   style=\"height: 60px\"><span class=\"vc_empty_space_inner\"><\/span><\/div><div class=\"vc_separator wpb_content_element vc_separator_align_center vc_sep_width_100 vc_sep_pos_align_center vc_separator_no_text vc_sep_color_grey\" ><span class=\"vc_sep_holder vc_sep_holder_l\"><span  class=\"vc_sep_line\"><\/span><\/span><span class=\"vc_sep_holder vc_sep_holder_r\"><span  class=\"vc_sep_line\"><\/span><\/span>\r\n<\/div>\r\n<div class=\"vc_grid-container-wrapper vc_clearfix\">\r\n\t<div class=\"vc_grid-container vc_clearfix wpb_content_element vc_masonry_media_grid\" data-initial-loading-animation=\"zoomIn\" data-vc-grid-settings=\"{&quot;page_id&quot;:2081,&quot;style&quot;:&quot;all-masonry&quot;,&quot;action&quot;:&quot;vc_get_vc_grid_data&quot;,&quot;shortcode_id&quot;:&quot;1676369229016-351454f0654cd913296d804862af00da-2&quot;,&quot;tag&quot;:&quot;vc_masonry_media_grid&quot;}\" data-vc-request=\"https:\/\/www.huggenberger.com\/wp-admin\/admin-ajax.php\" data-vc-post-id=\"2081\" data-vc-public-nonce=\"23aded92f2\">\r\n\t\t\r\n\t<\/div>\r\n<\/div><\/div><\/div><\/div><\/div>","protected":false},"excerpt":{"rendered":"Download EN - Telelot VDD2-3 V4 PDF DE - Telelot VDD2-3 V4 PDF Related Case Studies Lesotho, Katse DamKariba DamSardar Sarovar Dam Application The Telelot VDDxx measures automatically, contactless and continuously the pendulum wire coordinates within a range of 150 x 60 mm. Description The Telelot is installed in a splashproof and corrosion-resistant housing. Diodes [...]","protected":false},"author":3,"featured_media":1724,"parent":1700,"menu_order":0,"comment_status":"closed","ping_status":"closed","template":"","meta":{"footnotes":""},"class_list":["post-2081","page","type-page","status-publish","has-post-thumbnail","hentry"],"yoast_head":"<!-- This site is optimized with the Yoast SEO plugin v27.4 - https:\/\/yoast.com\/product\/yoast-seo-wordpress\/ -->\n<title>Telelot VDD2-3 V4 - Huggenberger<\/title>\n<meta name=\"description\" content=\"The Telelot VDD2-3 V4 measures automatically, contactless and continuously the pendulum wire coordinates within a range of 150 x 60 mm.\" \/>\n<meta name=\"robots\" content=\"index, follow, max-snippet:-1, max-image-preview:large, max-video-preview:-1\" \/>\n<link rel=\"canonical\" href=\"https:\/\/www.huggenberger.com\/fr\/products\/pendulum-measuring-system\/telelot-vdd2-3-v4\/\" \/>\n<meta property=\"og:locale\" content=\"fr_FR\" \/>\n<meta property=\"og:type\" content=\"article\" \/>\n<meta property=\"og:title\" content=\"Telelot VDD2-3 V4 - Huggenberger\" \/>\n<meta property=\"og:description\" content=\"The Telelot VDD2-3 V4 measures automatically, contactless and continuously the pendulum wire coordinates within a range of 150 x 60 mm.\" \/>\n<meta property=\"og:url\" content=\"https:\/\/www.huggenberger.com\/fr\/products\/pendulum-measuring-system\/telelot-vdd2-3-v4\/\" \/>\n<meta property=\"og:site_name\" content=\"Huggenberger\" \/>\n<meta property=\"article:modified_time\" content=\"2023-02-14T10:07:35+00:00\" \/>\n<meta property=\"og:image\" content=\"https:\/\/www.huggenberger.com\/wp-content\/uploads\/2022\/04\/VDD2V4_1.jpg\" \/>\n\t<meta property=\"og:image:width\" content=\"800\" \/>\n\t<meta property=\"og:image:height\" content=\"600\" \/>\n\t<meta property=\"og:image:type\" content=\"image\/jpeg\" \/>\n<meta name=\"twitter:card\" content=\"summary_large_image\" \/>\n<meta name=\"twitter:label1\" content=\"Dur\u00e9e de lecture estim\u00e9e\" \/>\n\t<meta name=\"twitter:data1\" content=\"3 minutes\" \/>\n<script type=\"application\/ld+json\" class=\"yoast-schema-graph\">{\"@context\":\"https:\\\/\\\/schema.org\",\"@graph\":[{\"@type\":\"WebPage\",\"@id\":\"https:\\\/\\\/www.huggenberger.com\\\/products\\\/pendulum-measuring-system\\\/telelot-vdd2-3-v4\\\/\",\"url\":\"https:\\\/\\\/www.huggenberger.com\\\/products\\\/pendulum-measuring-system\\\/telelot-vdd2-3-v4\\\/\",\"name\":\"Telelot VDD2-3 V4 - Huggenberger\",\"isPartOf\":{\"@id\":\"https:\\\/\\\/www.huggenberger.com\\\/#website\"},\"primaryImageOfPage\":{\"@id\":\"https:\\\/\\\/www.huggenberger.com\\\/products\\\/pendulum-measuring-system\\\/telelot-vdd2-3-v4\\\/#primaryimage\"},\"image\":{\"@id\":\"https:\\\/\\\/www.huggenberger.com\\\/products\\\/pendulum-measuring-system\\\/telelot-vdd2-3-v4\\\/#primaryimage\"},\"thumbnailUrl\":\"https:\\\/\\\/www.huggenberger.com\\\/wp-content\\\/uploads\\\/2022\\\/04\\\/VDD2V4_1.jpg\",\"datePublished\":\"2022-04-06T08:49:53+00:00\",\"dateModified\":\"2023-02-14T10:07:35+00:00\",\"description\":\"The Telelot VDD2-3 V4 measures automatically, contactless and continuously the pendulum wire coordinates within a range of 150 x 60 mm.\",\"breadcrumb\":{\"@id\":\"https:\\\/\\\/www.huggenberger.com\\\/products\\\/pendulum-measuring-system\\\/telelot-vdd2-3-v4\\\/#breadcrumb\"},\"inLanguage\":\"fr-FR\",\"potentialAction\":[{\"@type\":\"ReadAction\",\"target\":[\"https:\\\/\\\/www.huggenberger.com\\\/products\\\/pendulum-measuring-system\\\/telelot-vdd2-3-v4\\\/\"]}]},{\"@type\":\"ImageObject\",\"inLanguage\":\"fr-FR\",\"@id\":\"https:\\\/\\\/www.huggenberger.com\\\/products\\\/pendulum-measuring-system\\\/telelot-vdd2-3-v4\\\/#primaryimage\",\"url\":\"https:\\\/\\\/www.huggenberger.com\\\/wp-content\\\/uploads\\\/2022\\\/04\\\/VDD2V4_1.jpg\",\"contentUrl\":\"https:\\\/\\\/www.huggenberger.com\\\/wp-content\\\/uploads\\\/2022\\\/04\\\/VDD2V4_1.jpg\",\"width\":800,\"height\":600},{\"@type\":\"BreadcrumbList\",\"@id\":\"https:\\\/\\\/www.huggenberger.com\\\/products\\\/pendulum-measuring-system\\\/telelot-vdd2-3-v4\\\/#breadcrumb\",\"itemListElement\":[{\"@type\":\"ListItem\",\"position\":1,\"name\":\"Home\",\"item\":\"https:\\\/\\\/www.huggenberger.com\\\/\"},{\"@type\":\"ListItem\",\"position\":2,\"name\":\"Products\",\"item\":\"https:\\\/\\\/www.huggenberger.com\\\/products\\\/\"},{\"@type\":\"ListItem\",\"position\":3,\"name\":\"Pendulum Measuring System\",\"item\":\"https:\\\/\\\/www.huggenberger.com\\\/products\\\/pendulum-measuring-system\\\/\"},{\"@type\":\"ListItem\",\"position\":4,\"name\":\"Telelot VDD2-3 V4\"}]},{\"@type\":\"WebSite\",\"@id\":\"https:\\\/\\\/www.huggenberger.com\\\/#website\",\"url\":\"https:\\\/\\\/www.huggenberger.com\\\/\",\"name\":\"Huggenberger\",\"description\":\"Physical security monitoring of engineering structures\",\"publisher\":{\"@id\":\"https:\\\/\\\/www.huggenberger.com\\\/#organization\"},\"potentialAction\":[{\"@type\":\"SearchAction\",\"target\":{\"@type\":\"EntryPoint\",\"urlTemplate\":\"https:\\\/\\\/www.huggenberger.com\\\/?s={search_term_string}\"},\"query-input\":{\"@type\":\"PropertyValueSpecification\",\"valueRequired\":true,\"valueName\":\"search_term_string\"}}],\"inLanguage\":\"fr-FR\"},{\"@type\":\"Organization\",\"@id\":\"https:\\\/\\\/www.huggenberger.com\\\/#organization\",\"name\":\"HUGGENBERGER AG\",\"url\":\"https:\\\/\\\/www.huggenberger.com\\\/\",\"logo\":{\"@type\":\"ImageObject\",\"inLanguage\":\"fr-FR\",\"@id\":\"https:\\\/\\\/www.huggenberger.com\\\/#\\\/schema\\\/logo\\\/image\\\/\",\"url\":\"https:\\\/\\\/www.huggenberger.com\\\/wp-content\\\/uploads\\\/2022\\\/06\\\/Huggenberger-Logo_Claim-E.webp\",\"contentUrl\":\"https:\\\/\\\/www.huggenberger.com\\\/wp-content\\\/uploads\\\/2022\\\/06\\\/Huggenberger-Logo_Claim-E.webp\",\"width\":407,\"height\":63,\"caption\":\"HUGGENBERGER AG\"},\"image\":{\"@id\":\"https:\\\/\\\/www.huggenberger.com\\\/#\\\/schema\\\/logo\\\/image\\\/\"},\"sameAs\":[\"https:\\\/\\\/www.linkedin.com\\\/company\\\/huggenberger-ag\\\/\"]}]}<\/script>\n<!-- \/ Yoast SEO plugin. -->","yoast_head_json":{"title":"Telelot VDD2-3 V4 - Huggenberger","description":"The Telelot VDD2-3 V4 measures automatically, contactless and continuously the pendulum wire coordinates within a range of 150 x 60 mm.","robots":{"index":"index","follow":"follow","max-snippet":"max-snippet:-1","max-image-preview":"max-image-preview:large","max-video-preview":"max-video-preview:-1"},"canonical":"https:\/\/www.huggenberger.com\/fr\/products\/pendulum-measuring-system\/telelot-vdd2-3-v4\/","og_locale":"fr_FR","og_type":"article","og_title":"Telelot VDD2-3 V4 - Huggenberger","og_description":"The Telelot VDD2-3 V4 measures automatically, contactless and continuously the pendulum wire coordinates within a range of 150 x 60 mm.","og_url":"https:\/\/www.huggenberger.com\/fr\/products\/pendulum-measuring-system\/telelot-vdd2-3-v4\/","og_site_name":"Huggenberger","article_modified_time":"2023-02-14T10:07:35+00:00","og_image":[{"width":800,"height":600,"url":"https:\/\/www.huggenberger.com\/wp-content\/uploads\/2022\/04\/VDD2V4_1.jpg","type":"image\/jpeg"}],"twitter_card":"summary_large_image","twitter_misc":{"Dur\u00e9e de lecture estim\u00e9e":"3 minutes"},"schema":{"@context":"https:\/\/schema.org","@graph":[{"@type":"WebPage","@id":"https:\/\/www.huggenberger.com\/products\/pendulum-measuring-system\/telelot-vdd2-3-v4\/","url":"https:\/\/www.huggenberger.com\/products\/pendulum-measuring-system\/telelot-vdd2-3-v4\/","name":"Telelot VDD2-3 V4 - Huggenberger","isPartOf":{"@id":"https:\/\/www.huggenberger.com\/#website"},"primaryImageOfPage":{"@id":"https:\/\/www.huggenberger.com\/products\/pendulum-measuring-system\/telelot-vdd2-3-v4\/#primaryimage"},"image":{"@id":"https:\/\/www.huggenberger.com\/products\/pendulum-measuring-system\/telelot-vdd2-3-v4\/#primaryimage"},"thumbnailUrl":"https:\/\/www.huggenberger.com\/wp-content\/uploads\/2022\/04\/VDD2V4_1.jpg","datePublished":"2022-04-06T08:49:53+00:00","dateModified":"2023-02-14T10:07:35+00:00","description":"The Telelot VDD2-3 V4 measures automatically, contactless and continuously the pendulum wire coordinates within a range of 150 x 60 mm.","breadcrumb":{"@id":"https:\/\/www.huggenberger.com\/products\/pendulum-measuring-system\/telelot-vdd2-3-v4\/#breadcrumb"},"inLanguage":"fr-FR","potentialAction":[{"@type":"ReadAction","target":["https:\/\/www.huggenberger.com\/products\/pendulum-measuring-system\/telelot-vdd2-3-v4\/"]}]},{"@type":"ImageObject","inLanguage":"fr-FR","@id":"https:\/\/www.huggenberger.com\/products\/pendulum-measuring-system\/telelot-vdd2-3-v4\/#primaryimage","url":"https:\/\/www.huggenberger.com\/wp-content\/uploads\/2022\/04\/VDD2V4_1.jpg","contentUrl":"https:\/\/www.huggenberger.com\/wp-content\/uploads\/2022\/04\/VDD2V4_1.jpg","width":800,"height":600},{"@type":"BreadcrumbList","@id":"https:\/\/www.huggenberger.com\/products\/pendulum-measuring-system\/telelot-vdd2-3-v4\/#breadcrumb","itemListElement":[{"@type":"ListItem","position":1,"name":"Home","item":"https:\/\/www.huggenberger.com\/"},{"@type":"ListItem","position":2,"name":"Products","item":"https:\/\/www.huggenberger.com\/products\/"},{"@type":"ListItem","position":3,"name":"Pendulum Measuring System","item":"https:\/\/www.huggenberger.com\/products\/pendulum-measuring-system\/"},{"@type":"ListItem","position":4,"name":"Telelot VDD2-3 V4"}]},{"@type":"WebSite","@id":"https:\/\/www.huggenberger.com\/#website","url":"https:\/\/www.huggenberger.com\/","name":"Huggenberger","description":"Physical security monitoring of engineering structures","publisher":{"@id":"https:\/\/www.huggenberger.com\/#organization"},"potentialAction":[{"@type":"SearchAction","target":{"@type":"EntryPoint","urlTemplate":"https:\/\/www.huggenberger.com\/?s={search_term_string}"},"query-input":{"@type":"PropertyValueSpecification","valueRequired":true,"valueName":"search_term_string"}}],"inLanguage":"fr-FR"},{"@type":"Organization","@id":"https:\/\/www.huggenberger.com\/#organization","name":"HUGGENBERGER AG","url":"https:\/\/www.huggenberger.com\/","logo":{"@type":"ImageObject","inLanguage":"fr-FR","@id":"https:\/\/www.huggenberger.com\/#\/schema\/logo\/image\/","url":"https:\/\/www.huggenberger.com\/wp-content\/uploads\/2022\/06\/Huggenberger-Logo_Claim-E.webp","contentUrl":"https:\/\/www.huggenberger.com\/wp-content\/uploads\/2022\/06\/Huggenberger-Logo_Claim-E.webp","width":407,"height":63,"caption":"HUGGENBERGER AG"},"image":{"@id":"https:\/\/www.huggenberger.com\/#\/schema\/logo\/image\/"},"sameAs":["https:\/\/www.linkedin.com\/company\/huggenberger-ag\/"]}]}},"_links":{"self":[{"href":"https:\/\/www.huggenberger.com\/fr\/wp-json\/wp\/v2\/pages\/2081","targetHints":{"allow":["GET"]}}],"collection":[{"href":"https:\/\/www.huggenberger.com\/fr\/wp-json\/wp\/v2\/pages"}],"about":[{"href":"https:\/\/www.huggenberger.com\/fr\/wp-json\/wp\/v2\/types\/page"}],"author":[{"embeddable":true,"href":"https:\/\/www.huggenberger.com\/fr\/wp-json\/wp\/v2\/users\/3"}],"replies":[{"embeddable":true,"href":"https:\/\/www.huggenberger.com\/fr\/wp-json\/wp\/v2\/comments?post=2081"}],"version-history":[{"count":12,"href":"https:\/\/www.huggenberger.com\/fr\/wp-json\/wp\/v2\/pages\/2081\/revisions"}],"predecessor-version":[{"id":3496,"href":"https:\/\/www.huggenberger.com\/fr\/wp-json\/wp\/v2\/pages\/2081\/revisions\/3496"}],"up":[{"embeddable":true,"href":"https:\/\/www.huggenberger.com\/fr\/wp-json\/wp\/v2\/pages\/1700"}],"wp:featuredmedia":[{"embeddable":true,"href":"https:\/\/www.huggenberger.com\/fr\/wp-json\/wp\/v2\/media\/1724"}],"wp:attachment":[{"href":"https:\/\/www.huggenberger.com\/fr\/wp-json\/wp\/v2\/media?parent=2081"}],"curies":[{"name":"wp","href":"https:\/\/api.w.org\/{rel}","templated":true}]}}