{"id":2186,"date":"2022-04-06T10:16:07","date_gmt":"2022-04-06T10:16:07","guid":{"rendered":"https:\/\/www.huggenberger.com\/?page_id=2186"},"modified":"2023-02-14T10:28:30","modified_gmt":"2023-02-14T10:28:30","slug":"deformeter-edu","status":"publish","type":"page","link":"https:\/\/www.huggenberger.com\/fr\/products\/strain-changes-in-length-and-settlement\/deformeter-edu\/","title":{"rendered":"Deformeter EDU"},"content":{"rendered":"<div class=\"vc_row wpb_row vc_row-fluid bg-image-ps-inherit\"><div class=\"wpb_column vc_column_container vc_col-sm-12 vc_col-lg-4 vc_col-md-4 rm-padding-lg\"><div class=\"vc_column-inner vc_custom_1565687724699\"><div class=\"wpb_wrapper\"><div class=\"cms-download-layout1\">\r\n            <h3 class=\"el-title\">Download<\/h3>\r\n                <div class=\"cms-download-item\">\r\n            <a href=\"https:\/\/www.huggenberger.com\/wp-content\/uploads\/2022\/04\/Huggenberger_EDU_en.pdf\" target=\"_blank\">\r\n                <cite>EN - Deformeter EDU <\/cite>\r\n                <span>PDF<\/span>\r\n            <\/a>\r\n        <\/div>\r\n            <div class=\"cms-download-item\">\r\n            <a href=\"https:\/\/www.huggenberger.com\/wp-content\/uploads\/2022\/04\/Huggenberger_EDU_de.pdf\" target=\"_blank\">\r\n                <cite>DE - Deformeter EDU <\/cite>\r\n                <span>PDF<\/span>\r\n            <\/a>\r\n        <\/div>\r\n    <\/div><div class=\"vc_empty_space\"   style=\"height: 40px\"><span class=\"vc_empty_space_inner\"><\/span><\/div><div class=\"vc_separator wpb_content_element vc_separator_align_center vc_sep_width_100 vc_sep_pos_align_center vc_separator_no_text vc_sep_color_grey\" ><span class=\"vc_sep_holder vc_sep_holder_l\"><span  class=\"vc_sep_line\"><\/span><\/span><span class=\"vc_sep_holder vc_sep_holder_r\"><span  class=\"vc_sep_line\"><\/span><\/span>\r\n<\/div><\/div><\/div><\/div><div class=\"wpb_column vc_column_container vc_col-sm-12 vc_col-lg-8 vc_col-md-8 rm-padding-lg\"><div class=\"vc_column-inner vc_custom_1565687737685\"><div class=\"wpb_wrapper\"><div id=\"cms-heading\" class=\"cms-heading align-left align-left-md align-left-sm align-left-xs\">\r\n    \r\n    <div class=\"cms-inline-css\"  data-css=\"                    @media (min-width: 991px) and (max-width: 1199px) {                #cms-heading .cms-heading-tag {                                            font-size: 24px !important;                                                        }            }                            @media (min-width: 768px) and (max-width: 991px) {                #cms-heading .cms-heading-tag {                                            font-size: 24px !important;                                                        }            }                            @media screen and (max-width: 767px) {                #cms-heading .cms-heading-tag {                                            font-size: 24px !important;                                                        }            }                \">\r\n    <\/div>\r\n    \r\n        <h3 class=\"cms-heading-tag\" style=\"margin-bottom:17px;font-size:24px; \">\r\n                                    Application                        <\/h3>\r\n            <\/div><div class=\"vc_empty_space\"   style=\"height: 21px\"><span class=\"vc_empty_space_inner\"><\/span><\/div><div class=\"cms-text-block1 text-left  fw-400\" style=\"font-size:16px;line-height:26px;\">\r\n    <p>Le Deformeter EDU est un extensom\u00e8tre de pr\u00e9cision avec une base de mesure de 250 ou 500 mm pour la construction m\u00e9canique, les travaux souterrains et les b\u00e2timents, ainsi que pour les applications g\u00e9ophysiques. Il permet de mesurer statiquement les extensions, les d\u00e9placements et les variations de largeur des fissures.<\/p>\n<\/div><div class=\"vc_separator wpb_content_element vc_separator_align_center vc_sep_width_100 vc_sep_pos_align_center vc_separator_no_text vc_sep_color_grey\" ><span class=\"vc_sep_holder vc_sep_holder_l\"><span  class=\"vc_sep_line\"><\/span><\/span><span class=\"vc_sep_holder vc_sep_holder_r\"><span  class=\"vc_sep_line\"><\/span><\/span>\r\n<\/div>\r\n<div class=\"vc_grid-container-wrapper vc_clearfix\">\r\n\t<div class=\"vc_grid-container vc_clearfix wpb_content_element vc_masonry_media_grid\" data-initial-loading-animation=\"zoomIn\" data-vc-grid-settings=\"{&quot;page_id&quot;:2186,&quot;style&quot;:&quot;all-masonry&quot;,&quot;action&quot;:&quot;vc_get_vc_grid_data&quot;,&quot;shortcode_id&quot;:&quot;1676370518447-087436bc00654ef05aa0f72adc020830-1&quot;,&quot;tag&quot;:&quot;vc_masonry_media_grid&quot;}\" data-vc-request=\"https:\/\/www.huggenberger.com\/wp-admin\/admin-ajax.php\" data-vc-post-id=\"2186\" data-vc-public-nonce=\"0bf98ef5fa\">\r\n\t\t\r\n\t<\/div>\r\n<\/div><\/div><\/div><\/div><\/div>","protected":false},"excerpt":{"rendered":"Download EN - Deformeter EDU PDF DE - Deformeter EDU PDF Application The Deformeter EDU is a precision strain meter with 250 or 500 mm measuring base for mechanical engineering, underground and building constructions as well as geophysical applications. It serves for static measuring of extensions, displacements and changes in width of cracks.","protected":false},"author":3,"featured_media":2410,"parent":2334,"menu_order":0,"comment_status":"closed","ping_status":"closed","template":"","meta":{"footnotes":""},"class_list":["post-2186","page","type-page","status-publish","has-post-thumbnail","hentry"],"yoast_head":"<!-- This site is optimized with the Yoast SEO plugin v27.5 - https:\/\/yoast.com\/product\/yoast-seo-wordpress\/ -->\n<title>Deformeter EDU - Huggenberger<\/title>\n<meta name=\"robots\" content=\"index, follow, max-snippet:-1, max-image-preview:large, max-video-preview:-1\" \/>\n<link rel=\"canonical\" href=\"https:\/\/www.huggenberger.com\/fr\/products\/strain-changes-in-length-and-settlement\/deformeter-edu\/\" \/>\n<meta property=\"og:locale\" content=\"fr_FR\" \/>\n<meta property=\"og:type\" content=\"article\" \/>\n<meta property=\"og:title\" content=\"Deformeter EDU - Huggenberger\" \/>\n<meta property=\"og:url\" content=\"https:\/\/www.huggenberger.com\/fr\/products\/strain-changes-in-length-and-settlement\/deformeter-edu\/\" \/>\n<meta property=\"og:site_name\" content=\"Huggenberger\" \/>\n<meta property=\"article:modified_time\" content=\"2023-02-14T10:28:30+00:00\" \/>\n<meta property=\"og:image\" content=\"https:\/\/www.huggenberger.com\/wp-content\/uploads\/2022\/04\/2.6-Deformeter-EDU.jpg\" \/>\n\t<meta property=\"og:image:width\" content=\"600\" \/>\n\t<meta property=\"og:image:height\" content=\"600\" \/>\n\t<meta property=\"og:image:type\" content=\"image\/jpeg\" \/>\n<meta name=\"twitter:card\" content=\"summary_large_image\" \/>\n<meta name=\"twitter:label1\" content=\"Dur\u00e9e de lecture estim\u00e9e\" \/>\n\t<meta name=\"twitter:data1\" content=\"1 minute\" \/>\n<script type=\"application\/ld+json\" class=\"yoast-schema-graph\">{\"@context\":\"https:\\\/\\\/schema.org\",\"@graph\":[{\"@type\":\"WebPage\",\"@id\":\"https:\\\/\\\/www.huggenberger.com\\\/products\\\/strain-changes-in-length-and-settlement\\\/deformeter-edu\\\/\",\"url\":\"https:\\\/\\\/www.huggenberger.com\\\/products\\\/strain-changes-in-length-and-settlement\\\/deformeter-edu\\\/\",\"name\":\"Deformeter EDU - Huggenberger\",\"isPartOf\":{\"@id\":\"https:\\\/\\\/www.huggenberger.com\\\/#website\"},\"primaryImageOfPage\":{\"@id\":\"https:\\\/\\\/www.huggenberger.com\\\/products\\\/strain-changes-in-length-and-settlement\\\/deformeter-edu\\\/#primaryimage\"},\"image\":{\"@id\":\"https:\\\/\\\/www.huggenberger.com\\\/products\\\/strain-changes-in-length-and-settlement\\\/deformeter-edu\\\/#primaryimage\"},\"thumbnailUrl\":\"https:\\\/\\\/www.huggenberger.com\\\/wp-content\\\/uploads\\\/2022\\\/04\\\/2.6-Deformeter-EDU.jpg\",\"datePublished\":\"2022-04-06T10:16:07+00:00\",\"dateModified\":\"2023-02-14T10:28:30+00:00\",\"breadcrumb\":{\"@id\":\"https:\\\/\\\/www.huggenberger.com\\\/products\\\/strain-changes-in-length-and-settlement\\\/deformeter-edu\\\/#breadcrumb\"},\"inLanguage\":\"fr-FR\",\"potentialAction\":[{\"@type\":\"ReadAction\",\"target\":[\"https:\\\/\\\/www.huggenberger.com\\\/products\\\/strain-changes-in-length-and-settlement\\\/deformeter-edu\\\/\"]}]},{\"@type\":\"ImageObject\",\"inLanguage\":\"fr-FR\",\"@id\":\"https:\\\/\\\/www.huggenberger.com\\\/products\\\/strain-changes-in-length-and-settlement\\\/deformeter-edu\\\/#primaryimage\",\"url\":\"https:\\\/\\\/www.huggenberger.com\\\/wp-content\\\/uploads\\\/2022\\\/04\\\/2.6-Deformeter-EDU.jpg\",\"contentUrl\":\"https:\\\/\\\/www.huggenberger.com\\\/wp-content\\\/uploads\\\/2022\\\/04\\\/2.6-Deformeter-EDU.jpg\",\"width\":600,\"height\":600},{\"@type\":\"BreadcrumbList\",\"@id\":\"https:\\\/\\\/www.huggenberger.com\\\/products\\\/strain-changes-in-length-and-settlement\\\/deformeter-edu\\\/#breadcrumb\",\"itemListElement\":[{\"@type\":\"ListItem\",\"position\":1,\"name\":\"Home\",\"item\":\"https:\\\/\\\/www.huggenberger.com\\\/\"},{\"@type\":\"ListItem\",\"position\":2,\"name\":\"Products\",\"item\":\"https:\\\/\\\/www.huggenberger.com\\\/products\\\/\"},{\"@type\":\"ListItem\",\"position\":3,\"name\":\"Strain, Changes in Length and Settlement\",\"item\":\"https:\\\/\\\/www.huggenberger.com\\\/products\\\/strain-changes-in-length-and-settlement\\\/\"},{\"@type\":\"ListItem\",\"position\":4,\"name\":\"Deformeter EDU\"}]},{\"@type\":\"WebSite\",\"@id\":\"https:\\\/\\\/www.huggenberger.com\\\/#website\",\"url\":\"https:\\\/\\\/www.huggenberger.com\\\/\",\"name\":\"Huggenberger\",\"description\":\"Physical security monitoring of engineering structures\",\"publisher\":{\"@id\":\"https:\\\/\\\/www.huggenberger.com\\\/#organization\"},\"potentialAction\":[{\"@type\":\"SearchAction\",\"target\":{\"@type\":\"EntryPoint\",\"urlTemplate\":\"https:\\\/\\\/www.huggenberger.com\\\/?s={search_term_string}\"},\"query-input\":{\"@type\":\"PropertyValueSpecification\",\"valueRequired\":true,\"valueName\":\"search_term_string\"}}],\"inLanguage\":\"fr-FR\"},{\"@type\":\"Organization\",\"@id\":\"https:\\\/\\\/www.huggenberger.com\\\/#organization\",\"name\":\"HUGGENBERGER AG\",\"url\":\"https:\\\/\\\/www.huggenberger.com\\\/\",\"logo\":{\"@type\":\"ImageObject\",\"inLanguage\":\"fr-FR\",\"@id\":\"https:\\\/\\\/www.huggenberger.com\\\/#\\\/schema\\\/logo\\\/image\\\/\",\"url\":\"https:\\\/\\\/www.huggenberger.com\\\/wp-content\\\/uploads\\\/2022\\\/06\\\/Huggenberger-Logo_Claim-E.webp\",\"contentUrl\":\"https:\\\/\\\/www.huggenberger.com\\\/wp-content\\\/uploads\\\/2022\\\/06\\\/Huggenberger-Logo_Claim-E.webp\",\"width\":407,\"height\":63,\"caption\":\"HUGGENBERGER AG\"},\"image\":{\"@id\":\"https:\\\/\\\/www.huggenberger.com\\\/#\\\/schema\\\/logo\\\/image\\\/\"},\"sameAs\":[\"https:\\\/\\\/www.linkedin.com\\\/company\\\/huggenberger-ag\\\/\"]}]}<\/script>\n<!-- \/ Yoast SEO plugin. -->","yoast_head_json":{"title":"Deformeter EDU - Huggenberger","robots":{"index":"index","follow":"follow","max-snippet":"max-snippet:-1","max-image-preview":"max-image-preview:large","max-video-preview":"max-video-preview:-1"},"canonical":"https:\/\/www.huggenberger.com\/fr\/products\/strain-changes-in-length-and-settlement\/deformeter-edu\/","og_locale":"fr_FR","og_type":"article","og_title":"Deformeter EDU - Huggenberger","og_url":"https:\/\/www.huggenberger.com\/fr\/products\/strain-changes-in-length-and-settlement\/deformeter-edu\/","og_site_name":"Huggenberger","article_modified_time":"2023-02-14T10:28:30+00:00","og_image":[{"width":600,"height":600,"url":"https:\/\/www.huggenberger.com\/wp-content\/uploads\/2022\/04\/2.6-Deformeter-EDU.jpg","type":"image\/jpeg"}],"twitter_card":"summary_large_image","twitter_misc":{"Dur\u00e9e de lecture estim\u00e9e":"1 minute"},"schema":{"@context":"https:\/\/schema.org","@graph":[{"@type":"WebPage","@id":"https:\/\/www.huggenberger.com\/products\/strain-changes-in-length-and-settlement\/deformeter-edu\/","url":"https:\/\/www.huggenberger.com\/products\/strain-changes-in-length-and-settlement\/deformeter-edu\/","name":"Deformeter EDU - Huggenberger","isPartOf":{"@id":"https:\/\/www.huggenberger.com\/#website"},"primaryImageOfPage":{"@id":"https:\/\/www.huggenberger.com\/products\/strain-changes-in-length-and-settlement\/deformeter-edu\/#primaryimage"},"image":{"@id":"https:\/\/www.huggenberger.com\/products\/strain-changes-in-length-and-settlement\/deformeter-edu\/#primaryimage"},"thumbnailUrl":"https:\/\/www.huggenberger.com\/wp-content\/uploads\/2022\/04\/2.6-Deformeter-EDU.jpg","datePublished":"2022-04-06T10:16:07+00:00","dateModified":"2023-02-14T10:28:30+00:00","breadcrumb":{"@id":"https:\/\/www.huggenberger.com\/products\/strain-changes-in-length-and-settlement\/deformeter-edu\/#breadcrumb"},"inLanguage":"fr-FR","potentialAction":[{"@type":"ReadAction","target":["https:\/\/www.huggenberger.com\/products\/strain-changes-in-length-and-settlement\/deformeter-edu\/"]}]},{"@type":"ImageObject","inLanguage":"fr-FR","@id":"https:\/\/www.huggenberger.com\/products\/strain-changes-in-length-and-settlement\/deformeter-edu\/#primaryimage","url":"https:\/\/www.huggenberger.com\/wp-content\/uploads\/2022\/04\/2.6-Deformeter-EDU.jpg","contentUrl":"https:\/\/www.huggenberger.com\/wp-content\/uploads\/2022\/04\/2.6-Deformeter-EDU.jpg","width":600,"height":600},{"@type":"BreadcrumbList","@id":"https:\/\/www.huggenberger.com\/products\/strain-changes-in-length-and-settlement\/deformeter-edu\/#breadcrumb","itemListElement":[{"@type":"ListItem","position":1,"name":"Home","item":"https:\/\/www.huggenberger.com\/"},{"@type":"ListItem","position":2,"name":"Products","item":"https:\/\/www.huggenberger.com\/products\/"},{"@type":"ListItem","position":3,"name":"Strain, Changes in Length and Settlement","item":"https:\/\/www.huggenberger.com\/products\/strain-changes-in-length-and-settlement\/"},{"@type":"ListItem","position":4,"name":"Deformeter EDU"}]},{"@type":"WebSite","@id":"https:\/\/www.huggenberger.com\/#website","url":"https:\/\/www.huggenberger.com\/","name":"Huggenberger","description":"Physical security monitoring of engineering structures","publisher":{"@id":"https:\/\/www.huggenberger.com\/#organization"},"potentialAction":[{"@type":"SearchAction","target":{"@type":"EntryPoint","urlTemplate":"https:\/\/www.huggenberger.com\/?s={search_term_string}"},"query-input":{"@type":"PropertyValueSpecification","valueRequired":true,"valueName":"search_term_string"}}],"inLanguage":"fr-FR"},{"@type":"Organization","@id":"https:\/\/www.huggenberger.com\/#organization","name":"HUGGENBERGER AG","url":"https:\/\/www.huggenberger.com\/","logo":{"@type":"ImageObject","inLanguage":"fr-FR","@id":"https:\/\/www.huggenberger.com\/#\/schema\/logo\/image\/","url":"https:\/\/www.huggenberger.com\/wp-content\/uploads\/2022\/06\/Huggenberger-Logo_Claim-E.webp","contentUrl":"https:\/\/www.huggenberger.com\/wp-content\/uploads\/2022\/06\/Huggenberger-Logo_Claim-E.webp","width":407,"height":63,"caption":"HUGGENBERGER AG"},"image":{"@id":"https:\/\/www.huggenberger.com\/#\/schema\/logo\/image\/"},"sameAs":["https:\/\/www.linkedin.com\/company\/huggenberger-ag\/"]}]}},"_links":{"self":[{"href":"https:\/\/www.huggenberger.com\/fr\/wp-json\/wp\/v2\/pages\/2186","targetHints":{"allow":["GET"]}}],"collection":[{"href":"https:\/\/www.huggenberger.com\/fr\/wp-json\/wp\/v2\/pages"}],"about":[{"href":"https:\/\/www.huggenberger.com\/fr\/wp-json\/wp\/v2\/types\/page"}],"author":[{"embeddable":true,"href":"https:\/\/www.huggenberger.com\/fr\/wp-json\/wp\/v2\/users\/3"}],"replies":[{"embeddable":true,"href":"https:\/\/www.huggenberger.com\/fr\/wp-json\/wp\/v2\/comments?post=2186"}],"version-history":[{"count":8,"href":"https:\/\/www.huggenberger.com\/fr\/wp-json\/wp\/v2\/pages\/2186\/revisions"}],"predecessor-version":[{"id":3522,"href":"https:\/\/www.huggenberger.com\/fr\/wp-json\/wp\/v2\/pages\/2186\/revisions\/3522"}],"up":[{"embeddable":true,"href":"https:\/\/www.huggenberger.com\/fr\/wp-json\/wp\/v2\/pages\/2334"}],"wp:featuredmedia":[{"embeddable":true,"href":"https:\/\/www.huggenberger.com\/fr\/wp-json\/wp\/v2\/media\/2410"}],"wp:attachment":[{"href":"https:\/\/www.huggenberger.com\/fr\/wp-json\/wp\/v2\/media?parent=2186"}],"curies":[{"name":"wp","href":"https:\/\/api.w.org\/{rel}","templated":true}]}}