{"id":2201,"date":"2022-04-06T10:25:26","date_gmt":"2022-04-06T10:25:26","guid":{"rendered":"https:\/\/www.huggenberger.com\/?page_id=2201"},"modified":"2023-02-14T10:28:58","modified_gmt":"2023-02-14T10:28:58","slug":"water-level-gauge-kll","status":"publish","type":"page","link":"https:\/\/www.huggenberger.com\/fr\/products\/strain-changes-in-length-and-settlement\/water-level-gauge-kll\/","title":{"rendered":"Jauge de niveau d'eau KLL"},"content":{"rendered":"<div class=\"vc_row wpb_row vc_row-fluid bg-image-ps-inherit\"><div class=\"wpb_column vc_column_container vc_col-sm-12 vc_col-lg-4 vc_col-md-4 rm-padding-lg\"><div class=\"vc_column-inner vc_custom_1565687724699\"><div class=\"wpb_wrapper\"><div class=\"cms-download-layout1\">\r\n            <h3 class=\"el-title\">Download<\/h3>\r\n                <div class=\"cms-download-item\">\r\n            <a href=\"https:\/\/www.huggenberger.com\/wp-content\/uploads\/2022\/04\/Huggenberger_KLL_en.pdf\" target=\"_blank\">\r\n                <cite>EN - Water level gauge KLL<\/cite>\r\n                <span>PDF<\/span>\r\n            <\/a>\r\n        <\/div>\r\n            <div class=\"cms-download-item\">\r\n            <a href=\"https:\/\/www.huggenberger.com\/wp-content\/uploads\/2022\/04\/Huggenberger_KLL_de.pdf\" target=\"_blank\">\r\n                <cite>DE - Kabellichtlot KLL<\/cite>\r\n                <span>PDF<\/span>\r\n            <\/a>\r\n        <\/div>\r\n    <\/div><div class=\"vc_empty_space\"   style=\"height: 40px\"><span class=\"vc_empty_space_inner\"><\/span><\/div><div class=\"vc_separator wpb_content_element vc_separator_align_center vc_sep_width_100 vc_sep_pos_align_center vc_separator_no_text vc_sep_color_grey\" ><span class=\"vc_sep_holder vc_sep_holder_l\"><span  class=\"vc_sep_line\"><\/span><\/span><span class=\"vc_sep_holder vc_sep_holder_r\"><span  class=\"vc_sep_line\"><\/span><\/span>\r\n<\/div><\/div><\/div><\/div><div class=\"wpb_column vc_column_container vc_col-sm-12 vc_col-lg-8 vc_col-md-8 rm-padding-lg\"><div class=\"vc_column-inner vc_custom_1565687737685\"><div class=\"wpb_wrapper\"><div id=\"cms-heading\" class=\"cms-heading align-left align-left-md align-left-sm align-left-xs\">\r\n    \r\n    <div class=\"cms-inline-css\"  data-css=\"                    @media (min-width: 991px) and (max-width: 1199px) {                #cms-heading .cms-heading-tag {                                            font-size: 24px !important;                                                        }            }                            @media (min-width: 768px) and (max-width: 991px) {                #cms-heading .cms-heading-tag {                                            font-size: 24px !important;                                                        }            }                            @media screen and (max-width: 767px) {                #cms-heading .cms-heading-tag {                                            font-size: 24px !important;                                                        }            }                \">\r\n    <\/div>\r\n    \r\n        <h3 class=\"cms-heading-tag\" style=\"margin-bottom:17px;font-size:24px; \">\r\n                                    Application                        <\/h3>\r\n            <\/div><div class=\"vc_empty_space\"   style=\"height: 21px\"><span class=\"vc_empty_space_inner\"><\/span><\/div><div class=\"cms-text-block1 text-left  fw-400\" style=\"font-size:16px;line-height:26px;\">\r\n    <p>Le jaugeur de niveau d'eau \u00e9lectrique permet une mesure rapide et fiable du niveau d'eau dans les puits, les tubes d'observation et les forages \u00e9troits. La valeur mesur\u00e9e est directement lisible sur le c\u00e2ble de mesure. Les variations rapides du niveau d'eau (test de pompage) peuvent \u00eatre mesur\u00e9es en continu.<\/p>\n<\/div><div class=\"vc_empty_space\"   style=\"height: 21px\"><span class=\"vc_empty_space_inner\"><\/span><\/div><div id=\"cms-heading-2\" class=\"cms-heading align-left align-left-md align-left-sm align-left-xs\">\r\n    \r\n    <div class=\"cms-inline-css\"  data-css=\"                    @media (min-width: 991px) and (max-width: 1199px) {                #cms-heading-2 .cms-heading-tag {                                            font-size: 24px !important;                                                        }            }                            @media (min-width: 768px) and (max-width: 991px) {                #cms-heading-2 .cms-heading-tag {                                            font-size: 24px !important;                                                        }            }                            @media screen and (max-width: 767px) {                #cms-heading-2 .cms-heading-tag {                                            font-size: 24px !important;                                                        }            }                \">\r\n    <\/div>\r\n    \r\n        <h3 class=\"cms-heading-tag\" style=\"margin-bottom:17px;font-size:24px; \">\r\n                                    Description                        <\/h3>\r\n            <\/div><div class=\"cms-text-block1 text-left  fw-400\" style=\"font-size:16px;line-height:26px;\">\r\n    <p>Si la pointe du capteur (point z\u00e9ro) touche la surface de l'eau, un signal lumineux et acoustique s'activent au niveau du touret. Toute erreur de mesure est impossible, car le contact ne peut se faire qu'en touchant la surface de l'eau. En soulevant et en abaissant l\u00e9g\u00e8rement le c\u00e2ble, le signal s'\u00e9teint et se rallume, permettant ainsi de d\u00e9terminer le niveau d'eau exact. La profondeur de mesure est directement lisible sur le c\u00e2ble, en m et en cm.<\/p>\n<\/div><div class=\"vc_empty_space\"   style=\"height: 60px\"><span class=\"vc_empty_space_inner\"><\/span><\/div><div class=\"vc_separator wpb_content_element vc_separator_align_center vc_sep_width_100 vc_sep_pos_align_center vc_separator_no_text vc_sep_color_grey\" ><span class=\"vc_sep_holder vc_sep_holder_l\"><span  class=\"vc_sep_line\"><\/span><\/span><span class=\"vc_sep_holder vc_sep_holder_r\"><span  class=\"vc_sep_line\"><\/span><\/span>\r\n<\/div>\r\n<div class=\"vc_grid-container-wrapper vc_clearfix\">\r\n\t<div class=\"vc_grid-container vc_clearfix wpb_content_element vc_masonry_media_grid\" data-initial-loading-animation=\"zoomIn\" data-vc-grid-settings=\"{&quot;page_id&quot;:2201,&quot;style&quot;:&quot;all-masonry&quot;,&quot;action&quot;:&quot;vc_get_vc_grid_data&quot;,&quot;shortcode_id&quot;:&quot;1676370546472-92b64a3f9817abe4a6ac694b6120d4bc-8&quot;,&quot;tag&quot;:&quot;vc_masonry_media_grid&quot;}\" data-vc-request=\"https:\/\/www.huggenberger.com\/wp-admin\/admin-ajax.php\" data-vc-post-id=\"2201\" data-vc-public-nonce=\"cf09fbdf15\">\r\n\t\t\r\n\t<\/div>\r\n<\/div><\/div><\/div><\/div><\/div>","protected":false},"excerpt":{"rendered":"Download EN - Water level gauge KLL PDF DE - Kabellichtlot KLL PDF Application The electric water level gauge is used for rapid and reliable measurement of water levels in wells, observation tubes and narrow boreholes.The measuring value can directly be read on the measuring cable. Fast changing in water levels (pumping test) can be [...]","protected":false},"author":3,"featured_media":2414,"parent":2334,"menu_order":0,"comment_status":"closed","ping_status":"closed","template":"","meta":{"footnotes":""},"class_list":["post-2201","page","type-page","status-publish","has-post-thumbnail","hentry"],"yoast_head":"<!-- This site is optimized with the Yoast SEO plugin v27.3 - https:\/\/yoast.com\/product\/yoast-seo-wordpress\/ -->\n<title>Water level gauge KLL - Huggenberger<\/title>\n<meta name=\"robots\" content=\"index, follow, max-snippet:-1, max-image-preview:large, max-video-preview:-1\" \/>\n<link rel=\"canonical\" href=\"https:\/\/www.huggenberger.com\/fr\/products\/strain-changes-in-length-and-settlement\/water-level-gauge-kll\/\" \/>\n<meta property=\"og:locale\" content=\"fr_FR\" \/>\n<meta property=\"og:type\" content=\"article\" \/>\n<meta property=\"og:title\" content=\"Water level gauge KLL - Huggenberger\" \/>\n<meta property=\"og:url\" content=\"https:\/\/www.huggenberger.com\/fr\/products\/strain-changes-in-length-and-settlement\/water-level-gauge-kll\/\" \/>\n<meta property=\"og:site_name\" content=\"Huggenberger\" \/>\n<meta property=\"article:modified_time\" content=\"2023-02-14T10:28:58+00:00\" \/>\n<meta property=\"og:image\" content=\"https:\/\/www.huggenberger.com\/wp-content\/uploads\/2022\/04\/2.8-Water-level-gauge-KLL.jpg\" \/>\n\t<meta property=\"og:image:width\" content=\"600\" \/>\n\t<meta property=\"og:image:height\" content=\"600\" \/>\n\t<meta property=\"og:image:type\" content=\"image\/jpeg\" \/>\n<meta name=\"twitter:card\" content=\"summary_large_image\" \/>\n<meta name=\"twitter:label1\" content=\"Dur\u00e9e de lecture estim\u00e9e\" \/>\n\t<meta name=\"twitter:data1\" content=\"2 minutes\" \/>\n<script type=\"application\/ld+json\" class=\"yoast-schema-graph\">{\"@context\":\"https:\\\/\\\/schema.org\",\"@graph\":[{\"@type\":\"WebPage\",\"@id\":\"https:\\\/\\\/www.huggenberger.com\\\/products\\\/strain-changes-in-length-and-settlement\\\/water-level-gauge-kll\\\/\",\"url\":\"https:\\\/\\\/www.huggenberger.com\\\/products\\\/strain-changes-in-length-and-settlement\\\/water-level-gauge-kll\\\/\",\"name\":\"Water level gauge KLL - Huggenberger\",\"isPartOf\":{\"@id\":\"https:\\\/\\\/www.huggenberger.com\\\/#website\"},\"primaryImageOfPage\":{\"@id\":\"https:\\\/\\\/www.huggenberger.com\\\/products\\\/strain-changes-in-length-and-settlement\\\/water-level-gauge-kll\\\/#primaryimage\"},\"image\":{\"@id\":\"https:\\\/\\\/www.huggenberger.com\\\/products\\\/strain-changes-in-length-and-settlement\\\/water-level-gauge-kll\\\/#primaryimage\"},\"thumbnailUrl\":\"https:\\\/\\\/www.huggenberger.com\\\/wp-content\\\/uploads\\\/2022\\\/04\\\/2.8-Water-level-gauge-KLL.jpg\",\"datePublished\":\"2022-04-06T10:25:26+00:00\",\"dateModified\":\"2023-02-14T10:28:58+00:00\",\"breadcrumb\":{\"@id\":\"https:\\\/\\\/www.huggenberger.com\\\/products\\\/strain-changes-in-length-and-settlement\\\/water-level-gauge-kll\\\/#breadcrumb\"},\"inLanguage\":\"fr-FR\",\"potentialAction\":[{\"@type\":\"ReadAction\",\"target\":[\"https:\\\/\\\/www.huggenberger.com\\\/products\\\/strain-changes-in-length-and-settlement\\\/water-level-gauge-kll\\\/\"]}]},{\"@type\":\"ImageObject\",\"inLanguage\":\"fr-FR\",\"@id\":\"https:\\\/\\\/www.huggenberger.com\\\/products\\\/strain-changes-in-length-and-settlement\\\/water-level-gauge-kll\\\/#primaryimage\",\"url\":\"https:\\\/\\\/www.huggenberger.com\\\/wp-content\\\/uploads\\\/2022\\\/04\\\/2.8-Water-level-gauge-KLL.jpg\",\"contentUrl\":\"https:\\\/\\\/www.huggenberger.com\\\/wp-content\\\/uploads\\\/2022\\\/04\\\/2.8-Water-level-gauge-KLL.jpg\",\"width\":600,\"height\":600},{\"@type\":\"BreadcrumbList\",\"@id\":\"https:\\\/\\\/www.huggenberger.com\\\/products\\\/strain-changes-in-length-and-settlement\\\/water-level-gauge-kll\\\/#breadcrumb\",\"itemListElement\":[{\"@type\":\"ListItem\",\"position\":1,\"name\":\"Home\",\"item\":\"https:\\\/\\\/www.huggenberger.com\\\/\"},{\"@type\":\"ListItem\",\"position\":2,\"name\":\"Products\",\"item\":\"https:\\\/\\\/www.huggenberger.com\\\/products\\\/\"},{\"@type\":\"ListItem\",\"position\":3,\"name\":\"Strain, Changes in Length and Settlement\",\"item\":\"https:\\\/\\\/www.huggenberger.com\\\/products\\\/strain-changes-in-length-and-settlement\\\/\"},{\"@type\":\"ListItem\",\"position\":4,\"name\":\"Water level gauge KLL\"}]},{\"@type\":\"WebSite\",\"@id\":\"https:\\\/\\\/www.huggenberger.com\\\/#website\",\"url\":\"https:\\\/\\\/www.huggenberger.com\\\/\",\"name\":\"Huggenberger\",\"description\":\"Physical security monitoring of engineering structures\",\"publisher\":{\"@id\":\"https:\\\/\\\/www.huggenberger.com\\\/#organization\"},\"potentialAction\":[{\"@type\":\"SearchAction\",\"target\":{\"@type\":\"EntryPoint\",\"urlTemplate\":\"https:\\\/\\\/www.huggenberger.com\\\/?s={search_term_string}\"},\"query-input\":{\"@type\":\"PropertyValueSpecification\",\"valueRequired\":true,\"valueName\":\"search_term_string\"}}],\"inLanguage\":\"fr-FR\"},{\"@type\":\"Organization\",\"@id\":\"https:\\\/\\\/www.huggenberger.com\\\/#organization\",\"name\":\"HUGGENBERGER AG\",\"url\":\"https:\\\/\\\/www.huggenberger.com\\\/\",\"logo\":{\"@type\":\"ImageObject\",\"inLanguage\":\"fr-FR\",\"@id\":\"https:\\\/\\\/www.huggenberger.com\\\/#\\\/schema\\\/logo\\\/image\\\/\",\"url\":\"https:\\\/\\\/www.huggenberger.com\\\/wp-content\\\/uploads\\\/2022\\\/06\\\/Huggenberger-Logo_Claim-E.webp\",\"contentUrl\":\"https:\\\/\\\/www.huggenberger.com\\\/wp-content\\\/uploads\\\/2022\\\/06\\\/Huggenberger-Logo_Claim-E.webp\",\"width\":407,\"height\":63,\"caption\":\"HUGGENBERGER AG\"},\"image\":{\"@id\":\"https:\\\/\\\/www.huggenberger.com\\\/#\\\/schema\\\/logo\\\/image\\\/\"},\"sameAs\":[\"https:\\\/\\\/www.linkedin.com\\\/company\\\/huggenberger-ag\\\/\"]}]}<\/script>\n<!-- \/ Yoast SEO plugin. -->","yoast_head_json":{"title":"Water level gauge KLL - Huggenberger","robots":{"index":"index","follow":"follow","max-snippet":"max-snippet:-1","max-image-preview":"max-image-preview:large","max-video-preview":"max-video-preview:-1"},"canonical":"https:\/\/www.huggenberger.com\/fr\/products\/strain-changes-in-length-and-settlement\/water-level-gauge-kll\/","og_locale":"fr_FR","og_type":"article","og_title":"Water level gauge KLL - Huggenberger","og_url":"https:\/\/www.huggenberger.com\/fr\/products\/strain-changes-in-length-and-settlement\/water-level-gauge-kll\/","og_site_name":"Huggenberger","article_modified_time":"2023-02-14T10:28:58+00:00","og_image":[{"width":600,"height":600,"url":"https:\/\/www.huggenberger.com\/wp-content\/uploads\/2022\/04\/2.8-Water-level-gauge-KLL.jpg","type":"image\/jpeg"}],"twitter_card":"summary_large_image","twitter_misc":{"Dur\u00e9e de lecture estim\u00e9e":"2 minutes"},"schema":{"@context":"https:\/\/schema.org","@graph":[{"@type":"WebPage","@id":"https:\/\/www.huggenberger.com\/products\/strain-changes-in-length-and-settlement\/water-level-gauge-kll\/","url":"https:\/\/www.huggenberger.com\/products\/strain-changes-in-length-and-settlement\/water-level-gauge-kll\/","name":"Water level gauge KLL - Huggenberger","isPartOf":{"@id":"https:\/\/www.huggenberger.com\/#website"},"primaryImageOfPage":{"@id":"https:\/\/www.huggenberger.com\/products\/strain-changes-in-length-and-settlement\/water-level-gauge-kll\/#primaryimage"},"image":{"@id":"https:\/\/www.huggenberger.com\/products\/strain-changes-in-length-and-settlement\/water-level-gauge-kll\/#primaryimage"},"thumbnailUrl":"https:\/\/www.huggenberger.com\/wp-content\/uploads\/2022\/04\/2.8-Water-level-gauge-KLL.jpg","datePublished":"2022-04-06T10:25:26+00:00","dateModified":"2023-02-14T10:28:58+00:00","breadcrumb":{"@id":"https:\/\/www.huggenberger.com\/products\/strain-changes-in-length-and-settlement\/water-level-gauge-kll\/#breadcrumb"},"inLanguage":"fr-FR","potentialAction":[{"@type":"ReadAction","target":["https:\/\/www.huggenberger.com\/products\/strain-changes-in-length-and-settlement\/water-level-gauge-kll\/"]}]},{"@type":"ImageObject","inLanguage":"fr-FR","@id":"https:\/\/www.huggenberger.com\/products\/strain-changes-in-length-and-settlement\/water-level-gauge-kll\/#primaryimage","url":"https:\/\/www.huggenberger.com\/wp-content\/uploads\/2022\/04\/2.8-Water-level-gauge-KLL.jpg","contentUrl":"https:\/\/www.huggenberger.com\/wp-content\/uploads\/2022\/04\/2.8-Water-level-gauge-KLL.jpg","width":600,"height":600},{"@type":"BreadcrumbList","@id":"https:\/\/www.huggenberger.com\/products\/strain-changes-in-length-and-settlement\/water-level-gauge-kll\/#breadcrumb","itemListElement":[{"@type":"ListItem","position":1,"name":"Home","item":"https:\/\/www.huggenberger.com\/"},{"@type":"ListItem","position":2,"name":"Products","item":"https:\/\/www.huggenberger.com\/products\/"},{"@type":"ListItem","position":3,"name":"Strain, Changes in Length and Settlement","item":"https:\/\/www.huggenberger.com\/products\/strain-changes-in-length-and-settlement\/"},{"@type":"ListItem","position":4,"name":"Water level gauge KLL"}]},{"@type":"WebSite","@id":"https:\/\/www.huggenberger.com\/#website","url":"https:\/\/www.huggenberger.com\/","name":"Huggenberger","description":"Physical security monitoring of engineering structures","publisher":{"@id":"https:\/\/www.huggenberger.com\/#organization"},"potentialAction":[{"@type":"SearchAction","target":{"@type":"EntryPoint","urlTemplate":"https:\/\/www.huggenberger.com\/?s={search_term_string}"},"query-input":{"@type":"PropertyValueSpecification","valueRequired":true,"valueName":"search_term_string"}}],"inLanguage":"fr-FR"},{"@type":"Organization","@id":"https:\/\/www.huggenberger.com\/#organization","name":"HUGGENBERGER AG","url":"https:\/\/www.huggenberger.com\/","logo":{"@type":"ImageObject","inLanguage":"fr-FR","@id":"https:\/\/www.huggenberger.com\/#\/schema\/logo\/image\/","url":"https:\/\/www.huggenberger.com\/wp-content\/uploads\/2022\/06\/Huggenberger-Logo_Claim-E.webp","contentUrl":"https:\/\/www.huggenberger.com\/wp-content\/uploads\/2022\/06\/Huggenberger-Logo_Claim-E.webp","width":407,"height":63,"caption":"HUGGENBERGER AG"},"image":{"@id":"https:\/\/www.huggenberger.com\/#\/schema\/logo\/image\/"},"sameAs":["https:\/\/www.linkedin.com\/company\/huggenberger-ag\/"]}]}},"_links":{"self":[{"href":"https:\/\/www.huggenberger.com\/fr\/wp-json\/wp\/v2\/pages\/2201","targetHints":{"allow":["GET"]}}],"collection":[{"href":"https:\/\/www.huggenberger.com\/fr\/wp-json\/wp\/v2\/pages"}],"about":[{"href":"https:\/\/www.huggenberger.com\/fr\/wp-json\/wp\/v2\/types\/page"}],"author":[{"embeddable":true,"href":"https:\/\/www.huggenberger.com\/fr\/wp-json\/wp\/v2\/users\/3"}],"replies":[{"embeddable":true,"href":"https:\/\/www.huggenberger.com\/fr\/wp-json\/wp\/v2\/comments?post=2201"}],"version-history":[{"count":8,"href":"https:\/\/www.huggenberger.com\/fr\/wp-json\/wp\/v2\/pages\/2201\/revisions"}],"predecessor-version":[{"id":3524,"href":"https:\/\/www.huggenberger.com\/fr\/wp-json\/wp\/v2\/pages\/2201\/revisions\/3524"}],"up":[{"embeddable":true,"href":"https:\/\/www.huggenberger.com\/fr\/wp-json\/wp\/v2\/pages\/2334"}],"wp:featuredmedia":[{"embeddable":true,"href":"https:\/\/www.huggenberger.com\/fr\/wp-json\/wp\/v2\/media\/2414"}],"wp:attachment":[{"href":"https:\/\/www.huggenberger.com\/fr\/wp-json\/wp\/v2\/media?parent=2201"}],"curies":[{"name":"wp","href":"https:\/\/api.w.org\/{rel}","templated":true}]}}