{"id":2329,"date":"2022-04-06T14:59:02","date_gmt":"2022-04-06T14:59:02","guid":{"rendered":"https:\/\/www.huggenberger.com\/?page_id=2329"},"modified":"2022-07-11T14:07:06","modified_gmt":"2022-07-11T14:07:06","slug":"inclination-and-displacement","status":"publish","type":"page","link":"https:\/\/www.huggenberger.com\/fr\/products\/inclination-and-displacement\/","title":{"rendered":"Inclinaison et d\u00e9placement"},"content":{"rendered":"<div class=\"vc_row wpb_row vc_row-fluid bg-image-ps-inherit\"><div class=\"wpb_column vc_column_container vc_col-sm-12\"><div class=\"vc_column-inner\"><div class=\"wpb_wrapper\"><div class=\"vc_empty_space\"   style=\"height: 50px\"><span class=\"vc_empty_space_inner\"><\/span><\/div><div id=\"cms-heading\" class=\"cms-heading align-left align-center-md align-center-sm align-center-xs\">\r\n    \r\n    <div class=\"cms-inline-css\"  data-css=\"                                \">\r\n    <\/div>\r\n    \r\n        <h5 class=\"cms-heading-tag\" style=\"color:#177dc3; \">\r\n                                    Appareils et dispositifs de mesure pour la surveillance, la mesure et l'affichage des inclinaisons et des d\u00e9placements dans les barrages et autres ouvrages d'art.                        <\/h5>\r\n            <\/div><div class=\"vc_empty_space\"   style=\"height: 50px\"><span class=\"vc_empty_space_inner\"><\/span><\/div><\/div><\/div><\/div><\/div><div class=\"vc_row wpb_row vc_row-fluid vc_column-gap-20 vc_row-o-equal-height vc_row-flex bg-image-ps-inherit\"><div class=\"grigliaprodotti wpb_column vc_column_container vc_col-sm-3 vc_col-has-fill\"><div class=\"vc_column-inner vc_custom_1651102571070\"><div class=\"wpb_wrapper\">\r\n\t<div  class=\"wpb_single_image wpb_content_element vc_align_left  inherit\">\r\n\t\t\r\n\t\t<figure class=\"wpb_wrapper vc_figure\">\r\n\t\t\t<a href=\"\/fr\/products\/inclination-and-displacement\/clinometer-ecs1000hbl\/\" target=\"_self\" class=\"vc_single_image-wrapper default  vc_box_border_grey\"><img loading=\"lazy\" decoding=\"async\" width=\"600\" height=\"600\" src=\"https:\/\/www.huggenberger.com\/wp-content\/uploads\/2022\/04\/1.1Clinometer-ECS1000HBL.jpg\" class=\"vc_single_image-img attachment-full\" alt=\"\" srcset=\"https:\/\/www.huggenberger.com\/wp-content\/uploads\/2022\/04\/1.1Clinometer-ECS1000HBL.jpg 600w, https:\/\/www.huggenberger.com\/wp-content\/uploads\/2022\/04\/1.1Clinometer-ECS1000HBL-300x300.jpg 300w, https:\/\/www.huggenberger.com\/wp-content\/uploads\/2022\/04\/1.1Clinometer-ECS1000HBL-150x150.jpg 150w, https:\/\/www.huggenberger.com\/wp-content\/uploads\/2022\/04\/1.1Clinometer-ECS1000HBL-12x12.jpg 12w\" sizes=\"auto, (max-width: 600px) 100vw, 600px\" \/><\/a>\r\n\t\t<\/figure>\r\n\t<\/div>\r\n<div id=\"cms-heading-2\" class=\"cms-heading align-left align-left-md align-left-sm align-left-xs\">\r\n    \r\n    <div class=\"cms-inline-css\"  data-css=\"                                \">\r\n    <\/div>\r\n    \r\n        <h5 class=\"cms-heading-tag\" >\r\n                    <a href=\"\/fr\/products\/inclination-and-displacement\/clinometer-ecs1000hbl\/\" target=\"_self\">                Clinom\u00e8tre ECS1000HBL            <\/a>            <\/h5>\r\n                <div class=\"cms-heading-desc\" >\r\n            Solution de mesure de l'inclinaison horizontale et des variations d'inclinaison des structures, base 1000 mm (horizontale et verticale)        <\/div>\r\n        <\/div><\/div><\/div><\/div><div class=\"grigliaprodotti wpb_column vc_column_container vc_col-sm-3 vc_col-has-fill\"><div class=\"vc_column-inner vc_custom_1651102584281\"><div class=\"wpb_wrapper\">\r\n\t<div  class=\"wpb_single_image wpb_content_element vc_align_left  inherit\">\r\n\t\t\r\n\t\t<figure class=\"wpb_wrapper vc_figure\">\r\n\t\t\t<a href=\"\/fr\/products\/inclination-and-displacement\/clinometer-ecs1000vbl\/\" target=\"_self\" class=\"vc_single_image-wrapper default  vc_box_border_grey\"><img loading=\"lazy\" decoding=\"async\" width=\"600\" height=\"600\" src=\"https:\/\/www.huggenberger.com\/wp-content\/uploads\/2022\/04\/1.2Clinometer-ECS1000VBL.jpg\" class=\"vc_single_image-img attachment-full\" alt=\"\" srcset=\"https:\/\/www.huggenberger.com\/wp-content\/uploads\/2022\/04\/1.2Clinometer-ECS1000VBL.jpg 600w, https:\/\/www.huggenberger.com\/wp-content\/uploads\/2022\/04\/1.2Clinometer-ECS1000VBL-300x300.jpg 300w, https:\/\/www.huggenberger.com\/wp-content\/uploads\/2022\/04\/1.2Clinometer-ECS1000VBL-150x150.jpg 150w, https:\/\/www.huggenberger.com\/wp-content\/uploads\/2022\/04\/1.2Clinometer-ECS1000VBL-12x12.jpg 12w\" sizes=\"auto, (max-width: 600px) 100vw, 600px\" \/><\/a>\r\n\t\t<\/figure>\r\n\t<\/div>\r\n<div id=\"cms-heading-3\" class=\"cms-heading align-left align-left-md align-left-sm align-left-xs\">\r\n    \r\n    <div class=\"cms-inline-css\"  data-css=\"                                \">\r\n    <\/div>\r\n    \r\n        <h5 class=\"cms-heading-tag\" >\r\n                    <a href=\"\/fr\/products\/inclination-and-displacement\/clinometer-ecs1000vbl\/\" target=\"_self\">                Clinom\u00e8tre ECS1000VBL            <\/a>            <\/h5>\r\n                <div class=\"cms-heading-desc\" >\r\n            Solution de mesure de l'inclinaison verticale et des variations d'inclinaison des structures, base 1000 mm (horizontale et verticale)        <\/div>\r\n        <\/div><\/div><\/div><\/div><div class=\"grigliaprodotti wpb_column vc_column_container vc_col-sm-3 vc_col-has-fill\"><div class=\"vc_column-inner vc_custom_1651102603098\"><div class=\"wpb_wrapper\">\r\n\t<div  class=\"wpb_single_image wpb_content_element vc_align_left  inherit\">\r\n\t\t\r\n\t\t<figure class=\"wpb_wrapper vc_figure\">\r\n\t\t\t<a href=\"\/fr\/products\/inclination-and-displacement\/clinometer-ecs110bl\/\" target=\"_self\" class=\"vc_single_image-wrapper default  vc_box_border_grey\"><img loading=\"lazy\" decoding=\"async\" width=\"600\" height=\"600\" src=\"https:\/\/www.huggenberger.com\/wp-content\/uploads\/2022\/04\/1.3Clinometer-ECS110BL.jpg\" class=\"vc_single_image-img attachment-full\" alt=\"\" srcset=\"https:\/\/www.huggenberger.com\/wp-content\/uploads\/2022\/04\/1.3Clinometer-ECS110BL.jpg 600w, https:\/\/www.huggenberger.com\/wp-content\/uploads\/2022\/04\/1.3Clinometer-ECS110BL-300x300.jpg 300w, https:\/\/www.huggenberger.com\/wp-content\/uploads\/2022\/04\/1.3Clinometer-ECS110BL-150x150.jpg 150w, https:\/\/www.huggenberger.com\/wp-content\/uploads\/2022\/04\/1.3Clinometer-ECS110BL-12x12.jpg 12w\" sizes=\"auto, (max-width: 600px) 100vw, 600px\" \/><\/a>\r\n\t\t<\/figure>\r\n\t<\/div>\r\n<div id=\"cms-heading-4\" class=\"cms-heading align-left align-left-md align-left-sm align-left-xs\">\r\n    \r\n    <div class=\"cms-inline-css\"  data-css=\"                                \">\r\n    <\/div>\r\n    \r\n        <h5 class=\"cms-heading-tag\" >\r\n                    <a href=\"\/fr\/products\/inclination-and-displacement\/clinometer-ecs110bl\/\" target=\"_self\">                Clinom\u00e8tre ECS110BL            <\/a>            <\/h5>\r\n                <div class=\"cms-heading-desc\" >\r\n            Instrument de mesure d'inclinaison portable, base 110 mm        <\/div>\r\n        <\/div><\/div><\/div><\/div><div class=\"grigliaprodotti wpb_column vc_column_container vc_col-sm-3 vc_col-has-fill\"><div class=\"vc_column-inner vc_custom_1651102611996\"><div class=\"wpb_wrapper\">\r\n\t<div  class=\"wpb_single_image wpb_content_element vc_align_left  inherit\">\r\n\t\t\r\n\t\t<figure class=\"wpb_wrapper vc_figure\">\r\n\t\t\t<a href=\"\/fr\/products\/inclination-and-displacement\/centering-device-zs\/\" target=\"_self\" class=\"vc_single_image-wrapper default  vc_box_border_grey\"><img loading=\"lazy\" decoding=\"async\" width=\"600\" height=\"600\" src=\"https:\/\/www.huggenberger.com\/wp-content\/uploads\/2022\/04\/1.4-Centering-Device-ZS.jpg\" class=\"vc_single_image-img attachment-full\" alt=\"\" srcset=\"https:\/\/www.huggenberger.com\/wp-content\/uploads\/2022\/04\/1.4-Centering-Device-ZS.jpg 600w, https:\/\/www.huggenberger.com\/wp-content\/uploads\/2022\/04\/1.4-Centering-Device-ZS-300x300.jpg 300w, https:\/\/www.huggenberger.com\/wp-content\/uploads\/2022\/04\/1.4-Centering-Device-ZS-150x150.jpg 150w, https:\/\/www.huggenberger.com\/wp-content\/uploads\/2022\/04\/1.4-Centering-Device-ZS-12x12.jpg 12w\" sizes=\"auto, (max-width: 600px) 100vw, 600px\" \/><\/a>\r\n\t\t<\/figure>\r\n\t<\/div>\r\n<div id=\"cms-heading-5\" class=\"cms-heading align-left align-left-md align-left-sm align-left-xs\">\r\n    \r\n    <div class=\"cms-inline-css\"  data-css=\"                                \">\r\n    <\/div>\r\n    \r\n        <h5 class=\"cms-heading-tag\" >\r\n                    <a href=\"\/fr\/products\/inclination-and-displacement\/centering-device-zs\/\" target=\"_self\">                Dispositif de centrage ZS            <\/a>            <\/h5>\r\n                <div class=\"cms-heading-desc\" >\r\n            Sonde de centrage pour mesurer les d\u00e9placements horizontaux le long d'un forage \u00e0 plomb invers\u00e9 ou direct        <\/div>\r\n        <\/div><\/div><\/div><\/div><\/div><div class=\"vc_row wpb_row vc_row-fluid vc_column-gap-20 vc_row-o-equal-height vc_row-flex bg-image-ps-inherit\"><div class=\"grigliaprodotti wpb_column vc_column_container vc_col-sm-3 vc_col-has-fill\"><div class=\"vc_column-inner vc_custom_1651102571070\"><div class=\"wpb_wrapper\">\r\n\t<div  class=\"wpb_single_image wpb_content_element vc_align_left  inherit\">\r\n\t\t\r\n\t\t<figure class=\"wpb_wrapper vc_figure\">\r\n\t\t\t<a href=\"\/fr\/products\/inclination-and-displacement\/deflectometer-eu200\/\" target=\"_self\" class=\"vc_single_image-wrapper default  vc_box_border_grey\"><img loading=\"lazy\" decoding=\"async\" width=\"600\" height=\"600\" src=\"https:\/\/www.huggenberger.com\/wp-content\/uploads\/2022\/04\/1.5-Deflectometer-EU200.jpg\" class=\"vc_single_image-img attachment-full\" alt=\"\" srcset=\"https:\/\/www.huggenberger.com\/wp-content\/uploads\/2022\/04\/1.5-Deflectometer-EU200.jpg 600w, https:\/\/www.huggenberger.com\/wp-content\/uploads\/2022\/04\/1.5-Deflectometer-EU200-300x300.jpg 300w, https:\/\/www.huggenberger.com\/wp-content\/uploads\/2022\/04\/1.5-Deflectometer-EU200-150x150.jpg 150w, https:\/\/www.huggenberger.com\/wp-content\/uploads\/2022\/04\/1.5-Deflectometer-EU200-12x12.jpg 12w\" sizes=\"auto, (max-width: 600px) 100vw, 600px\" \/><\/a>\r\n\t\t<\/figure>\r\n\t<\/div>\r\n<div id=\"cms-heading-6\" class=\"cms-heading align-left align-left-md align-left-sm align-left-xs\">\r\n    \r\n    <div class=\"cms-inline-css\"  data-css=\"                                \">\r\n    <\/div>\r\n    \r\n        <h5 class=\"cms-heading-tag\" >\r\n                    <a href=\"\/fr\/products\/inclination-and-displacement\/deflectometer-eu200\/\" target=\"_self\">                D\u00e9flectom\u00e8tre EU200            <\/a>            <\/h5>\r\n                <div class=\"cms-heading-desc\" >\r\n            Instrument de mesure \u00e9lectronique portable pour la d\u00e9tection de mouvements lin\u00e9aires        <\/div>\r\n        <\/div><\/div><\/div><\/div><\/div><div class=\"vc_row wpb_row vc_row-fluid bg-image-ps-inherit\"><div class=\"wpb_column vc_column_container vc_col-sm-12\"><div class=\"vc_column-inner\"><div class=\"wpb_wrapper\"><div class=\"vc_empty_space\"   style=\"height: 32px\"><span class=\"vc_empty_space_inner\"><\/span><\/div><\/div><\/div><\/div><\/div>","protected":false},"excerpt":{"rendered":"Equipment and measuring devices for monitoring, measuring and displaying inclinations and displacements in dams and other engineering structures. Clinometer ECS1000HBL Solution for measuring horizontal inclination and changings in inclination of structures, base 1000 mm (horizontal and vertical) Clinometer ECS1000VBL Solution for measuring vertical inclination and changings in inclination of structures, base 1000 mm (horizontal and [...]","protected":false},"author":3,"featured_media":2369,"parent":1627,"menu_order":0,"comment_status":"closed","ping_status":"closed","template":"","meta":{"footnotes":""},"class_list":["post-2329","page","type-page","status-publish","has-post-thumbnail","hentry"],"yoast_head":"<!-- This site is optimized with the Yoast SEO plugin v27.4 - https:\/\/yoast.com\/product\/yoast-seo-wordpress\/ -->\n<title>Inclination and displacement - Huggenberger<\/title>\n<meta name=\"description\" content=\"Equipment and measuring devices for monitoring for Pendulum Mesuring System\" \/>\n<meta name=\"robots\" content=\"index, follow, max-snippet:-1, max-image-preview:large, max-video-preview:-1\" \/>\n<link rel=\"canonical\" href=\"https:\/\/www.huggenberger.com\/fr\/products\/inclination-and-displacement\/\" \/>\n<meta property=\"og:locale\" content=\"fr_FR\" \/>\n<meta property=\"og:type\" content=\"article\" \/>\n<meta property=\"og:title\" content=\"Inclination and displacement - Huggenberger\" \/>\n<meta property=\"og:description\" content=\"Equipment and measuring devices for monitoring for Pendulum Mesuring System\" \/>\n<meta property=\"og:url\" content=\"https:\/\/www.huggenberger.com\/fr\/products\/inclination-and-displacement\/\" \/>\n<meta property=\"og:site_name\" content=\"Huggenberger\" \/>\n<meta property=\"article:modified_time\" content=\"2022-07-11T14:07:06+00:00\" \/>\n<meta property=\"og:image\" content=\"https:\/\/www.huggenberger.com\/wp-content\/uploads\/2022\/04\/products_f02-1.jpg\" \/>\n\t<meta property=\"og:image:width\" content=\"600\" \/>\n\t<meta property=\"og:image:height\" content=\"600\" \/>\n\t<meta property=\"og:image:type\" content=\"image\/jpeg\" \/>\n<meta name=\"twitter:card\" content=\"summary_large_image\" \/>\n<meta name=\"twitter:label1\" content=\"Dur\u00e9e de lecture estim\u00e9e\" \/>\n\t<meta name=\"twitter:data1\" content=\"1 minute\" \/>\n<script type=\"application\/ld+json\" class=\"yoast-schema-graph\">{\"@context\":\"https:\\\/\\\/schema.org\",\"@graph\":[{\"@type\":\"WebPage\",\"@id\":\"https:\\\/\\\/www.huggenberger.com\\\/products\\\/inclination-and-displacement\\\/\",\"url\":\"https:\\\/\\\/www.huggenberger.com\\\/products\\\/inclination-and-displacement\\\/\",\"name\":\"Inclination and displacement - Huggenberger\",\"isPartOf\":{\"@id\":\"https:\\\/\\\/www.huggenberger.com\\\/#website\"},\"primaryImageOfPage\":{\"@id\":\"https:\\\/\\\/www.huggenberger.com\\\/products\\\/inclination-and-displacement\\\/#primaryimage\"},\"image\":{\"@id\":\"https:\\\/\\\/www.huggenberger.com\\\/products\\\/inclination-and-displacement\\\/#primaryimage\"},\"thumbnailUrl\":\"https:\\\/\\\/www.huggenberger.com\\\/wp-content\\\/uploads\\\/2022\\\/04\\\/products_f02-1.jpg\",\"datePublished\":\"2022-04-06T14:59:02+00:00\",\"dateModified\":\"2022-07-11T14:07:06+00:00\",\"description\":\"Equipment and measuring devices for monitoring for Pendulum Mesuring System\",\"breadcrumb\":{\"@id\":\"https:\\\/\\\/www.huggenberger.com\\\/products\\\/inclination-and-displacement\\\/#breadcrumb\"},\"inLanguage\":\"fr-FR\",\"potentialAction\":[{\"@type\":\"ReadAction\",\"target\":[\"https:\\\/\\\/www.huggenberger.com\\\/products\\\/inclination-and-displacement\\\/\"]}]},{\"@type\":\"ImageObject\",\"inLanguage\":\"fr-FR\",\"@id\":\"https:\\\/\\\/www.huggenberger.com\\\/products\\\/inclination-and-displacement\\\/#primaryimage\",\"url\":\"https:\\\/\\\/www.huggenberger.com\\\/wp-content\\\/uploads\\\/2022\\\/04\\\/products_f02-1.jpg\",\"contentUrl\":\"https:\\\/\\\/www.huggenberger.com\\\/wp-content\\\/uploads\\\/2022\\\/04\\\/products_f02-1.jpg\",\"width\":600,\"height\":600},{\"@type\":\"BreadcrumbList\",\"@id\":\"https:\\\/\\\/www.huggenberger.com\\\/products\\\/inclination-and-displacement\\\/#breadcrumb\",\"itemListElement\":[{\"@type\":\"ListItem\",\"position\":1,\"name\":\"Home\",\"item\":\"https:\\\/\\\/www.huggenberger.com\\\/\"},{\"@type\":\"ListItem\",\"position\":2,\"name\":\"Products\",\"item\":\"https:\\\/\\\/www.huggenberger.com\\\/products\\\/\"},{\"@type\":\"ListItem\",\"position\":3,\"name\":\"Inclination and displacement\"}]},{\"@type\":\"WebSite\",\"@id\":\"https:\\\/\\\/www.huggenberger.com\\\/#website\",\"url\":\"https:\\\/\\\/www.huggenberger.com\\\/\",\"name\":\"Huggenberger\",\"description\":\"Physical security monitoring of engineering structures\",\"publisher\":{\"@id\":\"https:\\\/\\\/www.huggenberger.com\\\/#organization\"},\"potentialAction\":[{\"@type\":\"SearchAction\",\"target\":{\"@type\":\"EntryPoint\",\"urlTemplate\":\"https:\\\/\\\/www.huggenberger.com\\\/?s={search_term_string}\"},\"query-input\":{\"@type\":\"PropertyValueSpecification\",\"valueRequired\":true,\"valueName\":\"search_term_string\"}}],\"inLanguage\":\"fr-FR\"},{\"@type\":\"Organization\",\"@id\":\"https:\\\/\\\/www.huggenberger.com\\\/#organization\",\"name\":\"HUGGENBERGER AG\",\"url\":\"https:\\\/\\\/www.huggenberger.com\\\/\",\"logo\":{\"@type\":\"ImageObject\",\"inLanguage\":\"fr-FR\",\"@id\":\"https:\\\/\\\/www.huggenberger.com\\\/#\\\/schema\\\/logo\\\/image\\\/\",\"url\":\"https:\\\/\\\/www.huggenberger.com\\\/wp-content\\\/uploads\\\/2022\\\/06\\\/Huggenberger-Logo_Claim-E.webp\",\"contentUrl\":\"https:\\\/\\\/www.huggenberger.com\\\/wp-content\\\/uploads\\\/2022\\\/06\\\/Huggenberger-Logo_Claim-E.webp\",\"width\":407,\"height\":63,\"caption\":\"HUGGENBERGER AG\"},\"image\":{\"@id\":\"https:\\\/\\\/www.huggenberger.com\\\/#\\\/schema\\\/logo\\\/image\\\/\"},\"sameAs\":[\"https:\\\/\\\/www.linkedin.com\\\/company\\\/huggenberger-ag\\\/\"]}]}<\/script>\n<!-- \/ Yoast SEO plugin. -->","yoast_head_json":{"title":"Inclination and displacement - Huggenberger","description":"Equipment and measuring devices for monitoring for Pendulum Mesuring System","robots":{"index":"index","follow":"follow","max-snippet":"max-snippet:-1","max-image-preview":"max-image-preview:large","max-video-preview":"max-video-preview:-1"},"canonical":"https:\/\/www.huggenberger.com\/fr\/products\/inclination-and-displacement\/","og_locale":"fr_FR","og_type":"article","og_title":"Inclination and displacement - Huggenberger","og_description":"Equipment and measuring devices for monitoring for Pendulum Mesuring System","og_url":"https:\/\/www.huggenberger.com\/fr\/products\/inclination-and-displacement\/","og_site_name":"Huggenberger","article_modified_time":"2022-07-11T14:07:06+00:00","og_image":[{"width":600,"height":600,"url":"https:\/\/www.huggenberger.com\/wp-content\/uploads\/2022\/04\/products_f02-1.jpg","type":"image\/jpeg"}],"twitter_card":"summary_large_image","twitter_misc":{"Dur\u00e9e de lecture estim\u00e9e":"1 minute"},"schema":{"@context":"https:\/\/schema.org","@graph":[{"@type":"WebPage","@id":"https:\/\/www.huggenberger.com\/products\/inclination-and-displacement\/","url":"https:\/\/www.huggenberger.com\/products\/inclination-and-displacement\/","name":"Inclination and displacement - Huggenberger","isPartOf":{"@id":"https:\/\/www.huggenberger.com\/#website"},"primaryImageOfPage":{"@id":"https:\/\/www.huggenberger.com\/products\/inclination-and-displacement\/#primaryimage"},"image":{"@id":"https:\/\/www.huggenberger.com\/products\/inclination-and-displacement\/#primaryimage"},"thumbnailUrl":"https:\/\/www.huggenberger.com\/wp-content\/uploads\/2022\/04\/products_f02-1.jpg","datePublished":"2022-04-06T14:59:02+00:00","dateModified":"2022-07-11T14:07:06+00:00","description":"Equipment and measuring devices for monitoring for Pendulum Mesuring System","breadcrumb":{"@id":"https:\/\/www.huggenberger.com\/products\/inclination-and-displacement\/#breadcrumb"},"inLanguage":"fr-FR","potentialAction":[{"@type":"ReadAction","target":["https:\/\/www.huggenberger.com\/products\/inclination-and-displacement\/"]}]},{"@type":"ImageObject","inLanguage":"fr-FR","@id":"https:\/\/www.huggenberger.com\/products\/inclination-and-displacement\/#primaryimage","url":"https:\/\/www.huggenberger.com\/wp-content\/uploads\/2022\/04\/products_f02-1.jpg","contentUrl":"https:\/\/www.huggenberger.com\/wp-content\/uploads\/2022\/04\/products_f02-1.jpg","width":600,"height":600},{"@type":"BreadcrumbList","@id":"https:\/\/www.huggenberger.com\/products\/inclination-and-displacement\/#breadcrumb","itemListElement":[{"@type":"ListItem","position":1,"name":"Home","item":"https:\/\/www.huggenberger.com\/"},{"@type":"ListItem","position":2,"name":"Products","item":"https:\/\/www.huggenberger.com\/products\/"},{"@type":"ListItem","position":3,"name":"Inclination and displacement"}]},{"@type":"WebSite","@id":"https:\/\/www.huggenberger.com\/#website","url":"https:\/\/www.huggenberger.com\/","name":"Huggenberger","description":"Physical security monitoring of engineering structures","publisher":{"@id":"https:\/\/www.huggenberger.com\/#organization"},"potentialAction":[{"@type":"SearchAction","target":{"@type":"EntryPoint","urlTemplate":"https:\/\/www.huggenberger.com\/?s={search_term_string}"},"query-input":{"@type":"PropertyValueSpecification","valueRequired":true,"valueName":"search_term_string"}}],"inLanguage":"fr-FR"},{"@type":"Organization","@id":"https:\/\/www.huggenberger.com\/#organization","name":"HUGGENBERGER AG","url":"https:\/\/www.huggenberger.com\/","logo":{"@type":"ImageObject","inLanguage":"fr-FR","@id":"https:\/\/www.huggenberger.com\/#\/schema\/logo\/image\/","url":"https:\/\/www.huggenberger.com\/wp-content\/uploads\/2022\/06\/Huggenberger-Logo_Claim-E.webp","contentUrl":"https:\/\/www.huggenberger.com\/wp-content\/uploads\/2022\/06\/Huggenberger-Logo_Claim-E.webp","width":407,"height":63,"caption":"HUGGENBERGER AG"},"image":{"@id":"https:\/\/www.huggenberger.com\/#\/schema\/logo\/image\/"},"sameAs":["https:\/\/www.linkedin.com\/company\/huggenberger-ag\/"]}]}},"_links":{"self":[{"href":"https:\/\/www.huggenberger.com\/fr\/wp-json\/wp\/v2\/pages\/2329","targetHints":{"allow":["GET"]}}],"collection":[{"href":"https:\/\/www.huggenberger.com\/fr\/wp-json\/wp\/v2\/pages"}],"about":[{"href":"https:\/\/www.huggenberger.com\/fr\/wp-json\/wp\/v2\/types\/page"}],"author":[{"embeddable":true,"href":"https:\/\/www.huggenberger.com\/fr\/wp-json\/wp\/v2\/users\/3"}],"replies":[{"embeddable":true,"href":"https:\/\/www.huggenberger.com\/fr\/wp-json\/wp\/v2\/comments?post=2329"}],"version-history":[{"count":19,"href":"https:\/\/www.huggenberger.com\/fr\/wp-json\/wp\/v2\/pages\/2329\/revisions"}],"predecessor-version":[{"id":3261,"href":"https:\/\/www.huggenberger.com\/fr\/wp-json\/wp\/v2\/pages\/2329\/revisions\/3261"}],"up":[{"embeddable":true,"href":"https:\/\/www.huggenberger.com\/fr\/wp-json\/wp\/v2\/pages\/1627"}],"wp:featuredmedia":[{"embeddable":true,"href":"https:\/\/www.huggenberger.com\/fr\/wp-json\/wp\/v2\/media\/2369"}],"wp:attachment":[{"href":"https:\/\/www.huggenberger.com\/fr\/wp-json\/wp\/v2\/media?parent=2329"}],"curies":[{"name":"wp","href":"https:\/\/api.w.org\/{rel}","templated":true}]}}