{"id":2338,"date":"2022-04-06T15:17:00","date_gmt":"2022-04-06T15:17:00","guid":{"rendered":"https:\/\/www.huggenberger.com\/?page_id=2338"},"modified":"2022-05-03T14:08:14","modified_gmt":"2022-05-03T14:08:14","slug":"pressure-and-temperature","status":"publish","type":"page","link":"https:\/\/www.huggenberger.com\/fr\/products\/pressure-and-temperature\/","title":{"rendered":"Pression et temp\u00e9rature"},"content":{"rendered":"<div class=\"vc_row wpb_row vc_row-fluid bg-image-ps-inherit\"><div class=\"wpb_column vc_column_container vc_col-sm-12\"><div class=\"vc_column-inner\"><div class=\"wpb_wrapper\"><div class=\"vc_empty_space\"   style=\"height: 50px\"><span class=\"vc_empty_space_inner\"><\/span><\/div><div id=\"cms-heading\" class=\"cms-heading align-left align-center-md align-center-sm align-center-xs\">\r\n    \r\n    <div class=\"cms-inline-css\"  data-css=\"                                \">\r\n    <\/div>\r\n    \r\n        <h5 class=\"cms-heading-tag\" style=\"color:#177dc3; \">\r\n                                    Capteurs et instruments pour la surveillance, la mesure et l'affichage des mouvements dans les roches et les murs.                        <\/h5>\r\n            <\/div><div class=\"vc_empty_space\"   style=\"height: 32px\"><span class=\"vc_empty_space_inner\"><\/span><\/div><\/div><\/div><\/div><\/div><div class=\"vc_row wpb_row vc_row-fluid vc_column-gap-20 vc_row-o-equal-height vc_row-flex bg-image-ps-inherit\"><div class=\"grigliaprodotti wpb_column vc_column_container vc_col-sm-3 vc_col-has-fill\"><div class=\"vc_column-inner vc_custom_1651155744201\"><div class=\"wpb_wrapper\">\r\n\t<div  class=\"wpb_single_image wpb_content_element vc_align_left  inherit\">\r\n\t\t\r\n\t\t<figure class=\"wpb_wrapper vc_figure\">\r\n\t\t\t<a href=\"\/fr\/products\/pressure-and-temperature\/uplift-measurement-casagrande\/\" target=\"_self\" class=\"vc_single_image-wrapper default  vc_box_border_grey\"><img loading=\"lazy\" decoding=\"async\" width=\"600\" height=\"600\" src=\"https:\/\/www.huggenberger.com\/wp-content\/uploads\/2022\/04\/3.1-Uplift-measurement-Casagrande.jpg\" class=\"vc_single_image-img attachment-full\" alt=\"\" srcset=\"https:\/\/www.huggenberger.com\/wp-content\/uploads\/2022\/04\/3.1-Uplift-measurement-Casagrande.jpg 600w, https:\/\/www.huggenberger.com\/wp-content\/uploads\/2022\/04\/3.1-Uplift-measurement-Casagrande-300x300.jpg 300w, https:\/\/www.huggenberger.com\/wp-content\/uploads\/2022\/04\/3.1-Uplift-measurement-Casagrande-150x150.jpg 150w, https:\/\/www.huggenberger.com\/wp-content\/uploads\/2022\/04\/3.1-Uplift-measurement-Casagrande-12x12.jpg 12w\" sizes=\"auto, (max-width: 600px) 100vw, 600px\" \/><\/a>\r\n\t\t<\/figure>\r\n\t<\/div>\r\n<div id=\"cms-heading-2\" class=\"cms-heading align-left align-left-md align-left-sm align-left-xs\">\r\n    \r\n    <div class=\"cms-inline-css\"  data-css=\"                                \">\r\n    <\/div>\r\n    \r\n        <h5 class=\"cms-heading-tag\" >\r\n                    <a href=\"\/fr\/products\/pressure-and-temperature\/uplift-measurement-casagrande\/\" target=\"_self\">                Uplift measurement \u2013 Casagrande            <\/a>            <\/h5>\r\n                <div class=\"cms-heading-desc\" >\r\n            Mesure de la pression relative de soul\u00e8vement de l'eau de la sole dans les structures hydrauliques telles que les barrages.        <\/div>\r\n        <\/div><\/div><\/div><\/div><div class=\"grigliaprodotti wpb_column vc_column_container vc_col-sm-3 vc_col-has-fill\"><div class=\"vc_column-inner vc_custom_1651155756984\"><div class=\"wpb_wrapper\">\r\n\t<div  class=\"wpb_single_image wpb_content_element vc_align_left  inherit\">\r\n\t\t\r\n\t\t<figure class=\"wpb_wrapper vc_figure\">\r\n\t\t\t<a href=\"\/fr\/products\/pressure-and-temperature\/telepressmeter-pwvw\/\" target=\"_self\" class=\"vc_single_image-wrapper default  vc_box_border_grey\"><img loading=\"lazy\" decoding=\"async\" width=\"600\" height=\"600\" src=\"https:\/\/www.huggenberger.com\/wp-content\/uploads\/2022\/04\/3.2-Telepressmeter-PWVW-2.jpg\" class=\"vc_single_image-img attachment-full\" alt=\"\" srcset=\"https:\/\/www.huggenberger.com\/wp-content\/uploads\/2022\/04\/3.2-Telepressmeter-PWVW-2.jpg 600w, https:\/\/www.huggenberger.com\/wp-content\/uploads\/2022\/04\/3.2-Telepressmeter-PWVW-2-300x300.jpg 300w, https:\/\/www.huggenberger.com\/wp-content\/uploads\/2022\/04\/3.2-Telepressmeter-PWVW-2-150x150.jpg 150w, https:\/\/www.huggenberger.com\/wp-content\/uploads\/2022\/04\/3.2-Telepressmeter-PWVW-2-12x12.jpg 12w\" sizes=\"auto, (max-width: 600px) 100vw, 600px\" \/><\/a>\r\n\t\t<\/figure>\r\n\t<\/div>\r\n<div id=\"cms-heading-3\" class=\"cms-heading align-left align-left-md align-left-sm align-left-xs\">\r\n    \r\n    <div class=\"cms-inline-css\"  data-css=\"                                \">\r\n    <\/div>\r\n    \r\n        <h5 class=\"cms-heading-tag\" >\r\n                    <a href=\"\/fr\/products\/pressure-and-temperature\/telepressmeter-pwvw\/\" target=\"_self\">                Telepressmeter PWVW            <\/a>            <\/h5>\r\n                <div class=\"cms-heading-desc\" >\r\n            Capteur de pression absolue pour tous types de liquides.        <\/div>\r\n        <\/div><\/div><\/div><\/div><div class=\"grigliaprodotti wpb_column vc_column_container vc_col-sm-3 vc_col-has-fill\"><div class=\"vc_column-inner vc_custom_1651155768508\"><div class=\"wpb_wrapper\">\r\n\t<div  class=\"wpb_single_image wpb_content_element vc_align_left  inherit\">\r\n\t\t\r\n\t\t<figure class=\"wpb_wrapper vc_figure\">\r\n\t\t\t<a href=\"https:\/\/www.huggenberger.com\/fr\/products\/pressure-and-temperature\/telepressmeter-pwprd\/\" target=\"_self\" class=\"vc_single_image-wrapper default  vc_box_border_grey\"><img loading=\"lazy\" decoding=\"async\" width=\"600\" height=\"600\" src=\"https:\/\/www.huggenberger.com\/wp-content\/uploads\/2022\/04\/3.3-Telepressmeter-PWPRD-1.jpg\" class=\"vc_single_image-img attachment-full\" alt=\"\" srcset=\"https:\/\/www.huggenberger.com\/wp-content\/uploads\/2022\/04\/3.3-Telepressmeter-PWPRD-1.jpg 600w, https:\/\/www.huggenberger.com\/wp-content\/uploads\/2022\/04\/3.3-Telepressmeter-PWPRD-1-300x300.jpg 300w, https:\/\/www.huggenberger.com\/wp-content\/uploads\/2022\/04\/3.3-Telepressmeter-PWPRD-1-150x150.jpg 150w, https:\/\/www.huggenberger.com\/wp-content\/uploads\/2022\/04\/3.3-Telepressmeter-PWPRD-1-12x12.jpg 12w\" sizes=\"auto, (max-width: 600px) 100vw, 600px\" \/><\/a>\r\n\t\t<\/figure>\r\n\t<\/div>\r\n<div id=\"cms-heading-4\" class=\"cms-heading align-left align-left-md align-left-sm align-left-xs\">\r\n    \r\n    <div class=\"cms-inline-css\"  data-css=\"                                \">\r\n    <\/div>\r\n    \r\n        <h5 class=\"cms-heading-tag\" >\r\n                    <a href=\"https:\/\/www.huggenberger.com\/fr\/products\/pressure-and-temperature\/telepressmeter-pwprd\/\" target=\"_self\">                Telepressmeter PWPRD            <\/a>            <\/h5>\r\n                <div class=\"cms-heading-desc\" >\r\n            Capteur de pression absolue ou relative pour mesurer les pressions de tous types de liquides.        <\/div>\r\n        <\/div><\/div><\/div><\/div><div class=\"grigliaprodotti wpb_column vc_column_container vc_col-sm-3 vc_col-has-fill\"><div class=\"vc_column-inner vc_custom_1651155784252\"><div class=\"wpb_wrapper\">\r\n\t<div  class=\"wpb_single_image wpb_content_element vc_align_left  inherit\">\r\n\t\t\r\n\t\t<figure class=\"wpb_wrapper vc_figure\">\r\n\t\t\t<a href=\"\/fr\/products\/pressure-and-temperature\/telethermeter-tctatw\/\" target=\"_self\" class=\"vc_single_image-wrapper default  vc_box_border_grey\"><img loading=\"lazy\" decoding=\"async\" width=\"600\" height=\"600\" src=\"https:\/\/www.huggenberger.com\/wp-content\/uploads\/2022\/04\/3.4-Telethermeter-TCTATW.jpg\" class=\"vc_single_image-img attachment-full\" alt=\"\" srcset=\"https:\/\/www.huggenberger.com\/wp-content\/uploads\/2022\/04\/3.4-Telethermeter-TCTATW.jpg 600w, https:\/\/www.huggenberger.com\/wp-content\/uploads\/2022\/04\/3.4-Telethermeter-TCTATW-300x300.jpg 300w, https:\/\/www.huggenberger.com\/wp-content\/uploads\/2022\/04\/3.4-Telethermeter-TCTATW-150x150.jpg 150w, https:\/\/www.huggenberger.com\/wp-content\/uploads\/2022\/04\/3.4-Telethermeter-TCTATW-12x12.jpg 12w\" sizes=\"auto, (max-width: 600px) 100vw, 600px\" \/><\/a>\r\n\t\t<\/figure>\r\n\t<\/div>\r\n<div id=\"cms-heading-5\" class=\"cms-heading align-left align-left-md align-left-sm align-left-xs\">\r\n    \r\n    <div class=\"cms-inline-css\"  data-css=\"                                \">\r\n    <\/div>\r\n    \r\n        <h5 class=\"cms-heading-tag\" >\r\n                    <a href=\"\/fr\/products\/pressure-and-temperature\/telethermeter-tctatw\/\" target=\"_self\">                Telethermeter TC\/TA\/TW            <\/a>            <\/h5>\r\n                <div class=\"cms-heading-desc\" >\r\n            Thermom\u00e8tre \u00e0 r\u00e9sistance \u00e9lectrique pour la mesure des temp\u00e9ratures dans le b\u00e9ton, l'air et l'eau.        <\/div>\r\n        <\/div><\/div><\/div><\/div><\/div><div class=\"vc_row wpb_row vc_row-fluid bg-image-ps-inherit\"><div class=\"wpb_column vc_column_container vc_col-sm-12\"><div class=\"vc_column-inner\"><div class=\"wpb_wrapper\"><div class=\"vc_empty_space\"   style=\"height: 32px\"><span class=\"vc_empty_space_inner\"><\/span><\/div><\/div><\/div><\/div><\/div>","protected":false},"excerpt":{"rendered":"Sensors and instruments for monitoring, measuring and displaying movements in rocks and walls. Uplift measurement \u2013 Casagrande Measuring of the relative uplift pressure of sole water at hydraulic structures such as dams. Telepressmeter PWVW Absolute pressure sensor for all kinds of liquids. Telepressmeter PWPRD Absolute or relative pressure sensor to measure pressures of all kinds [...]","protected":false},"author":3,"featured_media":2377,"parent":1627,"menu_order":0,"comment_status":"closed","ping_status":"closed","template":"","meta":{"footnotes":""},"class_list":["post-2338","page","type-page","status-publish","has-post-thumbnail","hentry"],"yoast_head":"<!-- This site is optimized with the Yoast SEO plugin v27.3 - https:\/\/yoast.com\/product\/yoast-seo-wordpress\/ -->\n<title>Pressure and Temperature - Huggenberger<\/title>\n<meta name=\"description\" content=\"Equipment and measuring devices for monitoring for Pendulum Mesuring System\" \/>\n<meta name=\"robots\" content=\"index, follow, max-snippet:-1, max-image-preview:large, max-video-preview:-1\" \/>\n<link rel=\"canonical\" href=\"https:\/\/www.huggenberger.com\/fr\/products\/pressure-and-temperature\/\" \/>\n<meta property=\"og:locale\" content=\"fr_FR\" \/>\n<meta property=\"og:type\" content=\"article\" \/>\n<meta property=\"og:title\" content=\"Pressure and Temperature - Huggenberger\" \/>\n<meta property=\"og:description\" content=\"Equipment and measuring devices for monitoring for Pendulum Mesuring System\" \/>\n<meta property=\"og:url\" content=\"https:\/\/www.huggenberger.com\/fr\/products\/pressure-and-temperature\/\" \/>\n<meta property=\"og:site_name\" content=\"Huggenberger\" \/>\n<meta property=\"article:modified_time\" content=\"2022-05-03T14:08:14+00:00\" \/>\n<meta property=\"og:image\" content=\"https:\/\/www.huggenberger.com\/wp-content\/uploads\/2022\/04\/products_f04-1.jpg\" \/>\n\t<meta property=\"og:image:width\" content=\"600\" \/>\n\t<meta property=\"og:image:height\" content=\"600\" \/>\n\t<meta property=\"og:image:type\" content=\"image\/jpeg\" \/>\n<meta name=\"twitter:card\" content=\"summary_large_image\" \/>\n<meta name=\"twitter:label1\" content=\"Dur\u00e9e de lecture estim\u00e9e\" \/>\n\t<meta name=\"twitter:data1\" content=\"1 minute\" \/>\n<script type=\"application\/ld+json\" class=\"yoast-schema-graph\">{\"@context\":\"https:\\\/\\\/schema.org\",\"@graph\":[{\"@type\":\"WebPage\",\"@id\":\"https:\\\/\\\/www.huggenberger.com\\\/products\\\/pressure-and-temperature\\\/\",\"url\":\"https:\\\/\\\/www.huggenberger.com\\\/products\\\/pressure-and-temperature\\\/\",\"name\":\"Pressure and Temperature - Huggenberger\",\"isPartOf\":{\"@id\":\"https:\\\/\\\/www.huggenberger.com\\\/#website\"},\"primaryImageOfPage\":{\"@id\":\"https:\\\/\\\/www.huggenberger.com\\\/products\\\/pressure-and-temperature\\\/#primaryimage\"},\"image\":{\"@id\":\"https:\\\/\\\/www.huggenberger.com\\\/products\\\/pressure-and-temperature\\\/#primaryimage\"},\"thumbnailUrl\":\"https:\\\/\\\/www.huggenberger.com\\\/wp-content\\\/uploads\\\/2022\\\/04\\\/products_f04-1.jpg\",\"datePublished\":\"2022-04-06T15:17:00+00:00\",\"dateModified\":\"2022-05-03T14:08:14+00:00\",\"description\":\"Equipment and measuring devices for monitoring for Pendulum Mesuring System\",\"breadcrumb\":{\"@id\":\"https:\\\/\\\/www.huggenberger.com\\\/products\\\/pressure-and-temperature\\\/#breadcrumb\"},\"inLanguage\":\"fr-FR\",\"potentialAction\":[{\"@type\":\"ReadAction\",\"target\":[\"https:\\\/\\\/www.huggenberger.com\\\/products\\\/pressure-and-temperature\\\/\"]}]},{\"@type\":\"ImageObject\",\"inLanguage\":\"fr-FR\",\"@id\":\"https:\\\/\\\/www.huggenberger.com\\\/products\\\/pressure-and-temperature\\\/#primaryimage\",\"url\":\"https:\\\/\\\/www.huggenberger.com\\\/wp-content\\\/uploads\\\/2022\\\/04\\\/products_f04-1.jpg\",\"contentUrl\":\"https:\\\/\\\/www.huggenberger.com\\\/wp-content\\\/uploads\\\/2022\\\/04\\\/products_f04-1.jpg\",\"width\":600,\"height\":600},{\"@type\":\"BreadcrumbList\",\"@id\":\"https:\\\/\\\/www.huggenberger.com\\\/products\\\/pressure-and-temperature\\\/#breadcrumb\",\"itemListElement\":[{\"@type\":\"ListItem\",\"position\":1,\"name\":\"Home\",\"item\":\"https:\\\/\\\/www.huggenberger.com\\\/\"},{\"@type\":\"ListItem\",\"position\":2,\"name\":\"Products\",\"item\":\"https:\\\/\\\/www.huggenberger.com\\\/products\\\/\"},{\"@type\":\"ListItem\",\"position\":3,\"name\":\"Pressure and Temperature\"}]},{\"@type\":\"WebSite\",\"@id\":\"https:\\\/\\\/www.huggenberger.com\\\/#website\",\"url\":\"https:\\\/\\\/www.huggenberger.com\\\/\",\"name\":\"Huggenberger\",\"description\":\"Physical security monitoring of engineering structures\",\"publisher\":{\"@id\":\"https:\\\/\\\/www.huggenberger.com\\\/#organization\"},\"potentialAction\":[{\"@type\":\"SearchAction\",\"target\":{\"@type\":\"EntryPoint\",\"urlTemplate\":\"https:\\\/\\\/www.huggenberger.com\\\/?s={search_term_string}\"},\"query-input\":{\"@type\":\"PropertyValueSpecification\",\"valueRequired\":true,\"valueName\":\"search_term_string\"}}],\"inLanguage\":\"fr-FR\"},{\"@type\":\"Organization\",\"@id\":\"https:\\\/\\\/www.huggenberger.com\\\/#organization\",\"name\":\"HUGGENBERGER AG\",\"url\":\"https:\\\/\\\/www.huggenberger.com\\\/\",\"logo\":{\"@type\":\"ImageObject\",\"inLanguage\":\"fr-FR\",\"@id\":\"https:\\\/\\\/www.huggenberger.com\\\/#\\\/schema\\\/logo\\\/image\\\/\",\"url\":\"https:\\\/\\\/www.huggenberger.com\\\/wp-content\\\/uploads\\\/2022\\\/06\\\/Huggenberger-Logo_Claim-E.webp\",\"contentUrl\":\"https:\\\/\\\/www.huggenberger.com\\\/wp-content\\\/uploads\\\/2022\\\/06\\\/Huggenberger-Logo_Claim-E.webp\",\"width\":407,\"height\":63,\"caption\":\"HUGGENBERGER AG\"},\"image\":{\"@id\":\"https:\\\/\\\/www.huggenberger.com\\\/#\\\/schema\\\/logo\\\/image\\\/\"},\"sameAs\":[\"https:\\\/\\\/www.linkedin.com\\\/company\\\/huggenberger-ag\\\/\"]}]}<\/script>\n<!-- \/ Yoast SEO plugin. -->","yoast_head_json":{"title":"Pressure and Temperature - Huggenberger","description":"Equipment and measuring devices for monitoring for Pendulum Mesuring System","robots":{"index":"index","follow":"follow","max-snippet":"max-snippet:-1","max-image-preview":"max-image-preview:large","max-video-preview":"max-video-preview:-1"},"canonical":"https:\/\/www.huggenberger.com\/fr\/products\/pressure-and-temperature\/","og_locale":"fr_FR","og_type":"article","og_title":"Pressure and Temperature - Huggenberger","og_description":"Equipment and measuring devices for monitoring for Pendulum Mesuring System","og_url":"https:\/\/www.huggenberger.com\/fr\/products\/pressure-and-temperature\/","og_site_name":"Huggenberger","article_modified_time":"2022-05-03T14:08:14+00:00","og_image":[{"width":600,"height":600,"url":"https:\/\/www.huggenberger.com\/wp-content\/uploads\/2022\/04\/products_f04-1.jpg","type":"image\/jpeg"}],"twitter_card":"summary_large_image","twitter_misc":{"Dur\u00e9e de lecture estim\u00e9e":"1 minute"},"schema":{"@context":"https:\/\/schema.org","@graph":[{"@type":"WebPage","@id":"https:\/\/www.huggenberger.com\/products\/pressure-and-temperature\/","url":"https:\/\/www.huggenberger.com\/products\/pressure-and-temperature\/","name":"Pressure and Temperature - Huggenberger","isPartOf":{"@id":"https:\/\/www.huggenberger.com\/#website"},"primaryImageOfPage":{"@id":"https:\/\/www.huggenberger.com\/products\/pressure-and-temperature\/#primaryimage"},"image":{"@id":"https:\/\/www.huggenberger.com\/products\/pressure-and-temperature\/#primaryimage"},"thumbnailUrl":"https:\/\/www.huggenberger.com\/wp-content\/uploads\/2022\/04\/products_f04-1.jpg","datePublished":"2022-04-06T15:17:00+00:00","dateModified":"2022-05-03T14:08:14+00:00","description":"Equipment and measuring devices for monitoring for Pendulum Mesuring System","breadcrumb":{"@id":"https:\/\/www.huggenberger.com\/products\/pressure-and-temperature\/#breadcrumb"},"inLanguage":"fr-FR","potentialAction":[{"@type":"ReadAction","target":["https:\/\/www.huggenberger.com\/products\/pressure-and-temperature\/"]}]},{"@type":"ImageObject","inLanguage":"fr-FR","@id":"https:\/\/www.huggenberger.com\/products\/pressure-and-temperature\/#primaryimage","url":"https:\/\/www.huggenberger.com\/wp-content\/uploads\/2022\/04\/products_f04-1.jpg","contentUrl":"https:\/\/www.huggenberger.com\/wp-content\/uploads\/2022\/04\/products_f04-1.jpg","width":600,"height":600},{"@type":"BreadcrumbList","@id":"https:\/\/www.huggenberger.com\/products\/pressure-and-temperature\/#breadcrumb","itemListElement":[{"@type":"ListItem","position":1,"name":"Home","item":"https:\/\/www.huggenberger.com\/"},{"@type":"ListItem","position":2,"name":"Products","item":"https:\/\/www.huggenberger.com\/products\/"},{"@type":"ListItem","position":3,"name":"Pressure and Temperature"}]},{"@type":"WebSite","@id":"https:\/\/www.huggenberger.com\/#website","url":"https:\/\/www.huggenberger.com\/","name":"Huggenberger","description":"Physical security monitoring of engineering structures","publisher":{"@id":"https:\/\/www.huggenberger.com\/#organization"},"potentialAction":[{"@type":"SearchAction","target":{"@type":"EntryPoint","urlTemplate":"https:\/\/www.huggenberger.com\/?s={search_term_string}"},"query-input":{"@type":"PropertyValueSpecification","valueRequired":true,"valueName":"search_term_string"}}],"inLanguage":"fr-FR"},{"@type":"Organization","@id":"https:\/\/www.huggenberger.com\/#organization","name":"HUGGENBERGER AG","url":"https:\/\/www.huggenberger.com\/","logo":{"@type":"ImageObject","inLanguage":"fr-FR","@id":"https:\/\/www.huggenberger.com\/#\/schema\/logo\/image\/","url":"https:\/\/www.huggenberger.com\/wp-content\/uploads\/2022\/06\/Huggenberger-Logo_Claim-E.webp","contentUrl":"https:\/\/www.huggenberger.com\/wp-content\/uploads\/2022\/06\/Huggenberger-Logo_Claim-E.webp","width":407,"height":63,"caption":"HUGGENBERGER AG"},"image":{"@id":"https:\/\/www.huggenberger.com\/#\/schema\/logo\/image\/"},"sameAs":["https:\/\/www.linkedin.com\/company\/huggenberger-ag\/"]}]}},"_links":{"self":[{"href":"https:\/\/www.huggenberger.com\/fr\/wp-json\/wp\/v2\/pages\/2338","targetHints":{"allow":["GET"]}}],"collection":[{"href":"https:\/\/www.huggenberger.com\/fr\/wp-json\/wp\/v2\/pages"}],"about":[{"href":"https:\/\/www.huggenberger.com\/fr\/wp-json\/wp\/v2\/types\/page"}],"author":[{"embeddable":true,"href":"https:\/\/www.huggenberger.com\/fr\/wp-json\/wp\/v2\/users\/3"}],"replies":[{"embeddable":true,"href":"https:\/\/www.huggenberger.com\/fr\/wp-json\/wp\/v2\/comments?post=2338"}],"version-history":[{"count":10,"href":"https:\/\/www.huggenberger.com\/fr\/wp-json\/wp\/v2\/pages\/2338\/revisions"}],"predecessor-version":[{"id":2913,"href":"https:\/\/www.huggenberger.com\/fr\/wp-json\/wp\/v2\/pages\/2338\/revisions\/2913"}],"up":[{"embeddable":true,"href":"https:\/\/www.huggenberger.com\/fr\/wp-json\/wp\/v2\/pages\/1627"}],"wp:featuredmedia":[{"embeddable":true,"href":"https:\/\/www.huggenberger.com\/fr\/wp-json\/wp\/v2\/media\/2377"}],"wp:attachment":[{"href":"https:\/\/www.huggenberger.com\/fr\/wp-json\/wp\/v2\/media?parent=2338"}],"curies":[{"name":"wp","href":"https:\/\/api.w.org\/{rel}","templated":true}]}}