{"id":2345,"date":"2022-04-06T15:25:22","date_gmt":"2022-04-06T15:25:22","guid":{"rendered":"https:\/\/www.huggenberger.com\/?page_id=2345"},"modified":"2026-03-02T16:27:14","modified_gmt":"2026-03-02T16:27:14","slug":"data-acquisition-and-software","status":"publish","type":"page","link":"https:\/\/www.huggenberger.com\/fr\/products\/data-acquisition-and-software\/","title":{"rendered":"Acquisition de donn\u00e9es et instrumentations sans fil"},"content":{"rendered":"<div class=\"vc_row wpb_row vc_row-fluid bg-image-ps-inherit\"><div class=\"wpb_column vc_column_container vc_col-sm-12\"><div class=\"vc_column-inner\"><div class=\"wpb_wrapper\"><div class=\"vc_empty_space\"   style=\"height: 50px\"><span class=\"vc_empty_space_inner\"><\/span><\/div><div id=\"cms-heading\" class=\"cms-heading align-left align-center-md align-center-sm align-center-xs\">\r\n    \r\n    <div class=\"cms-inline-css\"  data-css=\"                                \">\r\n    <\/div>\r\n    \r\n        <h5 class=\"cms-heading-tag\" style=\"color:#177dc3; \">\r\n                                    Syst\u00e8mes d'acquisition et de contr\u00f4le de donn\u00e9es haut de gamme auxquels peuvent \u00eatre connect\u00e9s divers capteurs \u00e0 4, 3 et 2 fils et toutes les mesures peuvent \u00eatre prises telles que : tension, courant, r\u00e9sistance, potentiom\u00e8tres, capteurs \u00e0 pont complet \u00e0 jauge de contrainte, diff\u00e9rents capteurs de temp\u00e9rature ainsi que des capteurs \u00e0 corde vibrante avec leurs capteurs de temp\u00e9rature correspondants et des capteurs \u00e0 2 fils courants et tous les accessoires pour mettre en \u0153uvre le syst\u00e8me.                        <\/h5>\r\n            <\/div><div class=\"vc_empty_space\"   style=\"height: 32px\"><span class=\"vc_empty_space_inner\"><\/span><\/div><\/div><\/div><\/div><\/div><div class=\"vc_row wpb_row vc_row-fluid vc_column-gap-20 vc_row-o-equal-height vc_row-flex bg-image-ps-inherit\"><div class=\"grigliaprodotti wpb_column vc_column_container vc_col-sm-4 vc_col-has-fill\"><div class=\"vc_column-inner vc_custom_1651157134714\"><div class=\"wpb_wrapper\">\r\n\t<div  class=\"wpb_single_image wpb_content_element vc_align_left  inherit\">\r\n\t\t\r\n\t\t<figure class=\"wpb_wrapper vc_figure\">\r\n\t\t\t<a href=\"\/fr\/products\/data-acquisition-and-software\/indipoc-mc7\/\" target=\"_self\" class=\"vc_single_image-wrapper default  vc_box_border_grey\"><img loading=\"lazy\" decoding=\"async\" width=\"600\" height=\"600\" src=\"https:\/\/www.huggenberger.com\/wp-content\/uploads\/2022\/04\/5.1-INDIPOC-MC7-3.jpg\" class=\"vc_single_image-img attachment-full\" alt=\"\" srcset=\"https:\/\/www.huggenberger.com\/wp-content\/uploads\/2022\/04\/5.1-INDIPOC-MC7-3.jpg 600w, https:\/\/www.huggenberger.com\/wp-content\/uploads\/2022\/04\/5.1-INDIPOC-MC7-3-300x300.jpg 300w, https:\/\/www.huggenberger.com\/wp-content\/uploads\/2022\/04\/5.1-INDIPOC-MC7-3-150x150.jpg 150w, https:\/\/www.huggenberger.com\/wp-content\/uploads\/2022\/04\/5.1-INDIPOC-MC7-3-12x12.jpg 12w\" sizes=\"auto, (max-width: 600px) 100vw, 600px\" \/><\/a>\r\n\t\t<\/figure>\r\n\t<\/div>\r\n<div id=\"cms-heading-2\" class=\"cms-heading align-left align-left-md align-left-sm align-left-xs\">\r\n    \r\n    <div class=\"cms-inline-css\"  data-css=\"                                \">\r\n    <\/div>\r\n    \r\n        <h5 class=\"cms-heading-tag\" >\r\n                    <a href=\"\/fr\/products\/data-acquisition-and-software\/indipoc-mc7\/\" target=\"_self\">                INDIPOC MC7            <\/a>            <\/h5>\r\n                <div class=\"cms-heading-desc\" >\r\n            L'Indipoc MC7 est un appareil de mesure portable.        <\/div>\r\n        <\/div><\/div><\/div><\/div><div class=\"grigliaprodotti wpb_column vc_column_container vc_col-sm-4 vc_col-has-fill\"><div class=\"vc_column-inner vc_custom_1651157170316\"><div class=\"wpb_wrapper\">\r\n\t<div  class=\"wpb_single_image wpb_content_element vc_align_left  inherit\">\r\n\t\t\r\n\t\t<figure class=\"wpb_wrapper vc_figure\">\r\n\t\t\t<a href=\"\/fr\/products\/data-acquisition-and-software\/tensologger-tl\/\" target=\"_self\" class=\"vc_single_image-wrapper default  vc_box_border_grey\"><img loading=\"lazy\" decoding=\"async\" width=\"600\" height=\"600\" src=\"https:\/\/www.huggenberger.com\/wp-content\/uploads\/2022\/04\/5.2-Tensologger-TL.jpg\" class=\"vc_single_image-img attachment-full\" alt=\"\" srcset=\"https:\/\/www.huggenberger.com\/wp-content\/uploads\/2022\/04\/5.2-Tensologger-TL.jpg 600w, https:\/\/www.huggenberger.com\/wp-content\/uploads\/2022\/04\/5.2-Tensologger-TL-300x300.jpg 300w, https:\/\/www.huggenberger.com\/wp-content\/uploads\/2022\/04\/5.2-Tensologger-TL-150x150.jpg 150w, https:\/\/www.huggenberger.com\/wp-content\/uploads\/2022\/04\/5.2-Tensologger-TL-12x12.jpg 12w\" sizes=\"auto, (max-width: 600px) 100vw, 600px\" \/><\/a>\r\n\t\t<\/figure>\r\n\t<\/div>\r\n<div id=\"cms-heading-3\" class=\"cms-heading align-left align-left-md align-left-sm align-left-xs\">\r\n    \r\n    <div class=\"cms-inline-css\"  data-css=\"                                \">\r\n    <\/div>\r\n    \r\n        <h5 class=\"cms-heading-tag\" >\r\n                    <a href=\"\/fr\/products\/data-acquisition-and-software\/tensologger-tl\/\" target=\"_self\">                Tensologger TL            <\/a>            <\/h5>\r\n                <div class=\"cms-heading-desc\" >\r\n            Le Tensologger TL est un syst\u00e8me de mesure et de contr\u00f4le statique, automatique et extensible auquel diff\u00e9rents capteurs \u00e0 4 et 2 fils peuvent \u00eatre connect\u00e9s et toutes les mesures peuvent \u00eatre prises.        <\/div>\r\n        <\/div><div class=\"vc_empty_space\"   style=\"height: 32px\"><span class=\"vc_empty_space_inner\"><\/span><\/div><\/div><\/div><\/div><div class=\"grigliaprodotti wpb_column vc_column_container vc_col-sm-4 vc_col-has-fill\"><div class=\"vc_column-inner vc_custom_1651157184946\"><div class=\"wpb_wrapper\">\r\n\t<div  class=\"wpb_single_image wpb_content_element vc_align_left  inherit\">\r\n\t\t\r\n\t\t<figure class=\"wpb_wrapper vc_figure\">\r\n\t\t\t<a href=\"\/fr\/products\/data-acquisition-and-software\/junction-boxes-and-terminal-boxes\/\" target=\"_self\" class=\"vc_single_image-wrapper default  vc_box_border_grey\"><img loading=\"lazy\" decoding=\"async\" width=\"600\" height=\"600\" src=\"https:\/\/www.huggenberger.com\/wp-content\/uploads\/2022\/04\/5.3-Junction-boxes-and-Terminal-boxes-1.jpg\" class=\"vc_single_image-img attachment-full\" alt=\"\" srcset=\"https:\/\/www.huggenberger.com\/wp-content\/uploads\/2022\/04\/5.3-Junction-boxes-and-Terminal-boxes-1.jpg 600w, https:\/\/www.huggenberger.com\/wp-content\/uploads\/2022\/04\/5.3-Junction-boxes-and-Terminal-boxes-1-300x300.jpg 300w, https:\/\/www.huggenberger.com\/wp-content\/uploads\/2022\/04\/5.3-Junction-boxes-and-Terminal-boxes-1-150x150.jpg 150w, https:\/\/www.huggenberger.com\/wp-content\/uploads\/2022\/04\/5.3-Junction-boxes-and-Terminal-boxes-1-12x12.jpg 12w\" sizes=\"auto, (max-width: 600px) 100vw, 600px\" \/><\/a>\r\n\t\t<\/figure>\r\n\t<\/div>\r\n<div id=\"cms-heading-4\" class=\"cms-heading align-left align-left-md align-left-sm align-left-xs\">\r\n    \r\n    <div class=\"cms-inline-css\"  data-css=\"                                \">\r\n    <\/div>\r\n    \r\n        <h5 class=\"cms-heading-tag\" >\r\n                    <a href=\"\/fr\/products\/data-acquisition-and-software\/junction-boxes-and-terminal-boxes\/\" target=\"_self\">                Bo\u00eetes de jonction et bo\u00eetes \u00e0 bornes            <\/a>            <\/h5>\r\n                <div class=\"cms-heading-desc\" >\r\n            Available in several inputs\/outputs. Terminal boxes are suitable for manual readings.        <\/div>\r\n        <\/div><\/div><\/div><\/div><\/div><div class=\"vc_row wpb_row vc_row-fluid vc_column-gap-20 vc_row-o-equal-height vc_row-flex bg-image-ps-inherit\"><div class=\"grigliaprodotti wpb_column vc_column_container vc_col-sm-4 vc_col-has-fill\"><div class=\"vc_column-inner vc_custom_1651157134714\"><div class=\"wpb_wrapper\">\r\n\t<div  class=\"wpb_single_image wpb_content_element vc_align_left  inherit\">\r\n\t\t\r\n\t\t<figure class=\"wpb_wrapper vc_figure\">\r\n\t\t\t<a href=\"\/fr\/products\/data-acquisition-and-software\/signal-cable-ts-pur\/\" target=\"_self\" class=\"vc_single_image-wrapper default  vc_box_border_grey\"><img loading=\"lazy\" decoding=\"async\" width=\"600\" height=\"600\" src=\"https:\/\/www.huggenberger.com\/wp-content\/uploads\/2022\/04\/5.4-Signal-cable-TS-PUR-7.jpg\" class=\"vc_single_image-img attachment-full\" alt=\"\" srcset=\"https:\/\/www.huggenberger.com\/wp-content\/uploads\/2022\/04\/5.4-Signal-cable-TS-PUR-7.jpg 600w, https:\/\/www.huggenberger.com\/wp-content\/uploads\/2022\/04\/5.4-Signal-cable-TS-PUR-7-300x300.jpg 300w, https:\/\/www.huggenberger.com\/wp-content\/uploads\/2022\/04\/5.4-Signal-cable-TS-PUR-7-150x150.jpg 150w, https:\/\/www.huggenberger.com\/wp-content\/uploads\/2022\/04\/5.4-Signal-cable-TS-PUR-7-12x12.jpg 12w\" sizes=\"auto, (max-width: 600px) 100vw, 600px\" \/><\/a>\r\n\t\t<\/figure>\r\n\t<\/div>\r\n<div id=\"cms-heading-5\" class=\"cms-heading align-left align-left-md align-left-sm align-left-xs\">\r\n    \r\n    <div class=\"cms-inline-css\"  data-css=\"                                \">\r\n    <\/div>\r\n    \r\n        <h5 class=\"cms-heading-tag\" >\r\n                    <a href=\"\/fr\/products\/data-acquisition-and-software\/signal-cable-ts-pur\/\" target=\"_self\">                C\u00e2ble de signal TS-PUR            <\/a>            <\/h5>\r\n                <div class=\"cms-heading-desc\" >\r\n            Le c\u00e2ble de signal TS-PUR est utilis\u00e9 pour une installation directe dans le b\u00e9ton frais ainsi que pour des applications de surface ou dans des canaux de c\u00e2bles ou des tubes de c\u00e2bles.        <\/div>\r\n        <\/div><\/div><\/div><\/div><div class=\"grigliaprodotti wpb_column vc_column_container vc_col-sm-4 vc_col-has-fill\"><div class=\"vc_column-inner vc_custom_1651157170316\"><div class=\"wpb_wrapper\">\r\n\t<div  class=\"wpb_single_image wpb_content_element vc_align_left  inherit\">\r\n\t\t\r\n\t\t<figure class=\"wpb_wrapper vc_figure\">\r\n\t\t\t<a href=\"\/fr\/products\/data-acquisition-and-software\/signal-cable-tap47\/\" target=\"_self\" class=\"vc_single_image-wrapper default  vc_box_border_grey\"><img loading=\"lazy\" decoding=\"async\" width=\"600\" height=\"600\" src=\"https:\/\/www.huggenberger.com\/wp-content\/uploads\/2022\/04\/5.5-Signal-cable-TAP47-2.jpg\" class=\"vc_single_image-img attachment-full\" alt=\"\" srcset=\"https:\/\/www.huggenberger.com\/wp-content\/uploads\/2022\/04\/5.5-Signal-cable-TAP47-2.jpg 600w, https:\/\/www.huggenberger.com\/wp-content\/uploads\/2022\/04\/5.5-Signal-cable-TAP47-2-300x300.jpg 300w, https:\/\/www.huggenberger.com\/wp-content\/uploads\/2022\/04\/5.5-Signal-cable-TAP47-2-150x150.jpg 150w, https:\/\/www.huggenberger.com\/wp-content\/uploads\/2022\/04\/5.5-Signal-cable-TAP47-2-12x12.jpg 12w\" sizes=\"auto, (max-width: 600px) 100vw, 600px\" \/><\/a>\r\n\t\t<\/figure>\r\n\t<\/div>\r\n<div id=\"cms-heading-6\" class=\"cms-heading align-left align-left-md align-left-sm align-left-xs\">\r\n    \r\n    <div class=\"cms-inline-css\"  data-css=\"                                \">\r\n    <\/div>\r\n    \r\n        <h5 class=\"cms-heading-tag\" >\r\n                    <a href=\"\/fr\/products\/data-acquisition-and-software\/signal-cable-tap47\/\" target=\"_self\">                C\u00e2ble de signal TAP47            <\/a>            <\/h5>\r\n                <div class=\"cms-heading-desc\" >\r\n            Le c\u00e2ble de signal TAP47 est sp\u00e9cialement con\u00e7u pour \u00eatre pos\u00e9 directement dans le sol ou sous l'eau.        <\/div>\r\n        <\/div><\/div><\/div><\/div><div class=\"grigliaprodotti wpb_column vc_column_container vc_col-sm-4 vc_col-has-fill\"><div class=\"vc_column-inner vc_custom_1651157184946\"><div class=\"wpb_wrapper\">\r\n\t<div  class=\"wpb_single_image wpb_content_element vc_align_center  inherit\">\r\n\t\t\r\n\t\t<figure class=\"wpb_wrapper vc_figure\">\r\n\t\t\t<a href=\"\/fr\/products\/data-acquisition-and-software\/wireless-monitoring\/\" target=\"_self\" class=\"vc_single_image-wrapper default  vc_box_border_grey\"><img loading=\"lazy\" decoding=\"async\" width=\"600\" height=\"600\" src=\"https:\/\/www.huggenberger.com\/wp-content\/uploads\/2026\/03\/Senceive-wireless-nodes-hugg-1.jpg\" class=\"vc_single_image-img attachment-full\" alt=\"\" srcset=\"https:\/\/www.huggenberger.com\/wp-content\/uploads\/2026\/03\/Senceive-wireless-nodes-hugg-1.jpg 600w, https:\/\/www.huggenberger.com\/wp-content\/uploads\/2026\/03\/Senceive-wireless-nodes-hugg-1-300x300.jpg 300w, https:\/\/www.huggenberger.com\/wp-content\/uploads\/2026\/03\/Senceive-wireless-nodes-hugg-1-150x150.jpg 150w, https:\/\/www.huggenberger.com\/wp-content\/uploads\/2026\/03\/Senceive-wireless-nodes-hugg-1-12x12.jpg 12w\" sizes=\"auto, (max-width: 600px) 100vw, 600px\" \/><\/a>\r\n\t\t<\/figure>\r\n\t<\/div>\r\n<div id=\"cms-heading-7\" class=\"cms-heading align-left align-left-md align-left-sm align-left-xs\">\r\n    \r\n    <div class=\"cms-inline-css\"  data-css=\"                                \">\r\n    <\/div>\r\n    \r\n        <h5 class=\"cms-heading-tag\" >\r\n                    <a href=\"\/fr\/products\/data-acquisition-and-software\/wireless-monitoring\/\" target=\"_self\">                Senceive wireless monitoring            <\/a>            <\/h5>\r\n                <div class=\"cms-heading-desc\" >\r\n            Senceive sensor interfaces enable users to integrate a wide range of geotechnical and structural sensors into wireless remote monitoring systems.        <\/div>\r\n        <\/div><\/div><\/div><\/div><\/div><div class=\"vc_row wpb_row vc_row-fluid bg-image-ps-inherit\"><div class=\"wpb_column vc_column_container vc_col-sm-12\"><div class=\"vc_column-inner\"><div class=\"wpb_wrapper\"><div class=\"vc_empty_space\"   style=\"height: 32px\"><span class=\"vc_empty_space_inner\"><\/span><\/div><\/div><\/div><\/div><\/div>","protected":false},"excerpt":{"rendered":"High-end data acquisition and control systems to which various 4-, 3- and 2-wire sensors can be connected and any measurements can be taken as: voltage, current, resistance, potentiometers, strain gauge full bridge sensors, different temperature sensors as well as vibrating wire sensors with their corresponding temperature sensors and common 2-wire sensors and all accessories to [...]","protected":false},"author":3,"featured_media":2381,"parent":1627,"menu_order":0,"comment_status":"closed","ping_status":"closed","template":"","meta":{"footnotes":""},"class_list":["post-2345","page","type-page","status-publish","has-post-thumbnail","hentry"],"yoast_head":"<!-- This site is optimized with the Yoast SEO plugin v27.4 - https:\/\/yoast.com\/product\/yoast-seo-wordpress\/ -->\n<title>Data Acquisition and Wireless Instrumentations - Huggenberger<\/title>\n<meta name=\"description\" content=\"Equipment and measuring devices for monitoring for Pendulum Mesuring System\" \/>\n<meta name=\"robots\" content=\"index, follow, max-snippet:-1, max-image-preview:large, max-video-preview:-1\" \/>\n<link rel=\"canonical\" href=\"https:\/\/www.huggenberger.com\/fr\/products\/data-acquisition-and-software\/\" \/>\n<meta property=\"og:locale\" content=\"fr_FR\" \/>\n<meta property=\"og:type\" content=\"article\" \/>\n<meta property=\"og:title\" content=\"Data Acquisition and Wireless Instrumentations - Huggenberger\" \/>\n<meta property=\"og:description\" content=\"Equipment and measuring devices for monitoring for Pendulum Mesuring System\" \/>\n<meta property=\"og:url\" content=\"https:\/\/www.huggenberger.com\/fr\/products\/data-acquisition-and-software\/\" \/>\n<meta property=\"og:site_name\" content=\"Huggenberger\" \/>\n<meta property=\"article:modified_time\" content=\"2026-03-02T16:27:14+00:00\" \/>\n<meta property=\"og:image\" content=\"https:\/\/www.huggenberger.com\/wp-content\/uploads\/2022\/04\/products_f05-1.jpg\" \/>\n\t<meta property=\"og:image:width\" content=\"600\" \/>\n\t<meta property=\"og:image:height\" content=\"600\" \/>\n\t<meta property=\"og:image:type\" content=\"image\/jpeg\" \/>\n<meta name=\"twitter:card\" content=\"summary_large_image\" \/>\n<meta name=\"twitter:label1\" content=\"Dur\u00e9e de lecture estim\u00e9e\" \/>\n\t<meta name=\"twitter:data1\" content=\"1 minute\" \/>\n<script type=\"application\/ld+json\" class=\"yoast-schema-graph\">{\"@context\":\"https:\\\/\\\/schema.org\",\"@graph\":[{\"@type\":\"WebPage\",\"@id\":\"https:\\\/\\\/www.huggenberger.com\\\/products\\\/data-acquisition-and-software\\\/\",\"url\":\"https:\\\/\\\/www.huggenberger.com\\\/products\\\/data-acquisition-and-software\\\/\",\"name\":\"Data Acquisition and Wireless Instrumentations - Huggenberger\",\"isPartOf\":{\"@id\":\"https:\\\/\\\/www.huggenberger.com\\\/#website\"},\"primaryImageOfPage\":{\"@id\":\"https:\\\/\\\/www.huggenberger.com\\\/products\\\/data-acquisition-and-software\\\/#primaryimage\"},\"image\":{\"@id\":\"https:\\\/\\\/www.huggenberger.com\\\/products\\\/data-acquisition-and-software\\\/#primaryimage\"},\"thumbnailUrl\":\"https:\\\/\\\/www.huggenberger.com\\\/wp-content\\\/uploads\\\/2022\\\/04\\\/products_f05-1.jpg\",\"datePublished\":\"2022-04-06T15:25:22+00:00\",\"dateModified\":\"2026-03-02T16:27:14+00:00\",\"description\":\"Equipment and measuring devices for monitoring for Pendulum Mesuring System\",\"breadcrumb\":{\"@id\":\"https:\\\/\\\/www.huggenberger.com\\\/products\\\/data-acquisition-and-software\\\/#breadcrumb\"},\"inLanguage\":\"fr-FR\",\"potentialAction\":[{\"@type\":\"ReadAction\",\"target\":[\"https:\\\/\\\/www.huggenberger.com\\\/products\\\/data-acquisition-and-software\\\/\"]}]},{\"@type\":\"ImageObject\",\"inLanguage\":\"fr-FR\",\"@id\":\"https:\\\/\\\/www.huggenberger.com\\\/products\\\/data-acquisition-and-software\\\/#primaryimage\",\"url\":\"https:\\\/\\\/www.huggenberger.com\\\/wp-content\\\/uploads\\\/2022\\\/04\\\/products_f05-1.jpg\",\"contentUrl\":\"https:\\\/\\\/www.huggenberger.com\\\/wp-content\\\/uploads\\\/2022\\\/04\\\/products_f05-1.jpg\",\"width\":600,\"height\":600},{\"@type\":\"BreadcrumbList\",\"@id\":\"https:\\\/\\\/www.huggenberger.com\\\/products\\\/data-acquisition-and-software\\\/#breadcrumb\",\"itemListElement\":[{\"@type\":\"ListItem\",\"position\":1,\"name\":\"Home\",\"item\":\"https:\\\/\\\/www.huggenberger.com\\\/\"},{\"@type\":\"ListItem\",\"position\":2,\"name\":\"Products\",\"item\":\"https:\\\/\\\/www.huggenberger.com\\\/products\\\/\"},{\"@type\":\"ListItem\",\"position\":3,\"name\":\"Data Acquisition and Wireless Instrumentations\"}]},{\"@type\":\"WebSite\",\"@id\":\"https:\\\/\\\/www.huggenberger.com\\\/#website\",\"url\":\"https:\\\/\\\/www.huggenberger.com\\\/\",\"name\":\"Huggenberger\",\"description\":\"Physical security monitoring of engineering structures\",\"publisher\":{\"@id\":\"https:\\\/\\\/www.huggenberger.com\\\/#organization\"},\"potentialAction\":[{\"@type\":\"SearchAction\",\"target\":{\"@type\":\"EntryPoint\",\"urlTemplate\":\"https:\\\/\\\/www.huggenberger.com\\\/?s={search_term_string}\"},\"query-input\":{\"@type\":\"PropertyValueSpecification\",\"valueRequired\":true,\"valueName\":\"search_term_string\"}}],\"inLanguage\":\"fr-FR\"},{\"@type\":\"Organization\",\"@id\":\"https:\\\/\\\/www.huggenberger.com\\\/#organization\",\"name\":\"HUGGENBERGER AG\",\"url\":\"https:\\\/\\\/www.huggenberger.com\\\/\",\"logo\":{\"@type\":\"ImageObject\",\"inLanguage\":\"fr-FR\",\"@id\":\"https:\\\/\\\/www.huggenberger.com\\\/#\\\/schema\\\/logo\\\/image\\\/\",\"url\":\"https:\\\/\\\/www.huggenberger.com\\\/wp-content\\\/uploads\\\/2022\\\/06\\\/Huggenberger-Logo_Claim-E.webp\",\"contentUrl\":\"https:\\\/\\\/www.huggenberger.com\\\/wp-content\\\/uploads\\\/2022\\\/06\\\/Huggenberger-Logo_Claim-E.webp\",\"width\":407,\"height\":63,\"caption\":\"HUGGENBERGER AG\"},\"image\":{\"@id\":\"https:\\\/\\\/www.huggenberger.com\\\/#\\\/schema\\\/logo\\\/image\\\/\"},\"sameAs\":[\"https:\\\/\\\/www.linkedin.com\\\/company\\\/huggenberger-ag\\\/\"]}]}<\/script>\n<!-- \/ Yoast SEO plugin. -->","yoast_head_json":{"title":"Data Acquisition and Wireless Instrumentations - Huggenberger","description":"Equipment and measuring devices for monitoring for Pendulum Mesuring System","robots":{"index":"index","follow":"follow","max-snippet":"max-snippet:-1","max-image-preview":"max-image-preview:large","max-video-preview":"max-video-preview:-1"},"canonical":"https:\/\/www.huggenberger.com\/fr\/products\/data-acquisition-and-software\/","og_locale":"fr_FR","og_type":"article","og_title":"Data Acquisition and Wireless Instrumentations - Huggenberger","og_description":"Equipment and measuring devices for monitoring for Pendulum Mesuring System","og_url":"https:\/\/www.huggenberger.com\/fr\/products\/data-acquisition-and-software\/","og_site_name":"Huggenberger","article_modified_time":"2026-03-02T16:27:14+00:00","og_image":[{"width":600,"height":600,"url":"https:\/\/www.huggenberger.com\/wp-content\/uploads\/2022\/04\/products_f05-1.jpg","type":"image\/jpeg"}],"twitter_card":"summary_large_image","twitter_misc":{"Dur\u00e9e de lecture estim\u00e9e":"1 minute"},"schema":{"@context":"https:\/\/schema.org","@graph":[{"@type":"WebPage","@id":"https:\/\/www.huggenberger.com\/products\/data-acquisition-and-software\/","url":"https:\/\/www.huggenberger.com\/products\/data-acquisition-and-software\/","name":"Data Acquisition and Wireless Instrumentations - Huggenberger","isPartOf":{"@id":"https:\/\/www.huggenberger.com\/#website"},"primaryImageOfPage":{"@id":"https:\/\/www.huggenberger.com\/products\/data-acquisition-and-software\/#primaryimage"},"image":{"@id":"https:\/\/www.huggenberger.com\/products\/data-acquisition-and-software\/#primaryimage"},"thumbnailUrl":"https:\/\/www.huggenberger.com\/wp-content\/uploads\/2022\/04\/products_f05-1.jpg","datePublished":"2022-04-06T15:25:22+00:00","dateModified":"2026-03-02T16:27:14+00:00","description":"Equipment and measuring devices for monitoring for Pendulum Mesuring System","breadcrumb":{"@id":"https:\/\/www.huggenberger.com\/products\/data-acquisition-and-software\/#breadcrumb"},"inLanguage":"fr-FR","potentialAction":[{"@type":"ReadAction","target":["https:\/\/www.huggenberger.com\/products\/data-acquisition-and-software\/"]}]},{"@type":"ImageObject","inLanguage":"fr-FR","@id":"https:\/\/www.huggenberger.com\/products\/data-acquisition-and-software\/#primaryimage","url":"https:\/\/www.huggenberger.com\/wp-content\/uploads\/2022\/04\/products_f05-1.jpg","contentUrl":"https:\/\/www.huggenberger.com\/wp-content\/uploads\/2022\/04\/products_f05-1.jpg","width":600,"height":600},{"@type":"BreadcrumbList","@id":"https:\/\/www.huggenberger.com\/products\/data-acquisition-and-software\/#breadcrumb","itemListElement":[{"@type":"ListItem","position":1,"name":"Home","item":"https:\/\/www.huggenberger.com\/"},{"@type":"ListItem","position":2,"name":"Products","item":"https:\/\/www.huggenberger.com\/products\/"},{"@type":"ListItem","position":3,"name":"Data Acquisition and Wireless Instrumentations"}]},{"@type":"WebSite","@id":"https:\/\/www.huggenberger.com\/#website","url":"https:\/\/www.huggenberger.com\/","name":"Huggenberger","description":"Physical security monitoring of engineering structures","publisher":{"@id":"https:\/\/www.huggenberger.com\/#organization"},"potentialAction":[{"@type":"SearchAction","target":{"@type":"EntryPoint","urlTemplate":"https:\/\/www.huggenberger.com\/?s={search_term_string}"},"query-input":{"@type":"PropertyValueSpecification","valueRequired":true,"valueName":"search_term_string"}}],"inLanguage":"fr-FR"},{"@type":"Organization","@id":"https:\/\/www.huggenberger.com\/#organization","name":"HUGGENBERGER AG","url":"https:\/\/www.huggenberger.com\/","logo":{"@type":"ImageObject","inLanguage":"fr-FR","@id":"https:\/\/www.huggenberger.com\/#\/schema\/logo\/image\/","url":"https:\/\/www.huggenberger.com\/wp-content\/uploads\/2022\/06\/Huggenberger-Logo_Claim-E.webp","contentUrl":"https:\/\/www.huggenberger.com\/wp-content\/uploads\/2022\/06\/Huggenberger-Logo_Claim-E.webp","width":407,"height":63,"caption":"HUGGENBERGER AG"},"image":{"@id":"https:\/\/www.huggenberger.com\/#\/schema\/logo\/image\/"},"sameAs":["https:\/\/www.linkedin.com\/company\/huggenberger-ag\/"]}]}},"_links":{"self":[{"href":"https:\/\/www.huggenberger.com\/fr\/wp-json\/wp\/v2\/pages\/2345","targetHints":{"allow":["GET"]}}],"collection":[{"href":"https:\/\/www.huggenberger.com\/fr\/wp-json\/wp\/v2\/pages"}],"about":[{"href":"https:\/\/www.huggenberger.com\/fr\/wp-json\/wp\/v2\/types\/page"}],"author":[{"embeddable":true,"href":"https:\/\/www.huggenberger.com\/fr\/wp-json\/wp\/v2\/users\/3"}],"replies":[{"embeddable":true,"href":"https:\/\/www.huggenberger.com\/fr\/wp-json\/wp\/v2\/comments?post=2345"}],"version-history":[{"count":25,"href":"https:\/\/www.huggenberger.com\/fr\/wp-json\/wp\/v2\/pages\/2345\/revisions"}],"predecessor-version":[{"id":6564,"href":"https:\/\/www.huggenberger.com\/fr\/wp-json\/wp\/v2\/pages\/2345\/revisions\/6564"}],"up":[{"embeddable":true,"href":"https:\/\/www.huggenberger.com\/fr\/wp-json\/wp\/v2\/pages\/1627"}],"wp:featuredmedia":[{"embeddable":true,"href":"https:\/\/www.huggenberger.com\/fr\/wp-json\/wp\/v2\/media\/2381"}],"wp:attachment":[{"href":"https:\/\/www.huggenberger.com\/fr\/wp-json\/wp\/v2\/media?parent=2345"}],"curies":[{"name":"wp","href":"https:\/\/api.w.org\/{rel}","templated":true}]}}