{"id":24,"date":"2019-07-15T03:24:45","date_gmt":"2019-07-15T03:24:45","guid":{"rendered":"https:\/\/demo.cmssuperheroes.com\/themeforest\/industic\/?page_id=24"},"modified":"2019-07-15T03:24:45","modified_gmt":"2019-07-15T03:24:45","slug":"award-recognition","status":"publish","type":"page","link":"https:\/\/www.huggenberger.com\/fr\/award-recognition\/","title":{"rendered":"Award &#038; Recognition"},"content":{"rendered":"<div class=\"vc_row wpb_row vc_row-fluid bg-image-ps-inherit\"><div class=\"wpb_column vc_column_container vc_col-sm-12\"><div class=\"vc_column-inner vc_custom_1565842552088\"><div class=\"wpb_wrapper\"><div class=\"vc_row wpb_row vc_inner vc_row-fluid\"><div class=\"wpb_column vc_column_container vc_col-sm-1\"><div class=\"vc_column-inner vc_custom_1565841756816\"><div class=\"wpb_wrapper\"><\/div><\/div><\/div><div class=\"wpb_column vc_column_container vc_col-sm-10 rm-padding-lg\"><div class=\"vc_column-inner vc_custom_1565841778509\"><div class=\"wpb_wrapper\"><div id=\"cms-heading\" class=\"cms-heading align-center align-center-md align-center-sm align-center-xs\">\r\n    \r\n    <div class=\"cms-inline-css\"  data-css=\"                    @media (min-width: 991px) and (max-width: 1199px) {                #cms-heading .cms-heading-tag {                                            font-size: 43px !important;                                                                line-height: 57px !important;                                    }            }                            @media (min-width: 768px) and (max-width: 991px) {                #cms-heading .cms-heading-tag {                                            font-size: 43px !important;                                                                line-height: 57px !important;                                    }            }                            @media screen and (max-width: 767px) {                #cms-heading .cms-heading-tag {                                            font-size: 36px !important;                                                                line-height: 45px !important;                                    }            }                \">\r\n    <\/div>\r\n    \r\n            <div class=\"cms-heading-sub ft-sub\" >\r\n            Fabriquer une vari\u00e9t\u00e9 de produits de haute qualit\u00e9        <\/div>\r\n        <h3 class=\"cms-heading-tag  show-sub\" style=\"margin-bottom:0px;font-size:43px;line-height:57px; \">\r\n                                    A Leading Industrial &amp; Manufacturing Company, Serving Since 1997.                        <\/h3>\r\n            <\/div><\/div><\/div><\/div><div class=\"wpb_column vc_column_container vc_col-sm-1\"><div class=\"vc_column-inner vc_custom_1565841763185\"><div class=\"wpb_wrapper\"><\/div><\/div><\/div><\/div><div class=\"vc_empty_space\"   style=\"height: 4px\"><span class=\"vc_empty_space_inner\"><\/span><\/div><div class=\"vc_row wpb_row vc_inner vc_row-fluid\"><div class=\"wpb_column vc_column_container vc_col-sm-4\"><div class=\"vc_column-inner vc_custom_1565842500670\"><div class=\"wpb_wrapper\"><div class=\"cms-award-layout1\">\r\n\t<div class=\"cms-award-inner\">\r\n                    <div class=\"award-image\">\r\n                <img loading=\"lazy\" decoding=\"async\" width=\"370\" height=\"247\" src=\"https:\/\/www.huggenberger.com\/wp-content\/uploads\/2019\/08\/awards-01.jpg\" class=\"attachment-full\" alt=\"\" \/>            <\/div>\r\n            \r\n        <div class=\"award-holder\">\r\n                            <h6 class=\"cms-award-title\">\r\n                    Family Business Award                <\/h6>\r\n                                        <div class=\"cms-award-desc\">\r\n                    We believe that partnerships are fundamental to our growth. We'll seek the highest quality global forwarding services.                <\/div>\r\n                    <\/div>\r\n\t<\/div>\r\n<\/div><\/div><\/div><\/div><div class=\"wpb_column vc_column_container vc_col-sm-4\"><div class=\"vc_column-inner vc_custom_1565842559992\"><div class=\"wpb_wrapper\"><div class=\"cms-award-layout1\">\r\n\t<div class=\"cms-award-inner\">\r\n                    <div class=\"award-image\">\r\n                <img loading=\"lazy\" decoding=\"async\" width=\"370\" height=\"247\" src=\"https:\/\/www.huggenberger.com\/wp-content\/uploads\/2019\/08\/awards-02.jpg\" class=\"attachment-full\" alt=\"\" \/>            <\/div>\r\n            \r\n        <div class=\"award-holder\">\r\n                            <h6 class=\"cms-award-title\">\r\n                    Excellence in Exporting                <\/h6>\r\n                                        <div class=\"cms-award-desc\">\r\n                    When we communicate, we are honest and direct. We won't make excuses, simply offer you a concrete solutions.                <\/div>\r\n                    <\/div>\r\n\t<\/div>\r\n<\/div><\/div><\/div><\/div><div class=\"wpb_column vc_column_container vc_col-sm-4\"><div class=\"vc_column-inner vc_custom_1565842570924\"><div class=\"wpb_wrapper\"><div class=\"cms-award-layout1\">\r\n\t<div class=\"cms-award-inner\">\r\n                    <div class=\"award-image\">\r\n                <img loading=\"lazy\" decoding=\"async\" width=\"370\" height=\"247\" src=\"https:\/\/www.huggenberger.com\/wp-content\/uploads\/2019\/08\/awards-03.jpg\" class=\"attachment-full\" alt=\"\" \/>            <\/div>\r\n            \r\n        <div class=\"award-holder\">\r\n                            <h6 class=\"cms-award-title\">\r\n                    Top Leading Global Trade                 <\/h6>\r\n                                        <div class=\"cms-award-desc\">\r\n                    As a logistics solutions provider, we\u2019ll monitor your logistical objectives and make sure all your logistical activities.                <\/div>\r\n                    <\/div>\r\n\t<\/div>\r\n<\/div><\/div><\/div><\/div><\/div><div class=\"vc_row wpb_row vc_inner vc_row-fluid\"><div class=\"wpb_column vc_column_container vc_col-sm-4\"><div class=\"vc_column-inner vc_custom_1565842505334\"><div class=\"wpb_wrapper\"><div class=\"cms-award-layout1\">\r\n\t<div class=\"cms-award-inner\">\r\n                    <div class=\"award-image\">\r\n                <img loading=\"lazy\" decoding=\"async\" width=\"370\" height=\"247\" src=\"https:\/\/www.huggenberger.com\/wp-content\/uploads\/2019\/08\/awards-04.jpg\" class=\"attachment-full\" alt=\"\" \/>            <\/div>\r\n            \r\n        <div class=\"award-holder\">\r\n                            <h6 class=\"cms-award-title\">\r\n                    Sales Excellence Award                <\/h6>\r\n                                        <div class=\"cms-award-desc\">\r\n                    We believe that partnerships are fundamental to our growth. We'll seek the highest quality global forwarding services.                <\/div>\r\n                    <\/div>\r\n\t<\/div>\r\n<\/div><\/div><\/div><\/div><div class=\"wpb_column vc_column_container vc_col-sm-4\"><div class=\"vc_column-inner vc_custom_1565842564694\"><div class=\"wpb_wrapper\"><div class=\"cms-award-layout1\">\r\n\t<div class=\"cms-award-inner\">\r\n                    <div class=\"award-image\">\r\n                <img loading=\"lazy\" decoding=\"async\" width=\"370\" height=\"247\" src=\"https:\/\/www.huggenberger.com\/wp-content\/uploads\/2019\/08\/awards-05.jpg\" class=\"attachment-full\" alt=\"\" \/>            <\/div>\r\n            \r\n        <div class=\"award-holder\">\r\n                            <h6 class=\"cms-award-title\">\r\n                    Construction Excellence<br \/>\n                <\/h6>\r\n                                        <div class=\"cms-award-desc\">\r\n                    When we communicate, we are honest and direct. We won't make excuses, simply offer you a concrete solutions.                <\/div>\r\n                    <\/div>\r\n\t<\/div>\r\n<\/div><\/div><\/div><\/div><div class=\"wpb_column vc_column_container vc_col-sm-4\"><div class=\"vc_column-inner vc_custom_1565842575379\"><div class=\"wpb_wrapper\"><div class=\"cms-award-layout1\">\r\n\t<div class=\"cms-award-inner\">\r\n                    <div class=\"award-image\">\r\n                <img loading=\"lazy\" decoding=\"async\" width=\"370\" height=\"247\" src=\"https:\/\/www.huggenberger.com\/wp-content\/uploads\/2019\/08\/awards-06.jpg\" class=\"attachment-full\" alt=\"\" \/>            <\/div>\r\n            \r\n        <div class=\"award-holder\">\r\n                            <h6 class=\"cms-award-title\">\r\n                    Safety Award                 <\/h6>\r\n                                        <div class=\"cms-award-desc\">\r\n                    As a logistics solutions provider, we\u2019ll monitor your logistical objectives and make sure all your logistical activities.                <\/div>\r\n                    <\/div>\r\n\t<\/div>\r\n<\/div><\/div><\/div><\/div><\/div><\/div><\/div><\/div><\/div>","protected":false},"excerpt":{"rendered":"Manufacture A Variety Of High Quality Products A Leading Industrial &amp; Manufacturing Company, Serving Since 1997. Family Business Award We believe that partnerships are fundamental to our growth. We'll seek the highest quality global forwarding services. Excellence in Exporting When we communicate, we are honest and direct. We won't make excuses, simply offer you a [...]","protected":false},"author":3,"featured_media":0,"parent":0,"menu_order":0,"comment_status":"closed","ping_status":"closed","template":"","meta":{"footnotes":""},"class_list":["post-24","page","type-page","status-publish","hentry"],"yoast_head":"<!-- This site is optimized with the Yoast SEO plugin v27.5 - https:\/\/yoast.com\/product\/yoast-seo-wordpress\/ -->\n<title>Award &amp; Recognition - Huggenberger<\/title>\n<meta name=\"robots\" content=\"index, follow, max-snippet:-1, max-image-preview:large, max-video-preview:-1\" \/>\n<link rel=\"canonical\" href=\"https:\/\/www.huggenberger.com\/fr\/award-recognition\/\" \/>\n<meta property=\"og:locale\" content=\"fr_FR\" \/>\n<meta property=\"og:type\" content=\"article\" \/>\n<meta property=\"og:title\" content=\"Award &amp; Recognition - Huggenberger\" \/>\n<meta property=\"og:url\" content=\"https:\/\/www.huggenberger.com\/fr\/award-recognition\/\" \/>\n<meta property=\"og:site_name\" content=\"Huggenberger\" \/>\n<meta name=\"twitter:card\" content=\"summary_large_image\" \/>\n<meta name=\"twitter:label1\" content=\"Dur\u00e9e de lecture estim\u00e9e\" \/>\n\t<meta name=\"twitter:data1\" content=\"2 minutes\" \/>\n<script type=\"application\/ld+json\" class=\"yoast-schema-graph\">{\"@context\":\"https:\\\/\\\/schema.org\",\"@graph\":[{\"@type\":\"WebPage\",\"@id\":\"https:\\\/\\\/www.huggenberger.com\\\/award-recognition\\\/\",\"url\":\"https:\\\/\\\/www.huggenberger.com\\\/award-recognition\\\/\",\"name\":\"Award & Recognition - Huggenberger\",\"isPartOf\":{\"@id\":\"https:\\\/\\\/www.huggenberger.com\\\/#website\"},\"datePublished\":\"2019-07-15T03:24:45+00:00\",\"breadcrumb\":{\"@id\":\"https:\\\/\\\/www.huggenberger.com\\\/award-recognition\\\/#breadcrumb\"},\"inLanguage\":\"fr-FR\",\"potentialAction\":[{\"@type\":\"ReadAction\",\"target\":[\"https:\\\/\\\/www.huggenberger.com\\\/award-recognition\\\/\"]}]},{\"@type\":\"BreadcrumbList\",\"@id\":\"https:\\\/\\\/www.huggenberger.com\\\/award-recognition\\\/#breadcrumb\",\"itemListElement\":[{\"@type\":\"ListItem\",\"position\":1,\"name\":\"Home\",\"item\":\"https:\\\/\\\/www.huggenberger.com\\\/\"},{\"@type\":\"ListItem\",\"position\":2,\"name\":\"Award &#038; Recognition\"}]},{\"@type\":\"WebSite\",\"@id\":\"https:\\\/\\\/www.huggenberger.com\\\/#website\",\"url\":\"https:\\\/\\\/www.huggenberger.com\\\/\",\"name\":\"Huggenberger\",\"description\":\"Physical security monitoring of engineering structures\",\"publisher\":{\"@id\":\"https:\\\/\\\/www.huggenberger.com\\\/#organization\"},\"potentialAction\":[{\"@type\":\"SearchAction\",\"target\":{\"@type\":\"EntryPoint\",\"urlTemplate\":\"https:\\\/\\\/www.huggenberger.com\\\/?s={search_term_string}\"},\"query-input\":{\"@type\":\"PropertyValueSpecification\",\"valueRequired\":true,\"valueName\":\"search_term_string\"}}],\"inLanguage\":\"fr-FR\"},{\"@type\":\"Organization\",\"@id\":\"https:\\\/\\\/www.huggenberger.com\\\/#organization\",\"name\":\"HUGGENBERGER AG\",\"url\":\"https:\\\/\\\/www.huggenberger.com\\\/\",\"logo\":{\"@type\":\"ImageObject\",\"inLanguage\":\"fr-FR\",\"@id\":\"https:\\\/\\\/www.huggenberger.com\\\/#\\\/schema\\\/logo\\\/image\\\/\",\"url\":\"https:\\\/\\\/www.huggenberger.com\\\/wp-content\\\/uploads\\\/2022\\\/06\\\/Huggenberger-Logo_Claim-E.webp\",\"contentUrl\":\"https:\\\/\\\/www.huggenberger.com\\\/wp-content\\\/uploads\\\/2022\\\/06\\\/Huggenberger-Logo_Claim-E.webp\",\"width\":407,\"height\":63,\"caption\":\"HUGGENBERGER AG\"},\"image\":{\"@id\":\"https:\\\/\\\/www.huggenberger.com\\\/#\\\/schema\\\/logo\\\/image\\\/\"},\"sameAs\":[\"https:\\\/\\\/www.linkedin.com\\\/company\\\/huggenberger-ag\\\/\"]}]}<\/script>\n<!-- \/ Yoast SEO plugin. -->","yoast_head_json":{"title":"Award & Recognition - Huggenberger","robots":{"index":"index","follow":"follow","max-snippet":"max-snippet:-1","max-image-preview":"max-image-preview:large","max-video-preview":"max-video-preview:-1"},"canonical":"https:\/\/www.huggenberger.com\/fr\/award-recognition\/","og_locale":"fr_FR","og_type":"article","og_title":"Award & Recognition - Huggenberger","og_url":"https:\/\/www.huggenberger.com\/fr\/award-recognition\/","og_site_name":"Huggenberger","twitter_card":"summary_large_image","twitter_misc":{"Dur\u00e9e de lecture estim\u00e9e":"2 minutes"},"schema":{"@context":"https:\/\/schema.org","@graph":[{"@type":"WebPage","@id":"https:\/\/www.huggenberger.com\/award-recognition\/","url":"https:\/\/www.huggenberger.com\/award-recognition\/","name":"Award & Recognition - Huggenberger","isPartOf":{"@id":"https:\/\/www.huggenberger.com\/#website"},"datePublished":"2019-07-15T03:24:45+00:00","breadcrumb":{"@id":"https:\/\/www.huggenberger.com\/award-recognition\/#breadcrumb"},"inLanguage":"fr-FR","potentialAction":[{"@type":"ReadAction","target":["https:\/\/www.huggenberger.com\/award-recognition\/"]}]},{"@type":"BreadcrumbList","@id":"https:\/\/www.huggenberger.com\/award-recognition\/#breadcrumb","itemListElement":[{"@type":"ListItem","position":1,"name":"Home","item":"https:\/\/www.huggenberger.com\/"},{"@type":"ListItem","position":2,"name":"Award &#038; Recognition"}]},{"@type":"WebSite","@id":"https:\/\/www.huggenberger.com\/#website","url":"https:\/\/www.huggenberger.com\/","name":"Huggenberger","description":"Physical security monitoring of engineering structures","publisher":{"@id":"https:\/\/www.huggenberger.com\/#organization"},"potentialAction":[{"@type":"SearchAction","target":{"@type":"EntryPoint","urlTemplate":"https:\/\/www.huggenberger.com\/?s={search_term_string}"},"query-input":{"@type":"PropertyValueSpecification","valueRequired":true,"valueName":"search_term_string"}}],"inLanguage":"fr-FR"},{"@type":"Organization","@id":"https:\/\/www.huggenberger.com\/#organization","name":"HUGGENBERGER AG","url":"https:\/\/www.huggenberger.com\/","logo":{"@type":"ImageObject","inLanguage":"fr-FR","@id":"https:\/\/www.huggenberger.com\/#\/schema\/logo\/image\/","url":"https:\/\/www.huggenberger.com\/wp-content\/uploads\/2022\/06\/Huggenberger-Logo_Claim-E.webp","contentUrl":"https:\/\/www.huggenberger.com\/wp-content\/uploads\/2022\/06\/Huggenberger-Logo_Claim-E.webp","width":407,"height":63,"caption":"HUGGENBERGER AG"},"image":{"@id":"https:\/\/www.huggenberger.com\/#\/schema\/logo\/image\/"},"sameAs":["https:\/\/www.linkedin.com\/company\/huggenberger-ag\/"]}]}},"_links":{"self":[{"href":"https:\/\/www.huggenberger.com\/fr\/wp-json\/wp\/v2\/pages\/24","targetHints":{"allow":["GET"]}}],"collection":[{"href":"https:\/\/www.huggenberger.com\/fr\/wp-json\/wp\/v2\/pages"}],"about":[{"href":"https:\/\/www.huggenberger.com\/fr\/wp-json\/wp\/v2\/types\/page"}],"author":[{"embeddable":true,"href":"https:\/\/www.huggenberger.com\/fr\/wp-json\/wp\/v2\/users\/3"}],"replies":[{"embeddable":true,"href":"https:\/\/www.huggenberger.com\/fr\/wp-json\/wp\/v2\/comments?post=24"}],"version-history":[{"count":0,"href":"https:\/\/www.huggenberger.com\/fr\/wp-json\/wp\/v2\/pages\/24\/revisions"}],"wp:attachment":[{"href":"https:\/\/www.huggenberger.com\/fr\/wp-json\/wp\/v2\/media?parent=24"}],"curies":[{"name":"wp","href":"https:\/\/api.w.org\/{rel}","templated":true}]}}