{"id":2825,"date":"2022-05-03T09:11:58","date_gmt":"2022-05-03T09:11:58","guid":{"rendered":"https:\/\/www.huggenberger.com\/?page_id=2825"},"modified":"2022-07-11T14:25:27","modified_gmt":"2022-07-11T14:25:27","slug":"real-time-and-wireless-monitoring-solution","status":"publish","type":"page","link":"https:\/\/www.huggenberger.com\/fr\/case-studies\/real-time-and-wireless-monitoring-solution\/","title":{"rendered":"Solution de surveillance en temps r\u00e9el et sans fil"},"content":{"rendered":"<div class=\"vc_row wpb_row vc_row-fluid vc_custom_1649020919723 bg-image-ps-inherit\"><div class=\"wpb_column vc_column_container vc_col-sm-3\"><div class=\"vc_column-inner\"><div class=\"wpb_wrapper\"><\/div><\/div><\/div><div class=\"wpb_column vc_column_container vc_col-sm-6\"><div class=\"vc_column-inner\"><div class=\"wpb_wrapper\"><div id=\"cms-heading\" class=\"cms-heading align-left align-left-md align-left-sm align-left-xs\">\r\n    \r\n    <div class=\"cms-inline-css\"  data-css=\"                                \">\r\n    <\/div>\r\n    \r\n        <h5 class=\"cms-heading-tag\" style=\"font-weight:400; \">\r\n                                    Les syst\u00e8mes de capteurs sans fil peuvent jouer un r\u00f4le crucial dans les situations o\u00f9 le c\u00e2blage standard s'av\u00e8re compliqu\u00e9 ou peu rentable.<br \/>\nCes syst\u00e8mes repr\u00e9sentent une cat\u00e9gorie remarquable de syst\u00e8mes autonomes qui effectuent un contr\u00f4le en boucle ferm\u00e9e \u00e0 l'aide de r\u00e9seaux de capteurs radio sans fil.                        <\/h5>\r\n            <\/div><div class=\"vc_empty_space\"   style=\"height: 32px\"><span class=\"vc_empty_space_inner\"><\/span><\/div><\/div><\/div><\/div><div class=\"wpb_column vc_column_container vc_col-sm-3\"><div class=\"vc_column-inner\"><div class=\"wpb_wrapper\"><\/div><\/div><\/div><\/div><div class=\"vc_row wpb_row vc_row-fluid bg-image-ps-inherit\"><div class=\"wpb_column vc_column_container vc_col-sm-12\"><div class=\"vc_column-inner\"><div class=\"wpb_wrapper\"><div class=\"vc_separator wpb_content_element vc_separator_align_center vc_sep_width_100 vc_sep_pos_align_center vc_sep_color_grey vc_separator-has-text\" ><span class=\"vc_sep_holder vc_sep_holder_l\"><span  class=\"vc_sep_line\"><\/span><\/span><h4>Real Time and Wireless monitoring solution \u2013 Case Studies<\/h4><span class=\"vc_sep_holder vc_sep_holder_r\"><span  class=\"vc_sep_line\"><\/span><\/span>\r\n<\/div><\/div><\/div><\/div><\/div><div class=\"vc_row wpb_row vc_row-fluid bg-image-ps-inherit\"><div class=\"wpb_column vc_column_container vc_col-sm-12\"><div class=\"vc_column-inner vc_custom_1649020581572\"><div class=\"wpb_wrapper\">\r\n<div id=\"cms-grid-case-study\" class=\"cms-grid cms-case-study-grid1\">\r\n\r\n    \r\n    <div class=\"cms-grid-inner row animation-time\" data-gutter=\"15\">\r\n                                    <div class=\"grid-item col-xl-3 col-lg-4 col-md-6 col-sm-6 col-12\">\r\n                        <div class=\"grid-item-inner\">\r\n                                                            <div class=\"item-featured\">\r\n                                    <div class=\"post-image\">\r\n                                        <a href=\"https:\/\/www.huggenberger.com\/fr\/case-study\/rock-cliff-monitoring-dornisporn-switzerland\/\"><img loading=\"lazy\" decoding=\"async\" class=\"\" src=\"https:\/\/www.huggenberger.com\/wp-content\/uploads\/2024\/11\/1_Rock-cliff-monitoring-Dornisporn-Switzerland_huggenberger-400x400.jpg\" width=\"400\" height=\"400\" alt=\"Rock cliff monitoring Dornisporn, Switzerland\" title=\"\" \/><\/a>\r\n                                    <\/div>\r\n                                <\/div>\r\n                                                        <div class=\"item-body\">\r\n                                <h3 class=\"item-title\"><a href=\"https:\/\/www.huggenberger.com\/fr\/case-study\/rock-cliff-monitoring-dornisporn-switzerland\/\">Rock cliff monitoring Dornisporn, Switzerland<\/a><\/h3>\r\n                                <div class=\"item-category\"><a href=\"https:\/\/www.huggenberger.com\/fr\/case-study-category\/geotechnical-instrumentation-monitoring\/\" rel=\"tag\">Instrumentation g\u00e9otechnique<\/a> <a href=\"https:\/\/www.huggenberger.com\/fr\/case-study-category\/real-time-and-wireless-monitoring-solution\/\" rel=\"tag\">Real Time and Wireless monitoring Solution<\/a> <a href=\"https:\/\/www.huggenberger.com\/fr\/case-study-category\/structural-health-monitoring-shm\/\" rel=\"tag\">Surveillance de la sant\u00e9 structurelle (SHM)<\/a><\/div>\r\n                                                                    <div class=\"item-content\">\r\n                                        Rock cliff monitoring Dornisporn, Switzerland                                    <\/div>\r\n                                                                <div class=\"item-readmore\">\r\n                                    <a class=\"btn-text\" href=\"https:\/\/www.huggenberger.com\/fr\/case-study\/rock-cliff-monitoring-dornisporn-switzerland\/\">Explore Case Study<\/a>\r\n                                <\/div>\r\n                            <\/div>\r\n                        <\/div>\r\n                    <\/div>\r\n                                    <div class=\"grid-item col-xl-3 col-lg-4 col-md-6 col-sm-6 col-12\">\r\n                        <div class=\"grid-item-inner\">\r\n                                                            <div class=\"item-featured\">\r\n                                    <div class=\"post-image\">\r\n                                        <a href=\"https:\/\/www.huggenberger.com\/fr\/case-study\/steinbruch-rotzloch-stansstad\/\"><img loading=\"lazy\" decoding=\"async\" class=\"\" src=\"https:\/\/www.huggenberger.com\/wp-content\/uploads\/2022\/06\/Layer-3-400x400.jpg\" width=\"400\" height=\"400\" alt=\"Quarry Rotzloch\" title=\"Quarry Rotzloch\" \/><\/a>\r\n                                    <\/div>\r\n                                <\/div>\r\n                                                        <div class=\"item-body\">\r\n                                <h3 class=\"item-title\"><a href=\"https:\/\/www.huggenberger.com\/fr\/case-study\/steinbruch-rotzloch-stansstad\/\">Steinbruch Rotzloch, Stansstad<\/a><\/h3>\r\n                                <div class=\"item-category\"><a href=\"https:\/\/www.huggenberger.com\/fr\/case-study-category\/real-time-and-wireless-monitoring-solution\/\" rel=\"tag\">Real Time and Wireless monitoring Solution<\/a><\/div>\r\n                                                                    <div class=\"item-content\">\r\n                                        Monitoring the stability of a rock cliff on a Swiss road and rail route.                                    <\/div>\r\n                                                                <div class=\"item-readmore\">\r\n                                    <a class=\"btn-text\" href=\"https:\/\/www.huggenberger.com\/fr\/case-study\/steinbruch-rotzloch-stansstad\/\">Explore Case Study<\/a>\r\n                                <\/div>\r\n                            <\/div>\r\n                        <\/div>\r\n                    <\/div>\r\n                    <\/div>\r\n        <\/div><\/div><\/div><\/div><\/div>","protected":false},"excerpt":{"rendered":"Country:\u00a0Switzerland Location: Sisikon, Zurich Switzerland Customer: ASTRA, Swiss Federal Roads Office Start: 2021 End: On going Monitoring the stability of a rock cliff on a Swiss road and rail route The Challenge The Swiss trans-alpine Gotthard railway is a key part of the rail network linking north and south Europe. Carrying passengers through the Gotthard [...]","protected":false},"author":3,"featured_media":1791,"parent":1623,"menu_order":0,"comment_status":"closed","ping_status":"closed","template":"","meta":{"footnotes":""},"class_list":["post-2825","page","type-page","status-publish","has-post-thumbnail","hentry"],"yoast_head":"<!-- This site is optimized with the Yoast SEO plugin v27.3 - https:\/\/yoast.com\/product\/yoast-seo-wordpress\/ -->\n<title>Real Time and Wireless monitoring solution - Huggenberger<\/title>\n<meta name=\"robots\" content=\"index, follow, max-snippet:-1, max-image-preview:large, max-video-preview:-1\" \/>\n<link rel=\"canonical\" href=\"https:\/\/www.huggenberger.com\/fr\/case-studies\/real-time-and-wireless-monitoring-solution\/\" \/>\n<meta property=\"og:locale\" content=\"fr_FR\" \/>\n<meta property=\"og:type\" content=\"article\" \/>\n<meta property=\"og:title\" content=\"Real Time and Wireless monitoring solution - Huggenberger\" \/>\n<meta property=\"og:url\" content=\"https:\/\/www.huggenberger.com\/fr\/case-studies\/real-time-and-wireless-monitoring-solution\/\" \/>\n<meta property=\"og:site_name\" content=\"Huggenberger\" \/>\n<meta property=\"article:modified_time\" content=\"2022-07-11T14:25:27+00:00\" \/>\n<meta property=\"og:image\" content=\"https:\/\/www.huggenberger.com\/wp-content\/uploads\/2022\/04\/cs_04.jpg\" \/>\n\t<meta property=\"og:image:width\" content=\"1000\" \/>\n\t<meta property=\"og:image:height\" content=\"513\" \/>\n\t<meta property=\"og:image:type\" content=\"image\/jpeg\" \/>\n<meta name=\"twitter:card\" content=\"summary_large_image\" \/>\n<meta name=\"twitter:label1\" content=\"Dur\u00e9e de lecture estim\u00e9e\" \/>\n\t<meta name=\"twitter:data1\" content=\"1 minute\" \/>\n<script type=\"application\/ld+json\" class=\"yoast-schema-graph\">{\"@context\":\"https:\\\/\\\/schema.org\",\"@graph\":[{\"@type\":\"WebPage\",\"@id\":\"https:\\\/\\\/www.huggenberger.com\\\/case-studies\\\/real-time-and-wireless-monitoring-solution\\\/\",\"url\":\"https:\\\/\\\/www.huggenberger.com\\\/case-studies\\\/real-time-and-wireless-monitoring-solution\\\/\",\"name\":\"Real Time and Wireless monitoring solution - Huggenberger\",\"isPartOf\":{\"@id\":\"https:\\\/\\\/www.huggenberger.com\\\/#website\"},\"primaryImageOfPage\":{\"@id\":\"https:\\\/\\\/www.huggenberger.com\\\/case-studies\\\/real-time-and-wireless-monitoring-solution\\\/#primaryimage\"},\"image\":{\"@id\":\"https:\\\/\\\/www.huggenberger.com\\\/case-studies\\\/real-time-and-wireless-monitoring-solution\\\/#primaryimage\"},\"thumbnailUrl\":\"https:\\\/\\\/www.huggenberger.com\\\/wp-content\\\/uploads\\\/2022\\\/04\\\/cs_04.jpg\",\"datePublished\":\"2022-05-03T09:11:58+00:00\",\"dateModified\":\"2022-07-11T14:25:27+00:00\",\"breadcrumb\":{\"@id\":\"https:\\\/\\\/www.huggenberger.com\\\/case-studies\\\/real-time-and-wireless-monitoring-solution\\\/#breadcrumb\"},\"inLanguage\":\"fr-FR\",\"potentialAction\":[{\"@type\":\"ReadAction\",\"target\":[\"https:\\\/\\\/www.huggenberger.com\\\/case-studies\\\/real-time-and-wireless-monitoring-solution\\\/\"]}]},{\"@type\":\"ImageObject\",\"inLanguage\":\"fr-FR\",\"@id\":\"https:\\\/\\\/www.huggenberger.com\\\/case-studies\\\/real-time-and-wireless-monitoring-solution\\\/#primaryimage\",\"url\":\"https:\\\/\\\/www.huggenberger.com\\\/wp-content\\\/uploads\\\/2022\\\/04\\\/cs_04.jpg\",\"contentUrl\":\"https:\\\/\\\/www.huggenberger.com\\\/wp-content\\\/uploads\\\/2022\\\/04\\\/cs_04.jpg\",\"width\":1000,\"height\":513},{\"@type\":\"BreadcrumbList\",\"@id\":\"https:\\\/\\\/www.huggenberger.com\\\/case-studies\\\/real-time-and-wireless-monitoring-solution\\\/#breadcrumb\",\"itemListElement\":[{\"@type\":\"ListItem\",\"position\":1,\"name\":\"Home\",\"item\":\"https:\\\/\\\/www.huggenberger.com\\\/\"},{\"@type\":\"ListItem\",\"position\":2,\"name\":\"Case Studies\",\"item\":\"https:\\\/\\\/www.huggenberger.com\\\/case-studies\\\/\"},{\"@type\":\"ListItem\",\"position\":3,\"name\":\"Real Time and Wireless monitoring solution\"}]},{\"@type\":\"WebSite\",\"@id\":\"https:\\\/\\\/www.huggenberger.com\\\/#website\",\"url\":\"https:\\\/\\\/www.huggenberger.com\\\/\",\"name\":\"Huggenberger\",\"description\":\"Physical security monitoring of engineering structures\",\"publisher\":{\"@id\":\"https:\\\/\\\/www.huggenberger.com\\\/#organization\"},\"potentialAction\":[{\"@type\":\"SearchAction\",\"target\":{\"@type\":\"EntryPoint\",\"urlTemplate\":\"https:\\\/\\\/www.huggenberger.com\\\/?s={search_term_string}\"},\"query-input\":{\"@type\":\"PropertyValueSpecification\",\"valueRequired\":true,\"valueName\":\"search_term_string\"}}],\"inLanguage\":\"fr-FR\"},{\"@type\":\"Organization\",\"@id\":\"https:\\\/\\\/www.huggenberger.com\\\/#organization\",\"name\":\"HUGGENBERGER AG\",\"url\":\"https:\\\/\\\/www.huggenberger.com\\\/\",\"logo\":{\"@type\":\"ImageObject\",\"inLanguage\":\"fr-FR\",\"@id\":\"https:\\\/\\\/www.huggenberger.com\\\/#\\\/schema\\\/logo\\\/image\\\/\",\"url\":\"https:\\\/\\\/www.huggenberger.com\\\/wp-content\\\/uploads\\\/2022\\\/06\\\/Huggenberger-Logo_Claim-E.webp\",\"contentUrl\":\"https:\\\/\\\/www.huggenberger.com\\\/wp-content\\\/uploads\\\/2022\\\/06\\\/Huggenberger-Logo_Claim-E.webp\",\"width\":407,\"height\":63,\"caption\":\"HUGGENBERGER AG\"},\"image\":{\"@id\":\"https:\\\/\\\/www.huggenberger.com\\\/#\\\/schema\\\/logo\\\/image\\\/\"},\"sameAs\":[\"https:\\\/\\\/www.linkedin.com\\\/company\\\/huggenberger-ag\\\/\"]}]}<\/script>\n<!-- \/ Yoast SEO plugin. -->","yoast_head_json":{"title":"Real Time and Wireless monitoring solution - Huggenberger","robots":{"index":"index","follow":"follow","max-snippet":"max-snippet:-1","max-image-preview":"max-image-preview:large","max-video-preview":"max-video-preview:-1"},"canonical":"https:\/\/www.huggenberger.com\/fr\/case-studies\/real-time-and-wireless-monitoring-solution\/","og_locale":"fr_FR","og_type":"article","og_title":"Real Time and Wireless monitoring solution - Huggenberger","og_url":"https:\/\/www.huggenberger.com\/fr\/case-studies\/real-time-and-wireless-monitoring-solution\/","og_site_name":"Huggenberger","article_modified_time":"2022-07-11T14:25:27+00:00","og_image":[{"width":1000,"height":513,"url":"https:\/\/www.huggenberger.com\/wp-content\/uploads\/2022\/04\/cs_04.jpg","type":"image\/jpeg"}],"twitter_card":"summary_large_image","twitter_misc":{"Dur\u00e9e de lecture estim\u00e9e":"1 minute"},"schema":{"@context":"https:\/\/schema.org","@graph":[{"@type":"WebPage","@id":"https:\/\/www.huggenberger.com\/case-studies\/real-time-and-wireless-monitoring-solution\/","url":"https:\/\/www.huggenberger.com\/case-studies\/real-time-and-wireless-monitoring-solution\/","name":"Real Time and Wireless monitoring solution - Huggenberger","isPartOf":{"@id":"https:\/\/www.huggenberger.com\/#website"},"primaryImageOfPage":{"@id":"https:\/\/www.huggenberger.com\/case-studies\/real-time-and-wireless-monitoring-solution\/#primaryimage"},"image":{"@id":"https:\/\/www.huggenberger.com\/case-studies\/real-time-and-wireless-monitoring-solution\/#primaryimage"},"thumbnailUrl":"https:\/\/www.huggenberger.com\/wp-content\/uploads\/2022\/04\/cs_04.jpg","datePublished":"2022-05-03T09:11:58+00:00","dateModified":"2022-07-11T14:25:27+00:00","breadcrumb":{"@id":"https:\/\/www.huggenberger.com\/case-studies\/real-time-and-wireless-monitoring-solution\/#breadcrumb"},"inLanguage":"fr-FR","potentialAction":[{"@type":"ReadAction","target":["https:\/\/www.huggenberger.com\/case-studies\/real-time-and-wireless-monitoring-solution\/"]}]},{"@type":"ImageObject","inLanguage":"fr-FR","@id":"https:\/\/www.huggenberger.com\/case-studies\/real-time-and-wireless-monitoring-solution\/#primaryimage","url":"https:\/\/www.huggenberger.com\/wp-content\/uploads\/2022\/04\/cs_04.jpg","contentUrl":"https:\/\/www.huggenberger.com\/wp-content\/uploads\/2022\/04\/cs_04.jpg","width":1000,"height":513},{"@type":"BreadcrumbList","@id":"https:\/\/www.huggenberger.com\/case-studies\/real-time-and-wireless-monitoring-solution\/#breadcrumb","itemListElement":[{"@type":"ListItem","position":1,"name":"Home","item":"https:\/\/www.huggenberger.com\/"},{"@type":"ListItem","position":2,"name":"Case Studies","item":"https:\/\/www.huggenberger.com\/case-studies\/"},{"@type":"ListItem","position":3,"name":"Real Time and Wireless monitoring solution"}]},{"@type":"WebSite","@id":"https:\/\/www.huggenberger.com\/#website","url":"https:\/\/www.huggenberger.com\/","name":"Huggenberger","description":"Physical security monitoring of engineering structures","publisher":{"@id":"https:\/\/www.huggenberger.com\/#organization"},"potentialAction":[{"@type":"SearchAction","target":{"@type":"EntryPoint","urlTemplate":"https:\/\/www.huggenberger.com\/?s={search_term_string}"},"query-input":{"@type":"PropertyValueSpecification","valueRequired":true,"valueName":"search_term_string"}}],"inLanguage":"fr-FR"},{"@type":"Organization","@id":"https:\/\/www.huggenberger.com\/#organization","name":"HUGGENBERGER AG","url":"https:\/\/www.huggenberger.com\/","logo":{"@type":"ImageObject","inLanguage":"fr-FR","@id":"https:\/\/www.huggenberger.com\/#\/schema\/logo\/image\/","url":"https:\/\/www.huggenberger.com\/wp-content\/uploads\/2022\/06\/Huggenberger-Logo_Claim-E.webp","contentUrl":"https:\/\/www.huggenberger.com\/wp-content\/uploads\/2022\/06\/Huggenberger-Logo_Claim-E.webp","width":407,"height":63,"caption":"HUGGENBERGER AG"},"image":{"@id":"https:\/\/www.huggenberger.com\/#\/schema\/logo\/image\/"},"sameAs":["https:\/\/www.linkedin.com\/company\/huggenberger-ag\/"]}]}},"_links":{"self":[{"href":"https:\/\/www.huggenberger.com\/fr\/wp-json\/wp\/v2\/pages\/2825","targetHints":{"allow":["GET"]}}],"collection":[{"href":"https:\/\/www.huggenberger.com\/fr\/wp-json\/wp\/v2\/pages"}],"about":[{"href":"https:\/\/www.huggenberger.com\/fr\/wp-json\/wp\/v2\/types\/page"}],"author":[{"embeddable":true,"href":"https:\/\/www.huggenberger.com\/fr\/wp-json\/wp\/v2\/users\/3"}],"replies":[{"embeddable":true,"href":"https:\/\/www.huggenberger.com\/fr\/wp-json\/wp\/v2\/comments?post=2825"}],"version-history":[{"count":7,"href":"https:\/\/www.huggenberger.com\/fr\/wp-json\/wp\/v2\/pages\/2825\/revisions"}],"predecessor-version":[{"id":3268,"href":"https:\/\/www.huggenberger.com\/fr\/wp-json\/wp\/v2\/pages\/2825\/revisions\/3268"}],"up":[{"embeddable":true,"href":"https:\/\/www.huggenberger.com\/fr\/wp-json\/wp\/v2\/pages\/1623"}],"wp:featuredmedia":[{"embeddable":true,"href":"https:\/\/www.huggenberger.com\/fr\/wp-json\/wp\/v2\/media\/1791"}],"wp:attachment":[{"href":"https:\/\/www.huggenberger.com\/fr\/wp-json\/wp\/v2\/media?parent=2825"}],"curies":[{"name":"wp","href":"https:\/\/api.w.org\/{rel}","templated":true}]}}