{"id":3,"date":"2021-06-15T14:35:17","date_gmt":"2021-06-15T14:35:17","guid":{"rendered":"https:\/\/demo.tcoders.com\/?page_id=3"},"modified":"2025-12-17T19:04:23","modified_gmt":"2025-12-17T19:04:23","slug":"privacy-policy","status":"publish","type":"page","link":"https:\/\/www.huggenberger.com\/fr\/privacy-policy\/","title":{"rendered":"Privacy Policy"},"content":{"rendered":"<div class=\"vc_row wpb_row vc_row-fluid bg-image-ps-inherit\"><div class=\"wpb_column vc_column_container vc_col-sm-12\"><div class=\"vc_column-inner\"><div class=\"wpb_wrapper\">\r\n\t<div class=\"wpb_text_column wpb_content_element\" >\r\n\t\t<div class=\"wpb_wrapper\">\r\n\t\t\t<p><strong>NOTICE D\u2019INFORMATION SUR LA PROTECTION DE LA VIE PRIV\u00c9E<\/strong><\/p>\n<p>Vous consultez actuellement le site internet de Huggenberger AG, une filiale du groupe Eddyfi Technologies.<\/p>\n<p>Huggenberger accorde la plus grande importance \u00e0 vos renseignements personnels et \u00e0 votre vie priv\u00e9e. Cette notice d\u2019information relative aux renseignements personnels vous permet d\u2019\u00eatre inform\u00e9 sur les renseignements personnels que nous recueillons et la mani\u00e8re dont nous les traitons.<\/p>\n<p>Notre organisation est en possession de vos donn\u00e9es acquises, communiqu\u00e9es ou collect\u00e9es de toute autre mani\u00e8re lors de la navigation sur ce site ou m\u00eame directement et par l'interm\u00e9diaire de tiers, qualifi\u00e9es de personnelles par le r\u00e8glement europ\u00e9en 2016\/679.<\/p>\n<p><strong>QU\u2019EST-CE QUE LES RENSEIGNEMENTS PERSONNELS?<\/strong><\/p>\n<p>Un renseignement personnel se d\u00e9finit comme toute information relative \u00e0 une personne physique identifi\u00e9e ou identifiable. Une personne physique identifiable est une personne qui peut \u00eatre identifi\u00e9e, directement ou indirectement, notamment par r\u00e9f\u00e9rence \u00e0 un identifiant tel qu\u2019un nom, un num\u00e9ro d\u2019identification, des donn\u00e9es de localisation, un identifiant en ligne ou \u00e0 un ou plusieurs facteurs sp\u00e9cifiques \u00e0 cette personne physique.<\/p>\n<p><strong>COLLECTE DES DONN\u00c9ES<\/strong><\/p>\n<p>Huggenberger, en tant que responsable de traitement peut collecter des renseignements personnels vous concernant lorsque :<\/p>\n<ul>\n<li>Vous souscrivez volontairement \u00e0 la newsletter Huggenberger;<\/li>\n<li>Vous vous inscrivez \u00e0 des services de Huggenberger;<\/li>\n<li>Vous vous abonnez ou acc\u00e9dez au portail client d\u2019Huggenberger;<\/li>\n<li>Vous remplissez le formulaire de contact;<\/li>\n<li>Vous avez particip\u00e9 \u00e0 des \u00e9v\u00e9nements dans lesquels Huggenberger \u00e9tait pr\u00e9sent; ou<\/li>\n<li>Vous \u00e9changez avec les \u00e9quipes commerciales de Huggenberger.<\/li>\n<\/ul>\n<p>Lorsque vous acc\u00e9dez \u00e0 ces pages, vous recevez des informations sur la collecte de vos renseignements personnels et vous pouvez donner \u2013 ou refuser de donner \u2013 votre consentement.<\/p>\n<p>Pour fournir ces informations, nous pouvons recueillir vos nom, num\u00e9ro de t\u00e9l\u00e9phone, adresse \u00e9lectronique, fonction, soci\u00e9t\u00e9, pays et toute autre donn\u00e9e que vous pourriez communiquer au sein de votre message.<\/p>\n<p>Vos renseignements personnels peuvent \u00eatre collect\u00e9es indirectement lors de l\u2019utilisation de cookies et d\u2019autres technologies. Huggenberger collecte des informations telles que le nombre de visiteurs, ainsi que la date de la derni\u00e8re visite de l\u2019utilisateur et la\/les page(s) consult\u00e9e(s). Veuillez-vous r\u00e9f\u00e9rer \u00e0 la partie Cookie ci-dessous pour plus de renseignements \u00e0 cet \u00e9gard.<\/p>\n<p><strong>OBJET DU TRAITEMENT<\/strong><\/p>\n<p>Nous utilisons vos donn\u00e9es d\u2019identification pour vous permettre :<\/p>\n<ul>\n<li>De nous contacter via le site internet de Huggenberger,\u00a0<\/li>\n<li>Pour acc\u00e9der et utiliser notre portail client,<\/li>\n<li>De recevoir des courriels \u00e0 caract\u00e8re commercial bas\u00e9s sur les informations que vous demandez sur notre site web.<\/li>\n<\/ul>\n<p>Ces donn\u00e9es seront utilis\u00e9es pour vous fournir les services demand\u00e9s et peuvent \u00eatre utilis\u00e9es pour un traitement ult\u00e9rieur \u00e0 des fins de marketing avec votre consentement expr\u00e8s.<\/p>\n<p>Vous pouvez ainsi :<\/p>\n<ul>\n<li>Avoir acc\u00e8s \u00e0 des informations personnalis\u00e9es et pr\u00e9cises lorsque vous en faites la demande;<\/li>\n<li>Acc\u00e9dez \u00e0 notre portail client;<\/li>\n<li>Receive our newsletters, white papers or other materials when you explicitly consent;<\/li>\n<li>Receive requested products and\/or services; and<\/li>\n<li>Recevoir la pr\u00e9sentation des nouveaux produits et\/ou services de Huggenberger si vous avez explicitement donn\u00e9 votre accord pour recevoir ces informations.<\/li>\n<\/ul>\n<p>Les finalit\u00e9s des cookies sont expliqu\u00e9es dans la section cookies disponible ci-dessous.<\/p>\n<p><strong>DUR\u00c9E DE CONSERVATION DES DONN\u00c9ES<\/strong><\/p>\n<p>La dur\u00e9e pendant laquelle nous traitons vos renseignements personnels est indiqu\u00e9e ci-dessous :<\/p>\n<ul>\n<li>Donn\u00e9es d\u2019identification : 2 ans.<\/li>\n<li>Donn\u00e9es de navigation anonymes : 2 ans.<\/li>\n<\/ul>\n<p><strong>HUGGENBERGER ET VOS RENSEIGNEMENTS PERSONNELS<\/strong><\/p>\n<p>Pour les traitements issus de ce site internet, Huggenberger est le responsable du traitement des donn\u00e9es, d\u00e9cidant des finalit\u00e9s et des moyens mis en \u0153uvre.<\/p>\n<p>Parce que la protection des renseignements personnels et la s\u00e9curit\u00e9 sont importantes, Huggenberger a adopt\u00e9 une politique de protection des renseignements personnels et une politique de s\u00e9curit\u00e9 de l\u2019information.<\/p>\n<p>Ces politiques t\u00e9moignent de l\u2019engagement de Huggenberger \u00e0 prot\u00e9ger non seulement ses propres renseignements personnels mais aussi celles de ses clients, de ses partenaires, ou de ses contacts. Huggenberger s\u2019engage \u00e0 traiter les renseignements personnels en accord avec un niveau \u00e9lev\u00e9 de protection des renseignements personnels qu\u2019elles traitent pour ses propres besoins mais aussi pour les besoins de ses clients, permettant ainsi la libre circulation des renseignements personnels entre Huggenberger et les entit\u00e9s juridiques contr\u00f4lant directement ou indirectement, contr\u00f4l\u00e9 par ou sous contr\u00f4le commun de Huggenberger. Le site internet de Huggenberger est h\u00e9berg\u00e9 en Italie. Les \u00e9ventuels transferts r\u00e9sultant d\u2019un support applicatif hors d\u2019Italie sont encadr\u00e9s par la politique de protection des renseignements personnels.<\/p>\n<p><strong>EXACTITUDE, PERTINENCE ET S\u00c9CURIT\u00c9 DE VOS RENSEIGNEMENTS PERSONNELS<\/strong><\/p>\n<p>Tous les renseignements personnels trait\u00e9es par Huggenberger sont conserv\u00e9s sur des serveurs s\u00e9curis\u00e9s. Huggenberger met en \u0153uvre des mesures contractuelles, techniques et organisationnelles appropri\u00e9es pour prot\u00e9ger les renseignements personnels qu\u2019elle traite contre la perte, l\u2019acc\u00e8s, l\u2019utilisation, la divulgation ou la modification non-autoris\u00e9s et pour garantir l\u2019int\u00e9grit\u00e9 des renseignements personnels. De plus, Huggenberger assure le traitement de vos renseignements personnels uniquement aux fins mentionn\u00e9es dans la pr\u00e9sente notice d\u2019information relative aux renseignements personnels et ne conserve pas les donn\u00e9es plus longtemps que n\u00e9cessaire.<\/p>\n<p><strong>QUI PEUT ACC\u00c9DER \u00c0 VOS DONN\u00c9ES?<\/strong><\/p>\n<p>Vos renseignements personnels peuvent \u00eatre communiqu\u00e9es aux personnes suivantes :<\/p>\n<ul>\n<li>En interne, aux collaborateurs de Huggenberger ayant \u00e9t\u00e9 strictement autoris\u00e9s individuellement \u00e0 y acc\u00e9der;<\/li>\n<li>\u00c0 des prestataires de services externes tels que des services infonuagiques et des solutions de gestion de la relation client qui ont \u00e9t\u00e9 sp\u00e9cifiquement autoris\u00e9s \u00e0 traiter les renseignements personnels; et<\/li>\n<li>\u00c0 nos partenaires lorsque nous faisons notre offre avec des tiers.<\/li>\n<\/ul>\n<p><strong>VOS DROITS<\/strong><\/p>\n<p>Vous avez :<\/p>\n<ul>\n<li>Le droit d\u2019\u00eatre inform\u00e9 concernant le traitement de vos renseignements personnels;<\/li>\n<li>Le droit d\u2019acc\u00e9der aux renseignements personnels vous concernant trait\u00e9es par Huggenberger;<\/li>\n<li>Le droit \u00e0 l\u2019oubli qui vous permet d\u2019exiger la suppression de vos renseignements personnels par Huggenberger;<\/li>\n<li>Le droit de rectification qui vous permet de modifier et rectifier les donn\u00e9es personnelles qui sont trait\u00e9es \u00e0 votre sujet par Huggenberger;<\/li>\n<li>Droit \u00e0 l'effacement qui vous permet de demander que vos donn\u00e9es personnelles ne soient plus trait\u00e9es par Huggenberger et qu'elles soient effac\u00e9es;<\/li>\n<li>Le droit \u00e0 la limitation du traitement qui vous permet de contr\u00f4ler la fa\u00e7on dont vos donn\u00e9es sont trait\u00e9es ou de demander que vos donn\u00e9es personnelles ne soient plus trait\u00e9es mais uniquement conserv\u00e9es par Huggenberger; et<\/li>\n<li>Le droit vous opposer au traitement de vos renseignements personnels, ce qui signifie que vous pouvez exiger que Huggenberger cesse de traiter vos renseignements personnels.<\/li>\n<\/ul>\n<p>Pour exercer ces droits, veuillez contacter notre D\u00e9l\u00e9gu\u00e9 \u00e0 la protection des donn\u00e9es personnelles \u00e0 dpo@eddyfi.com.<\/p>\n<p>Vous avez \u00e9galement le droit de d\u00e9poser une plainte ou r\u00e9clamation aupr\u00e8s d\u2019une autorit\u00e9 de protection des renseignements personnels comp\u00e9tente.<\/p>\n<p>Pour toute autre demande, contactez-nous .<\/p>\n<p><strong>MODIFICATION<\/strong><\/p>\n<p>Cette notice d\u2019information a \u00e9t\u00e9 modifi\u00e9e le 8 d\u00e9cembre 2025 et est mise \u00e0 jour r\u00e9guli\u00e8rement. Nous vous invitons \u00e0 consulter r\u00e9guli\u00e8rement cette page.<\/p>\n<p>&nbsp;<\/p>\n\r\n\t\t<\/div>\r\n\t<\/div>\r\n<\/div><\/div><\/div><\/div>","protected":false},"excerpt":{"rendered":"PRIVACY NOTICE You are currently visiting the website of Huggenberger AG, a division of the Eddyfi Technologies group. Huggenberger values your personal information and privacy. This privacy notice informs you about the personal information we collect and how we handle it. Huggenberger processes your personal information in order to provide you with a customized website [...]","protected":false},"author":3,"featured_media":0,"parent":0,"menu_order":0,"comment_status":"closed","ping_status":"closed","template":"","meta":{"footnotes":""},"class_list":["post-3","page","type-page","status-publish","hentry"],"yoast_head":"<!-- This site is optimized with the Yoast SEO plugin v27.5 - https:\/\/yoast.com\/product\/yoast-seo-wordpress\/ -->\n<title>Privacy Policy - Huggenberger<\/title>\n<meta name=\"robots\" content=\"index, follow, max-snippet:-1, max-image-preview:large, max-video-preview:-1\" \/>\n<link rel=\"canonical\" href=\"https:\/\/www.huggenberger.com\/fr\/privacy-policy\/\" \/>\n<meta property=\"og:locale\" content=\"fr_FR\" \/>\n<meta property=\"og:type\" content=\"article\" \/>\n<meta property=\"og:title\" content=\"Privacy Policy - Huggenberger\" \/>\n<meta property=\"og:url\" content=\"https:\/\/www.huggenberger.com\/fr\/privacy-policy\/\" \/>\n<meta property=\"og:site_name\" content=\"Huggenberger\" \/>\n<meta property=\"article:modified_time\" content=\"2025-12-17T19:04:23+00:00\" \/>\n<meta name=\"twitter:card\" content=\"summary_large_image\" \/>\n<meta name=\"twitter:label1\" content=\"Dur\u00e9e de lecture estim\u00e9e\" \/>\n\t<meta name=\"twitter:data1\" content=\"5 minutes\" \/>\n<script type=\"application\/ld+json\" class=\"yoast-schema-graph\">{\"@context\":\"https:\\\/\\\/schema.org\",\"@graph\":[{\"@type\":\"WebPage\",\"@id\":\"https:\\\/\\\/www.huggenberger.com\\\/privacy-policy\\\/\",\"url\":\"https:\\\/\\\/www.huggenberger.com\\\/privacy-policy\\\/\",\"name\":\"Privacy Policy - Huggenberger\",\"isPartOf\":{\"@id\":\"https:\\\/\\\/www.huggenberger.com\\\/#website\"},\"datePublished\":\"2021-06-15T14:35:17+00:00\",\"dateModified\":\"2025-12-17T19:04:23+00:00\",\"breadcrumb\":{\"@id\":\"https:\\\/\\\/www.huggenberger.com\\\/privacy-policy\\\/#breadcrumb\"},\"inLanguage\":\"fr-FR\",\"potentialAction\":[{\"@type\":\"ReadAction\",\"target\":[\"https:\\\/\\\/www.huggenberger.com\\\/privacy-policy\\\/\"]}]},{\"@type\":\"BreadcrumbList\",\"@id\":\"https:\\\/\\\/www.huggenberger.com\\\/privacy-policy\\\/#breadcrumb\",\"itemListElement\":[{\"@type\":\"ListItem\",\"position\":1,\"name\":\"Home\",\"item\":\"https:\\\/\\\/www.huggenberger.com\\\/\"},{\"@type\":\"ListItem\",\"position\":2,\"name\":\"Privacy Policy\"}]},{\"@type\":\"WebSite\",\"@id\":\"https:\\\/\\\/www.huggenberger.com\\\/#website\",\"url\":\"https:\\\/\\\/www.huggenberger.com\\\/\",\"name\":\"Huggenberger\",\"description\":\"Physical security monitoring of engineering structures\",\"publisher\":{\"@id\":\"https:\\\/\\\/www.huggenberger.com\\\/#organization\"},\"potentialAction\":[{\"@type\":\"SearchAction\",\"target\":{\"@type\":\"EntryPoint\",\"urlTemplate\":\"https:\\\/\\\/www.huggenberger.com\\\/?s={search_term_string}\"},\"query-input\":{\"@type\":\"PropertyValueSpecification\",\"valueRequired\":true,\"valueName\":\"search_term_string\"}}],\"inLanguage\":\"fr-FR\"},{\"@type\":\"Organization\",\"@id\":\"https:\\\/\\\/www.huggenberger.com\\\/#organization\",\"name\":\"HUGGENBERGER AG\",\"url\":\"https:\\\/\\\/www.huggenberger.com\\\/\",\"logo\":{\"@type\":\"ImageObject\",\"inLanguage\":\"fr-FR\",\"@id\":\"https:\\\/\\\/www.huggenberger.com\\\/#\\\/schema\\\/logo\\\/image\\\/\",\"url\":\"https:\\\/\\\/www.huggenberger.com\\\/wp-content\\\/uploads\\\/2022\\\/06\\\/Huggenberger-Logo_Claim-E.webp\",\"contentUrl\":\"https:\\\/\\\/www.huggenberger.com\\\/wp-content\\\/uploads\\\/2022\\\/06\\\/Huggenberger-Logo_Claim-E.webp\",\"width\":407,\"height\":63,\"caption\":\"HUGGENBERGER AG\"},\"image\":{\"@id\":\"https:\\\/\\\/www.huggenberger.com\\\/#\\\/schema\\\/logo\\\/image\\\/\"},\"sameAs\":[\"https:\\\/\\\/www.linkedin.com\\\/company\\\/huggenberger-ag\\\/\"]}]}<\/script>\n<!-- \/ Yoast SEO plugin. -->","yoast_head_json":{"title":"Privacy Policy - Huggenberger","robots":{"index":"index","follow":"follow","max-snippet":"max-snippet:-1","max-image-preview":"max-image-preview:large","max-video-preview":"max-video-preview:-1"},"canonical":"https:\/\/www.huggenberger.com\/fr\/privacy-policy\/","og_locale":"fr_FR","og_type":"article","og_title":"Privacy Policy - Huggenberger","og_url":"https:\/\/www.huggenberger.com\/fr\/privacy-policy\/","og_site_name":"Huggenberger","article_modified_time":"2025-12-17T19:04:23+00:00","twitter_card":"summary_large_image","twitter_misc":{"Dur\u00e9e de lecture estim\u00e9e":"5 minutes"},"schema":{"@context":"https:\/\/schema.org","@graph":[{"@type":"WebPage","@id":"https:\/\/www.huggenberger.com\/privacy-policy\/","url":"https:\/\/www.huggenberger.com\/privacy-policy\/","name":"Privacy Policy - Huggenberger","isPartOf":{"@id":"https:\/\/www.huggenberger.com\/#website"},"datePublished":"2021-06-15T14:35:17+00:00","dateModified":"2025-12-17T19:04:23+00:00","breadcrumb":{"@id":"https:\/\/www.huggenberger.com\/privacy-policy\/#breadcrumb"},"inLanguage":"fr-FR","potentialAction":[{"@type":"ReadAction","target":["https:\/\/www.huggenberger.com\/privacy-policy\/"]}]},{"@type":"BreadcrumbList","@id":"https:\/\/www.huggenberger.com\/privacy-policy\/#breadcrumb","itemListElement":[{"@type":"ListItem","position":1,"name":"Home","item":"https:\/\/www.huggenberger.com\/"},{"@type":"ListItem","position":2,"name":"Privacy Policy"}]},{"@type":"WebSite","@id":"https:\/\/www.huggenberger.com\/#website","url":"https:\/\/www.huggenberger.com\/","name":"Huggenberger","description":"Physical security monitoring of engineering structures","publisher":{"@id":"https:\/\/www.huggenberger.com\/#organization"},"potentialAction":[{"@type":"SearchAction","target":{"@type":"EntryPoint","urlTemplate":"https:\/\/www.huggenberger.com\/?s={search_term_string}"},"query-input":{"@type":"PropertyValueSpecification","valueRequired":true,"valueName":"search_term_string"}}],"inLanguage":"fr-FR"},{"@type":"Organization","@id":"https:\/\/www.huggenberger.com\/#organization","name":"HUGGENBERGER AG","url":"https:\/\/www.huggenberger.com\/","logo":{"@type":"ImageObject","inLanguage":"fr-FR","@id":"https:\/\/www.huggenberger.com\/#\/schema\/logo\/image\/","url":"https:\/\/www.huggenberger.com\/wp-content\/uploads\/2022\/06\/Huggenberger-Logo_Claim-E.webp","contentUrl":"https:\/\/www.huggenberger.com\/wp-content\/uploads\/2022\/06\/Huggenberger-Logo_Claim-E.webp","width":407,"height":63,"caption":"HUGGENBERGER AG"},"image":{"@id":"https:\/\/www.huggenberger.com\/#\/schema\/logo\/image\/"},"sameAs":["https:\/\/www.linkedin.com\/company\/huggenberger-ag\/"]}]}},"_links":{"self":[{"href":"https:\/\/www.huggenberger.com\/fr\/wp-json\/wp\/v2\/pages\/3","targetHints":{"allow":["GET"]}}],"collection":[{"href":"https:\/\/www.huggenberger.com\/fr\/wp-json\/wp\/v2\/pages"}],"about":[{"href":"https:\/\/www.huggenberger.com\/fr\/wp-json\/wp\/v2\/types\/page"}],"author":[{"embeddable":true,"href":"https:\/\/www.huggenberger.com\/fr\/wp-json\/wp\/v2\/users\/3"}],"replies":[{"embeddable":true,"href":"https:\/\/www.huggenberger.com\/fr\/wp-json\/wp\/v2\/comments?post=3"}],"version-history":[{"count":3,"href":"https:\/\/www.huggenberger.com\/fr\/wp-json\/wp\/v2\/pages\/3\/revisions"}],"predecessor-version":[{"id":6552,"href":"https:\/\/www.huggenberger.com\/fr\/wp-json\/wp\/v2\/pages\/3\/revisions\/6552"}],"wp:attachment":[{"href":"https:\/\/www.huggenberger.com\/fr\/wp-json\/wp\/v2\/media?parent=3"}],"curies":[{"name":"wp","href":"https:\/\/api.w.org\/{rel}","templated":true}]}}